{"id":5924,"date":"2025-04-04T19:32:07","date_gmt":"2025-04-04T14:02:07","guid":{"rendered":"https:\/\/c38a2c2a6e.nxcli.io\/de\/?page_id=5924"},"modified":"2025-06-03T11:46:49","modified_gmt":"2025-06-03T06:16:49","slug":"rauch-im-abgas","status":"publish","type":"page","link":"https:\/\/stp.com\/de\/problemloser\/rauch-im-abgas\/","title":{"rendered":"Rauch im Abgas"},"content":{"rendered":"\t\t<div data-elementor-type=\"wp-page\" data-elementor-id=\"5924\" class=\"elementor elementor-5924\" data-elementor-post-type=\"page\">\n\t\t\t\t<div class=\"elementor-element elementor-element-2f93c9e e-flex e-con-boxed e-con e-parent\" data-id=\"2f93c9e\" data-element_type=\"container\" data-e-type=\"container\" data-settings=\"{&quot;background_background&quot;:&quot;classic&quot;}\">\n\t\t\t\t\t<div class=\"e-con-inner\">\n\t\t\t\t<div class=\"elementor-element elementor-element-6942a9b breadcrumb elementor-widget elementor-widget-breadcrumbs\" data-id=\"6942a9b\" data-element_type=\"widget\" data-e-type=\"widget\" data-widget_type=\"breadcrumbs.default\">\n\t\t\t\t<div class=\"elementor-widget-container\">\n\t\t\t\t\t<p id=\"breadcrumbs\"><span><span><a href=\"https:\/\/stp.com\/de\/\">Home<\/a><\/span><\/span><\/p>\t\t\t\t<\/div>\n\t\t\t\t<\/div>\n\t\t<div class=\"elementor-element elementor-element-e468df4 e-con-full e-flex e-con e-child\" data-id=\"e468df4\" data-element_type=\"container\" data-e-type=\"container\">\n\t\t<div class=\"elementor-element elementor-element-b1b1e67 e-con-full product__head e-flex e-con e-child\" data-id=\"b1b1e67\" data-element_type=\"container\" data-e-type=\"container\">\n\t\t\t\t<\/div>\n\t\t\t\t<\/div>\n\t\t\t\t\t<\/div>\n\t\t\t\t<\/div>\n\t\t<div class=\"elementor-element elementor-element-e200df6 top-red-border e-flex e-con-boxed e-con e-parent\" data-id=\"e200df6\" data-element_type=\"container\" data-e-type=\"container\" data-settings=\"{&quot;background_background&quot;:&quot;classic&quot;}\">\n\t\t\t\t\t<div class=\"e-con-inner\">\n\t\t<div class=\"elementor-element elementor-element-ffadb38 e-con-full e-flex e-con e-child\" data-id=\"ffadb38\" data-element_type=\"container\" data-e-type=\"container\">\n\t\t\t\t<div class=\"elementor-element elementor-element-1014e61 elementor-position-right elementor-vertical-align-middle image-text-section elementor-widget elementor-widget-image-box\" data-id=\"1014e61\" data-element_type=\"widget\" data-e-type=\"widget\" data-widget_type=\"image-box.default\">\n\t\t\t\t<div class=\"elementor-widget-container\">\n\t\t\t\t\t<div class=\"elementor-image-box-wrapper\"><figure class=\"elementor-image-box-img\"><img fetchpriority=\"high\" decoding=\"async\" width=\"1920\" height=\"1080\" src=\"https:\/\/stpcdnimage.imgix.net\/wp-content\/uploads\/sites\/13\/2025\/05\/Emissions-Reducer-Photo-9-resized.avif\" class=\"attachment-full size-full wp-image-7781\" alt=\"Rauch im Abgas\" \/><\/figure><div class=\"elementor-image-box-content\"><p class=\"elementor-image-box-description\">Bemerken Sie mehr Rauch als \u00fcblich aus dem Auspuff? \u00dcberm\u00e4\u00dfiges Abgas kann beunruhigend wirken, l\u00e4sst sich oft aber schnell in den Griff bekommen. Der Brennraum Ihres Motors ist daf\u00fcr vorgesehen, eine Mischung aus Kraftstoff und Luft zu verbrennen \u2013 so einfach ist das. Bei zunehmender Laufleistung kann der Brennraum durch \u00d6l verunreinigt werden. Dazu kommt es h\u00e4ufig, wenn Metall lange auf Metall reibt, das Material verschlei\u00dft und sich winzige L\u00fccken zwischen Zylinderw\u00e4nden, Kolbenringen und Ventilf\u00fchrungsdichtungen auftun.<\/p><\/div><\/div>\t\t\t\t<\/div>\n\t\t\t\t<\/div>\n\t\t\t\t<\/div>\n\t\t\t\t\t<\/div>\n\t\t\t\t<\/div>\n\t\t<div class=\"elementor-element elementor-element-649ba20 prod-related-container e-flex e-con-boxed e-con e-child\" data-id=\"649ba20\" data-element_type=\"container\" data-e-type=\"container\" data-settings=\"{&quot;background_background&quot;:&quot;classic&quot;}\">\n\t\t\t\t\t<div class=\"e-con-inner\">\n\t\t\t\t<div class=\"elementor-element elementor-element-93593b0 arm__product-related elementor-widget elementor-widget-shortcode\" data-id=\"93593b0\" data-element_type=\"widget\" data-e-type=\"widget\" data-widget_type=\"shortcode.default\">\n\t\t\t\t<div class=\"elementor-widget-container\">\n\t\t\t\t\t\t\t<div class=\"elementor-shortcode\">\t<div class=\"product_related\">\n\t\t\t\t\t<div class=\"section-intro section-intro--left\" id=\"anchor-intro-block_\">\n\n\t\t\t\t\t<div class=\"section-intro__content\" id=\"anchor-intro-content_\">\n\t\t\t\t\t\t<div role=\"doc-subtitle\">Das hilft dagegen:\n<\/div>\n\t\t\t\t\t<\/div>\n\n\t\t\t\t<div class=\"section-intro__button\">\n\t\t\t\t\t\t\t\t\t<\/div>\n\t\t\t<\/div>\n\t\t\t\t<div class=\"building-block\">\n\t\t\t<div class=\"slider slider--listing\" role=\"region\" aria-roledescription=\"carousel\" aria-label=\"Featured product carousel\" data-items-0=\"1\" data-items-500=\"2\" data-items-900=\"3\" data-items-1200=\"4\" data-autoplay=\"false\">\n\t\t\t\t<div class=\"slider__controls\">\n\t\t\t\t\t\t\t\t\t\t\t\t\t\t<\/div>\n\t\t\t\t<div class=\"slider__wrapper\">\n\t\t\t\t\t<ul class=\"slider__panels\" id=\"slider-123\" class=\"carousel-items\" aria-live=\"polite\">\n\t\t\t\t\t\t \t\t\t\t\t\t\t<li class=\"slider__panel\" aria-hidden=\"false\" tabindex=\"-1\" aria-label=\"Slide 1 of 1\">\n\t\t\t\t\t\t\t\t <div class=\"grid grid-cols-4 grid-gutter-md\">\n\t\t\t\t\t\t\t\t\t\t\t\t\t\t\t\t\t<\/div>\n\t\t\t\t\t\t\t<\/li>\n\t\t\t\t\t\t\t\t\t\t\t<\/ul>\n\t\t\t\t<\/div>\n\t\t\t\t<div class=\"slider__nav\">\n\t\t\t\t\t\t\t\t\t\t<\/div>\n\t\t\t<\/div>\n\t\t<\/div>\n\t<\/div>\n<\/div>\n\t\t\t\t\t\t<\/div>\n\t\t\t\t<\/div>\n\t\t\t\t\t<\/div>\n\t\t\t\t<\/div>\n\t\t\t\t<\/div>\n\t\t","protected":false},"excerpt":{"rendered":"<p>Bemerken Sie mehr Rauch als \u00fcblich aus dem Auspuff? \u00dcberm\u00e4\u00dfiges Abgas kann beunruhigend wirken, l\u00e4sst sich oft aber schnell in den Griff bekommen. Der Brennraum Ihres Motors ist daf\u00fcr vorgesehen, eine Mischung aus Kraftstoff und Luft zu verbrennen \u2013 so einfach ist das. Bei zunehmender Laufleistung kann der Brennraum durch \u00d6l verunreinigt werden. Dazu kommt [&hellip;]<\/p>\n","protected":false},"author":1,"featured_media":0,"parent":416,"menu_order":0,"comment_status":"closed","ping_status":"closed","template":"","meta":{"_acf_changed":false,"footnotes":""},"class_list":["post-5924","page","type-page","status-publish","hentry"],"acf":[],"yoast_head":"<!-- This site is optimized with the Yoast SEO plugin v27.4 - https:\/\/yoast.com\/product\/yoast-seo-wordpress\/ -->\n<title>Rauch im Abgas - STP Germany<\/title>\n<meta name=\"robots\" content=\"index, follow, max-snippet:-1, max-image-preview:large, max-video-preview:-1\" \/>\n<link rel=\"canonical\" href=\"https:\/\/stp.com\/de\/problemloser\/rauch-im-abgas\/\" \/>\n<meta property=\"og:locale\" content=\"en_US\" \/>\n<meta property=\"og:type\" content=\"article\" \/>\n<meta property=\"og:title\" content=\"Rauch im Abgas - STP Germany\" \/>\n<meta property=\"og:description\" content=\"Bemerken Sie mehr Rauch als \u00fcblich aus dem Auspuff? \u00dcberm\u00e4\u00dfiges Abgas kann beunruhigend wirken, l\u00e4sst sich oft aber schnell in den Griff bekommen. Der Brennraum Ihres Motors ist daf\u00fcr vorgesehen, eine Mischung aus Kraftstoff und Luft zu verbrennen \u2013 so einfach ist das. Bei zunehmender Laufleistung kann der Brennraum durch \u00d6l verunreinigt werden. Dazu kommt [&hellip;]\" \/>\n<meta property=\"og:url\" content=\"https:\/\/stp.com\/de\/problemloser\/rauch-im-abgas\/\" \/>\n<meta property=\"og:site_name\" content=\"STP Germany\" \/>\n<meta property=\"article:modified_time\" content=\"2025-06-03T06:16:49+00:00\" \/>\n<meta property=\"og:image\" content=\"https:\/\/stp.com\/de\/wp-content\/uploads\/sites\/13\/2025\/05\/Emissions-Reducer-Photo-9-resized.avif\" \/>\n<meta name=\"twitter:card\" content=\"summary_large_image\" \/>\n<meta name=\"twitter:label1\" content=\"Est. reading time\" \/>\n\t<meta name=\"twitter:data1\" content=\"1 minute\" \/>\n<script type=\"application\/ld+json\" class=\"yoast-schema-graph\">{\"@context\":\"https:\\\/\\\/schema.org\",\"@graph\":[{\"@type\":\"WebPage\",\"@id\":\"https:\\\/\\\/stp.com\\\/de\\\/problemloser\\\/rauch-im-abgas\\\/\",\"url\":\"https:\\\/\\\/stp.com\\\/de\\\/problemloser\\\/rauch-im-abgas\\\/\",\"name\":\"Rauch im Abgas - STP Germany\",\"isPartOf\":{\"@id\":\"https:\\\/\\\/c38a2c2a6e.nxcli.io\\\/de\\\/#website\"},\"primaryImageOfPage\":{\"@id\":\"https:\\\/\\\/stp.com\\\/de\\\/problemloser\\\/rauch-im-abgas\\\/#primaryimage\"},\"image\":{\"@id\":\"https:\\\/\\\/stp.com\\\/de\\\/problemloser\\\/rauch-im-abgas\\\/#primaryimage\"},\"thumbnailUrl\":\"https:\\\/\\\/stp.com\\\/de\\\/wp-content\\\/uploads\\\/sites\\\/13\\\/2025\\\/05\\\/Emissions-Reducer-Photo-9-resized.avif\",\"datePublished\":\"2025-04-04T14:02:07+00:00\",\"dateModified\":\"2025-06-03T06:16:49+00:00\",\"breadcrumb\":{\"@id\":\"https:\\\/\\\/stp.com\\\/de\\\/problemloser\\\/rauch-im-abgas\\\/#breadcrumb\"},\"inLanguage\":\"en-US\",\"potentialAction\":[{\"@type\":\"ReadAction\",\"target\":[\"https:\\\/\\\/stp.com\\\/de\\\/problemloser\\\/rauch-im-abgas\\\/\"]}]},{\"@type\":\"ImageObject\",\"inLanguage\":\"en-US\",\"@id\":\"https:\\\/\\\/stp.com\\\/de\\\/problemloser\\\/rauch-im-abgas\\\/#primaryimage\",\"url\":\"https:\\\/\\\/stpcdnimage.imgix.net\\\/wp-content\\\/uploads\\\/sites\\\/13\\\/2025\\\/05\\\/Emissions-Reducer-Photo-9-resized.avif\",\"contentUrl\":\"https:\\\/\\\/stpcdnimage.imgix.net\\\/wp-content\\\/uploads\\\/sites\\\/13\\\/2025\\\/05\\\/Emissions-Reducer-Photo-9-resized.avif\",\"width\":1920,\"height\":1080,\"caption\":\"Rauch im Abgas\"},{\"@type\":\"BreadcrumbList\",\"@id\":\"https:\\\/\\\/stp.com\\\/de\\\/problemloser\\\/rauch-im-abgas\\\/#breadcrumb\",\"itemListElement\":[{\"@type\":\"ListItem\",\"position\":1,\"name\":\"Home\",\"item\":\"https:\\\/\\\/stp.com\\\/de\\\/\"},{\"@type\":\"ListItem\",\"position\":2,\"name\":\"Probleml\u00f6ser\",\"item\":\"https:\\\/\\\/c38a2c2a6e.nxcli.io\\\/de\\\/problemloser\\\/\"},{\"@type\":\"ListItem\",\"position\":3,\"name\":\"Rauch im Abgas\"}]},{\"@type\":\"WebSite\",\"@id\":\"https:\\\/\\\/c38a2c2a6e.nxcli.io\\\/de\\\/#website\",\"url\":\"https:\\\/\\\/c38a2c2a6e.nxcli.io\\\/de\\\/\",\"name\":\"STP Germany\",\"description\":\"Science. Technology. Performance\",\"potentialAction\":[{\"@type\":\"SearchAction\",\"target\":{\"@type\":\"EntryPoint\",\"urlTemplate\":\"https:\\\/\\\/c38a2c2a6e.nxcli.io\\\/de\\\/?s={search_term_string}\"},\"query-input\":{\"@type\":\"PropertyValueSpecification\",\"valueRequired\":true,\"valueName\":\"search_term_string\"}}],\"inLanguage\":\"en-US\"}]}<\/script>\n<!-- \/ Yoast SEO plugin. -->","yoast_head_json":{"title":"Rauch im Abgas - STP Germany","robots":{"index":"index","follow":"follow","max-snippet":"max-snippet:-1","max-image-preview":"max-image-preview:large","max-video-preview":"max-video-preview:-1"},"canonical":"https:\/\/stp.com\/de\/problemloser\/rauch-im-abgas\/","og_locale":"en_US","og_type":"article","og_title":"Rauch im Abgas - STP Germany","og_description":"Bemerken Sie mehr Rauch als \u00fcblich aus dem Auspuff? \u00dcberm\u00e4\u00dfiges Abgas kann beunruhigend wirken, l\u00e4sst sich oft aber schnell in den Griff bekommen. Der Brennraum Ihres Motors ist daf\u00fcr vorgesehen, eine Mischung aus Kraftstoff und Luft zu verbrennen \u2013 so einfach ist das. Bei zunehmender Laufleistung kann der Brennraum durch \u00d6l verunreinigt werden. Dazu kommt [&hellip;]","og_url":"https:\/\/stp.com\/de\/problemloser\/rauch-im-abgas\/","og_site_name":"STP Germany","article_modified_time":"2025-06-03T06:16:49+00:00","og_image":[{"url":"https:\/\/stp.com\/de\/wp-content\/uploads\/sites\/13\/2025\/05\/Emissions-Reducer-Photo-9-resized.avif","type":"","width":"","height":""}],"twitter_card":"summary_large_image","twitter_misc":{"Est. reading time":"1 minute"},"schema":{"@context":"https:\/\/schema.org","@graph":[{"@type":"WebPage","@id":"https:\/\/stp.com\/de\/problemloser\/rauch-im-abgas\/","url":"https:\/\/stp.com\/de\/problemloser\/rauch-im-abgas\/","name":"Rauch im Abgas - STP Germany","isPartOf":{"@id":"https:\/\/c38a2c2a6e.nxcli.io\/de\/#website"},"primaryImageOfPage":{"@id":"https:\/\/stp.com\/de\/problemloser\/rauch-im-abgas\/#primaryimage"},"image":{"@id":"https:\/\/stp.com\/de\/problemloser\/rauch-im-abgas\/#primaryimage"},"thumbnailUrl":"https:\/\/stp.com\/de\/wp-content\/uploads\/sites\/13\/2025\/05\/Emissions-Reducer-Photo-9-resized.avif","datePublished":"2025-04-04T14:02:07+00:00","dateModified":"2025-06-03T06:16:49+00:00","breadcrumb":{"@id":"https:\/\/stp.com\/de\/problemloser\/rauch-im-abgas\/#breadcrumb"},"inLanguage":"en-US","potentialAction":[{"@type":"ReadAction","target":["https:\/\/stp.com\/de\/problemloser\/rauch-im-abgas\/"]}]},{"@type":"ImageObject","inLanguage":"en-US","@id":"https:\/\/stp.com\/de\/problemloser\/rauch-im-abgas\/#primaryimage","url":"https:\/\/stpcdnimage.imgix.net\/wp-content\/uploads\/sites\/13\/2025\/05\/Emissions-Reducer-Photo-9-resized.avif","contentUrl":"https:\/\/stpcdnimage.imgix.net\/wp-content\/uploads\/sites\/13\/2025\/05\/Emissions-Reducer-Photo-9-resized.avif","width":1920,"height":1080,"caption":"Rauch im Abgas"},{"@type":"BreadcrumbList","@id":"https:\/\/stp.com\/de\/problemloser\/rauch-im-abgas\/#breadcrumb","itemListElement":[{"@type":"ListItem","position":1,"name":"Home","item":"https:\/\/stp.com\/de\/"},{"@type":"ListItem","position":2,"name":"Probleml\u00f6ser","item":"https:\/\/c38a2c2a6e.nxcli.io\/de\/problemloser\/"},{"@type":"ListItem","position":3,"name":"Rauch im Abgas"}]},{"@type":"WebSite","@id":"https:\/\/c38a2c2a6e.nxcli.io\/de\/#website","url":"https:\/\/c38a2c2a6e.nxcli.io\/de\/","name":"STP Germany","description":"Science. Technology. Performance","potentialAction":[{"@type":"SearchAction","target":{"@type":"EntryPoint","urlTemplate":"https:\/\/c38a2c2a6e.nxcli.io\/de\/?s={search_term_string}"},"query-input":{"@type":"PropertyValueSpecification","valueRequired":true,"valueName":"search_term_string"}}],"inLanguage":"en-US"}]}},"_links":{"self":[{"href":"https:\/\/stp.com\/de\/wp-json\/wp\/v2\/pages\/5924","targetHints":{"allow":["GET"]}}],"collection":[{"href":"https:\/\/stp.com\/de\/wp-json\/wp\/v2\/pages"}],"about":[{"href":"https:\/\/stp.com\/de\/wp-json\/wp\/v2\/types\/page"}],"author":[{"embeddable":true,"href":"https:\/\/stp.com\/de\/wp-json\/wp\/v2\/users\/1"}],"replies":[{"embeddable":true,"href":"https:\/\/stp.com\/de\/wp-json\/wp\/v2\/comments?post=5924"}],"version-history":[{"count":12,"href":"https:\/\/stp.com\/de\/wp-json\/wp\/v2\/pages\/5924\/revisions"}],"predecessor-version":[{"id":8518,"href":"https:\/\/stp.com\/de\/wp-json\/wp\/v2\/pages\/5924\/revisions\/8518"}],"up":[{"embeddable":true,"href":"https:\/\/stp.com\/de\/wp-json\/wp\/v2\/pages\/416"}],"wp:attachment":[{"href":"https:\/\/stp.com\/de\/wp-json\/wp\/v2\/media?parent=5924"}],"curies":[{"name":"wp","href":"https:\/\/api.w.org\/{rel}","templated":true}]}}