{"id":5914,"date":"2025-04-04T19:29:30","date_gmt":"2025-04-04T13:59:30","guid":{"rendered":"https:\/\/c38a2c2a6e.nxcli.io\/de\/?page_id=5914"},"modified":"2025-06-03T11:45:29","modified_gmt":"2025-06-03T06:15:29","slug":"ubermasige-olverbrennung","status":"publish","type":"page","link":"https:\/\/stp.com\/de\/problemloser\/ubermasige-olverbrennung\/","title":{"rendered":"\u00dcberm\u00e4\u00dfige \u00d6lverbrennung"},"content":{"rendered":"\t\t<div data-elementor-type=\"wp-page\" data-elementor-id=\"5914\" class=\"elementor elementor-5914\" data-elementor-post-type=\"page\">\n\t\t\t\t<div class=\"elementor-element elementor-element-27cfbbc e-flex e-con-boxed e-con e-parent\" data-id=\"27cfbbc\" data-element_type=\"container\" data-e-type=\"container\" data-settings=\"{&quot;background_background&quot;:&quot;classic&quot;}\">\n\t\t\t\t\t<div class=\"e-con-inner\">\n\t\t\t\t<div class=\"elementor-element elementor-element-779997a breadcrumb elementor-widget elementor-widget-breadcrumbs\" data-id=\"779997a\" data-element_type=\"widget\" data-e-type=\"widget\" data-widget_type=\"breadcrumbs.default\">\n\t\t\t\t<div class=\"elementor-widget-container\">\n\t\t\t\t\t<p id=\"breadcrumbs\"><span><span><a href=\"https:\/\/stp.com\/de\/\">Home<\/a><\/span><\/span><\/p>\t\t\t\t<\/div>\n\t\t\t\t<\/div>\n\t\t<div class=\"elementor-element elementor-element-a47f1de e-con-full e-flex e-con e-child\" data-id=\"a47f1de\" data-element_type=\"container\" data-e-type=\"container\">\n\t\t<div class=\"elementor-element elementor-element-b6cc8ac e-con-full product__head e-flex e-con e-child\" data-id=\"b6cc8ac\" data-element_type=\"container\" data-e-type=\"container\">\n\t\t\t\t<\/div>\n\t\t\t\t<\/div>\n\t\t\t\t\t<\/div>\n\t\t\t\t<\/div>\n\t\t<div class=\"elementor-element elementor-element-03420e7 top-red-border e-flex e-con-boxed e-con e-parent\" data-id=\"03420e7\" data-element_type=\"container\" data-e-type=\"container\" data-settings=\"{&quot;background_background&quot;:&quot;classic&quot;}\">\n\t\t\t\t\t<div class=\"e-con-inner\">\n\t\t<div class=\"elementor-element elementor-element-e3596f9 e-con-full e-flex e-con e-child\" data-id=\"e3596f9\" data-element_type=\"container\" data-e-type=\"container\">\n\t\t\t\t<div class=\"elementor-element elementor-element-384c45b elementor-position-right elementor-vertical-align-middle image-text-section elementor-widget elementor-widget-image-box\" data-id=\"384c45b\" data-element_type=\"widget\" data-e-type=\"widget\" data-widget_type=\"image-box.default\">\n\t\t\t\t<div class=\"elementor-widget-container\">\n\t\t\t\t\t<div class=\"elementor-image-box-wrapper\"><figure class=\"elementor-image-box-img\"><img fetchpriority=\"high\" decoding=\"async\" width=\"2560\" height=\"1450\" src=\"https:\/\/stpcdnimage.imgix.net\/wp-content\/uploads\/sites\/13\/2025\/04\/Excessive-Oil-Burning-scaled-1.avif\" class=\"attachment-full size-full wp-image-5920\" alt=\"\" \/><\/figure><div class=\"elementor-image-box-content\"><p class=\"elementor-image-box-description\">Sehen Sie morgens beim Anlassen des Motors, beim Beschleunigen oder wenn Sie den Fu\u00df vom Gas nehmen eine gr\u00e4ulich-blaue Rauchwolke hinter dem Wagen? Ihr Auto verbrennt vermutlich zu viel \u00d6l, vor allem, wenn der Motor schon mehr als 120.000 km hinter sich gelassen hat. Wenn Sie sich Gedanken \u00fcber die \u00d6lverbrennung Ihres Autos machen, sollten Sie sich f\u00fcr die folgenden Produkte interessieren.<\/p><\/div><\/div>\t\t\t\t<\/div>\n\t\t\t\t<\/div>\n\t\t\t\t<\/div>\n\t\t\t\t\t<\/div>\n\t\t\t\t<\/div>\n\t\t<div class=\"elementor-element elementor-element-0820d2b prod-related-container e-flex e-con-boxed e-con e-child\" data-id=\"0820d2b\" data-element_type=\"container\" data-e-type=\"container\" data-settings=\"{&quot;background_background&quot;:&quot;classic&quot;}\">\n\t\t\t\t\t<div class=\"e-con-inner\">\n\t\t\t\t<div class=\"elementor-element elementor-element-617f720 arm__product-related elementor-widget elementor-widget-shortcode\" data-id=\"617f720\" data-element_type=\"widget\" data-e-type=\"widget\" data-widget_type=\"shortcode.default\">\n\t\t\t\t<div class=\"elementor-widget-container\">\n\t\t\t\t\t\t\t<div class=\"elementor-shortcode\">\t<div class=\"product_related\">\n\t\t\t\t\t<div class=\"section-intro section-intro--left\" id=\"anchor-intro-block_\">\n\n\t\t\t\t\t<div class=\"section-intro__content\" id=\"anchor-intro-content_\">\n\t\t\t\t\t\t<div role=\"doc-subtitle\">Die folgenden Produkte helfen gegen \u00fcberm\u00e4\u00dfige \u00d6lverbrennung Ihres Autos:<\/div>\n\t\t\t\t\t<\/div>\n\n\t\t\t\t<div class=\"section-intro__button\">\n\t\t\t\t\t\t\t\t\t<\/div>\n\t\t\t<\/div>\n\t\t\t\t<div class=\"building-block\">\n\t\t\t<div class=\"slider slider--listing\" role=\"region\" aria-roledescription=\"carousel\" aria-label=\"Featured product carousel\" data-items-0=\"1\" data-items-500=\"2\" data-items-900=\"3\" data-items-1200=\"4\" data-autoplay=\"false\">\n\t\t\t\t<div class=\"slider__controls\">\n\t\t\t\t\t\t\t\t\t\t\t\t\t\t<\/div>\n\t\t\t\t<div class=\"slider__wrapper\">\n\t\t\t\t\t<ul class=\"slider__panels\" id=\"slider-123\" class=\"carousel-items\" aria-live=\"polite\">\n\t\t\t\t\t\t \t\t\t\t\t\t\t<li class=\"slider__panel\" aria-hidden=\"false\" tabindex=\"-1\" aria-label=\"Slide 1 of 1\">\n\t\t\t\t\t\t\t\t <div class=\"grid grid-cols-4 grid-gutter-md\">\n\t\t\t\t\t\t\t\t\t\t\t\t\t\t\t\t\t\t\t<div class=\"card card--product\">\n\t\t\t\t\t\t\t\t\t\t\t<div class=\"card__image card__image--has-rollover\">\n\t\t\t\t\t\t\t\t\t\t\t\t<img decoding=\"async\" src=\"https:\/\/stpcdnimage.imgix.net\/global-media\/wp-content\/uploads\/sites\/6\/product-images\/E303234300_01.avif\"  alt=\"\u00d6l-Additiv Image 1\" class=\"\" width=\"250\" height=\"250\" \/>\n\t\t\t\t\t\t\t\t\t\t\t\t<div class=\"btn btn--solid rollover\">Produkt Anzeigen<\/div>\n\t\t\t\t\t\t\t\t\t\t\t<\/div>\n\t\t\t\t\t\t\t\t\t\t\t<div class=\"card__pretitle\"><span class=\"card__category\">Motor und Kraftstoffsysteme<\/span><\/div>\n\t\t\t\t\t\t\t\t\t\t\t\t<h3 class=\"h3\"><a href=\"https:\/\/stp.com\/de\/product\/ol-additiv\/\" class=\"cover-link card__link\">\u00d6l-Additiv<\/a><\/h3>\n\t\t\t\t\t\t\t\t\t\t<\/div>\n\t\t\t\t\t\t\t\t\t\t\t\t\t\t\t\t\t\t\t<div class=\"card card--product\">\n\t\t\t\t\t\t\t\t\t\t\t<div class=\"card__image card__image--has-rollover\">\n\t\t\t\t\t\t\t\t\t\t\t\t<img decoding=\"async\" src=\"https:\/\/stpcdnimage.imgix.net\/global-media\/wp-content\/uploads\/sites\/6\/product-images\/E303202800_01.avif\"  alt=\"\u00d6l-Additiv f\u00fcr Dieselmotoren Image 1\" class=\"\" width=\"250\" height=\"250\" \/>\n\t\t\t\t\t\t\t\t\t\t\t\t<div class=\"btn btn--solid rollover\">Produkt Anzeigen<\/div>\n\t\t\t\t\t\t\t\t\t\t\t<\/div>\n\t\t\t\t\t\t\t\t\t\t\t<div class=\"card__pretitle\"><span class=\"card__category\">Motor und Kraftstoffsysteme<\/span><\/div>\n\t\t\t\t\t\t\t\t\t\t\t\t<h3 class=\"h3\"><a href=\"https:\/\/stp.com\/de\/product\/ol-additiv-fur-dieselmotoren\/\" class=\"cover-link card__link\">\u00d6l-Additiv f\u00fcr Dieselmotoren<\/a><\/h3>\n\t\t\t\t\t\t\t\t\t\t<\/div>\n\t\t\t\t\t\t\t\t\t\t\t\t\t\t\t\t\t<\/div>\n\t\t\t\t\t\t\t<\/li>\n\t\t\t\t\t\t\t\t\t\t\t<\/ul>\n\t\t\t\t<\/div>\n\t\t\t\t<div class=\"slider__nav\">\n\t\t\t\t\t\t\t\t\t\t<\/div>\n\t\t\t<\/div>\n\t\t<\/div>\n\t<\/div>\n<\/div>\n\t\t\t\t\t\t<\/div>\n\t\t\t\t<\/div>\n\t\t\t\t\t<\/div>\n\t\t\t\t<\/div>\n\t\t\t\t<\/div>\n\t\t","protected":false},"excerpt":{"rendered":"<p>Sehen Sie morgens beim Anlassen des Motors, beim Beschleunigen oder wenn Sie den Fu\u00df vom Gas nehmen eine gr\u00e4ulich-blaue Rauchwolke hinter dem Wagen? Ihr Auto verbrennt vermutlich zu viel \u00d6l, vor allem, wenn der Motor schon mehr als 120.000 km hinter sich gelassen hat. Wenn Sie sich Gedanken \u00fcber die \u00d6lverbrennung Ihres Autos machen, sollten [&hellip;]<\/p>\n","protected":false},"author":1,"featured_media":0,"parent":416,"menu_order":0,"comment_status":"closed","ping_status":"closed","template":"","meta":{"_acf_changed":false,"footnotes":""},"class_list":["post-5914","page","type-page","status-publish","hentry"],"acf":[],"yoast_head":"<!-- This site is optimized with the Yoast SEO plugin v27.4 - https:\/\/yoast.com\/product\/yoast-seo-wordpress\/ -->\n<title>\u00dcberm\u00e4\u00dfige \u00d6lverbrennung - STP Germany<\/title>\n<meta name=\"robots\" content=\"index, follow, max-snippet:-1, max-image-preview:large, max-video-preview:-1\" \/>\n<link rel=\"canonical\" href=\"https:\/\/stp.com\/de\/problemloser\/ubermasige-olverbrennung\/\" \/>\n<meta property=\"og:locale\" content=\"en_US\" \/>\n<meta property=\"og:type\" content=\"article\" \/>\n<meta property=\"og:title\" content=\"\u00dcberm\u00e4\u00dfige \u00d6lverbrennung - STP Germany\" \/>\n<meta property=\"og:description\" content=\"Sehen Sie morgens beim Anlassen des Motors, beim Beschleunigen oder wenn Sie den Fu\u00df vom Gas nehmen eine gr\u00e4ulich-blaue Rauchwolke hinter dem Wagen? Ihr Auto verbrennt vermutlich zu viel \u00d6l, vor allem, wenn der Motor schon mehr als 120.000 km hinter sich gelassen hat. Wenn Sie sich Gedanken \u00fcber die \u00d6lverbrennung Ihres Autos machen, sollten [&hellip;]\" \/>\n<meta property=\"og:url\" content=\"https:\/\/stp.com\/de\/problemloser\/ubermasige-olverbrennung\/\" \/>\n<meta property=\"og:site_name\" content=\"STP Germany\" \/>\n<meta property=\"article:modified_time\" content=\"2025-06-03T06:15:29+00:00\" \/>\n<meta property=\"og:image\" content=\"https:\/\/stp.com\/de\/wp-content\/uploads\/sites\/13\/2025\/04\/Excessive-Oil-Burning-scaled-1.avif\" \/>\n<meta name=\"twitter:card\" content=\"summary_large_image\" \/>\n<meta name=\"twitter:label1\" content=\"Est. reading time\" \/>\n\t<meta name=\"twitter:data1\" content=\"1 minute\" \/>\n<script type=\"application\/ld+json\" class=\"yoast-schema-graph\">{\"@context\":\"https:\\\/\\\/schema.org\",\"@graph\":[{\"@type\":\"WebPage\",\"@id\":\"https:\\\/\\\/stp.com\\\/de\\\/problemloser\\\/ubermasige-olverbrennung\\\/\",\"url\":\"https:\\\/\\\/stp.com\\\/de\\\/problemloser\\\/ubermasige-olverbrennung\\\/\",\"name\":\"\u00dcberm\u00e4\u00dfige \u00d6lverbrennung - STP Germany\",\"isPartOf\":{\"@id\":\"https:\\\/\\\/c38a2c2a6e.nxcli.io\\\/de\\\/#website\"},\"primaryImageOfPage\":{\"@id\":\"https:\\\/\\\/stp.com\\\/de\\\/problemloser\\\/ubermasige-olverbrennung\\\/#primaryimage\"},\"image\":{\"@id\":\"https:\\\/\\\/stp.com\\\/de\\\/problemloser\\\/ubermasige-olverbrennung\\\/#primaryimage\"},\"thumbnailUrl\":\"https:\\\/\\\/stp.com\\\/de\\\/wp-content\\\/uploads\\\/sites\\\/13\\\/2025\\\/04\\\/Excessive-Oil-Burning-scaled-1.avif\",\"datePublished\":\"2025-04-04T13:59:30+00:00\",\"dateModified\":\"2025-06-03T06:15:29+00:00\",\"breadcrumb\":{\"@id\":\"https:\\\/\\\/stp.com\\\/de\\\/problemloser\\\/ubermasige-olverbrennung\\\/#breadcrumb\"},\"inLanguage\":\"en-US\",\"potentialAction\":[{\"@type\":\"ReadAction\",\"target\":[\"https:\\\/\\\/stp.com\\\/de\\\/problemloser\\\/ubermasige-olverbrennung\\\/\"]}]},{\"@type\":\"ImageObject\",\"inLanguage\":\"en-US\",\"@id\":\"https:\\\/\\\/stp.com\\\/de\\\/problemloser\\\/ubermasige-olverbrennung\\\/#primaryimage\",\"url\":\"https:\\\/\\\/stpcdnimage.imgix.net\\\/wp-content\\\/uploads\\\/sites\\\/13\\\/2025\\\/04\\\/Excessive-Oil-Burning-scaled-1.avif\",\"contentUrl\":\"https:\\\/\\\/stpcdnimage.imgix.net\\\/wp-content\\\/uploads\\\/sites\\\/13\\\/2025\\\/04\\\/Excessive-Oil-Burning-scaled-1.avif\",\"width\":2560,\"height\":1450},{\"@type\":\"BreadcrumbList\",\"@id\":\"https:\\\/\\\/stp.com\\\/de\\\/problemloser\\\/ubermasige-olverbrennung\\\/#breadcrumb\",\"itemListElement\":[{\"@type\":\"ListItem\",\"position\":1,\"name\":\"Home\",\"item\":\"https:\\\/\\\/stp.com\\\/de\\\/\"},{\"@type\":\"ListItem\",\"position\":2,\"name\":\"Probleml\u00f6ser\",\"item\":\"https:\\\/\\\/c38a2c2a6e.nxcli.io\\\/de\\\/problemloser\\\/\"},{\"@type\":\"ListItem\",\"position\":3,\"name\":\"\u00dcberm\u00e4\u00dfige \u00d6lverbrennung\"}]},{\"@type\":\"WebSite\",\"@id\":\"https:\\\/\\\/c38a2c2a6e.nxcli.io\\\/de\\\/#website\",\"url\":\"https:\\\/\\\/c38a2c2a6e.nxcli.io\\\/de\\\/\",\"name\":\"STP Germany\",\"description\":\"Science. Technology. Performance\",\"potentialAction\":[{\"@type\":\"SearchAction\",\"target\":{\"@type\":\"EntryPoint\",\"urlTemplate\":\"https:\\\/\\\/c38a2c2a6e.nxcli.io\\\/de\\\/?s={search_term_string}\"},\"query-input\":{\"@type\":\"PropertyValueSpecification\",\"valueRequired\":true,\"valueName\":\"search_term_string\"}}],\"inLanguage\":\"en-US\"}]}<\/script>\n<!-- \/ Yoast SEO plugin. -->","yoast_head_json":{"title":"\u00dcberm\u00e4\u00dfige \u00d6lverbrennung - STP Germany","robots":{"index":"index","follow":"follow","max-snippet":"max-snippet:-1","max-image-preview":"max-image-preview:large","max-video-preview":"max-video-preview:-1"},"canonical":"https:\/\/stp.com\/de\/problemloser\/ubermasige-olverbrennung\/","og_locale":"en_US","og_type":"article","og_title":"\u00dcberm\u00e4\u00dfige \u00d6lverbrennung - STP Germany","og_description":"Sehen Sie morgens beim Anlassen des Motors, beim Beschleunigen oder wenn Sie den Fu\u00df vom Gas nehmen eine gr\u00e4ulich-blaue Rauchwolke hinter dem Wagen? Ihr Auto verbrennt vermutlich zu viel \u00d6l, vor allem, wenn der Motor schon mehr als 120.000 km hinter sich gelassen hat. Wenn Sie sich Gedanken \u00fcber die \u00d6lverbrennung Ihres Autos machen, sollten [&hellip;]","og_url":"https:\/\/stp.com\/de\/problemloser\/ubermasige-olverbrennung\/","og_site_name":"STP Germany","article_modified_time":"2025-06-03T06:15:29+00:00","og_image":[{"url":"https:\/\/stp.com\/de\/wp-content\/uploads\/sites\/13\/2025\/04\/Excessive-Oil-Burning-scaled-1.avif","type":"","width":"","height":""}],"twitter_card":"summary_large_image","twitter_misc":{"Est. reading time":"1 minute"},"schema":{"@context":"https:\/\/schema.org","@graph":[{"@type":"WebPage","@id":"https:\/\/stp.com\/de\/problemloser\/ubermasige-olverbrennung\/","url":"https:\/\/stp.com\/de\/problemloser\/ubermasige-olverbrennung\/","name":"\u00dcberm\u00e4\u00dfige \u00d6lverbrennung - STP Germany","isPartOf":{"@id":"https:\/\/c38a2c2a6e.nxcli.io\/de\/#website"},"primaryImageOfPage":{"@id":"https:\/\/stp.com\/de\/problemloser\/ubermasige-olverbrennung\/#primaryimage"},"image":{"@id":"https:\/\/stp.com\/de\/problemloser\/ubermasige-olverbrennung\/#primaryimage"},"thumbnailUrl":"https:\/\/stp.com\/de\/wp-content\/uploads\/sites\/13\/2025\/04\/Excessive-Oil-Burning-scaled-1.avif","datePublished":"2025-04-04T13:59:30+00:00","dateModified":"2025-06-03T06:15:29+00:00","breadcrumb":{"@id":"https:\/\/stp.com\/de\/problemloser\/ubermasige-olverbrennung\/#breadcrumb"},"inLanguage":"en-US","potentialAction":[{"@type":"ReadAction","target":["https:\/\/stp.com\/de\/problemloser\/ubermasige-olverbrennung\/"]}]},{"@type":"ImageObject","inLanguage":"en-US","@id":"https:\/\/stp.com\/de\/problemloser\/ubermasige-olverbrennung\/#primaryimage","url":"https:\/\/stpcdnimage.imgix.net\/wp-content\/uploads\/sites\/13\/2025\/04\/Excessive-Oil-Burning-scaled-1.avif","contentUrl":"https:\/\/stpcdnimage.imgix.net\/wp-content\/uploads\/sites\/13\/2025\/04\/Excessive-Oil-Burning-scaled-1.avif","width":2560,"height":1450},{"@type":"BreadcrumbList","@id":"https:\/\/stp.com\/de\/problemloser\/ubermasige-olverbrennung\/#breadcrumb","itemListElement":[{"@type":"ListItem","position":1,"name":"Home","item":"https:\/\/stp.com\/de\/"},{"@type":"ListItem","position":2,"name":"Probleml\u00f6ser","item":"https:\/\/c38a2c2a6e.nxcli.io\/de\/problemloser\/"},{"@type":"ListItem","position":3,"name":"\u00dcberm\u00e4\u00dfige \u00d6lverbrennung"}]},{"@type":"WebSite","@id":"https:\/\/c38a2c2a6e.nxcli.io\/de\/#website","url":"https:\/\/c38a2c2a6e.nxcli.io\/de\/","name":"STP Germany","description":"Science. Technology. Performance","potentialAction":[{"@type":"SearchAction","target":{"@type":"EntryPoint","urlTemplate":"https:\/\/c38a2c2a6e.nxcli.io\/de\/?s={search_term_string}"},"query-input":{"@type":"PropertyValueSpecification","valueRequired":true,"valueName":"search_term_string"}}],"inLanguage":"en-US"}]}},"_links":{"self":[{"href":"https:\/\/stp.com\/de\/wp-json\/wp\/v2\/pages\/5914","targetHints":{"allow":["GET"]}}],"collection":[{"href":"https:\/\/stp.com\/de\/wp-json\/wp\/v2\/pages"}],"about":[{"href":"https:\/\/stp.com\/de\/wp-json\/wp\/v2\/types\/page"}],"author":[{"embeddable":true,"href":"https:\/\/stp.com\/de\/wp-json\/wp\/v2\/users\/1"}],"replies":[{"embeddable":true,"href":"https:\/\/stp.com\/de\/wp-json\/wp\/v2\/comments?post=5914"}],"version-history":[{"count":16,"href":"https:\/\/stp.com\/de\/wp-json\/wp\/v2\/pages\/5914\/revisions"}],"predecessor-version":[{"id":8506,"href":"https:\/\/stp.com\/de\/wp-json\/wp\/v2\/pages\/5914\/revisions\/8506"}],"up":[{"embeddable":true,"href":"https:\/\/stp.com\/de\/wp-json\/wp\/v2\/pages\/416"}],"wp:attachment":[{"href":"https:\/\/stp.com\/de\/wp-json\/wp\/v2\/media?parent=5914"}],"curies":[{"name":"wp","href":"https:\/\/api.w.org\/{rel}","templated":true}]}}