{"id":5877,"date":"2025-04-04T19:21:00","date_gmt":"2025-04-04T13:51:00","guid":{"rendered":"https:\/\/c38a2c2a6e.nxcli.io\/de\/?page_id=5877"},"modified":"2025-06-03T11:47:45","modified_gmt":"2025-06-03T06:17:45","slug":"abgestandener-kraftstoff","status":"publish","type":"page","link":"https:\/\/stp.com\/de\/problemloser\/abgestandener-kraftstoff\/","title":{"rendered":"Abgestandener Kraftstoff"},"content":{"rendered":"\t\t<div data-elementor-type=\"wp-page\" data-elementor-id=\"5877\" class=\"elementor elementor-5877\" data-elementor-post-type=\"page\">\n\t\t\t\t<div class=\"elementor-element elementor-element-d9af9ca e-flex e-con-boxed e-con e-parent\" data-id=\"d9af9ca\" data-element_type=\"container\" data-e-type=\"container\" data-settings=\"{&quot;background_background&quot;:&quot;classic&quot;}\">\n\t\t\t\t\t<div class=\"e-con-inner\">\n\t\t\t\t<div class=\"elementor-element elementor-element-148e152 breadcrumb elementor-widget elementor-widget-breadcrumbs\" data-id=\"148e152\" data-element_type=\"widget\" data-e-type=\"widget\" data-widget_type=\"breadcrumbs.default\">\n\t\t\t\t<div class=\"elementor-widget-container\">\n\t\t\t\t\t<p id=\"breadcrumbs\"><span><span><a href=\"https:\/\/stp.com\/de\/\">Home<\/a><\/span><\/span><\/p>\t\t\t\t<\/div>\n\t\t\t\t<\/div>\n\t\t<div class=\"elementor-element elementor-element-a6dc6cd e-con-full e-flex e-con e-child\" data-id=\"a6dc6cd\" data-element_type=\"container\" data-e-type=\"container\">\n\t\t<div class=\"elementor-element elementor-element-4ae645f e-con-full product__head e-flex e-con e-child\" data-id=\"4ae645f\" data-element_type=\"container\" data-e-type=\"container\">\n\t\t\t\t<\/div>\n\t\t\t\t<\/div>\n\t\t\t\t\t<\/div>\n\t\t\t\t<\/div>\n\t\t<div class=\"elementor-element elementor-element-d1b626b top-red-border e-flex e-con-boxed e-con e-parent\" data-id=\"d1b626b\" data-element_type=\"container\" data-e-type=\"container\" data-settings=\"{&quot;background_background&quot;:&quot;classic&quot;}\">\n\t\t\t\t\t<div class=\"e-con-inner\">\n\t\t<div class=\"elementor-element elementor-element-5c34192 e-con-full e-flex e-con e-child\" data-id=\"5c34192\" data-element_type=\"container\" data-e-type=\"container\">\n\t\t\t\t<div class=\"elementor-element elementor-element-25c0bd5 elementor-position-right elementor-vertical-align-middle image-text-section elementor-widget elementor-widget-image-box\" data-id=\"25c0bd5\" data-element_type=\"widget\" data-e-type=\"widget\" data-widget_type=\"image-box.default\">\n\t\t\t\t<div class=\"elementor-widget-container\">\n\t\t\t\t\t<div class=\"elementor-image-box-wrapper\"><figure class=\"elementor-image-box-img\"><img fetchpriority=\"high\" decoding=\"async\" width=\"1920\" height=\"1080\" src=\"https:\/\/stpcdnimage.imgix.net\/wp-content\/uploads\/sites\/13\/2025\/05\/Stale-Gas-Photo-10-resized.avif\" class=\"attachment-full size-full wp-image-7779\" alt=\"Abgestandener Kraftstoff\" \/><\/figure><div class=\"elementor-image-box-content\"><p class=\"elementor-image-box-description\">Kennen Sie das? Sie f\u00fcllen Kraftstoff ein, der schon ein wenig \u00e4lter ist \u2013 und der Motor will partout nicht anspringen? Der Kraftstoff kann gealtert sein. Ganz gleich, ob sich Kraftstoff im Kanister oder im Tank befindet \u2013 auch das beste Benzin verliert im Laufe der Zeit an Kraft. Feuchtigkeit und Korrosion k\u00f6nnen das Kraftstoffsystem verstopfen, der Motor springt nur widerwillig oder gar nicht mehr an. Dies kommt besonders h\u00e4ufig bei kleinen Motoren (Rasenm\u00e4her, Motorsense, Kettens\u00e4ge und dergleichen) vor, die nur selten gebraucht werden. Additive k\u00f6nnen den Kraftstoff \u201efrisch\u201c halten, damit es gar nicht erst zu solchen Problemen kommt.<\/p><\/div><\/div>\t\t\t\t<\/div>\n\t\t\t\t<\/div>\n\t\t\t\t<\/div>\n\t\t\t\t\t<\/div>\n\t\t\t\t<\/div>\n\t\t<div class=\"elementor-element elementor-element-6168b98 prod-related-container e-flex e-con-boxed e-con e-child\" data-id=\"6168b98\" data-element_type=\"container\" data-e-type=\"container\" data-settings=\"{&quot;background_background&quot;:&quot;classic&quot;}\">\n\t\t\t\t\t<div class=\"e-con-inner\">\n\t\t\t\t<div class=\"elementor-element elementor-element-daceac7 arm__product-related elementor-widget elementor-widget-shortcode\" data-id=\"daceac7\" data-element_type=\"widget\" data-e-type=\"widget\" data-widget_type=\"shortcode.default\">\n\t\t\t\t<div class=\"elementor-widget-container\">\n\t\t\t\t\t\t\t<div class=\"elementor-shortcode\">\t<div class=\"product_related\">\n\t\t\t\t\t<div class=\"section-intro section-intro--left\" id=\"anchor-intro-block_\">\n\n\t\t\t\t\t<div class=\"section-intro__content\" id=\"anchor-intro-content_\">\n\t\t\t\t\t\t<div role=\"doc-subtitle\">Diese Produkte wirken gegen Alterung von Kraftstoffen:<\/div>\n\t\t\t\t\t<\/div>\n\n\t\t\t\t<div class=\"section-intro__button\">\n\t\t\t\t\t\t\t\t\t<\/div>\n\t\t\t<\/div>\n\t\t\t\t<div class=\"building-block\">\n\t\t\t<div class=\"slider slider--listing\" role=\"region\" aria-roledescription=\"carousel\" aria-label=\"Featured product carousel\" data-items-0=\"1\" data-items-500=\"2\" data-items-900=\"3\" data-items-1200=\"4\" data-autoplay=\"false\">\n\t\t\t\t<div class=\"slider__controls\">\n\t\t\t\t\t\t\t\t\t\t\t\t\t\t<\/div>\n\t\t\t\t<div class=\"slider__wrapper\">\n\t\t\t\t\t<ul class=\"slider__panels\" id=\"slider-123\" class=\"carousel-items\" aria-live=\"polite\">\n\t\t\t\t\t\t \t\t\t\t\t\t\t<li class=\"slider__panel\" aria-hidden=\"false\" tabindex=\"-1\" aria-label=\"Slide 1 of 1\">\n\t\t\t\t\t\t\t\t <div class=\"grid grid-cols-4 grid-gutter-md\">\n\t\t\t\t\t\t\t\t\t\t\t\t\t\t\t\t\t\t\t<div class=\"card card--product\">\n\t\t\t\t\t\t\t\t\t\t\t<div class=\"card__image card__image--has-rollover\">\n\t\t\t\t\t\t\t\t\t\t\t\t<img decoding=\"async\" src=\"https:\/\/stpcdnimage.imgix.net\/global-media\/wp-content\/uploads\/sites\/6\/product-images\/E301994300_01.png\"  alt=\"Universal Kraftstoffanlagen-Reiniger Benzin Image 1\" class=\"\" width=\"250\" height=\"250\" \/>\n\t\t\t\t\t\t\t\t\t\t\t\t<div class=\"btn btn--solid rollover\">Produkt Anzeigen<\/div>\n\t\t\t\t\t\t\t\t\t\t\t<\/div>\n\t\t\t\t\t\t\t\t\t\t\t<div class=\"card__pretitle\"><span class=\"card__category\">Kraftstoffadditive<\/span><\/div>\n\t\t\t\t\t\t\t\t\t\t\t\t<h3 class=\"h3\"><a href=\"https:\/\/stp.com\/de\/product\/universal-kraftstoffanlagen-reiniger-benzin\/\" class=\"cover-link card__link\">Universal Kraftstoffanlagen-Reiniger Benzin<\/a><\/h3>\n\t\t\t\t\t\t\t\t\t\t<\/div>\n\t\t\t\t\t\t\t\t\t\t\t\t\t\t\t\t\t\t\t<div class=\"card card--product\">\n\t\t\t\t\t\t\t\t\t\t\t<div class=\"card__image card__image--has-rollover\">\n\t\t\t\t\t\t\t\t\t\t\t\t<img decoding=\"async\" src=\"https:\/\/stpcdnimage.imgix.net\/global-media\/wp-content\/uploads\/sites\/6\/product-images\/E302008800_01.avif\"  alt=\"Universal Kraftstoffanlagen-Reiniger Diesel Image 1\" class=\"\" width=\"250\" height=\"250\" \/>\n\t\t\t\t\t\t\t\t\t\t\t\t<div class=\"btn btn--solid rollover\">Produkt Anzeigen<\/div>\n\t\t\t\t\t\t\t\t\t\t\t<\/div>\n\t\t\t\t\t\t\t\t\t\t\t<div class=\"card__pretitle\"><span class=\"card__category\">Kraftstoffadditive<\/span><\/div>\n\t\t\t\t\t\t\t\t\t\t\t\t<h3 class=\"h3\"><a href=\"https:\/\/stp.com\/de\/product\/universal-kraftstoffanlagen-reiniger-diesel\/\" class=\"cover-link card__link\">Universal Kraftstoffanlagen-Reiniger Diesel<\/a><\/h3>\n\t\t\t\t\t\t\t\t\t\t<\/div>\n\t\t\t\t\t\t\t\t\t\t\t\t\t\t\t\t\t<\/div>\n\t\t\t\t\t\t\t<\/li>\n\t\t\t\t\t\t\t\t\t\t\t<\/ul>\n\t\t\t\t<\/div>\n\t\t\t\t<div class=\"slider__nav\">\n\t\t\t\t\t\t\t\t\t\t<\/div>\n\t\t\t<\/div>\n\t\t<\/div>\n\t<\/div>\n<\/div>\n\t\t\t\t\t\t<\/div>\n\t\t\t\t<\/div>\n\t\t\t\t\t<\/div>\n\t\t\t\t<\/div>\n\t\t\t\t<\/div>\n\t\t","protected":false},"excerpt":{"rendered":"<p>Kennen Sie das? Sie f\u00fcllen Kraftstoff ein, der schon ein wenig \u00e4lter ist \u2013 und der Motor will partout nicht anspringen? Der Kraftstoff kann gealtert sein. Ganz gleich, ob sich Kraftstoff im Kanister oder im Tank befindet \u2013 auch das beste Benzin verliert im Laufe der Zeit an Kraft. Feuchtigkeit und Korrosion k\u00f6nnen das Kraftstoffsystem [&hellip;]<\/p>\n","protected":false},"author":1,"featured_media":0,"parent":416,"menu_order":0,"comment_status":"closed","ping_status":"closed","template":"","meta":{"_acf_changed":false,"footnotes":""},"class_list":["post-5877","page","type-page","status-publish","hentry"],"acf":[],"yoast_head":"<!-- This site is optimized with the Yoast SEO plugin v27.4 - https:\/\/yoast.com\/product\/yoast-seo-wordpress\/ -->\n<title>Abgestandener Kraftstoff - STP Germany<\/title>\n<meta name=\"robots\" content=\"index, follow, max-snippet:-1, max-image-preview:large, max-video-preview:-1\" \/>\n<link rel=\"canonical\" href=\"https:\/\/stp.com\/de\/problemloser\/abgestandener-kraftstoff\/\" \/>\n<meta property=\"og:locale\" content=\"en_US\" \/>\n<meta property=\"og:type\" content=\"article\" \/>\n<meta property=\"og:title\" content=\"Abgestandener Kraftstoff - STP Germany\" \/>\n<meta property=\"og:description\" content=\"Kennen Sie das? Sie f\u00fcllen Kraftstoff ein, der schon ein wenig \u00e4lter ist \u2013 und der Motor will partout nicht anspringen? Der Kraftstoff kann gealtert sein. Ganz gleich, ob sich Kraftstoff im Kanister oder im Tank befindet \u2013 auch das beste Benzin verliert im Laufe der Zeit an Kraft. Feuchtigkeit und Korrosion k\u00f6nnen das Kraftstoffsystem [&hellip;]\" \/>\n<meta property=\"og:url\" content=\"https:\/\/stp.com\/de\/problemloser\/abgestandener-kraftstoff\/\" \/>\n<meta property=\"og:site_name\" content=\"STP Germany\" \/>\n<meta property=\"article:modified_time\" content=\"2025-06-03T06:17:45+00:00\" \/>\n<meta property=\"og:image\" content=\"https:\/\/stp.com\/de\/wp-content\/uploads\/sites\/13\/2025\/05\/Stale-Gas-Photo-10-resized.avif\" \/>\n<meta name=\"twitter:card\" content=\"summary_large_image\" \/>\n<meta name=\"twitter:label1\" content=\"Est. reading time\" \/>\n\t<meta name=\"twitter:data1\" content=\"1 minute\" \/>\n<script type=\"application\/ld+json\" class=\"yoast-schema-graph\">{\"@context\":\"https:\\\/\\\/schema.org\",\"@graph\":[{\"@type\":\"WebPage\",\"@id\":\"https:\\\/\\\/stp.com\\\/de\\\/problemloser\\\/abgestandener-kraftstoff\\\/\",\"url\":\"https:\\\/\\\/stp.com\\\/de\\\/problemloser\\\/abgestandener-kraftstoff\\\/\",\"name\":\"Abgestandener Kraftstoff - STP Germany\",\"isPartOf\":{\"@id\":\"https:\\\/\\\/c38a2c2a6e.nxcli.io\\\/de\\\/#website\"},\"primaryImageOfPage\":{\"@id\":\"https:\\\/\\\/stp.com\\\/de\\\/problemloser\\\/abgestandener-kraftstoff\\\/#primaryimage\"},\"image\":{\"@id\":\"https:\\\/\\\/stp.com\\\/de\\\/problemloser\\\/abgestandener-kraftstoff\\\/#primaryimage\"},\"thumbnailUrl\":\"https:\\\/\\\/stp.com\\\/de\\\/wp-content\\\/uploads\\\/sites\\\/13\\\/2025\\\/05\\\/Stale-Gas-Photo-10-resized.avif\",\"datePublished\":\"2025-04-04T13:51:00+00:00\",\"dateModified\":\"2025-06-03T06:17:45+00:00\",\"breadcrumb\":{\"@id\":\"https:\\\/\\\/stp.com\\\/de\\\/problemloser\\\/abgestandener-kraftstoff\\\/#breadcrumb\"},\"inLanguage\":\"en-US\",\"potentialAction\":[{\"@type\":\"ReadAction\",\"target\":[\"https:\\\/\\\/stp.com\\\/de\\\/problemloser\\\/abgestandener-kraftstoff\\\/\"]}]},{\"@type\":\"ImageObject\",\"inLanguage\":\"en-US\",\"@id\":\"https:\\\/\\\/stp.com\\\/de\\\/problemloser\\\/abgestandener-kraftstoff\\\/#primaryimage\",\"url\":\"https:\\\/\\\/stpcdnimage.imgix.net\\\/wp-content\\\/uploads\\\/sites\\\/13\\\/2025\\\/05\\\/Stale-Gas-Photo-10-resized.avif\",\"contentUrl\":\"https:\\\/\\\/stpcdnimage.imgix.net\\\/wp-content\\\/uploads\\\/sites\\\/13\\\/2025\\\/05\\\/Stale-Gas-Photo-10-resized.avif\",\"width\":1920,\"height\":1080,\"caption\":\"Abgestandener Kraftstoff\"},{\"@type\":\"BreadcrumbList\",\"@id\":\"https:\\\/\\\/stp.com\\\/de\\\/problemloser\\\/abgestandener-kraftstoff\\\/#breadcrumb\",\"itemListElement\":[{\"@type\":\"ListItem\",\"position\":1,\"name\":\"Home\",\"item\":\"https:\\\/\\\/stp.com\\\/de\\\/\"},{\"@type\":\"ListItem\",\"position\":2,\"name\":\"Probleml\u00f6ser\",\"item\":\"https:\\\/\\\/c38a2c2a6e.nxcli.io\\\/de\\\/problemloser\\\/\"},{\"@type\":\"ListItem\",\"position\":3,\"name\":\"Abgestandener Kraftstoff\"}]},{\"@type\":\"WebSite\",\"@id\":\"https:\\\/\\\/c38a2c2a6e.nxcli.io\\\/de\\\/#website\",\"url\":\"https:\\\/\\\/c38a2c2a6e.nxcli.io\\\/de\\\/\",\"name\":\"STP Germany\",\"description\":\"Science. Technology. Performance\",\"potentialAction\":[{\"@type\":\"SearchAction\",\"target\":{\"@type\":\"EntryPoint\",\"urlTemplate\":\"https:\\\/\\\/c38a2c2a6e.nxcli.io\\\/de\\\/?s={search_term_string}\"},\"query-input\":{\"@type\":\"PropertyValueSpecification\",\"valueRequired\":true,\"valueName\":\"search_term_string\"}}],\"inLanguage\":\"en-US\"}]}<\/script>\n<!-- \/ Yoast SEO plugin. -->","yoast_head_json":{"title":"Abgestandener Kraftstoff - STP Germany","robots":{"index":"index","follow":"follow","max-snippet":"max-snippet:-1","max-image-preview":"max-image-preview:large","max-video-preview":"max-video-preview:-1"},"canonical":"https:\/\/stp.com\/de\/problemloser\/abgestandener-kraftstoff\/","og_locale":"en_US","og_type":"article","og_title":"Abgestandener Kraftstoff - STP Germany","og_description":"Kennen Sie das? Sie f\u00fcllen Kraftstoff ein, der schon ein wenig \u00e4lter ist \u2013 und der Motor will partout nicht anspringen? Der Kraftstoff kann gealtert sein. Ganz gleich, ob sich Kraftstoff im Kanister oder im Tank befindet \u2013 auch das beste Benzin verliert im Laufe der Zeit an Kraft. Feuchtigkeit und Korrosion k\u00f6nnen das Kraftstoffsystem [&hellip;]","og_url":"https:\/\/stp.com\/de\/problemloser\/abgestandener-kraftstoff\/","og_site_name":"STP Germany","article_modified_time":"2025-06-03T06:17:45+00:00","og_image":[{"url":"https:\/\/stp.com\/de\/wp-content\/uploads\/sites\/13\/2025\/05\/Stale-Gas-Photo-10-resized.avif","type":"","width":"","height":""}],"twitter_card":"summary_large_image","twitter_misc":{"Est. reading time":"1 minute"},"schema":{"@context":"https:\/\/schema.org","@graph":[{"@type":"WebPage","@id":"https:\/\/stp.com\/de\/problemloser\/abgestandener-kraftstoff\/","url":"https:\/\/stp.com\/de\/problemloser\/abgestandener-kraftstoff\/","name":"Abgestandener Kraftstoff - STP Germany","isPartOf":{"@id":"https:\/\/c38a2c2a6e.nxcli.io\/de\/#website"},"primaryImageOfPage":{"@id":"https:\/\/stp.com\/de\/problemloser\/abgestandener-kraftstoff\/#primaryimage"},"image":{"@id":"https:\/\/stp.com\/de\/problemloser\/abgestandener-kraftstoff\/#primaryimage"},"thumbnailUrl":"https:\/\/stp.com\/de\/wp-content\/uploads\/sites\/13\/2025\/05\/Stale-Gas-Photo-10-resized.avif","datePublished":"2025-04-04T13:51:00+00:00","dateModified":"2025-06-03T06:17:45+00:00","breadcrumb":{"@id":"https:\/\/stp.com\/de\/problemloser\/abgestandener-kraftstoff\/#breadcrumb"},"inLanguage":"en-US","potentialAction":[{"@type":"ReadAction","target":["https:\/\/stp.com\/de\/problemloser\/abgestandener-kraftstoff\/"]}]},{"@type":"ImageObject","inLanguage":"en-US","@id":"https:\/\/stp.com\/de\/problemloser\/abgestandener-kraftstoff\/#primaryimage","url":"https:\/\/stpcdnimage.imgix.net\/wp-content\/uploads\/sites\/13\/2025\/05\/Stale-Gas-Photo-10-resized.avif","contentUrl":"https:\/\/stpcdnimage.imgix.net\/wp-content\/uploads\/sites\/13\/2025\/05\/Stale-Gas-Photo-10-resized.avif","width":1920,"height":1080,"caption":"Abgestandener Kraftstoff"},{"@type":"BreadcrumbList","@id":"https:\/\/stp.com\/de\/problemloser\/abgestandener-kraftstoff\/#breadcrumb","itemListElement":[{"@type":"ListItem","position":1,"name":"Home","item":"https:\/\/stp.com\/de\/"},{"@type":"ListItem","position":2,"name":"Probleml\u00f6ser","item":"https:\/\/c38a2c2a6e.nxcli.io\/de\/problemloser\/"},{"@type":"ListItem","position":3,"name":"Abgestandener Kraftstoff"}]},{"@type":"WebSite","@id":"https:\/\/c38a2c2a6e.nxcli.io\/de\/#website","url":"https:\/\/c38a2c2a6e.nxcli.io\/de\/","name":"STP Germany","description":"Science. Technology. Performance","potentialAction":[{"@type":"SearchAction","target":{"@type":"EntryPoint","urlTemplate":"https:\/\/c38a2c2a6e.nxcli.io\/de\/?s={search_term_string}"},"query-input":{"@type":"PropertyValueSpecification","valueRequired":true,"valueName":"search_term_string"}}],"inLanguage":"en-US"}]}},"_links":{"self":[{"href":"https:\/\/stp.com\/de\/wp-json\/wp\/v2\/pages\/5877","targetHints":{"allow":["GET"]}}],"collection":[{"href":"https:\/\/stp.com\/de\/wp-json\/wp\/v2\/pages"}],"about":[{"href":"https:\/\/stp.com\/de\/wp-json\/wp\/v2\/types\/page"}],"author":[{"embeddable":true,"href":"https:\/\/stp.com\/de\/wp-json\/wp\/v2\/users\/1"}],"replies":[{"embeddable":true,"href":"https:\/\/stp.com\/de\/wp-json\/wp\/v2\/comments?post=5877"}],"version-history":[{"count":28,"href":"https:\/\/stp.com\/de\/wp-json\/wp\/v2\/pages\/5877\/revisions"}],"predecessor-version":[{"id":8536,"href":"https:\/\/stp.com\/de\/wp-json\/wp\/v2\/pages\/5877\/revisions\/8536"}],"up":[{"embeddable":true,"href":"https:\/\/stp.com\/de\/wp-json\/wp\/v2\/pages\/416"}],"wp:attachment":[{"href":"https:\/\/stp.com\/de\/wp-json\/wp\/v2\/media?parent=5877"}],"curies":[{"name":"wp","href":"https:\/\/api.w.org\/{rel}","templated":true}]}}