{"id":5852,"date":"2025-04-04T19:15:41","date_gmt":"2025-04-04T13:45:41","guid":{"rendered":"https:\/\/c38a2c2a6e.nxcli.io\/de\/?page_id=5852"},"modified":"2025-06-03T11:45:56","modified_gmt":"2025-06-03T06:15:56","slug":"servolenkungsausfall","status":"publish","type":"page","link":"https:\/\/stp.com\/de\/problemloser\/servolenkungsausfall\/","title":{"rendered":"Servolenkungsausfall"},"content":{"rendered":"\t\t<div data-elementor-type=\"wp-page\" data-elementor-id=\"5852\" class=\"elementor elementor-5852\" data-elementor-post-type=\"page\">\n\t\t\t\t<div class=\"elementor-element elementor-element-d4886c2 e-flex e-con-boxed e-con e-parent\" data-id=\"d4886c2\" data-element_type=\"container\" data-e-type=\"container\" data-settings=\"{&quot;background_background&quot;:&quot;classic&quot;}\">\n\t\t\t\t\t<div class=\"e-con-inner\">\n\t\t\t\t<div class=\"elementor-element elementor-element-6eab7ab breadcrumb elementor-widget elementor-widget-breadcrumbs\" data-id=\"6eab7ab\" data-element_type=\"widget\" data-e-type=\"widget\" data-widget_type=\"breadcrumbs.default\">\n\t\t\t\t<div class=\"elementor-widget-container\">\n\t\t\t\t\t<p id=\"breadcrumbs\"><span><span><a href=\"https:\/\/stp.com\/de\/\">Home<\/a><\/span><\/span><\/p>\t\t\t\t<\/div>\n\t\t\t\t<\/div>\n\t\t<div class=\"elementor-element elementor-element-28a9f92 e-con-full e-flex e-con e-child\" data-id=\"28a9f92\" data-element_type=\"container\" data-e-type=\"container\">\n\t\t<div class=\"elementor-element elementor-element-9e8ee7b e-con-full product__head e-flex e-con e-child\" data-id=\"9e8ee7b\" data-element_type=\"container\" data-e-type=\"container\">\n\t\t\t\t<\/div>\n\t\t\t\t<\/div>\n\t\t\t\t\t<\/div>\n\t\t\t\t<\/div>\n\t\t<div class=\"elementor-element elementor-element-1d9f309 top-red-border e-flex e-con-boxed e-con e-parent\" data-id=\"1d9f309\" data-element_type=\"container\" data-e-type=\"container\" data-settings=\"{&quot;background_background&quot;:&quot;classic&quot;}\">\n\t\t\t\t\t<div class=\"e-con-inner\">\n\t\t<div class=\"elementor-element elementor-element-d276655 e-con-full e-flex e-con e-child\" data-id=\"d276655\" data-element_type=\"container\" data-e-type=\"container\">\n\t\t\t\t<div class=\"elementor-element elementor-element-ce3dac0 elementor-position-right elementor-vertical-align-middle image-text-section elementor-widget elementor-widget-image-box\" data-id=\"ce3dac0\" data-element_type=\"widget\" data-e-type=\"widget\" data-widget_type=\"image-box.default\">\n\t\t\t\t<div class=\"elementor-widget-container\">\n\t\t\t\t\t<div class=\"elementor-image-box-wrapper\"><figure class=\"elementor-image-box-img\"><img fetchpriority=\"high\" decoding=\"async\" width=\"2560\" height=\"1450\" src=\"https:\/\/stpcdnimage.imgix.net\/wp-content\/uploads\/sites\/13\/2025\/04\/LostPowerSteeringCrop-scaled-1.avif\" class=\"attachment-full size-full wp-image-5857\" alt=\"\" \/><\/figure><div class=\"elementor-image-box-content\"><p class=\"elementor-image-box-description\">H\u00f6ren Sie ein st\u00f6hnendes Ger\u00e4usch, wenn Sie die Lenkung scharf einschlagen? Dies ist ein relativ sicheres Anzeichen eines Leistungsverlusts des Servolenkung, der gew\u00f6hnlich durch Undichtigkeit verursacht wird. Zudem enth\u00e4lt Servolenkungsfl\u00fcssigkeit bestimmte \u00d6le, die zum Oxidieren neigen k\u00f6nnen. Wenn dies geschieht, kann die Fl\u00fcssigkeit nicht mehr richtig flie\u00dfen und interne Teile werden nicht mehr richtig gesch\u00fctzt. Schauen Sie in der Betriebsanleitung Ihres Autos nach, wann es Zeit zum Wechseln der Servolenkungsfl\u00fcssigkeit ist, damit es nicht zu Leistungsverlusten beim Lenken kommt.<\/p><\/div><\/div>\t\t\t\t<\/div>\n\t\t\t\t<\/div>\n\t\t\t\t<\/div>\n\t\t\t\t\t<\/div>\n\t\t\t\t<\/div>\n\t\t<div class=\"elementor-element elementor-element-ad2304c prod-related-container e-flex e-con-boxed e-con e-child\" data-id=\"ad2304c\" data-element_type=\"container\" data-e-type=\"container\" data-settings=\"{&quot;background_background&quot;:&quot;classic&quot;}\">\n\t\t\t\t\t<div class=\"e-con-inner\">\n\t\t\t\t<div class=\"elementor-element elementor-element-dd28a0e arm__product-related elementor-widget elementor-widget-shortcode\" data-id=\"dd28a0e\" data-element_type=\"widget\" data-e-type=\"widget\" data-widget_type=\"shortcode.default\">\n\t\t\t\t<div class=\"elementor-widget-container\">\n\t\t\t\t\t\t\t<div class=\"elementor-shortcode\">\t<div class=\"product_related\">\n\t\t\t\t\t<div class=\"section-intro section-intro--left\" id=\"anchor-intro-block_\">\n\n\t\t\t\t\t<div class=\"section-intro__content\" id=\"anchor-intro-content_\">\n\t\t\t\t\t\t<div role=\"doc-subtitle\">Diese Produkte halten Ihre Servolenkung in Form:<\/div>\n\t\t\t\t\t<\/div>\n\n\t\t\t\t<div class=\"section-intro__button\">\n\t\t\t\t\t\t\t\t\t<\/div>\n\t\t\t<\/div>\n\t\t\t\t<div class=\"building-block\">\n\t\t\t<div class=\"slider slider--listing\" role=\"region\" aria-roledescription=\"carousel\" aria-label=\"Featured product carousel\" data-items-0=\"1\" data-items-500=\"2\" data-items-900=\"3\" data-items-1200=\"4\" data-autoplay=\"false\">\n\t\t\t\t<div class=\"slider__controls\">\n\t\t\t\t\t\t\t\t\t\t\t\t\t\t<\/div>\n\t\t\t\t<div class=\"slider__wrapper\">\n\t\t\t\t\t<ul class=\"slider__panels\" id=\"slider-123\" class=\"carousel-items\" aria-live=\"polite\">\n\t\t\t\t\t\t \t\t\t\t\t\t\t<li class=\"slider__panel\" aria-hidden=\"false\" tabindex=\"-1\" aria-label=\"Slide 1 of 1\">\n\t\t\t\t\t\t\t\t <div class=\"grid grid-cols-4 grid-gutter-md\">\n\t\t\t\t\t\t\t\t\t\t\t\t\t\t\t\t\t\t\t<div class=\"card card--product\">\n\t\t\t\t\t\t\t\t\t\t\t<div class=\"card__image card__image--has-rollover\">\n\t\t\t\t\t\t\t\t\t\t\t\t<img decoding=\"async\" src=\"https:\/\/stpcdnimage.imgix.net\/global-media\/wp-content\/uploads\/sites\/6\/product-images\/E303203200_01.png\"  alt=\"Servolenkfl\u00fcssigkeit + Dichtmitte Image 1\" class=\"\" width=\"250\" height=\"250\" \/>\n\t\t\t\t\t\t\t\t\t\t\t\t<div class=\"btn btn--solid rollover\">Produkt Anzeigen<\/div>\n\t\t\t\t\t\t\t\t\t\t\t<\/div>\n\t\t\t\t\t\t\t\t\t\t\t<div class=\"card__pretitle\"><span class=\"card__category\">Funktionsfl\u00fcssigkeiten<\/span><\/div>\n\t\t\t\t\t\t\t\t\t\t\t\t<h3 class=\"h3\"><a href=\"https:\/\/stp.com\/de\/product\/servolenkflussigkeit-dichtmitte\/\" class=\"cover-link card__link\">Servolenkfl\u00fcssigkeit + Dichtmitte<\/a><\/h3>\n\t\t\t\t\t\t\t\t\t\t<\/div>\n\t\t\t\t\t\t\t\t\t\t\t\t\t\t\t\t\t<\/div>\n\t\t\t\t\t\t\t<\/li>\n\t\t\t\t\t\t\t\t\t\t\t<\/ul>\n\t\t\t\t<\/div>\n\t\t\t\t<div class=\"slider__nav\">\n\t\t\t\t\t\t\t\t\t\t<\/div>\n\t\t\t<\/div>\n\t\t<\/div>\n\t<\/div>\n<\/div>\n\t\t\t\t\t\t<\/div>\n\t\t\t\t<\/div>\n\t\t\t\t\t<\/div>\n\t\t\t\t<\/div>\n\t\t\t\t<\/div>\n\t\t","protected":false},"excerpt":{"rendered":"<p>H\u00f6ren Sie ein st\u00f6hnendes Ger\u00e4usch, wenn Sie die Lenkung scharf einschlagen? Dies ist ein relativ sicheres Anzeichen eines Leistungsverlusts des Servolenkung, der gew\u00f6hnlich durch Undichtigkeit verursacht wird. Zudem enth\u00e4lt Servolenkungsfl\u00fcssigkeit bestimmte \u00d6le, die zum Oxidieren neigen k\u00f6nnen. Wenn dies geschieht, kann die Fl\u00fcssigkeit nicht mehr richtig flie\u00dfen und interne Teile werden nicht mehr richtig gesch\u00fctzt. [&hellip;]<\/p>\n","protected":false},"author":1,"featured_media":0,"parent":416,"menu_order":0,"comment_status":"closed","ping_status":"closed","template":"","meta":{"_acf_changed":false,"footnotes":""},"class_list":["post-5852","page","type-page","status-publish","hentry"],"acf":[],"yoast_head":"<!-- This site is optimized with the Yoast SEO plugin v27.4 - https:\/\/yoast.com\/product\/yoast-seo-wordpress\/ -->\n<title>Servolenkungsausfall - STP Germany<\/title>\n<meta name=\"robots\" content=\"index, follow, max-snippet:-1, max-image-preview:large, max-video-preview:-1\" \/>\n<link rel=\"canonical\" href=\"https:\/\/stp.com\/de\/problemloser\/servolenkungsausfall\/\" \/>\n<meta property=\"og:locale\" content=\"en_US\" \/>\n<meta property=\"og:type\" content=\"article\" \/>\n<meta property=\"og:title\" content=\"Servolenkungsausfall - STP Germany\" \/>\n<meta property=\"og:description\" content=\"H\u00f6ren Sie ein st\u00f6hnendes Ger\u00e4usch, wenn Sie die Lenkung scharf einschlagen? Dies ist ein relativ sicheres Anzeichen eines Leistungsverlusts des Servolenkung, der gew\u00f6hnlich durch Undichtigkeit verursacht wird. Zudem enth\u00e4lt Servolenkungsfl\u00fcssigkeit bestimmte \u00d6le, die zum Oxidieren neigen k\u00f6nnen. Wenn dies geschieht, kann die Fl\u00fcssigkeit nicht mehr richtig flie\u00dfen und interne Teile werden nicht mehr richtig gesch\u00fctzt. [&hellip;]\" \/>\n<meta property=\"og:url\" content=\"https:\/\/stp.com\/de\/problemloser\/servolenkungsausfall\/\" \/>\n<meta property=\"og:site_name\" content=\"STP Germany\" \/>\n<meta property=\"article:modified_time\" content=\"2025-06-03T06:15:56+00:00\" \/>\n<meta property=\"og:image\" content=\"https:\/\/stp.com\/de\/wp-content\/uploads\/sites\/13\/2025\/04\/LostPowerSteeringCrop-scaled-1.avif\" \/>\n<meta name=\"twitter:card\" content=\"summary_large_image\" \/>\n<meta name=\"twitter:label1\" content=\"Est. reading time\" \/>\n\t<meta name=\"twitter:data1\" content=\"1 minute\" \/>\n<script type=\"application\/ld+json\" class=\"yoast-schema-graph\">{\"@context\":\"https:\\\/\\\/schema.org\",\"@graph\":[{\"@type\":\"WebPage\",\"@id\":\"https:\\\/\\\/stp.com\\\/de\\\/problemloser\\\/servolenkungsausfall\\\/\",\"url\":\"https:\\\/\\\/stp.com\\\/de\\\/problemloser\\\/servolenkungsausfall\\\/\",\"name\":\"Servolenkungsausfall - STP Germany\",\"isPartOf\":{\"@id\":\"https:\\\/\\\/c38a2c2a6e.nxcli.io\\\/de\\\/#website\"},\"primaryImageOfPage\":{\"@id\":\"https:\\\/\\\/stp.com\\\/de\\\/problemloser\\\/servolenkungsausfall\\\/#primaryimage\"},\"image\":{\"@id\":\"https:\\\/\\\/stp.com\\\/de\\\/problemloser\\\/servolenkungsausfall\\\/#primaryimage\"},\"thumbnailUrl\":\"https:\\\/\\\/stp.com\\\/de\\\/wp-content\\\/uploads\\\/sites\\\/13\\\/2025\\\/04\\\/LostPowerSteeringCrop-scaled-1.avif\",\"datePublished\":\"2025-04-04T13:45:41+00:00\",\"dateModified\":\"2025-06-03T06:15:56+00:00\",\"breadcrumb\":{\"@id\":\"https:\\\/\\\/stp.com\\\/de\\\/problemloser\\\/servolenkungsausfall\\\/#breadcrumb\"},\"inLanguage\":\"en-US\",\"potentialAction\":[{\"@type\":\"ReadAction\",\"target\":[\"https:\\\/\\\/stp.com\\\/de\\\/problemloser\\\/servolenkungsausfall\\\/\"]}]},{\"@type\":\"ImageObject\",\"inLanguage\":\"en-US\",\"@id\":\"https:\\\/\\\/stp.com\\\/de\\\/problemloser\\\/servolenkungsausfall\\\/#primaryimage\",\"url\":\"https:\\\/\\\/stpcdnimage.imgix.net\\\/wp-content\\\/uploads\\\/sites\\\/13\\\/2025\\\/04\\\/LostPowerSteeringCrop-scaled-1.avif\",\"contentUrl\":\"https:\\\/\\\/stpcdnimage.imgix.net\\\/wp-content\\\/uploads\\\/sites\\\/13\\\/2025\\\/04\\\/LostPowerSteeringCrop-scaled-1.avif\",\"width\":2560,\"height\":1450},{\"@type\":\"BreadcrumbList\",\"@id\":\"https:\\\/\\\/stp.com\\\/de\\\/problemloser\\\/servolenkungsausfall\\\/#breadcrumb\",\"itemListElement\":[{\"@type\":\"ListItem\",\"position\":1,\"name\":\"Home\",\"item\":\"https:\\\/\\\/stp.com\\\/de\\\/\"},{\"@type\":\"ListItem\",\"position\":2,\"name\":\"Probleml\u00f6ser\",\"item\":\"https:\\\/\\\/c38a2c2a6e.nxcli.io\\\/de\\\/problemloser\\\/\"},{\"@type\":\"ListItem\",\"position\":3,\"name\":\"Servolenkungsausfall\"}]},{\"@type\":\"WebSite\",\"@id\":\"https:\\\/\\\/c38a2c2a6e.nxcli.io\\\/de\\\/#website\",\"url\":\"https:\\\/\\\/c38a2c2a6e.nxcli.io\\\/de\\\/\",\"name\":\"STP Germany\",\"description\":\"Science. Technology. Performance\",\"potentialAction\":[{\"@type\":\"SearchAction\",\"target\":{\"@type\":\"EntryPoint\",\"urlTemplate\":\"https:\\\/\\\/c38a2c2a6e.nxcli.io\\\/de\\\/?s={search_term_string}\"},\"query-input\":{\"@type\":\"PropertyValueSpecification\",\"valueRequired\":true,\"valueName\":\"search_term_string\"}}],\"inLanguage\":\"en-US\"}]}<\/script>\n<!-- \/ Yoast SEO plugin. -->","yoast_head_json":{"title":"Servolenkungsausfall - STP Germany","robots":{"index":"index","follow":"follow","max-snippet":"max-snippet:-1","max-image-preview":"max-image-preview:large","max-video-preview":"max-video-preview:-1"},"canonical":"https:\/\/stp.com\/de\/problemloser\/servolenkungsausfall\/","og_locale":"en_US","og_type":"article","og_title":"Servolenkungsausfall - STP Germany","og_description":"H\u00f6ren Sie ein st\u00f6hnendes Ger\u00e4usch, wenn Sie die Lenkung scharf einschlagen? Dies ist ein relativ sicheres Anzeichen eines Leistungsverlusts des Servolenkung, der gew\u00f6hnlich durch Undichtigkeit verursacht wird. Zudem enth\u00e4lt Servolenkungsfl\u00fcssigkeit bestimmte \u00d6le, die zum Oxidieren neigen k\u00f6nnen. Wenn dies geschieht, kann die Fl\u00fcssigkeit nicht mehr richtig flie\u00dfen und interne Teile werden nicht mehr richtig gesch\u00fctzt. [&hellip;]","og_url":"https:\/\/stp.com\/de\/problemloser\/servolenkungsausfall\/","og_site_name":"STP Germany","article_modified_time":"2025-06-03T06:15:56+00:00","og_image":[{"url":"https:\/\/stp.com\/de\/wp-content\/uploads\/sites\/13\/2025\/04\/LostPowerSteeringCrop-scaled-1.avif","type":"","width":"","height":""}],"twitter_card":"summary_large_image","twitter_misc":{"Est. reading time":"1 minute"},"schema":{"@context":"https:\/\/schema.org","@graph":[{"@type":"WebPage","@id":"https:\/\/stp.com\/de\/problemloser\/servolenkungsausfall\/","url":"https:\/\/stp.com\/de\/problemloser\/servolenkungsausfall\/","name":"Servolenkungsausfall - STP Germany","isPartOf":{"@id":"https:\/\/c38a2c2a6e.nxcli.io\/de\/#website"},"primaryImageOfPage":{"@id":"https:\/\/stp.com\/de\/problemloser\/servolenkungsausfall\/#primaryimage"},"image":{"@id":"https:\/\/stp.com\/de\/problemloser\/servolenkungsausfall\/#primaryimage"},"thumbnailUrl":"https:\/\/stp.com\/de\/wp-content\/uploads\/sites\/13\/2025\/04\/LostPowerSteeringCrop-scaled-1.avif","datePublished":"2025-04-04T13:45:41+00:00","dateModified":"2025-06-03T06:15:56+00:00","breadcrumb":{"@id":"https:\/\/stp.com\/de\/problemloser\/servolenkungsausfall\/#breadcrumb"},"inLanguage":"en-US","potentialAction":[{"@type":"ReadAction","target":["https:\/\/stp.com\/de\/problemloser\/servolenkungsausfall\/"]}]},{"@type":"ImageObject","inLanguage":"en-US","@id":"https:\/\/stp.com\/de\/problemloser\/servolenkungsausfall\/#primaryimage","url":"https:\/\/stpcdnimage.imgix.net\/wp-content\/uploads\/sites\/13\/2025\/04\/LostPowerSteeringCrop-scaled-1.avif","contentUrl":"https:\/\/stpcdnimage.imgix.net\/wp-content\/uploads\/sites\/13\/2025\/04\/LostPowerSteeringCrop-scaled-1.avif","width":2560,"height":1450},{"@type":"BreadcrumbList","@id":"https:\/\/stp.com\/de\/problemloser\/servolenkungsausfall\/#breadcrumb","itemListElement":[{"@type":"ListItem","position":1,"name":"Home","item":"https:\/\/stp.com\/de\/"},{"@type":"ListItem","position":2,"name":"Probleml\u00f6ser","item":"https:\/\/c38a2c2a6e.nxcli.io\/de\/problemloser\/"},{"@type":"ListItem","position":3,"name":"Servolenkungsausfall"}]},{"@type":"WebSite","@id":"https:\/\/c38a2c2a6e.nxcli.io\/de\/#website","url":"https:\/\/c38a2c2a6e.nxcli.io\/de\/","name":"STP Germany","description":"Science. Technology. Performance","potentialAction":[{"@type":"SearchAction","target":{"@type":"EntryPoint","urlTemplate":"https:\/\/c38a2c2a6e.nxcli.io\/de\/?s={search_term_string}"},"query-input":{"@type":"PropertyValueSpecification","valueRequired":true,"valueName":"search_term_string"}}],"inLanguage":"en-US"}]}},"_links":{"self":[{"href":"https:\/\/stp.com\/de\/wp-json\/wp\/v2\/pages\/5852","targetHints":{"allow":["GET"]}}],"collection":[{"href":"https:\/\/stp.com\/de\/wp-json\/wp\/v2\/pages"}],"about":[{"href":"https:\/\/stp.com\/de\/wp-json\/wp\/v2\/types\/page"}],"author":[{"embeddable":true,"href":"https:\/\/stp.com\/de\/wp-json\/wp\/v2\/users\/1"}],"replies":[{"embeddable":true,"href":"https:\/\/stp.com\/de\/wp-json\/wp\/v2\/comments?post=5852"}],"version-history":[{"count":18,"href":"https:\/\/stp.com\/de\/wp-json\/wp\/v2\/pages\/5852\/revisions"}],"predecessor-version":[{"id":8515,"href":"https:\/\/stp.com\/de\/wp-json\/wp\/v2\/pages\/5852\/revisions\/8515"}],"up":[{"embeddable":true,"href":"https:\/\/stp.com\/de\/wp-json\/wp\/v2\/pages\/416"}],"wp:attachment":[{"href":"https:\/\/stp.com\/de\/wp-json\/wp\/v2\/media?parent=5852"}],"curies":[{"name":"wp","href":"https:\/\/api.w.org\/{rel}","templated":true}]}}