{"id":5006,"date":"2025-04-03T17:56:27","date_gmt":"2025-04-03T12:26:27","guid":{"rendered":"https:\/\/c38a2c2a6e.nxcli.io\/de\/?page_id=5006"},"modified":"2025-06-03T12:12:55","modified_gmt":"2025-06-03T06:42:55","slug":"brems-und-servolenkungsflussigkeit-faq","status":"publish","type":"page","link":"https:\/\/stp.com\/de\/wartungsempfehlungen\/faq\/brems-und-servolenkungsflussigkeit-faq\/","title":{"rendered":"Brems- und Servolenkungsfl\u00fcssigkeit"},"content":{"rendered":"\t\t<div data-elementor-type=\"wp-page\" data-elementor-id=\"5006\" class=\"elementor elementor-5006\" data-elementor-post-type=\"page\">\n\t\t\t\t<div class=\"elementor-element elementor-element-59ad9d4 e-flex e-con-boxed e-con e-parent\" data-id=\"59ad9d4\" data-element_type=\"container\" data-e-type=\"container\" data-settings=\"{&quot;background_background&quot;:&quot;classic&quot;}\">\n\t\t\t\t\t<div class=\"e-con-inner\">\n\t\t\t\t<div class=\"elementor-element elementor-element-1e212b7 breadcrumb elementor-widget elementor-widget-breadcrumbs\" data-id=\"1e212b7\" data-element_type=\"widget\" data-e-type=\"widget\" data-widget_type=\"breadcrumbs.default\">\n\t\t\t\t<div class=\"elementor-widget-container\">\n\t\t\t\t\t<p id=\"breadcrumbs\"><span><span><a href=\"https:\/\/stp.com\/de\/\">Home<\/a><\/span><\/span><\/p>\t\t\t\t<\/div>\n\t\t\t\t<\/div>\n\t\t<div class=\"elementor-element elementor-element-4c70f01 e-con-full e-flex e-con e-child\" data-id=\"4c70f01\" data-element_type=\"container\" data-e-type=\"container\">\n\t\t<div class=\"elementor-element elementor-element-2b17daf e-con-full product__head e-flex e-con e-child\" data-id=\"2b17daf\" data-element_type=\"container\" data-e-type=\"container\">\n\t\t\t\t<\/div>\n\t\t\t\t<\/div>\n\t\t\t\t\t<\/div>\n\t\t\t\t<\/div>\n\t\t<div class=\"elementor-element elementor-element-ef9bce7 top-red-border e-flex e-con-boxed e-con e-parent\" data-id=\"ef9bce7\" data-element_type=\"container\" data-e-type=\"container\" data-settings=\"{&quot;background_background&quot;:&quot;classic&quot;}\">\n\t\t\t\t\t<div class=\"e-con-inner\">\n\t\t\t\t<div class=\"elementor-element elementor-element-00c69dc faqs-accordian elementor-widget elementor-widget-n-accordion\" data-id=\"00c69dc\" data-element_type=\"widget\" data-e-type=\"widget\" data-settings=\"{&quot;default_state&quot;:&quot;all_collapsed&quot;,&quot;n_accordion_animation_duration&quot;:{&quot;unit&quot;:&quot;ms&quot;,&quot;size&quot;:300,&quot;sizes&quot;:[]},&quot;max_items_expended&quot;:&quot;one&quot;}\" data-widget_type=\"nested-accordion.default\">\n\t\t\t\t<div class=\"elementor-widget-container\">\n\t\t\t\t\t\t\t<div class=\"e-n-accordion\" aria-label=\"Accordion. Open links with Enter or Space, close with Escape, and navigate with Arrow Keys\">\n\t\t\t\t\t\t<details id=\"e-n-accordion-item-8130\" class=\"e-n-accordion-item\" >\n\t\t\t\t<summary class=\"e-n-accordion-item-title\" data-accordion-index=\"1\" tabindex=\"0\" aria-expanded=\"false\" aria-controls=\"e-n-accordion-item-8130\" >\n\t\t\t\t\t<span class='e-n-accordion-item-title-header'><h3 class=\"e-n-accordion-item-title-text\"> Was ist Bremsfl\u00fcssigkeit eigentlich? <\/h3><\/span>\n\t\t\t\t\t\t\t<span class='e-n-accordion-item-title-icon'>\n\t\t\t<span class='e-opened' ><svg aria-hidden=\"true\" class=\"e-font-icon-svg e-fas-arrow-up\" viewBox=\"0 0 448 512\" xmlns=\"http:\/\/www.w3.org\/2000\/svg\"><path d=\"M34.9 289.5l-22.2-22.2c-9.4-9.4-9.4-24.6 0-33.9L207 39c9.4-9.4 24.6-9.4 33.9 0l194.3 194.3c9.4 9.4 9.4 24.6 0 33.9L413 289.4c-9.5 9.5-25 9.3-34.3-.4L264 168.6V456c0 13.3-10.7 24-24 24h-32c-13.3 0-24-10.7-24-24V168.6L69.2 289.1c-9.3 9.8-24.8 10-34.3.4z\"><\/path><\/svg><\/span>\n\t\t\t<span class='e-closed'><svg aria-hidden=\"true\" class=\"e-font-icon-svg e-fas-arrow-down\" viewBox=\"0 0 448 512\" xmlns=\"http:\/\/www.w3.org\/2000\/svg\"><path d=\"M413.1 222.5l22.2 22.2c9.4 9.4 9.4 24.6 0 33.9L241 473c-9.4 9.4-24.6 9.4-33.9 0L12.7 278.6c-9.4-9.4-9.4-24.6 0-33.9l22.2-22.2c9.5-9.5 25-9.3 34.3.4L184 343.4V56c0-13.3 10.7-24 24-24h32c13.3 0 24 10.7 24 24v287.4l114.8-120.5c9.3-9.8 24.8-10 34.3-.4z\"><\/path><\/svg><\/span>\n\t\t<\/span>\n\n\t\t\t\t\t\t<\/summary>\n\t\t\t\t<div role=\"region\" aria-labelledby=\"e-n-accordion-item-8130\" class=\"elementor-element elementor-element-c5ab1e5 e-con-full e-flex e-con e-child\" data-id=\"c5ab1e5\" data-element_type=\"container\" data-e-type=\"container\">\n\t\t\t\t<div class=\"elementor-element elementor-element-f9f26c7 elementor-widget elementor-widget-text-editor\" data-id=\"f9f26c7\" data-element_type=\"widget\" data-e-type=\"widget\" data-widget_type=\"text-editor.default\">\n\t\t\t\t<div class=\"elementor-widget-container\">\n\t\t\t\t\t\t\t\t\t<p>Bremsfl\u00fcssigkeit ist in erster Linie ein Glycolether, der mit einem Korrosionsinhibitor kombiniert wird. Das Glykol dient als resistente Fl\u00fcssigkeit, da sie fl\u00fcssig bleibt und nicht zu kochen beginnt, wenn sie der Hitze an der Bremsscheibe ausgesetzt wird. Der Korrosionsinhibitor verhindert Besch\u00e4digungen des Systems durch Korrosion. Korrosionsinhibitoren lassen mit der Zeit in ihrer Wirkung nach, deswegen sollten Sie sie regelm\u00e4\u00dfig untersuchen lassen. Die meisten Fahrzeughersteller empfehlen, die Fl\u00fcssigkeit alle zwei Jahre zu wechseln. Dieses Intervall ist aber keine definitive Vorgabe: Schauen Sie daher selbst in die Betriebsanleitung Ihres Fahrzeugs.<\/p>\t\t\t\t\t\t\t\t<\/div>\n\t\t\t\t<\/div>\n\t\t\t\t<\/div>\n\t\t\t\t\t<\/details>\n\t\t\t\t\t\t<details id=\"e-n-accordion-item-8131\" class=\"e-n-accordion-item\" >\n\t\t\t\t<summary class=\"e-n-accordion-item-title\" data-accordion-index=\"2\" tabindex=\"-1\" aria-expanded=\"false\" aria-controls=\"e-n-accordion-item-8131\" >\n\t\t\t\t\t<span class='e-n-accordion-item-title-header'><h3 class=\"e-n-accordion-item-title-text\"> Wozu brauche ich Bremsfl\u00fcssigkeit \u00fcberhaupt? <\/h3><\/span>\n\t\t\t\t\t\t\t<span class='e-n-accordion-item-title-icon'>\n\t\t\t<span class='e-opened' ><svg aria-hidden=\"true\" class=\"e-font-icon-svg e-fas-arrow-up\" viewBox=\"0 0 448 512\" xmlns=\"http:\/\/www.w3.org\/2000\/svg\"><path d=\"M34.9 289.5l-22.2-22.2c-9.4-9.4-9.4-24.6 0-33.9L207 39c9.4-9.4 24.6-9.4 33.9 0l194.3 194.3c9.4 9.4 9.4 24.6 0 33.9L413 289.4c-9.5 9.5-25 9.3-34.3-.4L264 168.6V456c0 13.3-10.7 24-24 24h-32c-13.3 0-24-10.7-24-24V168.6L69.2 289.1c-9.3 9.8-24.8 10-34.3.4z\"><\/path><\/svg><\/span>\n\t\t\t<span class='e-closed'><svg aria-hidden=\"true\" class=\"e-font-icon-svg e-fas-arrow-down\" viewBox=\"0 0 448 512\" xmlns=\"http:\/\/www.w3.org\/2000\/svg\"><path d=\"M413.1 222.5l22.2 22.2c9.4 9.4 9.4 24.6 0 33.9L241 473c-9.4 9.4-24.6 9.4-33.9 0L12.7 278.6c-9.4-9.4-9.4-24.6 0-33.9l22.2-22.2c9.5-9.5 25-9.3 34.3.4L184 343.4V56c0-13.3 10.7-24 24-24h32c13.3 0 24 10.7 24 24v287.4l114.8-120.5c9.3-9.8 24.8-10 34.3-.4z\"><\/path><\/svg><\/span>\n\t\t<\/span>\n\n\t\t\t\t\t\t<\/summary>\n\t\t\t\t<div role=\"region\" aria-labelledby=\"e-n-accordion-item-8131\" class=\"elementor-element elementor-element-b731d91 e-con-full e-flex e-con e-child\" data-id=\"b731d91\" data-element_type=\"container\" data-e-type=\"container\">\n\t\t\t\t<div class=\"elementor-element elementor-element-964199b elementor-widget elementor-widget-text-editor\" data-id=\"964199b\" data-element_type=\"widget\" data-e-type=\"widget\" data-widget_type=\"text-editor.default\">\n\t\t\t\t<div class=\"elementor-widget-container\">\n\t\t\t\t\t\t\t\t\t<p>Das Bremssystem braucht ein Mittel, das den Druck vom Bremspedal zu den Bremsen aller vier R\u00e4der weiterleitet. Dar\u00fcber hinaus muss die Fl\u00fcssigkeit einen sehr hohen Siedepunkt haben, damit sie unter den hohen Betriebstemperaturen nicht zu kochen beginnt und sich in nachgiebigen Dampf verwandelt. Wenn sich die Bremsbel\u00e4ge abnutzen, sinkt damit auch der Pegel im Bremsfl\u00fcssigkeitsbeh\u00e4lter. Daher sollten Sie den Fl\u00fcssigkeitspegel bei jedem \u00d6lwechsel pr\u00fcfen und bei Bedarf etwas nachf\u00fcllen.<\/p>\t\t\t\t\t\t\t\t<\/div>\n\t\t\t\t<\/div>\n\t\t\t\t<\/div>\n\t\t\t\t\t<\/details>\n\t\t\t\t\t\t<details id=\"e-n-accordion-item-8132\" class=\"e-n-accordion-item\" >\n\t\t\t\t<summary class=\"e-n-accordion-item-title\" data-accordion-index=\"3\" tabindex=\"-1\" aria-expanded=\"false\" aria-controls=\"e-n-accordion-item-8132\" >\n\t\t\t\t\t<span class='e-n-accordion-item-title-header'><h3 class=\"e-n-accordion-item-title-text\"> Was ist Servolenkungsfl\u00fcssigkeit und wozu brauche ich \u00d6lverlust-Stopp? <\/h3><\/span>\n\t\t\t\t\t\t\t<span class='e-n-accordion-item-title-icon'>\n\t\t\t<span class='e-opened' ><svg aria-hidden=\"true\" class=\"e-font-icon-svg e-fas-arrow-up\" viewBox=\"0 0 448 512\" xmlns=\"http:\/\/www.w3.org\/2000\/svg\"><path d=\"M34.9 289.5l-22.2-22.2c-9.4-9.4-9.4-24.6 0-33.9L207 39c9.4-9.4 24.6-9.4 33.9 0l194.3 194.3c9.4 9.4 9.4 24.6 0 33.9L413 289.4c-9.5 9.5-25 9.3-34.3-.4L264 168.6V456c0 13.3-10.7 24-24 24h-32c-13.3 0-24-10.7-24-24V168.6L69.2 289.1c-9.3 9.8-24.8 10-34.3.4z\"><\/path><\/svg><\/span>\n\t\t\t<span class='e-closed'><svg aria-hidden=\"true\" class=\"e-font-icon-svg e-fas-arrow-down\" viewBox=\"0 0 448 512\" xmlns=\"http:\/\/www.w3.org\/2000\/svg\"><path d=\"M413.1 222.5l22.2 22.2c9.4 9.4 9.4 24.6 0 33.9L241 473c-9.4 9.4-24.6 9.4-33.9 0L12.7 278.6c-9.4-9.4-9.4-24.6 0-33.9l22.2-22.2c9.5-9.5 25-9.3 34.3.4L184 343.4V56c0-13.3 10.7-24 24-24h32c13.3 0 24 10.7 24 24v287.4l114.8-120.5c9.3-9.8 24.8-10 34.3-.4z\"><\/path><\/svg><\/span>\n\t\t<\/span>\n\n\t\t\t\t\t\t<\/summary>\n\t\t\t\t<div role=\"region\" aria-labelledby=\"e-n-accordion-item-8132\" class=\"elementor-element elementor-element-b7e5932 e-con-full e-flex e-con e-child\" data-id=\"b7e5932\" data-element_type=\"container\" data-e-type=\"container\">\n\t\t\t\t<div class=\"elementor-element elementor-element-1b37387 elementor-widget elementor-widget-text-editor\" data-id=\"1b37387\" data-element_type=\"widget\" data-e-type=\"widget\" data-widget_type=\"text-editor.default\">\n\t\t\t\t<div class=\"elementor-widget-container\">\n\t\t\t\t\t\t\t\t\t<p>Die Servolenkungsfl\u00fcssigkeit ist eine Hydraulikfl\u00fcssigkeit, die den Druck von der Servolenkungspumpe zur modernen Zahnstangenlenkung oder klassischen Schneckenlenkung \u00fcbertr\u00e4gt. Kleinere undichte Stellen k\u00f6nnen dazu f\u00fchren, dass der Fl\u00fcssigkeitspegel sinkt. Daher sollte der Fl\u00fcssigkeitspegel bei jedem \u00d6lwechsel \u00fcberpr\u00fcft und gegebenenfalls nachgef\u00fcllt werden. Falls Ihre Servolenkung wegen verschlissener oder geschrumpfter Dichtungen etwas Fl\u00fcssigkeit verliert, verwenden Sie am besten\u00a0<a href=\"https:\/\/www.stp.com\/product\/power-steering-fluid\/\" target=\"_blank\" rel=\"noopener\">STP<sup>\u00ae<\/sup>\u00a0Servolenkungsfl\u00fcssigkeit mit Leckstopp.<\/a><\/p>\t\t\t\t\t\t\t\t<\/div>\n\t\t\t\t<\/div>\n\t\t\t\t<\/div>\n\t\t\t\t\t<\/details>\n\t\t\t\t\t<\/div>\n\t\t\t\t\t\t<\/div>\n\t\t\t\t<\/div>\n\t\t\t\t\t<\/div>\n\t\t\t\t<\/div>\n\t\t\t\t<\/div>\n\t\t","protected":false},"excerpt":{"rendered":"<p>Was ist Bremsfl\u00fcssigkeit eigentlich? Bremsfl\u00fcssigkeit ist in erster Linie ein Glycolether, der mit einem Korrosionsinhibitor kombiniert wird. Das Glykol dient als resistente Fl\u00fcssigkeit, da sie fl\u00fcssig bleibt und nicht zu kochen beginnt, wenn sie der Hitze an der Bremsscheibe ausgesetzt wird. Der Korrosionsinhibitor verhindert Besch\u00e4digungen des Systems durch Korrosion. Korrosionsinhibitoren lassen mit der Zeit in [&hellip;]<\/p>\n","protected":false},"author":1,"featured_media":0,"parent":4911,"menu_order":0,"comment_status":"closed","ping_status":"closed","template":"","meta":{"_acf_changed":false,"footnotes":""},"class_list":["post-5006","page","type-page","status-publish","hentry"],"acf":[],"yoast_head":"<!-- This site is optimized with the Yoast SEO plugin v27.4 - https:\/\/yoast.com\/product\/yoast-seo-wordpress\/ -->\n<title>Brems- und Servolenkungsfl\u00fcssigkeit - STP Germany<\/title>\n<meta name=\"robots\" content=\"index, follow, max-snippet:-1, max-image-preview:large, max-video-preview:-1\" \/>\n<link rel=\"canonical\" href=\"https:\/\/c38a2c2a6e.nxcli.io\/de\/wartungsempfehlungen\/faq\/brems-und-servolenkungsflussigkeit-faq\/\" \/>\n<meta property=\"og:locale\" content=\"en_US\" \/>\n<meta property=\"og:type\" content=\"article\" \/>\n<meta property=\"og:title\" content=\"Brems- und Servolenkungsfl\u00fcssigkeit - STP Germany\" \/>\n<meta property=\"og:description\" content=\"Was ist Bremsfl\u00fcssigkeit eigentlich? Bremsfl\u00fcssigkeit ist in erster Linie ein Glycolether, der mit einem Korrosionsinhibitor kombiniert wird. Das Glykol dient als resistente Fl\u00fcssigkeit, da sie fl\u00fcssig bleibt und nicht zu kochen beginnt, wenn sie der Hitze an der Bremsscheibe ausgesetzt wird. Der Korrosionsinhibitor verhindert Besch\u00e4digungen des Systems durch Korrosion. Korrosionsinhibitoren lassen mit der Zeit in [&hellip;]\" \/>\n<meta property=\"og:url\" content=\"https:\/\/c38a2c2a6e.nxcli.io\/de\/wartungsempfehlungen\/faq\/brems-und-servolenkungsflussigkeit-faq\/\" \/>\n<meta property=\"og:site_name\" content=\"STP Germany\" \/>\n<meta property=\"article:modified_time\" content=\"2025-06-03T06:42:55+00:00\" \/>\n<meta name=\"twitter:card\" content=\"summary_large_image\" \/>\n<meta name=\"twitter:label1\" content=\"Est. reading time\" \/>\n\t<meta name=\"twitter:data1\" content=\"2 minutes\" \/>\n<script type=\"application\/ld+json\" class=\"yoast-schema-graph\">{\"@context\":\"https:\\\/\\\/schema.org\",\"@graph\":[{\"@type\":\"WebPage\",\"@id\":\"https:\\\/\\\/c38a2c2a6e.nxcli.io\\\/de\\\/wartungsempfehlungen\\\/faq\\\/brems-und-servolenkungsflussigkeit-faq\\\/\",\"url\":\"https:\\\/\\\/c38a2c2a6e.nxcli.io\\\/de\\\/wartungsempfehlungen\\\/faq\\\/brems-und-servolenkungsflussigkeit-faq\\\/\",\"name\":\"Brems- und Servolenkungsfl\u00fcssigkeit - STP Germany\",\"isPartOf\":{\"@id\":\"https:\\\/\\\/c38a2c2a6e.nxcli.io\\\/de\\\/#website\"},\"datePublished\":\"2025-04-03T12:26:27+00:00\",\"dateModified\":\"2025-06-03T06:42:55+00:00\",\"breadcrumb\":{\"@id\":\"https:\\\/\\\/c38a2c2a6e.nxcli.io\\\/de\\\/wartungsempfehlungen\\\/faq\\\/brems-und-servolenkungsflussigkeit-faq\\\/#breadcrumb\"},\"inLanguage\":\"en-US\",\"potentialAction\":[{\"@type\":\"ReadAction\",\"target\":[\"https:\\\/\\\/c38a2c2a6e.nxcli.io\\\/de\\\/wartungsempfehlungen\\\/faq\\\/brems-und-servolenkungsflussigkeit-faq\\\/\"]}]},{\"@type\":\"BreadcrumbList\",\"@id\":\"https:\\\/\\\/c38a2c2a6e.nxcli.io\\\/de\\\/wartungsempfehlungen\\\/faq\\\/brems-und-servolenkungsflussigkeit-faq\\\/#breadcrumb\",\"itemListElement\":[{\"@type\":\"ListItem\",\"position\":1,\"name\":\"Home\",\"item\":\"https:\\\/\\\/stp.com\\\/de\\\/\"},{\"@type\":\"ListItem\",\"position\":2,\"name\":\"Wartungsempfehlungen\",\"item\":\"https:\\\/\\\/c38a2c2a6e.nxcli.io\\\/de\\\/wartungsempfehlungen\\\/\"},{\"@type\":\"ListItem\",\"position\":3,\"name\":\"H\u00e4ufig gestellte Fragen\",\"item\":\"https:\\\/\\\/c38a2c2a6e.nxcli.io\\\/de\\\/wartungsempfehlungen\\\/faq\\\/\"},{\"@type\":\"ListItem\",\"position\":4,\"name\":\"Brems- und Servolenkungsfl\u00fcssigkeit\"}]},{\"@type\":\"WebSite\",\"@id\":\"https:\\\/\\\/c38a2c2a6e.nxcli.io\\\/de\\\/#website\",\"url\":\"https:\\\/\\\/c38a2c2a6e.nxcli.io\\\/de\\\/\",\"name\":\"STP Germany\",\"description\":\"Science. Technology. Performance\",\"potentialAction\":[{\"@type\":\"SearchAction\",\"target\":{\"@type\":\"EntryPoint\",\"urlTemplate\":\"https:\\\/\\\/c38a2c2a6e.nxcli.io\\\/de\\\/?s={search_term_string}\"},\"query-input\":{\"@type\":\"PropertyValueSpecification\",\"valueRequired\":true,\"valueName\":\"search_term_string\"}}],\"inLanguage\":\"en-US\"}]}<\/script>\n<!-- \/ Yoast SEO plugin. -->","yoast_head_json":{"title":"Brems- und Servolenkungsfl\u00fcssigkeit - STP Germany","robots":{"index":"index","follow":"follow","max-snippet":"max-snippet:-1","max-image-preview":"max-image-preview:large","max-video-preview":"max-video-preview:-1"},"canonical":"https:\/\/c38a2c2a6e.nxcli.io\/de\/wartungsempfehlungen\/faq\/brems-und-servolenkungsflussigkeit-faq\/","og_locale":"en_US","og_type":"article","og_title":"Brems- und Servolenkungsfl\u00fcssigkeit - STP Germany","og_description":"Was ist Bremsfl\u00fcssigkeit eigentlich? Bremsfl\u00fcssigkeit ist in erster Linie ein Glycolether, der mit einem Korrosionsinhibitor kombiniert wird. Das Glykol dient als resistente Fl\u00fcssigkeit, da sie fl\u00fcssig bleibt und nicht zu kochen beginnt, wenn sie der Hitze an der Bremsscheibe ausgesetzt wird. Der Korrosionsinhibitor verhindert Besch\u00e4digungen des Systems durch Korrosion. Korrosionsinhibitoren lassen mit der Zeit in [&hellip;]","og_url":"https:\/\/c38a2c2a6e.nxcli.io\/de\/wartungsempfehlungen\/faq\/brems-und-servolenkungsflussigkeit-faq\/","og_site_name":"STP Germany","article_modified_time":"2025-06-03T06:42:55+00:00","twitter_card":"summary_large_image","twitter_misc":{"Est. reading time":"2 minutes"},"schema":{"@context":"https:\/\/schema.org","@graph":[{"@type":"WebPage","@id":"https:\/\/c38a2c2a6e.nxcli.io\/de\/wartungsempfehlungen\/faq\/brems-und-servolenkungsflussigkeit-faq\/","url":"https:\/\/c38a2c2a6e.nxcli.io\/de\/wartungsempfehlungen\/faq\/brems-und-servolenkungsflussigkeit-faq\/","name":"Brems- und Servolenkungsfl\u00fcssigkeit - STP Germany","isPartOf":{"@id":"https:\/\/c38a2c2a6e.nxcli.io\/de\/#website"},"datePublished":"2025-04-03T12:26:27+00:00","dateModified":"2025-06-03T06:42:55+00:00","breadcrumb":{"@id":"https:\/\/c38a2c2a6e.nxcli.io\/de\/wartungsempfehlungen\/faq\/brems-und-servolenkungsflussigkeit-faq\/#breadcrumb"},"inLanguage":"en-US","potentialAction":[{"@type":"ReadAction","target":["https:\/\/c38a2c2a6e.nxcli.io\/de\/wartungsempfehlungen\/faq\/brems-und-servolenkungsflussigkeit-faq\/"]}]},{"@type":"BreadcrumbList","@id":"https:\/\/c38a2c2a6e.nxcli.io\/de\/wartungsempfehlungen\/faq\/brems-und-servolenkungsflussigkeit-faq\/#breadcrumb","itemListElement":[{"@type":"ListItem","position":1,"name":"Home","item":"https:\/\/stp.com\/de\/"},{"@type":"ListItem","position":2,"name":"Wartungsempfehlungen","item":"https:\/\/c38a2c2a6e.nxcli.io\/de\/wartungsempfehlungen\/"},{"@type":"ListItem","position":3,"name":"H\u00e4ufig gestellte Fragen","item":"https:\/\/c38a2c2a6e.nxcli.io\/de\/wartungsempfehlungen\/faq\/"},{"@type":"ListItem","position":4,"name":"Brems- und Servolenkungsfl\u00fcssigkeit"}]},{"@type":"WebSite","@id":"https:\/\/c38a2c2a6e.nxcli.io\/de\/#website","url":"https:\/\/c38a2c2a6e.nxcli.io\/de\/","name":"STP Germany","description":"Science. Technology. Performance","potentialAction":[{"@type":"SearchAction","target":{"@type":"EntryPoint","urlTemplate":"https:\/\/c38a2c2a6e.nxcli.io\/de\/?s={search_term_string}"},"query-input":{"@type":"PropertyValueSpecification","valueRequired":true,"valueName":"search_term_string"}}],"inLanguage":"en-US"}]}},"_links":{"self":[{"href":"https:\/\/stp.com\/de\/wp-json\/wp\/v2\/pages\/5006","targetHints":{"allow":["GET"]}}],"collection":[{"href":"https:\/\/stp.com\/de\/wp-json\/wp\/v2\/pages"}],"about":[{"href":"https:\/\/stp.com\/de\/wp-json\/wp\/v2\/types\/page"}],"author":[{"embeddable":true,"href":"https:\/\/stp.com\/de\/wp-json\/wp\/v2\/users\/1"}],"replies":[{"embeddable":true,"href":"https:\/\/stp.com\/de\/wp-json\/wp\/v2\/comments?post=5006"}],"version-history":[{"count":106,"href":"https:\/\/stp.com\/de\/wp-json\/wp\/v2\/pages\/5006\/revisions"}],"predecessor-version":[{"id":8549,"href":"https:\/\/stp.com\/de\/wp-json\/wp\/v2\/pages\/5006\/revisions\/8549"}],"up":[{"embeddable":true,"href":"https:\/\/stp.com\/de\/wp-json\/wp\/v2\/pages\/4911"}],"wp:attachment":[{"href":"https:\/\/stp.com\/de\/wp-json\/wp\/v2\/media?parent=5006"}],"curies":[{"name":"wp","href":"https:\/\/api.w.org\/{rel}","templated":true}]}}