{"id":4229,"date":"2025-04-01T17:19:02","date_gmt":"2025-04-01T11:49:02","guid":{"rendered":"https:\/\/c38a2c2a6e.nxcli.io\/de\/?page_id=4229"},"modified":"2025-05-08T17:22:43","modified_gmt":"2025-05-08T11:52:43","slug":"richard-petty","status":"publish","type":"page","link":"https:\/\/stp.com\/de\/uber-uns\/rennsport\/richard-petty\/","title":{"rendered":"Richard Petty"},"content":{"rendered":"\t\t<div data-elementor-type=\"wp-page\" data-elementor-id=\"4229\" class=\"elementor elementor-4229\" data-elementor-post-type=\"page\">\n\t\t\t\t<div class=\"elementor-element elementor-element-ad0d103 e-flex e-con-boxed e-con e-parent\" data-id=\"ad0d103\" data-element_type=\"container\" data-e-type=\"container\" data-settings=\"{&quot;background_background&quot;:&quot;classic&quot;}\">\n\t\t\t\t\t<div class=\"e-con-inner\">\n\t\t\t\t<div class=\"elementor-element elementor-element-800fae0 breadcrumb elementor-widget elementor-widget-breadcrumbs\" data-id=\"800fae0\" data-element_type=\"widget\" data-e-type=\"widget\" data-widget_type=\"breadcrumbs.default\">\n\t\t\t\t<div class=\"elementor-widget-container\">\n\t\t\t\t\t<p id=\"breadcrumbs\"><span><span><a href=\"https:\/\/stp.com\/de\/\">Home<\/a><\/span><\/span><\/p>\t\t\t\t<\/div>\n\t\t\t\t<\/div>\n\t\t<div class=\"elementor-element elementor-element-3b41fe2 e-con-full e-flex e-con e-child\" data-id=\"3b41fe2\" data-element_type=\"container\" data-e-type=\"container\">\n\t\t<div class=\"elementor-element elementor-element-771f759 e-con-full product__head e-flex e-con e-child\" data-id=\"771f759\" data-element_type=\"container\" data-e-type=\"container\">\n\t\t\t\t<\/div>\n\t\t\t\t<\/div>\n\t\t\t\t\t<\/div>\n\t\t\t\t<\/div>\n\t\t<div class=\"elementor-element elementor-element-5f702f7 e-flex e-con-boxed e-con e-parent\" data-id=\"5f702f7\" data-element_type=\"container\" data-e-type=\"container\" data-settings=\"{&quot;background_background&quot;:&quot;classic&quot;}\">\n\t\t\t\t\t<div class=\"e-con-inner\">\n\t\t\t\t<div class=\"elementor-element elementor-element-4dea62b elementor-widget elementor-widget-heading\" data-id=\"4dea62b\" data-element_type=\"widget\" data-e-type=\"widget\" data-widget_type=\"heading.default\">\n\t\t\t\t<div class=\"elementor-widget-container\">\n\t\t\t\t\t<h2 class=\"elementor-heading-title elementor-size-default\">\u201eThe King\u201c -- echter Rennsport-Adel<\/h2>\t\t\t\t<\/div>\n\t\t\t\t<\/div>\n\t\t\t\t<div class=\"elementor-element elementor-element-b445cb6 elementor-widget elementor-widget-video\" data-id=\"b445cb6\" data-element_type=\"widget\" data-e-type=\"widget\" data-settings=\"{&quot;youtube_url&quot;:&quot;https:\\\/\\\/youtu.be\\\/byf_-95rUh0?feature=shared&quot;,&quot;yt_privacy&quot;:&quot;yes&quot;,&quot;video_type&quot;:&quot;youtube&quot;,&quot;controls&quot;:&quot;yes&quot;}\" data-widget_type=\"video.default\">\n\t\t\t\t<div class=\"elementor-widget-container\">\n\t\t\t\t\t\t\t<div class=\"elementor-wrapper elementor-open-inline\">\n\t\t\t<div class=\"elementor-video\"><\/div>\t\t<\/div>\n\t\t\t\t\t\t<\/div>\n\t\t\t\t<\/div>\n\t\t<div class=\"elementor-element elementor-element-451e08a e-flex e-con-boxed e-con e-child\" data-id=\"451e08a\" data-element_type=\"container\" data-e-type=\"container\">\n\t\t\t\t\t<div class=\"e-con-inner\">\n\t\t\t\t<div class=\"elementor-element elementor-element-03fdad3 elementor-widget elementor-widget-heading\" data-id=\"03fdad3\" data-element_type=\"widget\" data-e-type=\"widget\" data-widget_type=\"heading.default\">\n\t\t\t\t<div class=\"elementor-widget-container\">\n\t\t\t\t\t<h2 class=\"elementor-heading-title elementor-size-default\">Always an STP man<\/h2>\t\t\t\t<\/div>\n\t\t\t\t<\/div>\n\t\t\t\t<div class=\"elementor-element elementor-element-efcbe6c elementor-widget elementor-widget-heading\" data-id=\"efcbe6c\" data-element_type=\"widget\" data-e-type=\"widget\" data-widget_type=\"heading.default\">\n\t\t\t\t<div class=\"elementor-widget-container\">\n\t\t\t\t\t<h3 class=\"elementor-heading-title elementor-size-default\">VON MIKE HARRIS\n<\/h3>\t\t\t\t<\/div>\n\t\t\t\t<\/div>\n\t\t\t\t<div class=\"elementor-element elementor-element-00fdab1 elementor-widget elementor-widget-text-editor\" data-id=\"00fdab1\" data-element_type=\"widget\" data-e-type=\"widget\" data-widget_type=\"text-editor.default\">\n\t\t\t\t<div class=\"elementor-widget-container\">\n\t\t\t\t\t\t\t\t\tDer Deal, der die NASCAR-Sponsorenlandschaft auf alle Zeiten ver\u00e4nderte und einen der ber\u00fchmtesten Rennwagen der Geschichte auf die Rennsportb\u00fchne holte, kam beinahe nicht zustande, weil sich zwei Dickk\u00f6pfe nicht \u00fcber die Farbe einig wurden.\n<br><br>\nRichard Petty arbeitete bereits seit 1972 mit STP zusammen, als er von STP Gesch\u00e4ftsf\u00fchrer Andy Granatelli gefragt wurde, ob er den ber\u00fchmten Wagen mit der Nummer 43 nicht mit dem STP Firmenlogo schm\u00fccken wolle. Petty war damals auf der Suche nach aktivem Sponsoring, Granatelli dagegen strebte nach beachtlichem Erfolg in den Open-Wheel- und Drag-Racing-Gefilden nach M\u00f6glichkeiten, auch bei NASCAR Fu\u00df zu fassen.\n<br><br>\nGranatelli brauchte ein wohlbekanntes Gesicht zum Pr\u00e4sentieren seiner Produkte und Petty, weithin als \u201eThe King\u201c bekannt, erf\u00fcllte diese Voraussetzung perfekt, da er sich sowohl am Steuer als auch unter der Haube wie zu Hause f\u00fchlte. Petty war sehr wohl bewusst, was STP f\u00fcr sein Team bedeuten k\u00f6nnte \u2014 sowohl als Sponsor als auch die Produkte selbst. \u201eGranatelli wollte uns unter Vertrag nehmen\u201d, erl\u00e4utert Petty. \u201eAls wir uns trafen, sagte er:\u00a0 \u201aHier ist der Vertrag, das ist der Deal: 250.000 $ f\u00fcrs Sponsoring, und wir planen, im ganzen Land f\u00fcr euch zu werben\u2018.\u201c\n<br><br>\nDas h\u00f6rte sich f\u00fcr \u201eThe King\u201c alles sehr gut an. Bis das Problem mit den Farben aufkam.\n<br><br>\n\u201eWir unterhielten uns mit Granatelli, alles lief bestens. Wir wurden uns \u00fcber den Vertrag einig, und als wir gerade gehen wollten, meinte er noch: \u201aAch \u00fcbrigens, das Auto wird Day-Glo-Rot\u2018, also die Farbe von STP.\u201c \u201aNie im Leben!\u2018, entgegnete ich. \u201aDer Wagen wird Petty-Blau.\u2018 Ich stand auf und wandte mich zum Gehen. Ich hatte schlie\u00dflich meinen Dickkopf. Er aber auch.\u201c Petty grinst, als er sich an die Situation erinnert.\n<br><br>\n\u201eIch glaube, es war nicht besonders klug, damals Nein zu sagen\u201c, gibt er zu. \u201eWir hatten nichts, kein Sponsoring, ich war dabei, 250.000 $ in den Wind zu schlagen.\u201c\n<br><br>\nDie Gem\u00fcter beruhigten sich etwas, als Granatelli vorschlug, Petty sollte doch erst einmal eine Nacht dar\u00fcber schlafen.\n<br><br>\nAm n\u00e4chsten Morgen wurde ein Kompromiss geschmiedet: Die unverwechselbaren Rennwagen in Day-Glo-Rot und Petty-Blau erblickten das Licht der Welt. Die Wagen, die \u201eThe King\u201c, lange Jahre bekanntester Fahrer und immer noch begeisterter Rennstallbesitzer und Botschafter von Stock-Car-Rennen, im gesamten restlichen Verlauf seiner Karriere begleiteten. Ein gewaltiger Gewinn f\u00fcr STP und Granatelli, denen der NASCAR-Einstieg bisher verwehrt geblieben war, da Pure Oil einen Exklusivvertrag abgeschlossen hatte.\n<br><br>\n\u201eWir fingen die Fahrer gew\u00f6hnlich anderthalb Kilometer vor der Rennstrecke ab und gaben ihnen STP Produkte mit\u201c, verr\u00e4t Granatelli. \u201eAuch wenn wir davon keine Vorteile hatten, konnten immerhin die Fahrer davon profitieren. So gelang es uns schlie\u00dflich, die Fahrer f\u00fcr unsere Produkte zu gewinnen.\u201c\n<br><br>\nDas Geld, das mit dem ersten Vertrag floss, war ebenfalls nicht zu verachten. Die STP Partnerschaft verlieh Petty einen deutlichen Wettbewerbsvorteil.\n<br><br>\n\u201eDie 250.000 $ gaben uns einen gewissen Vorsprung vor der Konkurrenz mit der M\u00f6glichkeit, uns mit besserer Ausr\u00fcstung einzudecken\u201c, erl\u00e4utert Petty. \u201eDamit traten wir eine kleine Revolution los, als auch andere Leute bemerkten, dass man sich Geld von au\u00dfen beschaffen und sein Budget schon vor Beginn der Rennsaison in trockene T\u00fccher bekommen konnte. Normalerweise war es so, dass wir nahezu mittellos an den Start gingen. Wir mussten es einfach von Rennen zu Rennen schaffen. Aber genau so lief das damals.\u201c\n<br><br>\nJim Hunter, ein langj\u00e4hriges Mitglied der NASCAR-F\u00fchrungsriege, bemerkte, dass die Partnerschaft zwischen STP und Petty einen entscheidenden Moment in der Geschichte des gesamten Sports markierte.\n<br><br>\n\u201ePetty hatte einen Vertrag auf Lebenszeit, STP konnte ebenfalls gut davon profitieren. Als Vermarktungsunternehmen konzentrierten sie ihre gesamte Werbung auf den Rennsport, und dies ganz besonders mit \u201aThe King\u2018 als Zugpferd\u201c, so Hunter. \u201eEine Partnerschaft, die in meinen Augen zum Goldstandard des NASCAR-Sponsorings wurde.\u201c\n<br><br>\n\u201eSTP war der erste landesweite Sponsor bei Cup-Rennen\u201c, erl\u00e4utert Petty. \u201eNat\u00fcrlich gab es immer einen Tante-Emma-Laden, irgendeine kleine Werkstatt oder ein Autohaus, die uns mit etwas Werbegeld f\u00f6rderten, aber das geschah immer nur auf lokaler Ebene. Einen landesweiten Vertrag hatte es noch nie gegeben. Es war damals das erste Mal, dass Cup-Rennen landesweite Bedeutung erlangten. Nachdem STP den ersten Schritt getan hatte, schloss sich, soweit ich wei\u00df, auch Purolator an, anschlie\u00dfend folgten eine Menge weiterer Unternehmen auf dem Fu\u00dfe.\u201c\n<br><br>\n\u201eThe King\u201c unterzeichnete einen Vertrag auf Lebenszeit, so lange g\u00fcltig, wie Petty einen Rennwagen fuhr. Der Deal wurde allerdings noch \u00fcber das Ende seiner Rennkarriere im Jahre 1992 hinaus verl\u00e4ngert \u2013 eine Sponsoringpartnerschaft \u00fcber mehr als 32 Jahre.\n<br><br>\nUnd noch immer ist kein Ende in Sicht.\n<br><br>\n\u201eWir sind nach wie vor Partner, nicht mehr im Sponsoringrahmen, aber bei pers\u00f6nlichen Dienstleistungen. Richard Petty war seit 1972 ein STP Mann \u2013 und das wird sich wohl auch nie \u00e4ndern\u201d, erg\u00e4nzt \u201eThe King\u201c mit einem Grinsen.\t\t\t\t\t\t\t\t<\/div>\n\t\t\t\t<\/div>\n\t\t\t\t\t<\/div>\n\t\t\t\t<\/div>\n\t\t\t\t\t<\/div>\n\t\t\t\t<\/div>\n\t\t\t\t<\/div>\n\t\t","protected":false},"excerpt":{"rendered":"<p>\u201eThe King\u201c &#8212; echter Rennsport-Adel Always an STP man VON MIKE HARRIS Der Deal, der die NASCAR-Sponsorenlandschaft auf alle Zeiten ver\u00e4nderte und einen der ber\u00fchmtesten Rennwagen der Geschichte auf die Rennsportb\u00fchne holte, kam beinahe nicht zustande, weil sich zwei Dickk\u00f6pfe nicht \u00fcber die Farbe einig wurden. Richard Petty arbeitete bereits seit 1972 mit STP zusammen, [&hellip;]<\/p>\n","protected":false},"author":1,"featured_media":0,"parent":4271,"menu_order":0,"comment_status":"closed","ping_status":"closed","template":"","meta":{"_acf_changed":false,"footnotes":""},"class_list":["post-4229","page","type-page","status-publish","hentry"],"acf":[],"yoast_head":"<!-- This site is optimized with the Yoast SEO plugin v27.4 - https:\/\/yoast.com\/product\/yoast-seo-wordpress\/ -->\n<title>Richard Petty - STP Germany<\/title>\n<meta name=\"robots\" content=\"index, follow, max-snippet:-1, max-image-preview:large, max-video-preview:-1\" \/>\n<link rel=\"canonical\" href=\"https:\/\/c38a2c2a6e.nxcli.io\/de\/uber-uns\/rennsport\/richard-petty\/\" \/>\n<meta property=\"og:locale\" content=\"en_US\" \/>\n<meta property=\"og:type\" content=\"article\" \/>\n<meta property=\"og:title\" content=\"Richard Petty - STP Germany\" \/>\n<meta property=\"og:description\" content=\"\u201eThe King\u201c &#8212; echter Rennsport-Adel Always an STP man VON MIKE HARRIS Der Deal, der die NASCAR-Sponsorenlandschaft auf alle Zeiten ver\u00e4nderte und einen der ber\u00fchmtesten Rennwagen der Geschichte auf die Rennsportb\u00fchne holte, kam beinahe nicht zustande, weil sich zwei Dickk\u00f6pfe nicht \u00fcber die Farbe einig wurden. Richard Petty arbeitete bereits seit 1972 mit STP zusammen, [&hellip;]\" \/>\n<meta property=\"og:url\" content=\"https:\/\/c38a2c2a6e.nxcli.io\/de\/uber-uns\/rennsport\/richard-petty\/\" \/>\n<meta property=\"og:site_name\" content=\"STP Germany\" \/>\n<meta property=\"article:modified_time\" content=\"2025-05-08T11:52:43+00:00\" \/>\n<meta name=\"twitter:card\" content=\"summary_large_image\" \/>\n<meta name=\"twitter:label1\" content=\"Est. reading time\" \/>\n\t<meta name=\"twitter:data1\" content=\"4 minutes\" \/>\n<script type=\"application\/ld+json\" class=\"yoast-schema-graph\">{\"@context\":\"https:\\\/\\\/schema.org\",\"@graph\":[{\"@type\":\"WebPage\",\"@id\":\"https:\\\/\\\/c38a2c2a6e.nxcli.io\\\/de\\\/uber-uns\\\/rennsport\\\/richard-petty\\\/\",\"url\":\"https:\\\/\\\/c38a2c2a6e.nxcli.io\\\/de\\\/uber-uns\\\/rennsport\\\/richard-petty\\\/\",\"name\":\"Richard Petty - STP Germany\",\"isPartOf\":{\"@id\":\"https:\\\/\\\/c38a2c2a6e.nxcli.io\\\/de\\\/#website\"},\"datePublished\":\"2025-04-01T11:49:02+00:00\",\"dateModified\":\"2025-05-08T11:52:43+00:00\",\"breadcrumb\":{\"@id\":\"https:\\\/\\\/c38a2c2a6e.nxcli.io\\\/de\\\/uber-uns\\\/rennsport\\\/richard-petty\\\/#breadcrumb\"},\"inLanguage\":\"en-US\",\"potentialAction\":[{\"@type\":\"ReadAction\",\"target\":[\"https:\\\/\\\/c38a2c2a6e.nxcli.io\\\/de\\\/uber-uns\\\/rennsport\\\/richard-petty\\\/\"]}]},{\"@type\":\"BreadcrumbList\",\"@id\":\"https:\\\/\\\/c38a2c2a6e.nxcli.io\\\/de\\\/uber-uns\\\/rennsport\\\/richard-petty\\\/#breadcrumb\",\"itemListElement\":[{\"@type\":\"ListItem\",\"position\":1,\"name\":\"Home\",\"item\":\"https:\\\/\\\/stp.com\\\/de\\\/\"},{\"@type\":\"ListItem\",\"position\":2,\"name\":\"\u00dcber Uns\",\"item\":\"https:\\\/\\\/c38a2c2a6e.nxcli.io\\\/de\\\/uber-uns\\\/\"},{\"@type\":\"ListItem\",\"position\":3,\"name\":\"Rennsport\",\"item\":\"https:\\\/\\\/c38a2c2a6e.nxcli.io\\\/de\\\/uber-uns\\\/rennsport\\\/\"},{\"@type\":\"ListItem\",\"position\":4,\"name\":\"Richard Petty\"}]},{\"@type\":\"WebSite\",\"@id\":\"https:\\\/\\\/c38a2c2a6e.nxcli.io\\\/de\\\/#website\",\"url\":\"https:\\\/\\\/c38a2c2a6e.nxcli.io\\\/de\\\/\",\"name\":\"STP Germany\",\"description\":\"Science. Technology. Performance\",\"potentialAction\":[{\"@type\":\"SearchAction\",\"target\":{\"@type\":\"EntryPoint\",\"urlTemplate\":\"https:\\\/\\\/c38a2c2a6e.nxcli.io\\\/de\\\/?s={search_term_string}\"},\"query-input\":{\"@type\":\"PropertyValueSpecification\",\"valueRequired\":true,\"valueName\":\"search_term_string\"}}],\"inLanguage\":\"en-US\"}]}<\/script>\n<!-- \/ Yoast SEO plugin. -->","yoast_head_json":{"title":"Richard Petty - STP Germany","robots":{"index":"index","follow":"follow","max-snippet":"max-snippet:-1","max-image-preview":"max-image-preview:large","max-video-preview":"max-video-preview:-1"},"canonical":"https:\/\/c38a2c2a6e.nxcli.io\/de\/uber-uns\/rennsport\/richard-petty\/","og_locale":"en_US","og_type":"article","og_title":"Richard Petty - STP Germany","og_description":"\u201eThe King\u201c &#8212; echter Rennsport-Adel Always an STP man VON MIKE HARRIS Der Deal, der die NASCAR-Sponsorenlandschaft auf alle Zeiten ver\u00e4nderte und einen der ber\u00fchmtesten Rennwagen der Geschichte auf die Rennsportb\u00fchne holte, kam beinahe nicht zustande, weil sich zwei Dickk\u00f6pfe nicht \u00fcber die Farbe einig wurden. Richard Petty arbeitete bereits seit 1972 mit STP zusammen, [&hellip;]","og_url":"https:\/\/c38a2c2a6e.nxcli.io\/de\/uber-uns\/rennsport\/richard-petty\/","og_site_name":"STP Germany","article_modified_time":"2025-05-08T11:52:43+00:00","twitter_card":"summary_large_image","twitter_misc":{"Est. reading time":"4 minutes"},"schema":{"@context":"https:\/\/schema.org","@graph":[{"@type":"WebPage","@id":"https:\/\/c38a2c2a6e.nxcli.io\/de\/uber-uns\/rennsport\/richard-petty\/","url":"https:\/\/c38a2c2a6e.nxcli.io\/de\/uber-uns\/rennsport\/richard-petty\/","name":"Richard Petty - STP Germany","isPartOf":{"@id":"https:\/\/c38a2c2a6e.nxcli.io\/de\/#website"},"datePublished":"2025-04-01T11:49:02+00:00","dateModified":"2025-05-08T11:52:43+00:00","breadcrumb":{"@id":"https:\/\/c38a2c2a6e.nxcli.io\/de\/uber-uns\/rennsport\/richard-petty\/#breadcrumb"},"inLanguage":"en-US","potentialAction":[{"@type":"ReadAction","target":["https:\/\/c38a2c2a6e.nxcli.io\/de\/uber-uns\/rennsport\/richard-petty\/"]}]},{"@type":"BreadcrumbList","@id":"https:\/\/c38a2c2a6e.nxcli.io\/de\/uber-uns\/rennsport\/richard-petty\/#breadcrumb","itemListElement":[{"@type":"ListItem","position":1,"name":"Home","item":"https:\/\/stp.com\/de\/"},{"@type":"ListItem","position":2,"name":"\u00dcber Uns","item":"https:\/\/c38a2c2a6e.nxcli.io\/de\/uber-uns\/"},{"@type":"ListItem","position":3,"name":"Rennsport","item":"https:\/\/c38a2c2a6e.nxcli.io\/de\/uber-uns\/rennsport\/"},{"@type":"ListItem","position":4,"name":"Richard Petty"}]},{"@type":"WebSite","@id":"https:\/\/c38a2c2a6e.nxcli.io\/de\/#website","url":"https:\/\/c38a2c2a6e.nxcli.io\/de\/","name":"STP Germany","description":"Science. Technology. Performance","potentialAction":[{"@type":"SearchAction","target":{"@type":"EntryPoint","urlTemplate":"https:\/\/c38a2c2a6e.nxcli.io\/de\/?s={search_term_string}"},"query-input":{"@type":"PropertyValueSpecification","valueRequired":true,"valueName":"search_term_string"}}],"inLanguage":"en-US"}]}},"_links":{"self":[{"href":"https:\/\/stp.com\/de\/wp-json\/wp\/v2\/pages\/4229","targetHints":{"allow":["GET"]}}],"collection":[{"href":"https:\/\/stp.com\/de\/wp-json\/wp\/v2\/pages"}],"about":[{"href":"https:\/\/stp.com\/de\/wp-json\/wp\/v2\/types\/page"}],"author":[{"embeddable":true,"href":"https:\/\/stp.com\/de\/wp-json\/wp\/v2\/users\/1"}],"replies":[{"embeddable":true,"href":"https:\/\/stp.com\/de\/wp-json\/wp\/v2\/comments?post=4229"}],"version-history":[{"count":92,"href":"https:\/\/stp.com\/de\/wp-json\/wp\/v2\/pages\/4229\/revisions"}],"predecessor-version":[{"id":7615,"href":"https:\/\/stp.com\/de\/wp-json\/wp\/v2\/pages\/4229\/revisions\/7615"}],"up":[{"embeddable":true,"href":"https:\/\/stp.com\/de\/wp-json\/wp\/v2\/pages\/4271"}],"wp:attachment":[{"href":"https:\/\/stp.com\/de\/wp-json\/wp\/v2\/media?parent=4229"}],"curies":[{"name":"wp","href":"https:\/\/api.w.org\/{rel}","templated":true}]}}