{"id":4227,"date":"2025-04-01T17:18:48","date_gmt":"2025-04-01T11:48:48","guid":{"rendered":"https:\/\/c38a2c2a6e.nxcli.io\/de\/?page_id=4227"},"modified":"2025-05-27T16:56:53","modified_gmt":"2025-05-27T11:26:53","slug":"uber-uns","status":"publish","type":"page","link":"https:\/\/stp.com\/de\/uber-uns\/","title":{"rendered":"\u00dcber Uns"},"content":{"rendered":"\t\t<div data-elementor-type=\"wp-page\" data-elementor-id=\"4227\" class=\"elementor elementor-4227\" data-elementor-post-type=\"page\">\n\t\t\t\t<div class=\"elementor-element elementor-element-dc45357 e-flex e-con-boxed e-con e-parent\" data-id=\"dc45357\" data-element_type=\"container\" data-e-type=\"container\" data-settings=\"{&quot;background_background&quot;:&quot;classic&quot;}\">\n\t\t\t\t\t<div class=\"e-con-inner\">\n\t\t\t\t<div class=\"elementor-element elementor-element-fcf9cc8 breadcrumb elementor-widget elementor-widget-breadcrumbs\" data-id=\"fcf9cc8\" data-element_type=\"widget\" data-e-type=\"widget\" data-widget_type=\"breadcrumbs.default\">\n\t\t\t\t<div class=\"elementor-widget-container\">\n\t\t\t\t\t<p id=\"breadcrumbs\"><span><span><a href=\"https:\/\/stp.com\/de\/\">Home<\/a><\/span><\/span><\/p>\t\t\t\t<\/div>\n\t\t\t\t<\/div>\n\t\t<div class=\"elementor-element elementor-element-1682186 e-con-full e-flex e-con e-child\" data-id=\"1682186\" data-element_type=\"container\" data-e-type=\"container\">\n\t\t<div class=\"elementor-element elementor-element-f2399e3 e-con-full product__head e-flex e-con e-child\" data-id=\"f2399e3\" data-element_type=\"container\" data-e-type=\"container\">\n\t\t\t\t<div class=\"elementor-element elementor-element-2d79943 elementor-widget elementor-widget-text-editor\" data-id=\"2d79943\" data-element_type=\"widget\" data-e-type=\"widget\" data-widget_type=\"text-editor.default\">\n\t\t\t\t<div class=\"elementor-widget-container\">\n\t\t\t\t\t\t\t\t\t<div class=\"col\"><p>Seit mehr als 60 Jahren \u2013 und mehr Kilometern, als man z\u00e4hlen k\u00f6nnte \u2013 geh\u00f6rt STP\u00ae zu den Marken im Bereich der Fahrzeugpflege, denen Menschen weltweit zu Recht vertrauen.<\/p><p>Autoliebhaber, \u201eSelbstschrauber\u201c und Profirennfahrer verlassen sich auf STP\u00ae \u00d6ladditive,\u00a0 Kraftstoffadditive sowie Brems- und Servolenkungsfl\u00fcssigkeiten, damit ihr Fahrzeug l\u00e4nger besser l\u00e4uft.<\/p><p>STP\u00ae geh\u00f6rt zu Energizer Holdings, Inc. Unsere Zentrale befindet sich in Danbury, Connecticut, USA.<\/p><\/div>\t\t\t\t\t\t\t\t<\/div>\n\t\t\t\t<\/div>\n\t\t\t\t<\/div>\n\t\t\t\t<\/div>\n\t\t\t\t\t<\/div>\n\t\t\t\t<\/div>\n\t\t<div class=\"elementor-element elementor-element-b361fa6 top-red-border e-flex e-con-boxed e-con e-parent\" data-id=\"b361fa6\" data-element_type=\"container\" data-e-type=\"container\" data-settings=\"{&quot;background_background&quot;:&quot;classic&quot;}\">\n\t\t\t\t\t<div class=\"e-con-inner\">\n\t\t<div class=\"elementor-element elementor-element-94a7626 e-con-full e-flex e-con e-child\" data-id=\"94a7626\" data-element_type=\"container\" data-e-type=\"container\">\n\t\t\t\t<div class=\"elementor-element elementor-element-4ab4f0b elementor-position-right elementor-vertical-align-middle image-text-section elementor-widget elementor-widget-global elementor-global-4620 elementor-widget-image-box\" data-id=\"4ab4f0b\" data-element_type=\"widget\" data-e-type=\"widget\" data-widget_type=\"image-box.default\">\n\t\t\t\t<div class=\"elementor-widget-container\">\n\t\t\t\t\t<div class=\"elementor-image-box-wrapper\"><figure class=\"elementor-image-box-img\"><img fetchpriority=\"high\" decoding=\"async\" width=\"762\" height=\"427\" src=\"https:\/\/stpcdnimage.imgix.net\/de\/wp-content\/uploads\/sites\/13\/2025\/04\/test-history.jpg?auto=format%2Ccompress\" class=\"attachment-full size-full wp-image-4610\" alt=\"\" srcset=\"https:\/\/stpcdnimage.imgix.net\/de\/wp-content\/uploads\/sites\/13\/2025\/04\/test-history.jpg?w=762 762w, https:\/\/stpcdnimage.imgix.net\/de\/wp-content\/uploads\/sites\/13\/2025\/04\/test-history.jpg?w=300 300w\" sizes=\"(max-width: 762px) 100vw, 762px\" \/><\/figure><div class=\"elementor-image-box-content\"><h3 class=\"elementor-image-box-title\"><h2 class=\"doc-subtitle\" style=\"margin: 0px 0px 0.5em;, sans-serif;line-height: 1;font-size: clamp(var(--fluid-type-min,1rem),calc(1rem + var(--fluid-type-target,3vw)),var(--fluid-type-max,1.3rem));--fluid-type-min: 28px;--fluid-type-max: 40px;--fluid-type-target: 1.6vw;font-weight: 400\">Geschichte<\/h2><div class=\"wysiwyg-content\" style=\"margin-top: 0px;font-family: proxima_regular, sans-serif;font-size: 16px;text-transform: none\"><\/div><\/h3><p class=\"elementor-image-box-description\">Hier erfahren Sie mehr zur bewegten STP\u00ae Geschichte seit der Gr\u00fcndung im Jahre 1954.\n\n\n<p><a class=\"btn\" href=\"https:\/\/stp.com\/de\/uber-uns\/stp-geschichte\/\">STP<sup>\u00ae<\/sup> Geschichte<\/a><\/p><\/p><\/div><\/div>\t\t\t\t<\/div>\n\t\t\t\t<\/div>\n\t\t\t\t<div class=\"elementor-element elementor-element-9a0c96a elementor-position-left elementor-vertical-align-middle image-text-section left-image elementor-widget elementor-widget-global elementor-global-4630 elementor-widget-image-box\" data-id=\"9a0c96a\" data-element_type=\"widget\" data-e-type=\"widget\" data-widget_type=\"image-box.default\">\n\t\t\t\t<div class=\"elementor-widget-container\">\n\t\t\t\t\t<div class=\"elementor-image-box-wrapper\"><figure class=\"elementor-image-box-img\"><img decoding=\"async\" width=\"762\" height=\"427\" src=\"https:\/\/stpcdnimage.imgix.net\/de\/wp-content\/uploads\/sites\/13\/2025\/04\/richardpettyhero.jpg?auto=format%2Ccompress\" class=\"attachment-full size-full wp-image-4623\" alt=\"\" srcset=\"https:\/\/stpcdnimage.imgix.net\/de\/wp-content\/uploads\/sites\/13\/2025\/04\/richardpettyhero.jpg?w=762 762w, https:\/\/stpcdnimage.imgix.net\/de\/wp-content\/uploads\/sites\/13\/2025\/04\/richardpettyhero.jpg?w=300 300w\" sizes=\"(max-width: 762px) 100vw, 762px\" \/><\/figure><div class=\"elementor-image-box-content\"><h3 class=\"elementor-image-box-title\">Rennsport<\/h3><p class=\"elementor-image-box-description\">Als Richard Petty zu Beginn der Cup-Saison 1972 die Siegesrunde auf dem Riverside International Raceway drehte, schm\u00fcckte das STP\u00ae Logo seinen Gewinnerwagen. Das tut es noch heute, und wir sind sehr stolz darauf.\n<p><a class=\"btn\" href=\"https:\/\/stp.com\/de\/uber-uns\/rennsport\/\">STP<sup>\u00ae<\/sup> Rennsport<\/a><\/p><\/p><\/div><\/div>\t\t\t\t<\/div>\n\t\t\t\t<\/div>\n\t\t\t\t<div class=\"elementor-element elementor-element-e049ab3 elementor-position-right elementor-vertical-align-middle image-text-section elementor-widget elementor-widget-image-box\" data-id=\"e049ab3\" data-element_type=\"widget\" data-e-type=\"widget\" data-widget_type=\"image-box.default\">\n\t\t\t\t<div class=\"elementor-widget-container\">\n\t\t\t\t\t<div class=\"elementor-image-box-wrapper\"><figure class=\"elementor-image-box-img\"><img decoding=\"async\" width=\"813\" height=\"611\" src=\"https:\/\/stpcdnimage.imgix.net\/de\/wp-content\/uploads\/sites\/13\/2025\/04\/stp.png?auto=format%2Ccompress\" class=\"attachment-full size-full wp-image-4636\" alt=\"\" srcset=\"https:\/\/stpcdnimage.imgix.net\/de\/wp-content\/uploads\/sites\/13\/2025\/04\/stp.png?w=813 813w, https:\/\/stpcdnimage.imgix.net\/de\/wp-content\/uploads\/sites\/13\/2025\/04\/stp.png?w=300 300w, https:\/\/stpcdnimage.imgix.net\/de\/wp-content\/uploads\/sites\/13\/2025\/04\/stp.png?w=768 768w\" sizes=\"(max-width: 813px) 100vw, 813px\" \/><\/figure><div class=\"elementor-image-box-content\"><h3 class=\"elementor-image-box-title\">H\u00e4ndlersuche<\/h3><p class=\"elementor-image-box-description\">Sie suchen H\u00e4ndler in der N\u00e4he, die STP\u00ae Produkte f\u00fchren? \u2013 Hier klicken.\n<p><a class=\"btn\" href=\"https:\/\/stp.com\/de\/uber-uns\/\">H\u00e4ndlersuche<\/a><\/p><\/p><\/div><\/div>\t\t\t\t<\/div>\n\t\t\t\t<\/div>\n\t\t\t\t<\/div>\n\t\t\t\t\t<\/div>\n\t\t\t\t<\/div>\n\t\t\t\t<\/div>\n\t\t","protected":false},"excerpt":{"rendered":"<p>Seit mehr als 60 Jahren \u2013 und mehr Kilometern, als man z\u00e4hlen k\u00f6nnte \u2013 geh\u00f6rt STP\u00ae zu den Marken im Bereich der Fahrzeugpflege, denen Menschen weltweit zu Recht vertrauen. Autoliebhaber, \u201eSelbstschrauber\u201c und Profirennfahrer verlassen sich auf STP\u00ae \u00d6ladditive,\u00a0 Kraftstoffadditive sowie Brems- und Servolenkungsfl\u00fcssigkeiten, damit ihr Fahrzeug l\u00e4nger besser l\u00e4uft. STP\u00ae geh\u00f6rt zu Energizer Holdings, Inc. [&hellip;]<\/p>\n","protected":false},"author":1,"featured_media":0,"parent":0,"menu_order":0,"comment_status":"closed","ping_status":"closed","template":"","meta":{"_acf_changed":false,"footnotes":""},"class_list":["post-4227","page","type-page","status-publish","hentry"],"acf":[],"yoast_head":"<!-- This site is optimized with the Yoast SEO plugin v27.4 - https:\/\/yoast.com\/product\/yoast-seo-wordpress\/ -->\n<title>\u00dcber Uns - STP Germany<\/title>\n<meta name=\"robots\" content=\"index, follow, max-snippet:-1, max-image-preview:large, max-video-preview:-1\" \/>\n<link rel=\"canonical\" href=\"https:\/\/c38a2c2a6e.nxcli.io\/de\/uber-uns\/\" \/>\n<meta property=\"og:locale\" content=\"en_US\" \/>\n<meta property=\"og:type\" content=\"article\" \/>\n<meta property=\"og:title\" content=\"\u00dcber Uns - STP Germany\" \/>\n<meta property=\"og:description\" content=\"Seit mehr als 60 Jahren \u2013 und mehr Kilometern, als man z\u00e4hlen k\u00f6nnte \u2013 geh\u00f6rt STP\u00ae zu den Marken im Bereich der Fahrzeugpflege, denen Menschen weltweit zu Recht vertrauen. Autoliebhaber, \u201eSelbstschrauber\u201c und Profirennfahrer verlassen sich auf STP\u00ae \u00d6ladditive,\u00a0 Kraftstoffadditive sowie Brems- und Servolenkungsfl\u00fcssigkeiten, damit ihr Fahrzeug l\u00e4nger besser l\u00e4uft. STP\u00ae geh\u00f6rt zu Energizer Holdings, Inc. [&hellip;]\" \/>\n<meta property=\"og:url\" content=\"https:\/\/c38a2c2a6e.nxcli.io\/de\/uber-uns\/\" \/>\n<meta property=\"og:site_name\" content=\"STP Germany\" \/>\n<meta property=\"article:modified_time\" content=\"2025-05-27T11:26:53+00:00\" \/>\n<meta property=\"og:image\" content=\"https:\/\/stp.com\/de\/wp-content\/uploads\/sites\/13\/2025\/04\/test-history.jpg\" \/>\n<meta name=\"twitter:card\" content=\"summary_large_image\" \/>\n<meta name=\"twitter:label1\" content=\"Est. reading time\" \/>\n\t<meta name=\"twitter:data1\" content=\"2 minutes\" \/>\n<script type=\"application\/ld+json\" class=\"yoast-schema-graph\">{\"@context\":\"https:\\\/\\\/schema.org\",\"@graph\":[{\"@type\":\"WebPage\",\"@id\":\"https:\\\/\\\/c38a2c2a6e.nxcli.io\\\/de\\\/uber-uns\\\/\",\"url\":\"https:\\\/\\\/c38a2c2a6e.nxcli.io\\\/de\\\/uber-uns\\\/\",\"name\":\"\u00dcber Uns - STP Germany\",\"isPartOf\":{\"@id\":\"https:\\\/\\\/c38a2c2a6e.nxcli.io\\\/de\\\/#website\"},\"primaryImageOfPage\":{\"@id\":\"https:\\\/\\\/c38a2c2a6e.nxcli.io\\\/de\\\/uber-uns\\\/#primaryimage\"},\"image\":{\"@id\":\"https:\\\/\\\/c38a2c2a6e.nxcli.io\\\/de\\\/uber-uns\\\/#primaryimage\"},\"thumbnailUrl\":\"https:\\\/\\\/stp.com\\\/de\\\/wp-content\\\/uploads\\\/sites\\\/13\\\/2025\\\/04\\\/test-history.jpg\",\"datePublished\":\"2025-04-01T11:48:48+00:00\",\"dateModified\":\"2025-05-27T11:26:53+00:00\",\"breadcrumb\":{\"@id\":\"https:\\\/\\\/c38a2c2a6e.nxcli.io\\\/de\\\/uber-uns\\\/#breadcrumb\"},\"inLanguage\":\"en-US\",\"potentialAction\":[{\"@type\":\"ReadAction\",\"target\":[\"https:\\\/\\\/c38a2c2a6e.nxcli.io\\\/de\\\/uber-uns\\\/\"]}]},{\"@type\":\"ImageObject\",\"inLanguage\":\"en-US\",\"@id\":\"https:\\\/\\\/c38a2c2a6e.nxcli.io\\\/de\\\/uber-uns\\\/#primaryimage\",\"url\":\"https:\\\/\\\/stpcdnimage.imgix.net\\\/de\\\/wp-content\\\/uploads\\\/sites\\\/13\\\/2025\\\/04\\\/test-history.jpg?auto=format%2Ccompress\",\"contentUrl\":\"https:\\\/\\\/stpcdnimage.imgix.net\\\/de\\\/wp-content\\\/uploads\\\/sites\\\/13\\\/2025\\\/04\\\/test-history.jpg?auto=format%2Ccompress\",\"width\":762,\"height\":427},{\"@type\":\"BreadcrumbList\",\"@id\":\"https:\\\/\\\/c38a2c2a6e.nxcli.io\\\/de\\\/uber-uns\\\/#breadcrumb\",\"itemListElement\":[{\"@type\":\"ListItem\",\"position\":1,\"name\":\"Home\",\"item\":\"https:\\\/\\\/stp.com\\\/de\\\/\"},{\"@type\":\"ListItem\",\"position\":2,\"name\":\"\u00dcber Uns\"}]},{\"@type\":\"WebSite\",\"@id\":\"https:\\\/\\\/c38a2c2a6e.nxcli.io\\\/de\\\/#website\",\"url\":\"https:\\\/\\\/c38a2c2a6e.nxcli.io\\\/de\\\/\",\"name\":\"STP Germany\",\"description\":\"Science. Technology. Performance\",\"potentialAction\":[{\"@type\":\"SearchAction\",\"target\":{\"@type\":\"EntryPoint\",\"urlTemplate\":\"https:\\\/\\\/c38a2c2a6e.nxcli.io\\\/de\\\/?s={search_term_string}\"},\"query-input\":{\"@type\":\"PropertyValueSpecification\",\"valueRequired\":true,\"valueName\":\"search_term_string\"}}],\"inLanguage\":\"en-US\"}]}<\/script>\n<!-- \/ Yoast SEO plugin. -->","yoast_head_json":{"title":"\u00dcber Uns - STP Germany","robots":{"index":"index","follow":"follow","max-snippet":"max-snippet:-1","max-image-preview":"max-image-preview:large","max-video-preview":"max-video-preview:-1"},"canonical":"https:\/\/c38a2c2a6e.nxcli.io\/de\/uber-uns\/","og_locale":"en_US","og_type":"article","og_title":"\u00dcber Uns - STP Germany","og_description":"Seit mehr als 60 Jahren \u2013 und mehr Kilometern, als man z\u00e4hlen k\u00f6nnte \u2013 geh\u00f6rt STP\u00ae zu den Marken im Bereich der Fahrzeugpflege, denen Menschen weltweit zu Recht vertrauen. Autoliebhaber, \u201eSelbstschrauber\u201c und Profirennfahrer verlassen sich auf STP\u00ae \u00d6ladditive,\u00a0 Kraftstoffadditive sowie Brems- und Servolenkungsfl\u00fcssigkeiten, damit ihr Fahrzeug l\u00e4nger besser l\u00e4uft. STP\u00ae geh\u00f6rt zu Energizer Holdings, Inc. [&hellip;]","og_url":"https:\/\/c38a2c2a6e.nxcli.io\/de\/uber-uns\/","og_site_name":"STP Germany","article_modified_time":"2025-05-27T11:26:53+00:00","og_image":[{"url":"https:\/\/stp.com\/de\/wp-content\/uploads\/sites\/13\/2025\/04\/test-history.jpg","type":"","width":"","height":""}],"twitter_card":"summary_large_image","twitter_misc":{"Est. reading time":"2 minutes"},"schema":{"@context":"https:\/\/schema.org","@graph":[{"@type":"WebPage","@id":"https:\/\/c38a2c2a6e.nxcli.io\/de\/uber-uns\/","url":"https:\/\/c38a2c2a6e.nxcli.io\/de\/uber-uns\/","name":"\u00dcber Uns - STP Germany","isPartOf":{"@id":"https:\/\/c38a2c2a6e.nxcli.io\/de\/#website"},"primaryImageOfPage":{"@id":"https:\/\/c38a2c2a6e.nxcli.io\/de\/uber-uns\/#primaryimage"},"image":{"@id":"https:\/\/c38a2c2a6e.nxcli.io\/de\/uber-uns\/#primaryimage"},"thumbnailUrl":"https:\/\/stp.com\/de\/wp-content\/uploads\/sites\/13\/2025\/04\/test-history.jpg","datePublished":"2025-04-01T11:48:48+00:00","dateModified":"2025-05-27T11:26:53+00:00","breadcrumb":{"@id":"https:\/\/c38a2c2a6e.nxcli.io\/de\/uber-uns\/#breadcrumb"},"inLanguage":"en-US","potentialAction":[{"@type":"ReadAction","target":["https:\/\/c38a2c2a6e.nxcli.io\/de\/uber-uns\/"]}]},{"@type":"ImageObject","inLanguage":"en-US","@id":"https:\/\/c38a2c2a6e.nxcli.io\/de\/uber-uns\/#primaryimage","url":"https:\/\/stpcdnimage.imgix.net\/de\/wp-content\/uploads\/sites\/13\/2025\/04\/test-history.jpg?auto=format%2Ccompress","contentUrl":"https:\/\/stpcdnimage.imgix.net\/de\/wp-content\/uploads\/sites\/13\/2025\/04\/test-history.jpg?auto=format%2Ccompress","width":762,"height":427},{"@type":"BreadcrumbList","@id":"https:\/\/c38a2c2a6e.nxcli.io\/de\/uber-uns\/#breadcrumb","itemListElement":[{"@type":"ListItem","position":1,"name":"Home","item":"https:\/\/stp.com\/de\/"},{"@type":"ListItem","position":2,"name":"\u00dcber Uns"}]},{"@type":"WebSite","@id":"https:\/\/c38a2c2a6e.nxcli.io\/de\/#website","url":"https:\/\/c38a2c2a6e.nxcli.io\/de\/","name":"STP Germany","description":"Science. Technology. Performance","potentialAction":[{"@type":"SearchAction","target":{"@type":"EntryPoint","urlTemplate":"https:\/\/c38a2c2a6e.nxcli.io\/de\/?s={search_term_string}"},"query-input":{"@type":"PropertyValueSpecification","valueRequired":true,"valueName":"search_term_string"}}],"inLanguage":"en-US"}]}},"_links":{"self":[{"href":"https:\/\/stp.com\/de\/wp-json\/wp\/v2\/pages\/4227","targetHints":{"allow":["GET"]}}],"collection":[{"href":"https:\/\/stp.com\/de\/wp-json\/wp\/v2\/pages"}],"about":[{"href":"https:\/\/stp.com\/de\/wp-json\/wp\/v2\/types\/page"}],"author":[{"embeddable":true,"href":"https:\/\/stp.com\/de\/wp-json\/wp\/v2\/users\/1"}],"replies":[{"embeddable":true,"href":"https:\/\/stp.com\/de\/wp-json\/wp\/v2\/comments?post=4227"}],"version-history":[{"count":95,"href":"https:\/\/stp.com\/de\/wp-json\/wp\/v2\/pages\/4227\/revisions"}],"predecessor-version":[{"id":8228,"href":"https:\/\/stp.com\/de\/wp-json\/wp\/v2\/pages\/4227\/revisions\/8228"}],"wp:attachment":[{"href":"https:\/\/stp.com\/de\/wp-json\/wp\/v2\/media?parent=4227"}],"curies":[{"name":"wp","href":"https:\/\/api.w.org\/{rel}","templated":true}]}}