{"id":4227,"date":"2025-04-01T17:18:48","date_gmt":"2025-04-01T11:48:48","guid":{"rendered":"https:\/\/c38a2c2a6e.nxcli.io\/co\/?page_id=4227"},"modified":"2025-06-05T14:30:11","modified_gmt":"2025-06-05T09:00:11","slug":"acerca-de-nosotros","status":"publish","type":"page","link":"https:\/\/stp.com\/co\/acerca-de-nosotros\/","title":{"rendered":"Acerca de nosotros"},"content":{"rendered":"\t\t<div data-elementor-type=\"wp-page\" data-elementor-id=\"4227\" class=\"elementor elementor-4227\" data-elementor-post-type=\"page\">\n\t\t\t\t<div class=\"elementor-element elementor-element-dc45357 e-flex e-con-boxed e-con e-parent\" data-id=\"dc45357\" data-element_type=\"container\" data-e-type=\"container\" data-settings=\"{&quot;background_background&quot;:&quot;classic&quot;}\">\n\t\t\t\t\t<div class=\"e-con-inner\">\n\t\t\t\t<div class=\"elementor-element elementor-element-fcf9cc8 breadcrumb elementor-widget elementor-widget-breadcrumbs\" data-id=\"fcf9cc8\" data-element_type=\"widget\" data-e-type=\"widget\" data-widget_type=\"breadcrumbs.default\">\n\t\t\t\t<div class=\"elementor-widget-container\">\n\t\t\t\t\t<p id=\"breadcrumbs\"><span><span><a href=\"https:\/\/stp.com\/co\/\">Home<\/a><\/span><\/span><\/p>\t\t\t\t<\/div>\n\t\t\t\t<\/div>\n\t\t<div class=\"elementor-element elementor-element-1682186 e-con-full e-flex e-con e-child\" data-id=\"1682186\" data-element_type=\"container\" data-e-type=\"container\">\n\t\t<div class=\"elementor-element elementor-element-f2399e3 e-con-full product__head e-flex e-con e-child\" data-id=\"f2399e3\" data-element_type=\"container\" data-e-type=\"container\">\n\t\t\t\t<div class=\"elementor-element elementor-element-2d79943 elementor-widget elementor-widget-text-editor\" data-id=\"2d79943\" data-element_type=\"widget\" data-e-type=\"widget\" data-widget_type=\"text-editor.default\">\n\t\t\t\t<div class=\"elementor-widget-container\">\n\t\t\t\t\t\t\t\t\t<div class=\"col\"><div class=\"col\"><p>Desde hace m\u00e1s de 60 a\u00f1os y por m\u00e1s millas de las que se pueden contar, STP\u00ae es uno de los nombres que m\u00e1s confianza inspira en el cuidado automotor.<\/p><p>Los amantes de los autos, los aficionados y los pilotos profesionales conf\u00edan en los aditivos para el aceite, aditivos para combustible y l\u00edquidos para frenos y direcci\u00f3n asistida STP\u00ae para que sus veh\u00edculos funcionen mejor durante m\u00e1s tiempo.<\/p><p>STP\u00ae tiene su sede en Danbury, CT, y forma parte de Energizer Holdings, Inc.<\/p><\/div><\/div>\t\t\t\t\t\t\t\t<\/div>\n\t\t\t\t<\/div>\n\t\t\t\t<\/div>\n\t\t\t\t<\/div>\n\t\t\t\t\t<\/div>\n\t\t\t\t<\/div>\n\t\t<div class=\"elementor-element elementor-element-b361fa6 top-red-border e-flex e-con-boxed e-con e-parent\" data-id=\"b361fa6\" data-element_type=\"container\" data-e-type=\"container\" data-settings=\"{&quot;background_background&quot;:&quot;classic&quot;}\">\n\t\t\t\t\t<div class=\"e-con-inner\">\n\t\t<div class=\"elementor-element elementor-element-94a7626 e-con-full e-flex e-con e-child\" data-id=\"94a7626\" data-element_type=\"container\" data-e-type=\"container\">\n\t\t\t\t<div class=\"elementor-element elementor-element-d039a7e elementor-position-right elementor-vertical-align-middle image-text-section elementor-widget elementor-widget-image-box\" data-id=\"d039a7e\" data-element_type=\"widget\" data-e-type=\"widget\" data-widget_type=\"image-box.default\">\n\t\t\t\t<div class=\"elementor-widget-container\">\n\t\t\t\t\t<div class=\"elementor-image-box-wrapper\"><figure class=\"elementor-image-box-img\"><img fetchpriority=\"high\" decoding=\"async\" width=\"762\" height=\"427\" src=\"https:\/\/stpcdnimage.imgix.net\/co\/wp-content\/uploads\/sites\/28\/2025\/04\/test-history.jpg?auto=format%2Ccompress\" class=\"attachment-full size-full wp-image-4610\" alt=\"\" srcset=\"https:\/\/stpcdnimage.imgix.net\/co\/wp-content\/uploads\/sites\/28\/2025\/04\/test-history.jpg?w=762 762w, https:\/\/stpcdnimage.imgix.net\/co\/wp-content\/uploads\/sites\/28\/2025\/04\/test-history.jpg?w=300 300w\" sizes=\"(max-width: 762px) 100vw, 762px\" \/><\/figure><div class=\"elementor-image-box-content\"><h3 class=\"elementor-image-box-title\">Historia<\/h3><p class=\"elementor-image-box-description\">Vea m\u00e1s informaci\u00f3n sobre la historia de STP\u00ae, fundado en 1954.\n<p><a class=\"btn\" href=\"https:\/\/stp.com\/co\/acerca-de-nosotros\/la-historia-de-stp\/\">La historia de STP\u00ae<\/a><\/p><\/p><\/div><\/div>\t\t\t\t<\/div>\n\t\t\t\t<\/div>\n\t\t\t\t<div class=\"elementor-element elementor-element-44cba71 elementor-position-left elementor-vertical-align-middle image-text-section left-image elementor-widget elementor-widget-image-box\" data-id=\"44cba71\" data-element_type=\"widget\" data-e-type=\"widget\" data-widget_type=\"image-box.default\">\n\t\t\t\t<div class=\"elementor-widget-container\">\n\t\t\t\t\t<div class=\"elementor-image-box-wrapper\"><figure class=\"elementor-image-box-img\"><img decoding=\"async\" width=\"762\" height=\"427\" src=\"https:\/\/stpcdnimage.imgix.net\/co\/wp-content\/uploads\/sites\/28\/2025\/04\/richardpettyhero.jpg?auto=format%2Ccompress\" class=\"attachment-full size-full wp-image-4623\" alt=\"\" srcset=\"https:\/\/stpcdnimage.imgix.net\/co\/wp-content\/uploads\/sites\/28\/2025\/04\/richardpettyhero.jpg?w=762 762w, https:\/\/stpcdnimage.imgix.net\/co\/wp-content\/uploads\/sites\/28\/2025\/04\/richardpettyhero.jpg?w=300 300w\" sizes=\"(max-width: 762px) 100vw, 762px\" \/><\/figure><div class=\"elementor-image-box-content\"><h3 class=\"elementor-image-box-title\">Automovilismo<\/h3><p class=\"elementor-image-box-description\">Cuando Richard Petty lleg\u00f3 al podio en el circuito Riverside International Raceway en la apertura de la temporada de la Copa de 1972, luc\u00eda el logotipo STP\u00ae en su auto\u2026 y todav\u00eda seguimos all\u00ed en la actualidad.\n<p><a class=\"btn\" href=\"https:\/\/stp.com\/co\/acerca-de-nosotros\/automovilismo\/\">STP\u00ae Automovilismo<\/a><\/p><\/p><\/div><\/div>\t\t\t\t<\/div>\n\t\t\t\t<\/div>\n\t\t\t\t<div class=\"elementor-element elementor-element-e049ab3 elementor-position-right elementor-vertical-align-middle image-text-section elementor-widget elementor-widget-image-box\" data-id=\"e049ab3\" data-element_type=\"widget\" data-e-type=\"widget\" data-widget_type=\"image-box.default\">\n\t\t\t\t<div class=\"elementor-widget-container\">\n\t\t\t\t\t<div class=\"elementor-image-box-wrapper\"><figure class=\"elementor-image-box-img\"><img decoding=\"async\" width=\"813\" height=\"611\" src=\"https:\/\/stpcdnimage.imgix.net\/co\/wp-content\/uploads\/sites\/28\/2025\/04\/stp.png?auto=format%2Ccompress\" class=\"attachment-full size-full wp-image-4636\" alt=\"stp logo\" srcset=\"https:\/\/stpcdnimage.imgix.net\/co\/wp-content\/uploads\/sites\/28\/2025\/04\/stp.png?w=813 813w, https:\/\/stpcdnimage.imgix.net\/co\/wp-content\/uploads\/sites\/28\/2025\/04\/stp.png?w=300 300w, https:\/\/stpcdnimage.imgix.net\/co\/wp-content\/uploads\/sites\/28\/2025\/04\/stp.png?w=768 768w\" sizes=\"(max-width: 813px) 100vw, 813px\" \/><\/figure><div class=\"elementor-image-box-content\"><h3 class=\"elementor-image-box-title\">Encuentre un comercio minorista<\/h3><p class=\"elementor-image-box-description\">Haga clic aqu\u00ed para encontrar la tienda m\u00e1s cercana con el fin de comprar productos STP\u00ae.\n<p><a class=\"btn\" href=\"https:\/\/stp.com\/co\/busque-un-minorista-cerca-de-usted\/\">Encuentre un comercio minorista<\/a><\/p><\/p><\/div><\/div>\t\t\t\t<\/div>\n\t\t\t\t<\/div>\n\t\t\t\t<\/div>\n\t\t\t\t\t<\/div>\n\t\t\t\t<\/div>\n\t\t\t\t<\/div>\n\t\t","protected":false},"excerpt":{"rendered":"<p>Desde hace m\u00e1s de 60 a\u00f1os y por m\u00e1s millas de las que se pueden contar, STP\u00ae es uno de los nombres que m\u00e1s confianza inspira en el cuidado automotor. Los amantes de los autos, los aficionados y los pilotos profesionales conf\u00edan en los aditivos para el aceite, aditivos para combustible y l\u00edquidos para frenos [&hellip;]<\/p>\n","protected":false},"author":1,"featured_media":0,"parent":0,"menu_order":0,"comment_status":"closed","ping_status":"closed","template":"","meta":{"_acf_changed":false,"footnotes":""},"class_list":["post-4227","page","type-page","status-publish","hentry"],"acf":[],"yoast_head":"<!-- This site is optimized with the Yoast SEO plugin v27.4 - https:\/\/yoast.com\/product\/yoast-seo-wordpress\/ -->\n<title>Acerca de nosotros - STP Colombia<\/title>\n<meta name=\"robots\" content=\"index, follow, max-snippet:-1, max-image-preview:large, max-video-preview:-1\" \/>\n<link rel=\"canonical\" href=\"https:\/\/stp.com\/co\/acerca-de-nosotros\/\" \/>\n<meta property=\"og:locale\" content=\"en_US\" \/>\n<meta property=\"og:type\" content=\"article\" \/>\n<meta property=\"og:title\" content=\"Acerca de nosotros - STP Colombia\" \/>\n<meta property=\"og:description\" content=\"Desde hace m\u00e1s de 60 a\u00f1os y por m\u00e1s millas de las que se pueden contar, STP\u00ae es uno de los nombres que m\u00e1s confianza inspira en el cuidado automotor. Los amantes de los autos, los aficionados y los pilotos profesionales conf\u00edan en los aditivos para el aceite, aditivos para combustible y l\u00edquidos para frenos [&hellip;]\" \/>\n<meta property=\"og:url\" content=\"https:\/\/stp.com\/co\/acerca-de-nosotros\/\" \/>\n<meta property=\"og:site_name\" content=\"STP Colombia\" \/>\n<meta property=\"article:modified_time\" content=\"2025-06-05T09:00:11+00:00\" \/>\n<meta property=\"og:image\" content=\"https:\/\/stp.com\/co\/wp-content\/uploads\/sites\/28\/2025\/04\/test-history.jpg\" \/>\n<meta name=\"twitter:card\" content=\"summary_large_image\" \/>\n<meta name=\"twitter:label1\" content=\"Est. reading time\" \/>\n\t<meta name=\"twitter:data1\" content=\"2 minutes\" \/>\n<script type=\"application\/ld+json\" class=\"yoast-schema-graph\">{\"@context\":\"https:\\\/\\\/schema.org\",\"@graph\":[{\"@type\":\"WebPage\",\"@id\":\"https:\\\/\\\/stp.com\\\/co\\\/acerca-de-nosotros\\\/\",\"url\":\"https:\\\/\\\/stp.com\\\/co\\\/acerca-de-nosotros\\\/\",\"name\":\"Acerca de nosotros - STP Colombia\",\"isPartOf\":{\"@id\":\"https:\\\/\\\/c38a2c2a6e.nxcli.io\\\/co\\\/#website\"},\"primaryImageOfPage\":{\"@id\":\"https:\\\/\\\/stp.com\\\/co\\\/acerca-de-nosotros\\\/#primaryimage\"},\"image\":{\"@id\":\"https:\\\/\\\/stp.com\\\/co\\\/acerca-de-nosotros\\\/#primaryimage\"},\"thumbnailUrl\":\"https:\\\/\\\/stp.com\\\/co\\\/wp-content\\\/uploads\\\/sites\\\/28\\\/2025\\\/04\\\/test-history.jpg\",\"datePublished\":\"2025-04-01T11:48:48+00:00\",\"dateModified\":\"2025-06-05T09:00:11+00:00\",\"breadcrumb\":{\"@id\":\"https:\\\/\\\/stp.com\\\/co\\\/acerca-de-nosotros\\\/#breadcrumb\"},\"inLanguage\":\"en-US\",\"potentialAction\":[{\"@type\":\"ReadAction\",\"target\":[\"https:\\\/\\\/stp.com\\\/co\\\/acerca-de-nosotros\\\/\"]}]},{\"@type\":\"ImageObject\",\"inLanguage\":\"en-US\",\"@id\":\"https:\\\/\\\/stp.com\\\/co\\\/acerca-de-nosotros\\\/#primaryimage\",\"url\":\"https:\\\/\\\/stpcdnimage.imgix.net\\\/co\\\/wp-content\\\/uploads\\\/sites\\\/28\\\/2025\\\/04\\\/test-history.jpg?auto=format%2Ccompress\",\"contentUrl\":\"https:\\\/\\\/stpcdnimage.imgix.net\\\/co\\\/wp-content\\\/uploads\\\/sites\\\/28\\\/2025\\\/04\\\/test-history.jpg?auto=format%2Ccompress\",\"width\":762,\"height\":427},{\"@type\":\"BreadcrumbList\",\"@id\":\"https:\\\/\\\/stp.com\\\/co\\\/acerca-de-nosotros\\\/#breadcrumb\",\"itemListElement\":[{\"@type\":\"ListItem\",\"position\":1,\"name\":\"Home\",\"item\":\"https:\\\/\\\/stp.com\\\/co\\\/\"},{\"@type\":\"ListItem\",\"position\":2,\"name\":\"Acerca de nosotros\"}]},{\"@type\":\"WebSite\",\"@id\":\"https:\\\/\\\/c38a2c2a6e.nxcli.io\\\/co\\\/#website\",\"url\":\"https:\\\/\\\/c38a2c2a6e.nxcli.io\\\/co\\\/\",\"name\":\"STP Colombia\",\"description\":\"Science. Technology. Performance\",\"potentialAction\":[{\"@type\":\"SearchAction\",\"target\":{\"@type\":\"EntryPoint\",\"urlTemplate\":\"https:\\\/\\\/c38a2c2a6e.nxcli.io\\\/co\\\/?s={search_term_string}\"},\"query-input\":{\"@type\":\"PropertyValueSpecification\",\"valueRequired\":true,\"valueName\":\"search_term_string\"}}],\"inLanguage\":\"en-US\"}]}<\/script>\n<!-- \/ Yoast SEO plugin. -->","yoast_head_json":{"title":"Acerca de nosotros - STP Colombia","robots":{"index":"index","follow":"follow","max-snippet":"max-snippet:-1","max-image-preview":"max-image-preview:large","max-video-preview":"max-video-preview:-1"},"canonical":"https:\/\/stp.com\/co\/acerca-de-nosotros\/","og_locale":"en_US","og_type":"article","og_title":"Acerca de nosotros - STP Colombia","og_description":"Desde hace m\u00e1s de 60 a\u00f1os y por m\u00e1s millas de las que se pueden contar, STP\u00ae es uno de los nombres que m\u00e1s confianza inspira en el cuidado automotor. Los amantes de los autos, los aficionados y los pilotos profesionales conf\u00edan en los aditivos para el aceite, aditivos para combustible y l\u00edquidos para frenos [&hellip;]","og_url":"https:\/\/stp.com\/co\/acerca-de-nosotros\/","og_site_name":"STP Colombia","article_modified_time":"2025-06-05T09:00:11+00:00","og_image":[{"url":"https:\/\/stp.com\/co\/wp-content\/uploads\/sites\/28\/2025\/04\/test-history.jpg","type":"","width":"","height":""}],"twitter_card":"summary_large_image","twitter_misc":{"Est. reading time":"2 minutes"},"schema":{"@context":"https:\/\/schema.org","@graph":[{"@type":"WebPage","@id":"https:\/\/stp.com\/co\/acerca-de-nosotros\/","url":"https:\/\/stp.com\/co\/acerca-de-nosotros\/","name":"Acerca de nosotros - STP Colombia","isPartOf":{"@id":"https:\/\/c38a2c2a6e.nxcli.io\/co\/#website"},"primaryImageOfPage":{"@id":"https:\/\/stp.com\/co\/acerca-de-nosotros\/#primaryimage"},"image":{"@id":"https:\/\/stp.com\/co\/acerca-de-nosotros\/#primaryimage"},"thumbnailUrl":"https:\/\/stp.com\/co\/wp-content\/uploads\/sites\/28\/2025\/04\/test-history.jpg","datePublished":"2025-04-01T11:48:48+00:00","dateModified":"2025-06-05T09:00:11+00:00","breadcrumb":{"@id":"https:\/\/stp.com\/co\/acerca-de-nosotros\/#breadcrumb"},"inLanguage":"en-US","potentialAction":[{"@type":"ReadAction","target":["https:\/\/stp.com\/co\/acerca-de-nosotros\/"]}]},{"@type":"ImageObject","inLanguage":"en-US","@id":"https:\/\/stp.com\/co\/acerca-de-nosotros\/#primaryimage","url":"https:\/\/stpcdnimage.imgix.net\/co\/wp-content\/uploads\/sites\/28\/2025\/04\/test-history.jpg?auto=format%2Ccompress","contentUrl":"https:\/\/stpcdnimage.imgix.net\/co\/wp-content\/uploads\/sites\/28\/2025\/04\/test-history.jpg?auto=format%2Ccompress","width":762,"height":427},{"@type":"BreadcrumbList","@id":"https:\/\/stp.com\/co\/acerca-de-nosotros\/#breadcrumb","itemListElement":[{"@type":"ListItem","position":1,"name":"Home","item":"https:\/\/stp.com\/co\/"},{"@type":"ListItem","position":2,"name":"Acerca de nosotros"}]},{"@type":"WebSite","@id":"https:\/\/c38a2c2a6e.nxcli.io\/co\/#website","url":"https:\/\/c38a2c2a6e.nxcli.io\/co\/","name":"STP Colombia","description":"Science. Technology. Performance","potentialAction":[{"@type":"SearchAction","target":{"@type":"EntryPoint","urlTemplate":"https:\/\/c38a2c2a6e.nxcli.io\/co\/?s={search_term_string}"},"query-input":{"@type":"PropertyValueSpecification","valueRequired":true,"valueName":"search_term_string"}}],"inLanguage":"en-US"}]}},"_links":{"self":[{"href":"https:\/\/stp.com\/co\/wp-json\/wp\/v2\/pages\/4227","targetHints":{"allow":["GET"]}}],"collection":[{"href":"https:\/\/stp.com\/co\/wp-json\/wp\/v2\/pages"}],"about":[{"href":"https:\/\/stp.com\/co\/wp-json\/wp\/v2\/types\/page"}],"author":[{"embeddable":true,"href":"https:\/\/stp.com\/co\/wp-json\/wp\/v2\/users\/1"}],"replies":[{"embeddable":true,"href":"https:\/\/stp.com\/co\/wp-json\/wp\/v2\/comments?post=4227"}],"version-history":[{"count":83,"href":"https:\/\/stp.com\/co\/wp-json\/wp\/v2\/pages\/4227\/revisions"}],"predecessor-version":[{"id":7752,"href":"https:\/\/stp.com\/co\/wp-json\/wp\/v2\/pages\/4227\/revisions\/7752"}],"wp:attachment":[{"href":"https:\/\/stp.com\/co\/wp-json\/wp\/v2\/media?parent=4227"}],"curies":[{"name":"wp","href":"https:\/\/api.w.org\/{rel}","templated":true}]}}