{"id":2183,"date":"2025-07-15T13:58:59","date_gmt":"2025-07-15T08:28:59","guid":{"rendered":"https:\/\/master-7rqtwti-7z4xhzo4ugydc.us-4.platformsh.site\/?post_type=product&#038;p=2183"},"modified":"2025-08-06T14:21:03","modified_gmt":"2025-08-06T08:51:03","slug":"premium-small-engine-4-cycle-oil-sae-30","status":"publish","type":"product","link":"https:\/\/stp.com\/ca-fr\/product\/premium-small-engine-4-cycle-oil-sae-30\/","title":{"rendered":"HUILE POUR PETITS MOTEURS \u00c0 4 TEMPS SAE-30 DE PREMI\u00c8RE QUALIT\u00c9"},"template":"","meta":{"_acf_changed":false},"product-category":[47,48],"product-feature":[],"retailer":[],"surface-material":[],"class_list":["post-2183","product","type-product","status-publish","hentry","product-category-pelouse-et-jardin","product-category-serie-pro-et-autres"],"acf":[],"yoast_head":"<!-- This site is optimized with the Yoast SEO plugin v27.4 - https:\/\/yoast.com\/product\/yoast-seo-wordpress\/ -->\n<title>Premium Small Engine 4 Cycle Oil SAE-30 | STP\u00ae<\/title>\n<meta name=\"description\" content=\"STP\u00ae Premium Small Engine 4 Cycle Oil SAE-30 helps to reduce wear, increase durability and lubricate at a wide range of temperatures.\" \/>\n<meta name=\"robots\" content=\"index, follow, max-snippet:-1, max-image-preview:large, max-video-preview:-1\" \/>\n<link rel=\"canonical\" href=\"https:\/\/stp.com\/ca-fr\/product\/premium-small-engine-4-cycle-oil-sae-30\/\" \/>\n<meta property=\"og:locale\" content=\"en_US\" \/>\n<meta property=\"og:type\" content=\"article\" \/>\n<meta property=\"og:title\" content=\"Premium Small Engine 4 Cycle Oil SAE-30 | STP\u00ae\" \/>\n<meta property=\"og:description\" content=\"STP\u00ae Premium Small Engine 4 Cycle Oil SAE-30 helps to reduce wear, increase durability and lubricate at a wide range of temperatures.\" \/>\n<meta property=\"og:url\" content=\"https:\/\/stp.com\/ca-fr\/product\/premium-small-engine-4-cycle-oil-sae-30\/\" \/>\n<meta property=\"og:site_name\" content=\"STP CA FR\" \/>\n<meta property=\"article:modified_time\" content=\"2025-08-06T08:51:03+00:00\" \/>\n<meta name=\"twitter:card\" content=\"summary_large_image\" \/>\n<script type=\"application\/ld+json\" class=\"yoast-schema-graph\">{\"@context\":\"https:\\\/\\\/schema.org\",\"@graph\":[{\"@type\":\"WebPage\",\"@id\":\"https:\\\/\\\/stp.com\\\/ca-fr\\\/product\\\/premium-small-engine-4-cycle-oil-sae-30\\\/\",\"url\":\"https:\\\/\\\/stp.com\\\/ca-fr\\\/product\\\/premium-small-engine-4-cycle-oil-sae-30\\\/\",\"name\":\"Premium Small Engine 4 Cycle Oil SAE-30 | STP\u00ae\",\"isPartOf\":{\"@id\":\"https:\\\/\\\/c38a2c2a6e.nxcli.io\\\/ca-fr\\\/#website\"},\"datePublished\":\"2025-07-15T08:28:59+00:00\",\"dateModified\":\"2025-08-06T08:51:03+00:00\",\"description\":\"STP\u00ae Premium Small Engine 4 Cycle Oil SAE-30 helps to reduce wear, increase durability and lubricate at a wide range of temperatures.\",\"breadcrumb\":{\"@id\":\"https:\\\/\\\/stp.com\\\/ca-fr\\\/product\\\/premium-small-engine-4-cycle-oil-sae-30\\\/#breadcrumb\"},\"inLanguage\":\"en-US\",\"potentialAction\":[{\"@type\":\"ReadAction\",\"target\":[\"https:\\\/\\\/stp.com\\\/ca-fr\\\/product\\\/premium-small-engine-4-cycle-oil-sae-30\\\/\"]}]},{\"@type\":\"BreadcrumbList\",\"@id\":\"https:\\\/\\\/stp.com\\\/ca-fr\\\/product\\\/premium-small-engine-4-cycle-oil-sae-30\\\/#breadcrumb\",\"itemListElement\":[{\"@type\":\"ListItem\",\"position\":1,\"name\":\"Home\",\"item\":\"https:\\\/\\\/stp.com\\\/ca-fr\\\/\"},{\"@type\":\"ListItem\",\"position\":2,\"name\":\"Products\",\"item\":\"https:\\\/\\\/stp.com\\\/ca-fr\\\/products\\\/products\\\/\"},{\"@type\":\"ListItem\",\"position\":3,\"name\":\"S\u00e9rie PRO et autres\",\"item\":\"https:\\\/\\\/stp.com\\\/ca-fr\\\/products\\\/serie-pro-et-autres\\\/\"},{\"@type\":\"ListItem\",\"position\":4,\"name\":\"Pelouse et jardin\",\"item\":\"https:\\\/\\\/stp.com\\\/ca-fr\\\/products\\\/pelouse-et-jardin\\\/\"},{\"@type\":\"ListItem\",\"position\":5,\"name\":\"HUILE POUR PETITS MOTEURS \u00c0 4 TEMPS SAE-30 DE PREMI\u00c8RE QUALIT\u00c9\"}]},{\"@type\":\"WebSite\",\"@id\":\"https:\\\/\\\/c38a2c2a6e.nxcli.io\\\/ca-fr\\\/#website\",\"url\":\"https:\\\/\\\/c38a2c2a6e.nxcli.io\\\/ca-fr\\\/\",\"name\":\"STP CA FR\",\"description\":\"Science. Technology. Performance\",\"potentialAction\":[{\"@type\":\"SearchAction\",\"target\":{\"@type\":\"EntryPoint\",\"urlTemplate\":\"https:\\\/\\\/c38a2c2a6e.nxcli.io\\\/ca-fr\\\/?s={search_term_string}\"},\"query-input\":{\"@type\":\"PropertyValueSpecification\",\"valueRequired\":true,\"valueName\":\"search_term_string\"}}],\"inLanguage\":\"en-US\"}]}<\/script>\n<!-- \/ Yoast SEO plugin. -->","yoast_head_json":{"title":"Premium Small Engine 4 Cycle Oil SAE-30 | STP\u00ae","description":"STP\u00ae Premium Small Engine 4 Cycle Oil SAE-30 helps to reduce wear, increase durability and lubricate at a wide range of temperatures.","robots":{"index":"index","follow":"follow","max-snippet":"max-snippet:-1","max-image-preview":"max-image-preview:large","max-video-preview":"max-video-preview:-1"},"canonical":"https:\/\/stp.com\/ca-fr\/product\/premium-small-engine-4-cycle-oil-sae-30\/","og_locale":"en_US","og_type":"article","og_title":"Premium Small Engine 4 Cycle Oil SAE-30 | STP\u00ae","og_description":"STP\u00ae Premium Small Engine 4 Cycle Oil SAE-30 helps to reduce wear, increase durability and lubricate at a wide range of temperatures.","og_url":"https:\/\/stp.com\/ca-fr\/product\/premium-small-engine-4-cycle-oil-sae-30\/","og_site_name":"STP CA FR","article_modified_time":"2025-08-06T08:51:03+00:00","twitter_card":"summary_large_image","schema":{"@context":"https:\/\/schema.org","@graph":[{"@type":"WebPage","@id":"https:\/\/stp.com\/ca-fr\/product\/premium-small-engine-4-cycle-oil-sae-30\/","url":"https:\/\/stp.com\/ca-fr\/product\/premium-small-engine-4-cycle-oil-sae-30\/","name":"Premium Small Engine 4 Cycle Oil SAE-30 | STP\u00ae","isPartOf":{"@id":"https:\/\/c38a2c2a6e.nxcli.io\/ca-fr\/#website"},"datePublished":"2025-07-15T08:28:59+00:00","dateModified":"2025-08-06T08:51:03+00:00","description":"STP\u00ae Premium Small Engine 4 Cycle Oil SAE-30 helps to reduce wear, increase durability and lubricate at a wide range of temperatures.","breadcrumb":{"@id":"https:\/\/stp.com\/ca-fr\/product\/premium-small-engine-4-cycle-oil-sae-30\/#breadcrumb"},"inLanguage":"en-US","potentialAction":[{"@type":"ReadAction","target":["https:\/\/stp.com\/ca-fr\/product\/premium-small-engine-4-cycle-oil-sae-30\/"]}]},{"@type":"BreadcrumbList","@id":"https:\/\/stp.com\/ca-fr\/product\/premium-small-engine-4-cycle-oil-sae-30\/#breadcrumb","itemListElement":[{"@type":"ListItem","position":1,"name":"Home","item":"https:\/\/stp.com\/ca-fr\/"},{"@type":"ListItem","position":2,"name":"Products","item":"https:\/\/stp.com\/ca-fr\/products\/products\/"},{"@type":"ListItem","position":3,"name":"S\u00e9rie PRO et autres","item":"https:\/\/stp.com\/ca-fr\/products\/serie-pro-et-autres\/"},{"@type":"ListItem","position":4,"name":"Pelouse et jardin","item":"https:\/\/stp.com\/ca-fr\/products\/pelouse-et-jardin\/"},{"@type":"ListItem","position":5,"name":"HUILE POUR PETITS MOTEURS \u00c0 4 TEMPS SAE-30 DE PREMI\u00c8RE QUALIT\u00c9"}]},{"@type":"WebSite","@id":"https:\/\/c38a2c2a6e.nxcli.io\/ca-fr\/#website","url":"https:\/\/c38a2c2a6e.nxcli.io\/ca-fr\/","name":"STP CA FR","description":"Science. Technology. Performance","potentialAction":[{"@type":"SearchAction","target":{"@type":"EntryPoint","urlTemplate":"https:\/\/c38a2c2a6e.nxcli.io\/ca-fr\/?s={search_term_string}"},"query-input":{"@type":"PropertyValueSpecification","valueRequired":true,"valueName":"search_term_string"}}],"inLanguage":"en-US"}]}},"_links":{"self":[{"href":"https:\/\/stp.com\/ca-fr\/wp-json\/wp\/v2\/product\/2183","targetHints":{"allow":["GET"]}}],"collection":[{"href":"https:\/\/stp.com\/ca-fr\/wp-json\/wp\/v2\/product"}],"about":[{"href":"https:\/\/stp.com\/ca-fr\/wp-json\/wp\/v2\/types\/product"}],"version-history":[{"count":8,"href":"https:\/\/stp.com\/ca-fr\/wp-json\/wp\/v2\/product\/2183\/revisions"}],"predecessor-version":[{"id":7877,"href":"https:\/\/stp.com\/ca-fr\/wp-json\/wp\/v2\/product\/2183\/revisions\/7877"}],"wp:attachment":[{"href":"https:\/\/stp.com\/ca-fr\/wp-json\/wp\/v2\/media?parent=2183"}],"wp:term":[{"taxonomy":"product-category","embeddable":true,"href":"https:\/\/stp.com\/ca-fr\/wp-json\/wp\/v2\/product-category?post=2183"},{"taxonomy":"product-feature","embeddable":true,"href":"https:\/\/stp.com\/ca-fr\/wp-json\/wp\/v2\/product-feature?post=2183"},{"taxonomy":"retailer","embeddable":true,"href":"https:\/\/stp.com\/ca-fr\/wp-json\/wp\/v2\/retailer?post=2183"},{"taxonomy":"surface-material","embeddable":true,"href":"https:\/\/stp.com\/ca-fr\/wp-json\/wp\/v2\/surface-material?post=2183"}],"curies":[{"name":"wp","href":"https:\/\/api.w.org\/{rel}","templated":true}]}}