{"id":7656,"date":"2025-04-16T17:59:38","date_gmt":"2025-04-16T12:29:38","guid":{"rendered":"https:\/\/c38a2c2a6e.nxcli.io\/ca-fr\/?page_id=7656"},"modified":"2025-07-22T19:04:23","modified_gmt":"2025-07-22T13:34:23","slug":"trouver-un-detaillant","status":"publish","type":"page","link":"https:\/\/stp.com\/ca-fr\/a-propos-de-nous\/trouver-un-detaillant\/","title":{"rendered":"Trouver un d\u00e9taillant"},"content":{"rendered":"\t\t<div data-elementor-type=\"wp-page\" data-elementor-id=\"7656\" class=\"elementor elementor-7656\" data-elementor-post-type=\"page\">\n\t\t\t\t<div class=\"elementor-element elementor-element-e5b52ca e-flex e-con-boxed e-con e-parent\" data-id=\"e5b52ca\" data-element_type=\"container\" data-e-type=\"container\" data-settings=\"{&quot;background_background&quot;:&quot;classic&quot;}\">\n\t\t\t\t\t<div class=\"e-con-inner\">\n\t\t\t\t<div class=\"elementor-element elementor-element-d71a5c7 breadcrumb elementor-widget elementor-widget-breadcrumbs\" data-id=\"d71a5c7\" data-element_type=\"widget\" data-e-type=\"widget\" data-widget_type=\"breadcrumbs.default\">\n\t\t\t\t<div class=\"elementor-widget-container\">\n\t\t\t\t\t<p id=\"breadcrumbs\"><span><span><a href=\"https:\/\/stp.com\/ca-fr\/\">Home<\/a><\/span><\/span><\/p>\t\t\t\t<\/div>\n\t\t\t\t<\/div>\n\t\t<div class=\"elementor-element elementor-element-632498a e-con-full e-flex e-con e-child\" data-id=\"632498a\" data-element_type=\"container\" data-e-type=\"container\">\n\t\t<div class=\"elementor-element elementor-element-9e95565 e-con-full product__head e-flex e-con e-child\" data-id=\"9e95565\" data-element_type=\"container\" data-e-type=\"container\">\n\t\t\t\t<div class=\"elementor-element elementor-element-778be11 elementor-widget elementor-widget-heading\" data-id=\"778be11\" data-element_type=\"widget\" data-e-type=\"widget\" data-widget_type=\"heading.default\">\n\t\t\t\t<div class=\"elementor-widget-container\">\n\t\t\t\t\t<h1 class=\"elementor-heading-title elementor-size-default\">Trouver un d\u00e9taillant\n<\/h1>\t\t\t\t<\/div>\n\t\t\t\t<\/div>\n\t\t\t\t<\/div>\n\t\t\t\t<\/div>\n\t\t\t\t\t<\/div>\n\t\t\t\t<\/div>\n\t\t<div class=\"elementor-element elementor-element-b8d3957 e-flex e-con-boxed e-con e-parent\" data-id=\"b8d3957\" data-element_type=\"container\" data-e-type=\"container\" data-settings=\"{&quot;background_background&quot;:&quot;classic&quot;}\">\n\t\t\t\t\t<div class=\"e-con-inner\">\n\t\t<div class=\"elementor-element elementor-element-3de265e e-flex e-con-boxed e-con e-child\" data-id=\"3de265e\" data-element_type=\"container\" data-e-type=\"container\" data-settings=\"{&quot;background_background&quot;:&quot;classic&quot;}\">\n\t\t\t\t\t<div class=\"e-con-inner\">\n\t\t\t\t<div class=\"elementor-element elementor-element-63ae53c elementor-widget elementor-widget-heading\" data-id=\"63ae53c\" data-element_type=\"widget\" data-e-type=\"widget\" data-widget_type=\"heading.default\">\n\t\t\t\t<div class=\"elementor-widget-container\">\n\t\t\t\t\t<h2 class=\"elementor-heading-title elementor-size-default\">Vous pouvez trouver STP chez tous ces d\u00e9taillants\n<\/h2>\t\t\t\t<\/div>\n\t\t\t\t<\/div>\n\t\t<div class=\"elementor-element elementor-element-fcfbb34 e-grid e-con-boxed e-con e-child\" data-id=\"fcfbb34\" data-element_type=\"container\" data-e-type=\"container\">\n\t\t\t\t\t<div class=\"e-con-inner\">\n\t\t\t\t<div class=\"elementor-element elementor-element-58f7958 elementor-widget elementor-widget-image\" data-id=\"58f7958\" data-element_type=\"widget\" data-e-type=\"widget\" data-widget_type=\"image.default\">\n\t\t\t\t<div class=\"elementor-widget-container\">\n\t\t\t\t\t\t\t\t\t\t\t\t\t\t\t\t<a href=\"https:\/\/www.7-eleven.ca\/\" target=\"_blank\" aria-label=\"7 eleven\">\n\t\t\t\t\t\t\t<img decoding=\"async\" width=\"240\" height=\"180\" src=\"https:\/\/stpcdnimage.imgix.net\/ca-fr\/wp-content\/uploads\/sites\/10\/2025\/04\/7-ElevenColour.png?auto=format%2Ccompress\" class=\"attachment-full size-full wp-image-7664\" alt=\"\" \/>\t\t\t\t\t\t\t\t<\/a>\n\t\t\t\t\t\t\t\t\t\t\t\t\t\t\t<\/div>\n\t\t\t\t<\/div>\n\t\t\t\t<div class=\"elementor-element elementor-element-b1b1602 elementor-widget elementor-widget-image\" data-id=\"b1b1602\" data-element_type=\"widget\" data-e-type=\"widget\" data-widget_type=\"image.default\">\n\t\t\t\t<div class=\"elementor-widget-container\">\n\t\t\t\t\t\t\t\t\t\t\t\t\t\t\t<img decoding=\"async\" width=\"240\" height=\"180\" src=\"https:\/\/stpcdnimage.imgix.net\/ca-fr\/wp-content\/uploads\/sites\/10\/2025\/04\/AAC-.png?auto=format%2Ccompress\" class=\"attachment-full size-full wp-image-7661\" alt=\"\" \/>\t\t\t\t\t\t\t\t\t\t\t\t\t\t\t<\/div>\n\t\t\t\t<\/div>\n\t\t\t\t<div class=\"elementor-element elementor-element-2dffc98 elementor-widget elementor-widget-image\" data-id=\"2dffc98\" data-element_type=\"widget\" data-e-type=\"widget\" data-widget_type=\"image.default\">\n\t\t\t\t<div class=\"elementor-widget-container\">\n\t\t\t\t\t\t\t\t\t\t\t\t\t\t\t\t<a href=\"https:\/\/www.canadiantire.ca\/en\/all-brands\/stp.html\" target=\"_blank\" aria-label=\"canadian tire\">\n\t\t\t\t\t\t\t<img decoding=\"async\" width=\"240\" height=\"180\" src=\"https:\/\/stpcdnimage.imgix.net\/ca-fr\/wp-content\/uploads\/sites\/10\/2025\/04\/Canadian-TireColour.png?auto=format%2Ccompress\" class=\"attachment-full size-full wp-image-7665\" alt=\"\" \/>\t\t\t\t\t\t\t\t<\/a>\n\t\t\t\t\t\t\t\t\t\t\t\t\t\t\t<\/div>\n\t\t\t\t<\/div>\n\t\t\t\t<div class=\"elementor-element elementor-element-2ad1616 elementor-widget elementor-widget-image\" data-id=\"2ad1616\" data-element_type=\"widget\" data-e-type=\"widget\" data-widget_type=\"image.default\">\n\t\t\t\t<div class=\"elementor-widget-container\">\n\t\t\t\t\t\t\t\t\t\t\t\t\t\t\t\t<a href=\"http:\/\/www.carquest.ca\/\" target=\"_blank\" aria-label=\"carquest\">\n\t\t\t\t\t\t\t<img loading=\"lazy\" decoding=\"async\" width=\"240\" height=\"180\" src=\"https:\/\/stpcdnimage.imgix.net\/ca-fr\/wp-content\/uploads\/sites\/10\/2025\/04\/CarQuestColour.png?auto=format%2Ccompress\" class=\"attachment-full size-full wp-image-7666\" alt=\"\" \/>\t\t\t\t\t\t\t\t<\/a>\n\t\t\t\t\t\t\t\t\t\t\t\t\t\t\t<\/div>\n\t\t\t\t<\/div>\n\t\t\t\t<div class=\"elementor-element elementor-element-b809977 elementor-widget elementor-widget-image\" data-id=\"b809977\" data-element_type=\"widget\" data-e-type=\"widget\" data-widget_type=\"image.default\">\n\t\t\t\t<div class=\"elementor-widget-container\">\n\t\t\t\t\t\t\t\t\t\t\t\t\t\t\t\t<a href=\"https:\/\/www.esso.ca\/en-ca\" target=\"_blank\" aria-label=\"esso\">\n\t\t\t\t\t\t\t<img loading=\"lazy\" decoding=\"async\" width=\"240\" height=\"180\" src=\"https:\/\/stpcdnimage.imgix.net\/ca-fr\/wp-content\/uploads\/sites\/10\/2025\/04\/EssoColour.png?auto=format%2Ccompress\" class=\"attachment-full size-full wp-image-7667\" alt=\"\" \/>\t\t\t\t\t\t\t\t<\/a>\n\t\t\t\t\t\t\t\t\t\t\t\t\t\t\t<\/div>\n\t\t\t\t<\/div>\n\t\t\t\t<div class=\"elementor-element elementor-element-1a51e31 elementor-widget elementor-widget-image\" data-id=\"1a51e31\" data-element_type=\"widget\" data-e-type=\"widget\" data-widget_type=\"image.default\">\n\t\t\t\t<div class=\"elementor-widget-container\">\n\t\t\t\t\t\t\t\t\t\t\t\t\t\t\t\t<a href=\"https:\/\/www.homedepot.ca\/search?q=STP#!q=STP\" target=\"_blank\" aria-label=\"the home depot\">\n\t\t\t\t\t\t\t<img loading=\"lazy\" decoding=\"async\" width=\"240\" height=\"180\" src=\"https:\/\/stpcdnimage.imgix.net\/ca-fr\/wp-content\/uploads\/sites\/10\/2025\/04\/TheHomeDepotColour.png?auto=format%2Ccompress\" class=\"attachment-full size-full wp-image-7668\" alt=\"\" \/>\t\t\t\t\t\t\t\t<\/a>\n\t\t\t\t\t\t\t\t\t\t\t\t\t\t\t<\/div>\n\t\t\t\t<\/div>\n\t\t\t\t<div class=\"elementor-element elementor-element-a909681 elementor-widget elementor-widget-image\" data-id=\"a909681\" data-element_type=\"widget\" data-e-type=\"widget\" data-widget_type=\"image.default\">\n\t\t\t\t<div class=\"elementor-widget-container\">\n\t\t\t\t\t\t\t\t\t\t\t\t\t\t\t\t<a href=\"http:\/\/homehardware.ca\/en\/search?query=stp\" target=\"_blank\" aria-label=\"home hardware\">\n\t\t\t\t\t\t\t<img loading=\"lazy\" decoding=\"async\" width=\"240\" height=\"180\" src=\"https:\/\/stpcdnimage.imgix.net\/ca-fr\/wp-content\/uploads\/sites\/10\/2025\/04\/Home-HardwareColour.png?auto=format%2Ccompress\" class=\"attachment-full size-full wp-image-7669\" alt=\"\" \/>\t\t\t\t\t\t\t\t<\/a>\n\t\t\t\t\t\t\t\t\t\t\t\t\t\t\t<\/div>\n\t\t\t\t<\/div>\n\t\t\t\t<div class=\"elementor-element elementor-element-c83b0ef elementor-widget elementor-widget-image\" data-id=\"c83b0ef\" data-element_type=\"widget\" data-e-type=\"widget\" data-widget_type=\"image.default\">\n\t\t\t\t<div class=\"elementor-widget-container\">\n\t\t\t\t\t\t\t\t\t\t\t\t\t\t\t<img loading=\"lazy\" decoding=\"async\" width=\"240\" height=\"180\" src=\"https:\/\/stpcdnimage.imgix.net\/ca-fr\/wp-content\/uploads\/sites\/10\/2025\/04\/HuskyColour.png?auto=format%2Ccompress\" class=\"attachment-full size-full wp-image-7670\" alt=\"\" \/>\t\t\t\t\t\t\t\t\t\t\t\t\t\t\t<\/div>\n\t\t\t\t<\/div>\n\t\t\t\t<div class=\"elementor-element elementor-element-51f4f46 elementor-widget elementor-widget-image\" data-id=\"51f4f46\" data-element_type=\"widget\" data-e-type=\"widget\" data-widget_type=\"image.default\">\n\t\t\t\t<div class=\"elementor-widget-container\">\n\t\t\t\t\t\t\t\t\t\t\t\t\t\t\t\t<a href=\"https:\/\/lordco.com\/\" target=\"_blank\" aria-label=\"lordco\">\n\t\t\t\t\t\t\t<img loading=\"lazy\" decoding=\"async\" width=\"240\" height=\"180\" src=\"https:\/\/stpcdnimage.imgix.net\/ca-fr\/wp-content\/uploads\/sites\/10\/2025\/04\/LORDCOColour.png?auto=format%2Ccompress\" class=\"attachment-full size-full wp-image-7671\" alt=\"\" \/>\t\t\t\t\t\t\t\t<\/a>\n\t\t\t\t\t\t\t\t\t\t\t\t\t\t\t<\/div>\n\t\t\t\t<\/div>\n\t\t\t\t<div class=\"elementor-element elementor-element-5ef7cf8 elementor-widget elementor-widget-image\" data-id=\"5ef7cf8\" data-element_type=\"widget\" data-e-type=\"widget\" data-widget_type=\"image.default\">\n\t\t\t\t<div class=\"elementor-widget-container\">\n\t\t\t\t\t\t\t\t\t\t\t\t\t\t\t\t<a href=\"https:\/\/www.mobilfuel.ca\/en-ca\" target=\"_blank\" aria-label=\"mobil\">\n\t\t\t\t\t\t\t<img loading=\"lazy\" decoding=\"async\" width=\"240\" height=\"180\" src=\"https:\/\/stpcdnimage.imgix.net\/ca-fr\/wp-content\/uploads\/sites\/10\/2025\/04\/MobilColour-1.png?auto=format%2Ccompress\" class=\"attachment-full size-full wp-image-7672\" alt=\"\" \/>\t\t\t\t\t\t\t\t<\/a>\n\t\t\t\t\t\t\t\t\t\t\t\t\t\t\t<\/div>\n\t\t\t\t<\/div>\n\t\t\t\t<div class=\"elementor-element elementor-element-10ecc03 elementor-widget elementor-widget-image\" data-id=\"10ecc03\" data-element_type=\"widget\" data-e-type=\"widget\" data-widget_type=\"image.default\">\n\t\t\t\t<div class=\"elementor-widget-container\">\n\t\t\t\t\t\t\t\t\t\t\t\t\t\t\t\t<a href=\"https:\/\/www.napacanada.com\/en\/search?text=stp&#038;referer=semantic&#038;se=1&#038;txtUser=\" target=\"_blank\" aria-label=\"napa\">\n\t\t\t\t\t\t\t<img loading=\"lazy\" decoding=\"async\" width=\"240\" height=\"180\" src=\"https:\/\/stpcdnimage.imgix.net\/ca-fr\/wp-content\/uploads\/sites\/10\/2025\/04\/NAPA-Auto-PartsColour.png?auto=format%2Ccompress\" class=\"attachment-full size-full wp-image-7673\" alt=\"\" \/>\t\t\t\t\t\t\t\t<\/a>\n\t\t\t\t\t\t\t\t\t\t\t\t\t\t\t<\/div>\n\t\t\t\t<\/div>\n\t\t\t\t<div class=\"elementor-element elementor-element-c7a4db1 elementor-widget elementor-widget-image\" data-id=\"c7a4db1\" data-element_type=\"widget\" data-e-type=\"widget\" data-widget_type=\"image.default\">\n\t\t\t\t<div class=\"elementor-widget-container\">\n\t\t\t\t\t\t\t\t\t\t\t\t\t\t\t\t<a href=\"https:\/\/peaveymart.com\/search?query=stp\" target=\"_blank\" aria-label=\"peavey\">\n\t\t\t\t\t\t\t<img loading=\"lazy\" decoding=\"async\" width=\"240\" height=\"180\" src=\"https:\/\/stpcdnimage.imgix.net\/ca-fr\/wp-content\/uploads\/sites\/10\/2025\/04\/Peavey-MartColour.png?auto=format%2Ccompress\" class=\"attachment-full size-full wp-image-7674\" alt=\"\" \/>\t\t\t\t\t\t\t\t<\/a>\n\t\t\t\t\t\t\t\t\t\t\t\t\t\t\t<\/div>\n\t\t\t\t<\/div>\n\t\t\t\t<div class=\"elementor-element elementor-element-e2568a6 elementor-widget elementor-widget-image\" data-id=\"e2568a6\" data-element_type=\"widget\" data-e-type=\"widget\" data-widget_type=\"image.default\">\n\t\t\t\t<div class=\"elementor-widget-container\">\n\t\t\t\t\t\t\t\t\t\t\t\t\t\t\t\t<a href=\"https:\/\/www.petro-canada.ca\/en\/personal\" target=\"_blank\" aria-label=\"petro canada\">\n\t\t\t\t\t\t\t<img loading=\"lazy\" decoding=\"async\" width=\"240\" height=\"180\" src=\"https:\/\/stpcdnimage.imgix.net\/ca-fr\/wp-content\/uploads\/sites\/10\/2025\/04\/Petro-CanadaColour.png?auto=format%2Ccompress\" class=\"attachment-full size-full wp-image-7675\" alt=\"\" \/>\t\t\t\t\t\t\t\t<\/a>\n\t\t\t\t\t\t\t\t\t\t\t\t\t\t\t<\/div>\n\t\t\t\t<\/div>\n\t\t\t\t<div class=\"elementor-element elementor-element-fdfeb5b elementor-widget elementor-widget-image\" data-id=\"fdfeb5b\" data-element_type=\"widget\" data-e-type=\"widget\" data-widget_type=\"image.default\">\n\t\t\t\t<div class=\"elementor-widget-container\">\n\t\t\t\t\t\t\t\t\t\t\t\t\t\t\t\t<a href=\"https:\/\/www.pioneer.ca\/en\/\" target=\"_blank\" aria-label=\"pioneer\">\n\t\t\t\t\t\t\t<img loading=\"lazy\" decoding=\"async\" width=\"240\" height=\"180\" src=\"https:\/\/stpcdnimage.imgix.net\/ca-fr\/wp-content\/uploads\/sites\/10\/2025\/04\/PioneerColour-1.png?auto=format%2Ccompress\" class=\"attachment-full size-full wp-image-7676\" alt=\"\" \/>\t\t\t\t\t\t\t\t<\/a>\n\t\t\t\t\t\t\t\t\t\t\t\t\t\t\t<\/div>\n\t\t\t\t<\/div>\n\t\t\t\t<div class=\"elementor-element elementor-element-19ac660 elementor-widget elementor-widget-image\" data-id=\"19ac660\" data-element_type=\"widget\" data-e-type=\"widget\" data-widget_type=\"image.default\">\n\t\t\t\t<div class=\"elementor-widget-container\">\n\t\t\t\t\t\t\t\t\t\t\t\t\t\t\t\t<a href=\"https:\/\/www.shell.ca\/\" target=\"_blank\" aria-label=\"shell\">\n\t\t\t\t\t\t\t<img loading=\"lazy\" decoding=\"async\" width=\"240\" height=\"180\" src=\"https:\/\/stpcdnimage.imgix.net\/ca-fr\/wp-content\/uploads\/sites\/10\/2025\/04\/ShellColour.png?auto=format%2Ccompress\" class=\"attachment-full size-full wp-image-7677\" alt=\"\" \/>\t\t\t\t\t\t\t\t<\/a>\n\t\t\t\t\t\t\t\t\t\t\t\t\t\t\t<\/div>\n\t\t\t\t<\/div>\n\t\t\t\t<div class=\"elementor-element elementor-element-328729a elementor-widget elementor-widget-image\" data-id=\"328729a\" data-element_type=\"widget\" data-e-type=\"widget\" data-widget_type=\"image.default\">\n\t\t\t\t<div class=\"elementor-widget-container\">\n\t\t\t\t\t\t\t\t\t\t\t\t\t\t\t\t<a href=\"https:\/\/www.uniselect.com\/\" target=\"_blank\" aria-label=\"uni select\">\n\t\t\t\t\t\t\t<img loading=\"lazy\" decoding=\"async\" width=\"240\" height=\"180\" src=\"https:\/\/stpcdnimage.imgix.net\/ca-fr\/wp-content\/uploads\/sites\/10\/2025\/04\/Uni-SelectColour.png?auto=format%2Ccompress\" class=\"attachment-full size-full wp-image-7678\" alt=\"\" \/>\t\t\t\t\t\t\t\t<\/a>\n\t\t\t\t\t\t\t\t\t\t\t\t\t\t\t<\/div>\n\t\t\t\t<\/div>\n\t\t\t\t<div class=\"elementor-element elementor-element-b9ae6f2 elementor-widget elementor-widget-image\" data-id=\"b9ae6f2\" data-element_type=\"widget\" data-e-type=\"widget\" data-widget_type=\"image.default\">\n\t\t\t\t<div class=\"elementor-widget-container\">\n\t\t\t\t\t\t\t\t\t\t\t\t\t\t\t\t<a href=\"https:\/\/www.walmart.ca\/search?q=STP\" target=\"_blank\" aria-label=\"walmart\">\n\t\t\t\t\t\t\t<img loading=\"lazy\" decoding=\"async\" width=\"240\" height=\"180\" src=\"https:\/\/stpcdnimage.imgix.net\/ca-fr\/wp-content\/uploads\/sites\/10\/2025\/04\/WalmartColour.png?auto=format%2Ccompress\" class=\"attachment-full size-full wp-image-7679\" alt=\"\" \/>\t\t\t\t\t\t\t\t<\/a>\n\t\t\t\t\t\t\t\t\t\t\t\t\t\t\t<\/div>\n\t\t\t\t<\/div>\n\t\t\t\t\t<\/div>\n\t\t\t\t<\/div>\n\t\t\t\t\t<\/div>\n\t\t\t\t<\/div>\n\t\t\t\t\t<\/div>\n\t\t\t\t<\/div>\n\t\t\t\t<\/div>\n\t\t","protected":false},"excerpt":{"rendered":"<p>Trouver un d\u00e9taillant Vous pouvez trouver STP chez tous ces d\u00e9taillants<\/p>\n","protected":false},"author":1,"featured_media":0,"parent":4227,"menu_order":0,"comment_status":"closed","ping_status":"closed","template":"","meta":{"_acf_changed":false,"footnotes":""},"class_list":["post-7656","page","type-page","status-publish","hentry"],"acf":[],"yoast_head":"<!-- This site is optimized with the Yoast SEO plugin v27.4 - https:\/\/yoast.com\/product\/yoast-seo-wordpress\/ -->\n<title>Trouver un d\u00e9taillant - STP CA FR<\/title>\n<meta name=\"robots\" content=\"index, follow, max-snippet:-1, max-image-preview:large, max-video-preview:-1\" \/>\n<link rel=\"canonical\" href=\"https:\/\/stp.com\/ca-fr\/a-propos-de-nous\/trouver-un-detaillant\/\" \/>\n<meta property=\"og:locale\" content=\"en_US\" \/>\n<meta property=\"og:type\" content=\"article\" \/>\n<meta property=\"og:title\" content=\"Trouver un d\u00e9taillant - STP CA FR\" \/>\n<meta property=\"og:description\" content=\"Trouver un d\u00e9taillant Vous pouvez trouver STP chez tous ces d\u00e9taillants\" \/>\n<meta property=\"og:url\" content=\"https:\/\/stp.com\/ca-fr\/a-propos-de-nous\/trouver-un-detaillant\/\" \/>\n<meta property=\"og:site_name\" content=\"STP CA FR\" \/>\n<meta property=\"article:modified_time\" content=\"2025-07-22T13:34:23+00:00\" \/>\n<meta property=\"og:image\" content=\"https:\/\/stp.com\/ca-fr\/wp-content\/uploads\/sites\/10\/2025\/04\/7-ElevenColour.png\" \/>\n<meta name=\"twitter:card\" content=\"summary_large_image\" \/>\n<meta name=\"twitter:label1\" content=\"Est. reading time\" \/>\n\t<meta name=\"twitter:data1\" content=\"4 minutes\" \/>\n<script type=\"application\/ld+json\" class=\"yoast-schema-graph\">{\"@context\":\"https:\\\/\\\/schema.org\",\"@graph\":[{\"@type\":\"WebPage\",\"@id\":\"https:\\\/\\\/stp.com\\\/ca-fr\\\/a-propos-de-nous\\\/trouver-un-detaillant\\\/\",\"url\":\"https:\\\/\\\/stp.com\\\/ca-fr\\\/a-propos-de-nous\\\/trouver-un-detaillant\\\/\",\"name\":\"Trouver un d\u00e9taillant - STP CA FR\",\"isPartOf\":{\"@id\":\"https:\\\/\\\/c38a2c2a6e.nxcli.io\\\/ca-fr\\\/#website\"},\"primaryImageOfPage\":{\"@id\":\"https:\\\/\\\/stp.com\\\/ca-fr\\\/a-propos-de-nous\\\/trouver-un-detaillant\\\/#primaryimage\"},\"image\":{\"@id\":\"https:\\\/\\\/stp.com\\\/ca-fr\\\/a-propos-de-nous\\\/trouver-un-detaillant\\\/#primaryimage\"},\"thumbnailUrl\":\"https:\\\/\\\/stp.com\\\/ca-fr\\\/wp-content\\\/uploads\\\/sites\\\/10\\\/2025\\\/04\\\/7-ElevenColour.png\",\"datePublished\":\"2025-04-16T12:29:38+00:00\",\"dateModified\":\"2025-07-22T13:34:23+00:00\",\"breadcrumb\":{\"@id\":\"https:\\\/\\\/stp.com\\\/ca-fr\\\/a-propos-de-nous\\\/trouver-un-detaillant\\\/#breadcrumb\"},\"inLanguage\":\"en-US\",\"potentialAction\":[{\"@type\":\"ReadAction\",\"target\":[\"https:\\\/\\\/stp.com\\\/ca-fr\\\/a-propos-de-nous\\\/trouver-un-detaillant\\\/\"]}]},{\"@type\":\"ImageObject\",\"inLanguage\":\"en-US\",\"@id\":\"https:\\\/\\\/stp.com\\\/ca-fr\\\/a-propos-de-nous\\\/trouver-un-detaillant\\\/#primaryimage\",\"url\":\"https:\\\/\\\/stpcdnimage.imgix.net\\\/ca-fr\\\/wp-content\\\/uploads\\\/sites\\\/10\\\/2025\\\/04\\\/7-ElevenColour.png?auto=format%2Ccompress\",\"contentUrl\":\"https:\\\/\\\/stpcdnimage.imgix.net\\\/ca-fr\\\/wp-content\\\/uploads\\\/sites\\\/10\\\/2025\\\/04\\\/7-ElevenColour.png?auto=format%2Ccompress\",\"width\":240,\"height\":180},{\"@type\":\"BreadcrumbList\",\"@id\":\"https:\\\/\\\/stp.com\\\/ca-fr\\\/a-propos-de-nous\\\/trouver-un-detaillant\\\/#breadcrumb\",\"itemListElement\":[{\"@type\":\"ListItem\",\"position\":1,\"name\":\"Home\",\"item\":\"https:\\\/\\\/stp.com\\\/ca-fr\\\/\"},{\"@type\":\"ListItem\",\"position\":2,\"name\":\"\u00c0 propos de nous\",\"item\":\"https:\\\/\\\/stp.com\\\/ca-fr\\\/a-propos-de-nous\\\/\"},{\"@type\":\"ListItem\",\"position\":3,\"name\":\"Trouver un d\u00e9taillant\"}]},{\"@type\":\"WebSite\",\"@id\":\"https:\\\/\\\/c38a2c2a6e.nxcli.io\\\/ca-fr\\\/#website\",\"url\":\"https:\\\/\\\/c38a2c2a6e.nxcli.io\\\/ca-fr\\\/\",\"name\":\"STP CA FR\",\"description\":\"Science. Technology. Performance\",\"potentialAction\":[{\"@type\":\"SearchAction\",\"target\":{\"@type\":\"EntryPoint\",\"urlTemplate\":\"https:\\\/\\\/c38a2c2a6e.nxcli.io\\\/ca-fr\\\/?s={search_term_string}\"},\"query-input\":{\"@type\":\"PropertyValueSpecification\",\"valueRequired\":true,\"valueName\":\"search_term_string\"}}],\"inLanguage\":\"en-US\"}]}<\/script>\n<!-- \/ Yoast SEO plugin. -->","yoast_head_json":{"title":"Trouver un d\u00e9taillant - STP CA FR","robots":{"index":"index","follow":"follow","max-snippet":"max-snippet:-1","max-image-preview":"max-image-preview:large","max-video-preview":"max-video-preview:-1"},"canonical":"https:\/\/stp.com\/ca-fr\/a-propos-de-nous\/trouver-un-detaillant\/","og_locale":"en_US","og_type":"article","og_title":"Trouver un d\u00e9taillant - STP CA FR","og_description":"Trouver un d\u00e9taillant Vous pouvez trouver STP chez tous ces d\u00e9taillants","og_url":"https:\/\/stp.com\/ca-fr\/a-propos-de-nous\/trouver-un-detaillant\/","og_site_name":"STP CA FR","article_modified_time":"2025-07-22T13:34:23+00:00","og_image":[{"url":"https:\/\/stp.com\/ca-fr\/wp-content\/uploads\/sites\/10\/2025\/04\/7-ElevenColour.png","type":"","width":"","height":""}],"twitter_card":"summary_large_image","twitter_misc":{"Est. reading time":"4 minutes"},"schema":{"@context":"https:\/\/schema.org","@graph":[{"@type":"WebPage","@id":"https:\/\/stp.com\/ca-fr\/a-propos-de-nous\/trouver-un-detaillant\/","url":"https:\/\/stp.com\/ca-fr\/a-propos-de-nous\/trouver-un-detaillant\/","name":"Trouver un d\u00e9taillant - STP CA FR","isPartOf":{"@id":"https:\/\/c38a2c2a6e.nxcli.io\/ca-fr\/#website"},"primaryImageOfPage":{"@id":"https:\/\/stp.com\/ca-fr\/a-propos-de-nous\/trouver-un-detaillant\/#primaryimage"},"image":{"@id":"https:\/\/stp.com\/ca-fr\/a-propos-de-nous\/trouver-un-detaillant\/#primaryimage"},"thumbnailUrl":"https:\/\/stp.com\/ca-fr\/wp-content\/uploads\/sites\/10\/2025\/04\/7-ElevenColour.png","datePublished":"2025-04-16T12:29:38+00:00","dateModified":"2025-07-22T13:34:23+00:00","breadcrumb":{"@id":"https:\/\/stp.com\/ca-fr\/a-propos-de-nous\/trouver-un-detaillant\/#breadcrumb"},"inLanguage":"en-US","potentialAction":[{"@type":"ReadAction","target":["https:\/\/stp.com\/ca-fr\/a-propos-de-nous\/trouver-un-detaillant\/"]}]},{"@type":"ImageObject","inLanguage":"en-US","@id":"https:\/\/stp.com\/ca-fr\/a-propos-de-nous\/trouver-un-detaillant\/#primaryimage","url":"https:\/\/stpcdnimage.imgix.net\/ca-fr\/wp-content\/uploads\/sites\/10\/2025\/04\/7-ElevenColour.png?auto=format%2Ccompress","contentUrl":"https:\/\/stpcdnimage.imgix.net\/ca-fr\/wp-content\/uploads\/sites\/10\/2025\/04\/7-ElevenColour.png?auto=format%2Ccompress","width":240,"height":180},{"@type":"BreadcrumbList","@id":"https:\/\/stp.com\/ca-fr\/a-propos-de-nous\/trouver-un-detaillant\/#breadcrumb","itemListElement":[{"@type":"ListItem","position":1,"name":"Home","item":"https:\/\/stp.com\/ca-fr\/"},{"@type":"ListItem","position":2,"name":"\u00c0 propos de nous","item":"https:\/\/stp.com\/ca-fr\/a-propos-de-nous\/"},{"@type":"ListItem","position":3,"name":"Trouver un d\u00e9taillant"}]},{"@type":"WebSite","@id":"https:\/\/c38a2c2a6e.nxcli.io\/ca-fr\/#website","url":"https:\/\/c38a2c2a6e.nxcli.io\/ca-fr\/","name":"STP CA FR","description":"Science. Technology. Performance","potentialAction":[{"@type":"SearchAction","target":{"@type":"EntryPoint","urlTemplate":"https:\/\/c38a2c2a6e.nxcli.io\/ca-fr\/?s={search_term_string}"},"query-input":{"@type":"PropertyValueSpecification","valueRequired":true,"valueName":"search_term_string"}}],"inLanguage":"en-US"}]}},"_links":{"self":[{"href":"https:\/\/stp.com\/ca-fr\/wp-json\/wp\/v2\/pages\/7656","targetHints":{"allow":["GET"]}}],"collection":[{"href":"https:\/\/stp.com\/ca-fr\/wp-json\/wp\/v2\/pages"}],"about":[{"href":"https:\/\/stp.com\/ca-fr\/wp-json\/wp\/v2\/types\/page"}],"author":[{"embeddable":true,"href":"https:\/\/stp.com\/ca-fr\/wp-json\/wp\/v2\/users\/1"}],"replies":[{"embeddable":true,"href":"https:\/\/stp.com\/ca-fr\/wp-json\/wp\/v2\/comments?post=7656"}],"version-history":[{"count":26,"href":"https:\/\/stp.com\/ca-fr\/wp-json\/wp\/v2\/pages\/7656\/revisions"}],"predecessor-version":[{"id":9142,"href":"https:\/\/stp.com\/ca-fr\/wp-json\/wp\/v2\/pages\/7656\/revisions\/9142"}],"up":[{"embeddable":true,"href":"https:\/\/stp.com\/ca-fr\/wp-json\/wp\/v2\/pages\/4227"}],"wp:attachment":[{"href":"https:\/\/stp.com\/ca-fr\/wp-json\/wp\/v2\/media?parent=7656"}],"curies":[{"name":"wp","href":"https:\/\/api.w.org\/{rel}","templated":true}]}}