{"id":5924,"date":"2025-04-04T19:32:07","date_gmt":"2025-04-04T14:02:07","guid":{"rendered":"https:\/\/c38a2c2a6e.nxcli.io\/ca-fr\/?page_id=5924"},"modified":"2025-06-20T17:48:18","modified_gmt":"2025-06-20T12:18:18","slug":"emission-de-fumee-et-gaz-dechappement","status":"publish","type":"page","link":"https:\/\/stp.com\/ca-fr\/solutionneur-de-problemes\/emission-de-fumee-et-gaz-dechappement\/","title":{"rendered":"\u00c9mission de fum\u00e9e et gaz d\u2019\u00e9chappement"},"content":{"rendered":"\t\t<div data-elementor-type=\"wp-page\" data-elementor-id=\"5924\" class=\"elementor elementor-5924\" data-elementor-post-type=\"page\">\n\t\t\t\t<div class=\"elementor-element elementor-element-2f93c9e e-flex e-con-boxed e-con e-parent\" data-id=\"2f93c9e\" data-element_type=\"container\" data-e-type=\"container\" data-settings=\"{&quot;background_background&quot;:&quot;classic&quot;}\">\n\t\t\t\t\t<div class=\"e-con-inner\">\n\t\t\t\t<div class=\"elementor-element elementor-element-6942a9b breadcrumb elementor-widget elementor-widget-breadcrumbs\" data-id=\"6942a9b\" data-element_type=\"widget\" data-e-type=\"widget\" data-widget_type=\"breadcrumbs.default\">\n\t\t\t\t<div class=\"elementor-widget-container\">\n\t\t\t\t\t<p id=\"breadcrumbs\"><span><span><a href=\"https:\/\/stp.com\/ca-fr\/\">Home<\/a><\/span><\/span><\/p>\t\t\t\t<\/div>\n\t\t\t\t<\/div>\n\t\t<div class=\"elementor-element elementor-element-e468df4 e-con-full e-flex e-con e-child\" data-id=\"e468df4\" data-element_type=\"container\" data-e-type=\"container\">\n\t\t<div class=\"elementor-element elementor-element-b1b1e67 e-con-full product__head e-flex e-con e-child\" data-id=\"b1b1e67\" data-element_type=\"container\" data-e-type=\"container\">\n\t\t\t\t<\/div>\n\t\t\t\t<\/div>\n\t\t\t\t\t<\/div>\n\t\t\t\t<\/div>\n\t\t<div class=\"elementor-element elementor-element-e200df6 top-red-border e-flex e-con-boxed e-con e-parent\" data-id=\"e200df6\" data-element_type=\"container\" data-e-type=\"container\" data-settings=\"{&quot;background_background&quot;:&quot;classic&quot;}\">\n\t\t\t\t\t<div class=\"e-con-inner\">\n\t\t<div class=\"elementor-element elementor-element-ffadb38 e-con-full e-flex e-con e-child\" data-id=\"ffadb38\" data-element_type=\"container\" data-e-type=\"container\">\n\t\t\t\t<div class=\"elementor-element elementor-element-1014e61 elementor-position-right elementor-vertical-align-middle image-text-section elementor-widget elementor-widget-image-box\" data-id=\"1014e61\" data-element_type=\"widget\" data-e-type=\"widget\" data-widget_type=\"image-box.default\">\n\t\t\t\t<div class=\"elementor-widget-container\">\n\t\t\t\t\t<div class=\"elementor-image-box-wrapper\"><figure class=\"elementor-image-box-img\"><img fetchpriority=\"high\" decoding=\"async\" width=\"2560\" height=\"1450\" src=\"https:\/\/stpcdnimage.imgix.net\/wp-content\/uploads\/sites\/10\/2025\/04\/smketrtmnt_dkr-scaled-1.avif\" class=\"attachment-full size-full wp-image-5927\" alt=\"\u00c9MISSION DE FUM\u00c9E ET GAZ D&#039;\u00c9CHAPPEMENT\" \/><\/figure><div class=\"elementor-image-box-content\"><p class=\"elementor-image-box-description\">Avez-vous remarqu\u00e9 que votre syst\u00e8me d\u2019\u00e9chappement produisait une fum\u00e9e plus dense que d\u2019habitude? Les \u00e9missions excessives de gaz d\u2019\u00e9chappement peuvent sembler inqui\u00e9tantes, mais il existe une solution pour y rem\u00e9dier. Les chambres de combustion \u00e0 l\u2019int\u00e9rieur de votre moteur sont con\u00e7ues pour br\u00fbler un m\u00e9lange d\u2019air et de carburant, et rien d\u2019autre. \u00c0 mesure que le kilom\u00e9trage augmente, de l\u2019huile peut s\u2019infiltrer dans les chambres de combustion. Ce ph\u00e9nom\u00e8ne de fuite d\u2019huile se produit souvent lorsque la friction et le contact entre les pi\u00e8ces de m\u00e9tal ont entra\u00een\u00e9 de l\u2019usure et cr\u00e9\u00e9 des espaces entre les parois du cylindre, les segments de piston et les joints de guide de soupape.\n\n<\/p><\/div><\/div>\t\t\t\t<\/div>\n\t\t\t\t<\/div>\n\t\t\t\t<\/div>\n\t\t\t\t\t<\/div>\n\t\t\t\t<\/div>\n\t\t<div class=\"elementor-element elementor-element-649ba20 prod-related-container e-flex e-con-boxed e-con e-child\" data-id=\"649ba20\" data-element_type=\"container\" data-e-type=\"container\" data-settings=\"{&quot;background_background&quot;:&quot;classic&quot;}\">\n\t\t\t\t\t<div class=\"e-con-inner\">\n\t\t\t\t<div class=\"elementor-element elementor-element-93593b0 arm__product-related elementor-widget elementor-widget-shortcode\" data-id=\"93593b0\" data-element_type=\"widget\" data-e-type=\"widget\" data-widget_type=\"shortcode.default\">\n\t\t\t\t<div class=\"elementor-widget-container\">\n\t\t\t\t\t\t\t<div class=\"elementor-shortcode\">\t<div class=\"product_related\">\n\t\t\t\t\t<div class=\"section-intro section-intro--left\" id=\"anchor-intro-block_\">\n\n\t\t\t\t\t<div class=\"section-intro__content\" id=\"anchor-intro-content_\">\n\t\t\t\t\t\t<div role=\"doc-subtitle\">Produit formul\u00e9 pour aider \u00e0 \u00e9viter ce probl\u00e8me\n<\/div>\n\t\t\t\t\t<\/div>\n\n\t\t\t\t<div class=\"section-intro__button\">\n\t\t\t\t\t\t\t\t\t<\/div>\n\t\t\t<\/div>\n\t\t\t\t<div class=\"building-block\">\n\t\t\t<div class=\"slider slider--listing\" role=\"region\" aria-roledescription=\"carousel\" aria-label=\"Featured product carousel\" data-items-0=\"1\" data-items-500=\"2\" data-items-900=\"3\" data-items-1200=\"4\" data-autoplay=\"false\">\n\t\t\t\t<div class=\"slider__controls\">\n\t\t\t\t\t\t\t\t\t\t\t\t\t\t<\/div>\n\t\t\t\t<div class=\"slider__wrapper\">\n\t\t\t\t\t<ul class=\"slider__panels\" id=\"slider-123\" class=\"carousel-items\" aria-live=\"polite\">\n\t\t\t\t\t\t \t\t\t\t\t\t\t<li class=\"slider__panel\" aria-hidden=\"false\" tabindex=\"-1\" aria-label=\"Slide 1 of 1\">\n\t\t\t\t\t\t\t\t <div class=\"grid grid-cols-4 grid-gutter-md\">\n\t\t\t\t\t\t\t\t\t\t\t\t\t\t\t\t\t\t\t<div class=\"card card--product\">\n\t\t\t\t\t\t\t\t\t\t\t<div class=\"card__image card__image--has-rollover\">\n\t\t\t\t\t\t\t\t\t\t\t\t<img decoding=\"async\" src=\"https:\/\/stpcdnimage.imgix.net\/global-media\/wp-content\/uploads\/sites\/6\/product-images\/E302906900_01.png\"  alt=\"TRAITEMENT ANTI-FUM\u00c9E Image 1\" class=\"\" width=\"250\" height=\"250\" \/>\n\t\t\t\t\t\t\t\t\t\t\t\t<div class=\"btn btn--solid rollover\">Voir le Producit<\/div>\n\t\t\t\t\t\t\t\t\t\t\t<\/div>\n\t\t\t\t\t\t\t\t\t\t\t<div class=\"card__pretitle\"><span class=\"card__category\">Additifs d\u2019huile et de moteur<\/span><\/div>\n\t\t\t\t\t\t\t\t\t\t\t\t<h3 class=\"h3\"><a href=\"https:\/\/stp.com\/ca-fr\/product\/traitement-anti-fumee\/\" class=\"cover-link card__link\">TRAITEMENT ANTI-FUM\u00c9E<\/a><\/h3>\n\t\t\t\t\t\t\t\t\t\t<\/div>\n\t\t\t\t\t\t\t\t\t\t\t\t\t\t\t\t\t<\/div>\n\t\t\t\t\t\t\t<\/li>\n\t\t\t\t\t\t\t\t\t\t\t<\/ul>\n\t\t\t\t<\/div>\n\t\t\t\t<div class=\"slider__nav\">\n\t\t\t\t\t\t\t\t\t\t<\/div>\n\t\t\t<\/div>\n\t\t<\/div>\n\t<\/div>\n<\/div>\n\t\t\t\t\t\t<\/div>\n\t\t\t\t<\/div>\n\t\t\t\t\t<\/div>\n\t\t\t\t<\/div>\n\t\t\t\t<\/div>\n\t\t","protected":false},"excerpt":{"rendered":"<p>Avez-vous remarqu\u00e9 que votre syst\u00e8me d\u2019\u00e9chappement produisait une fum\u00e9e plus dense que d\u2019habitude? Les \u00e9missions excessives de gaz d\u2019\u00e9chappement peuvent sembler inqui\u00e9tantes, mais il existe une solution pour y rem\u00e9dier. Les chambres de combustion \u00e0 l\u2019int\u00e9rieur de votre moteur sont con\u00e7ues pour br\u00fbler un m\u00e9lange d\u2019air et de carburant, et rien d\u2019autre. \u00c0 mesure que [&hellip;]<\/p>\n","protected":false},"author":1,"featured_media":0,"parent":416,"menu_order":0,"comment_status":"closed","ping_status":"closed","template":"","meta":{"_acf_changed":false,"footnotes":""},"class_list":["post-5924","page","type-page","status-publish","hentry"],"acf":[],"yoast_head":"<!-- This site is optimized with the Yoast SEO plugin v27.4 - https:\/\/yoast.com\/product\/yoast-seo-wordpress\/ -->\n<title>\u00c9mission de fum\u00e9e et gaz d\u2019\u00e9chappement - STP CA FR<\/title>\n<meta name=\"robots\" content=\"index, follow, max-snippet:-1, max-image-preview:large, max-video-preview:-1\" \/>\n<link rel=\"canonical\" href=\"https:\/\/stp.com\/ca-fr\/solutionneur-de-problemes\/emission-de-fumee-et-gaz-dechappement\/\" \/>\n<meta property=\"og:locale\" content=\"en_US\" \/>\n<meta property=\"og:type\" content=\"article\" \/>\n<meta property=\"og:title\" content=\"\u00c9mission de fum\u00e9e et gaz d\u2019\u00e9chappement - STP CA FR\" \/>\n<meta property=\"og:description\" content=\"Avez-vous remarqu\u00e9 que votre syst\u00e8me d\u2019\u00e9chappement produisait une fum\u00e9e plus dense que d\u2019habitude? Les \u00e9missions excessives de gaz d\u2019\u00e9chappement peuvent sembler inqui\u00e9tantes, mais il existe une solution pour y rem\u00e9dier. Les chambres de combustion \u00e0 l\u2019int\u00e9rieur de votre moteur sont con\u00e7ues pour br\u00fbler un m\u00e9lange d\u2019air et de carburant, et rien d\u2019autre. \u00c0 mesure que [&hellip;]\" \/>\n<meta property=\"og:url\" content=\"https:\/\/stp.com\/ca-fr\/solutionneur-de-problemes\/emission-de-fumee-et-gaz-dechappement\/\" \/>\n<meta property=\"og:site_name\" content=\"STP CA FR\" \/>\n<meta property=\"article:modified_time\" content=\"2025-06-20T12:18:18+00:00\" \/>\n<meta property=\"og:image\" content=\"https:\/\/stp.com\/ca-fr\/wp-content\/uploads\/sites\/10\/2025\/04\/smketrtmnt_dkr-scaled-1.avif\" \/>\n<meta name=\"twitter:card\" content=\"summary_large_image\" \/>\n<meta name=\"twitter:label1\" content=\"Est. reading time\" \/>\n\t<meta name=\"twitter:data1\" content=\"1 minute\" \/>\n<script type=\"application\/ld+json\" class=\"yoast-schema-graph\">{\"@context\":\"https:\\\/\\\/schema.org\",\"@graph\":[{\"@type\":\"WebPage\",\"@id\":\"https:\\\/\\\/stp.com\\\/ca-fr\\\/solutionneur-de-problemes\\\/emission-de-fumee-et-gaz-dechappement\\\/\",\"url\":\"https:\\\/\\\/stp.com\\\/ca-fr\\\/solutionneur-de-problemes\\\/emission-de-fumee-et-gaz-dechappement\\\/\",\"name\":\"\u00c9mission de fum\u00e9e et gaz d\u2019\u00e9chappement - STP CA FR\",\"isPartOf\":{\"@id\":\"https:\\\/\\\/c38a2c2a6e.nxcli.io\\\/ca-fr\\\/#website\"},\"primaryImageOfPage\":{\"@id\":\"https:\\\/\\\/stp.com\\\/ca-fr\\\/solutionneur-de-problemes\\\/emission-de-fumee-et-gaz-dechappement\\\/#primaryimage\"},\"image\":{\"@id\":\"https:\\\/\\\/stp.com\\\/ca-fr\\\/solutionneur-de-problemes\\\/emission-de-fumee-et-gaz-dechappement\\\/#primaryimage\"},\"thumbnailUrl\":\"https:\\\/\\\/stp.com\\\/ca-fr\\\/wp-content\\\/uploads\\\/sites\\\/10\\\/2025\\\/04\\\/smketrtmnt_dkr-scaled-1.avif\",\"datePublished\":\"2025-04-04T14:02:07+00:00\",\"dateModified\":\"2025-06-20T12:18:18+00:00\",\"breadcrumb\":{\"@id\":\"https:\\\/\\\/stp.com\\\/ca-fr\\\/solutionneur-de-problemes\\\/emission-de-fumee-et-gaz-dechappement\\\/#breadcrumb\"},\"inLanguage\":\"en-US\",\"potentialAction\":[{\"@type\":\"ReadAction\",\"target\":[\"https:\\\/\\\/stp.com\\\/ca-fr\\\/solutionneur-de-problemes\\\/emission-de-fumee-et-gaz-dechappement\\\/\"]}]},{\"@type\":\"ImageObject\",\"inLanguage\":\"en-US\",\"@id\":\"https:\\\/\\\/stp.com\\\/ca-fr\\\/solutionneur-de-problemes\\\/emission-de-fumee-et-gaz-dechappement\\\/#primaryimage\",\"url\":\"https:\\\/\\\/stpcdnimage.imgix.net\\\/wp-content\\\/uploads\\\/sites\\\/10\\\/2025\\\/04\\\/smketrtmnt_dkr-scaled-1.avif\",\"contentUrl\":\"https:\\\/\\\/stpcdnimage.imgix.net\\\/wp-content\\\/uploads\\\/sites\\\/10\\\/2025\\\/04\\\/smketrtmnt_dkr-scaled-1.avif\",\"width\":2560,\"height\":1450,\"caption\":\"\u00c9MISSION DE FUM\u00c9E ET GAZ D'\u00c9CHAPPEMENT\"},{\"@type\":\"BreadcrumbList\",\"@id\":\"https:\\\/\\\/stp.com\\\/ca-fr\\\/solutionneur-de-problemes\\\/emission-de-fumee-et-gaz-dechappement\\\/#breadcrumb\",\"itemListElement\":[{\"@type\":\"ListItem\",\"position\":1,\"name\":\"Home\",\"item\":\"https:\\\/\\\/stp.com\\\/ca-fr\\\/\"},{\"@type\":\"ListItem\",\"position\":2,\"name\":\"Solutionneur de probl\u00e8mes\",\"item\":\"https:\\\/\\\/stp.com\\\/ca-fr\\\/solutionneur-de-problemes\\\/\"},{\"@type\":\"ListItem\",\"position\":3,\"name\":\"\u00c9mission de fum\u00e9e et gaz d\u2019\u00e9chappement\"}]},{\"@type\":\"WebSite\",\"@id\":\"https:\\\/\\\/c38a2c2a6e.nxcli.io\\\/ca-fr\\\/#website\",\"url\":\"https:\\\/\\\/c38a2c2a6e.nxcli.io\\\/ca-fr\\\/\",\"name\":\"STP CA FR\",\"description\":\"Science. Technology. Performance\",\"potentialAction\":[{\"@type\":\"SearchAction\",\"target\":{\"@type\":\"EntryPoint\",\"urlTemplate\":\"https:\\\/\\\/c38a2c2a6e.nxcli.io\\\/ca-fr\\\/?s={search_term_string}\"},\"query-input\":{\"@type\":\"PropertyValueSpecification\",\"valueRequired\":true,\"valueName\":\"search_term_string\"}}],\"inLanguage\":\"en-US\"}]}<\/script>\n<!-- \/ Yoast SEO plugin. -->","yoast_head_json":{"title":"\u00c9mission de fum\u00e9e et gaz d\u2019\u00e9chappement - STP CA FR","robots":{"index":"index","follow":"follow","max-snippet":"max-snippet:-1","max-image-preview":"max-image-preview:large","max-video-preview":"max-video-preview:-1"},"canonical":"https:\/\/stp.com\/ca-fr\/solutionneur-de-problemes\/emission-de-fumee-et-gaz-dechappement\/","og_locale":"en_US","og_type":"article","og_title":"\u00c9mission de fum\u00e9e et gaz d\u2019\u00e9chappement - STP CA FR","og_description":"Avez-vous remarqu\u00e9 que votre syst\u00e8me d\u2019\u00e9chappement produisait une fum\u00e9e plus dense que d\u2019habitude? Les \u00e9missions excessives de gaz d\u2019\u00e9chappement peuvent sembler inqui\u00e9tantes, mais il existe une solution pour y rem\u00e9dier. Les chambres de combustion \u00e0 l\u2019int\u00e9rieur de votre moteur sont con\u00e7ues pour br\u00fbler un m\u00e9lange d\u2019air et de carburant, et rien d\u2019autre. \u00c0 mesure que [&hellip;]","og_url":"https:\/\/stp.com\/ca-fr\/solutionneur-de-problemes\/emission-de-fumee-et-gaz-dechappement\/","og_site_name":"STP CA FR","article_modified_time":"2025-06-20T12:18:18+00:00","og_image":[{"url":"https:\/\/stp.com\/ca-fr\/wp-content\/uploads\/sites\/10\/2025\/04\/smketrtmnt_dkr-scaled-1.avif","type":"","width":"","height":""}],"twitter_card":"summary_large_image","twitter_misc":{"Est. reading time":"1 minute"},"schema":{"@context":"https:\/\/schema.org","@graph":[{"@type":"WebPage","@id":"https:\/\/stp.com\/ca-fr\/solutionneur-de-problemes\/emission-de-fumee-et-gaz-dechappement\/","url":"https:\/\/stp.com\/ca-fr\/solutionneur-de-problemes\/emission-de-fumee-et-gaz-dechappement\/","name":"\u00c9mission de fum\u00e9e et gaz d\u2019\u00e9chappement - STP CA FR","isPartOf":{"@id":"https:\/\/c38a2c2a6e.nxcli.io\/ca-fr\/#website"},"primaryImageOfPage":{"@id":"https:\/\/stp.com\/ca-fr\/solutionneur-de-problemes\/emission-de-fumee-et-gaz-dechappement\/#primaryimage"},"image":{"@id":"https:\/\/stp.com\/ca-fr\/solutionneur-de-problemes\/emission-de-fumee-et-gaz-dechappement\/#primaryimage"},"thumbnailUrl":"https:\/\/stp.com\/ca-fr\/wp-content\/uploads\/sites\/10\/2025\/04\/smketrtmnt_dkr-scaled-1.avif","datePublished":"2025-04-04T14:02:07+00:00","dateModified":"2025-06-20T12:18:18+00:00","breadcrumb":{"@id":"https:\/\/stp.com\/ca-fr\/solutionneur-de-problemes\/emission-de-fumee-et-gaz-dechappement\/#breadcrumb"},"inLanguage":"en-US","potentialAction":[{"@type":"ReadAction","target":["https:\/\/stp.com\/ca-fr\/solutionneur-de-problemes\/emission-de-fumee-et-gaz-dechappement\/"]}]},{"@type":"ImageObject","inLanguage":"en-US","@id":"https:\/\/stp.com\/ca-fr\/solutionneur-de-problemes\/emission-de-fumee-et-gaz-dechappement\/#primaryimage","url":"https:\/\/stpcdnimage.imgix.net\/wp-content\/uploads\/sites\/10\/2025\/04\/smketrtmnt_dkr-scaled-1.avif","contentUrl":"https:\/\/stpcdnimage.imgix.net\/wp-content\/uploads\/sites\/10\/2025\/04\/smketrtmnt_dkr-scaled-1.avif","width":2560,"height":1450,"caption":"\u00c9MISSION DE FUM\u00c9E ET GAZ D'\u00c9CHAPPEMENT"},{"@type":"BreadcrumbList","@id":"https:\/\/stp.com\/ca-fr\/solutionneur-de-problemes\/emission-de-fumee-et-gaz-dechappement\/#breadcrumb","itemListElement":[{"@type":"ListItem","position":1,"name":"Home","item":"https:\/\/stp.com\/ca-fr\/"},{"@type":"ListItem","position":2,"name":"Solutionneur de probl\u00e8mes","item":"https:\/\/stp.com\/ca-fr\/solutionneur-de-problemes\/"},{"@type":"ListItem","position":3,"name":"\u00c9mission de fum\u00e9e et gaz d\u2019\u00e9chappement"}]},{"@type":"WebSite","@id":"https:\/\/c38a2c2a6e.nxcli.io\/ca-fr\/#website","url":"https:\/\/c38a2c2a6e.nxcli.io\/ca-fr\/","name":"STP CA FR","description":"Science. Technology. Performance","potentialAction":[{"@type":"SearchAction","target":{"@type":"EntryPoint","urlTemplate":"https:\/\/c38a2c2a6e.nxcli.io\/ca-fr\/?s={search_term_string}"},"query-input":{"@type":"PropertyValueSpecification","valueRequired":true,"valueName":"search_term_string"}}],"inLanguage":"en-US"}]}},"_links":{"self":[{"href":"https:\/\/stp.com\/ca-fr\/wp-json\/wp\/v2\/pages\/5924","targetHints":{"allow":["GET"]}}],"collection":[{"href":"https:\/\/stp.com\/ca-fr\/wp-json\/wp\/v2\/pages"}],"about":[{"href":"https:\/\/stp.com\/ca-fr\/wp-json\/wp\/v2\/types\/page"}],"author":[{"embeddable":true,"href":"https:\/\/stp.com\/ca-fr\/wp-json\/wp\/v2\/users\/1"}],"replies":[{"embeddable":true,"href":"https:\/\/stp.com\/ca-fr\/wp-json\/wp\/v2\/comments?post=5924"}],"version-history":[{"count":18,"href":"https:\/\/stp.com\/ca-fr\/wp-json\/wp\/v2\/pages\/5924\/revisions"}],"predecessor-version":[{"id":8702,"href":"https:\/\/stp.com\/ca-fr\/wp-json\/wp\/v2\/pages\/5924\/revisions\/8702"}],"up":[{"embeddable":true,"href":"https:\/\/stp.com\/ca-fr\/wp-json\/wp\/v2\/pages\/416"}],"wp:attachment":[{"href":"https:\/\/stp.com\/ca-fr\/wp-json\/wp\/v2\/media?parent=5924"}],"curies":[{"name":"wp","href":"https:\/\/api.w.org\/{rel}","templated":true}]}}