{"id":5897,"date":"2025-04-04T19:24:29","date_gmt":"2025-04-04T13:54:29","guid":{"rendered":"https:\/\/c38a2c2a6e.nxcli.io\/ca-fr\/?page_id=5897"},"modified":"2025-06-20T17:40:17","modified_gmt":"2025-06-20T12:10:17","slug":"frottement-excessif-des-pieces-du-moteur","status":"publish","type":"page","link":"https:\/\/stp.com\/ca-fr\/solutionneur-de-problemes\/frottement-excessif-des-pieces-du-moteur\/","title":{"rendered":"Frottement excessif des pi\u00e8ces du moteur"},"content":{"rendered":"\t\t<div data-elementor-type=\"wp-page\" data-elementor-id=\"5897\" class=\"elementor elementor-5897\" data-elementor-post-type=\"page\">\n\t\t\t\t<div class=\"elementor-element elementor-element-90a0a3f e-flex e-con-boxed e-con e-parent\" data-id=\"90a0a3f\" data-element_type=\"container\" data-e-type=\"container\" data-settings=\"{&quot;background_background&quot;:&quot;classic&quot;}\">\n\t\t\t\t\t<div class=\"e-con-inner\">\n\t\t\t\t<div class=\"elementor-element elementor-element-0aea26d breadcrumb elementor-widget elementor-widget-breadcrumbs\" data-id=\"0aea26d\" data-element_type=\"widget\" data-e-type=\"widget\" data-widget_type=\"breadcrumbs.default\">\n\t\t\t\t<div class=\"elementor-widget-container\">\n\t\t\t\t\t<p id=\"breadcrumbs\"><span><span><a href=\"https:\/\/stp.com\/ca-fr\/\">Home<\/a><\/span><\/span><\/p>\t\t\t\t<\/div>\n\t\t\t\t<\/div>\n\t\t<div class=\"elementor-element elementor-element-61a135f e-con-full e-flex e-con e-child\" data-id=\"61a135f\" data-element_type=\"container\" data-e-type=\"container\">\n\t\t<div class=\"elementor-element elementor-element-cb2f714 e-con-full product__head e-flex e-con e-child\" data-id=\"cb2f714\" data-element_type=\"container\" data-e-type=\"container\">\n\t\t\t\t<\/div>\n\t\t\t\t<\/div>\n\t\t\t\t\t<\/div>\n\t\t\t\t<\/div>\n\t\t<div class=\"elementor-element elementor-element-1008165 top-red-border e-flex e-con-boxed e-con e-parent\" data-id=\"1008165\" data-element_type=\"container\" data-e-type=\"container\" data-settings=\"{&quot;background_background&quot;:&quot;classic&quot;}\">\n\t\t\t\t\t<div class=\"e-con-inner\">\n\t\t<div class=\"elementor-element elementor-element-eee9b4c e-con-full e-flex e-con e-child\" data-id=\"eee9b4c\" data-element_type=\"container\" data-e-type=\"container\">\n\t\t\t\t<div class=\"elementor-element elementor-element-73b1131 elementor-position-right elementor-vertical-align-middle image-text-section elementor-widget elementor-widget-image-box\" data-id=\"73b1131\" data-element_type=\"widget\" data-e-type=\"widget\" data-widget_type=\"image-box.default\">\n\t\t\t\t<div class=\"elementor-widget-container\">\n\t\t\t\t\t<div class=\"elementor-image-box-wrapper\"><figure class=\"elementor-image-box-img\"><img fetchpriority=\"high\" decoding=\"async\" width=\"2560\" height=\"1450\" src=\"https:\/\/stpcdnimage.imgix.net\/wp-content\/uploads\/sites\/10\/2025\/04\/Excessive-Engine-Friction-scaled-1.avif\" class=\"attachment-full size-full wp-image-5900\" alt=\"FROTTEMENT EXCESSIF DES PI\u00c8CES DU MOTEUR\" \/><\/figure><div class=\"elementor-image-box-content\"><p class=\"elementor-image-box-description\">Qu\u2019est-ce que le frottement excessif des pi\u00e8ces du moteur et quelles en sont les causes? Les pi\u00e8ces mobiles du moteur fonctionnent avec des seuils de tol\u00e9rance tr\u00e8s serr\u00e9s. Au fur et \u00e0 mesure que le kilom\u00e9trage augmente, une usure et une friction excessives peuvent se produire. Ce frottement entre les pi\u00e8ces de m\u00e9tal peut nuire \u00e0 la fiabilit\u00e9 et au rendement global du moteur.\n\n<\/p><\/div><\/div>\t\t\t\t<\/div>\n\t\t\t\t<\/div>\n\t\t\t\t<\/div>\n\t\t\t\t\t<\/div>\n\t\t\t\t<\/div>\n\t\t<div class=\"elementor-element elementor-element-1daa3b4 prod-related-container e-flex e-con-boxed e-con e-child\" data-id=\"1daa3b4\" data-element_type=\"container\" data-e-type=\"container\" data-settings=\"{&quot;background_background&quot;:&quot;classic&quot;}\">\n\t\t\t\t\t<div class=\"e-con-inner\">\n\t\t\t\t<div class=\"elementor-element elementor-element-33a8e7c arm__product-related elementor-widget elementor-widget-shortcode\" data-id=\"33a8e7c\" data-element_type=\"widget\" data-e-type=\"widget\" data-widget_type=\"shortcode.default\">\n\t\t\t\t<div class=\"elementor-widget-container\">\n\t\t\t\t\t\t\t<div class=\"elementor-shortcode\">\t<div class=\"product_related\">\n\t\t\t\t\t<div class=\"section-intro section-intro--left\" id=\"anchor-intro-block_\">\n\n\t\t\t\t\t<div class=\"section-intro__content\" id=\"anchor-intro-content_\">\n\t\t\t\t\t\t<div role=\"doc-subtitle\">Prot\u00e9gez vos pi\u00e8ces ma\u00eetresses contre le frottement excessif gr\u00e2ce aux produits STP\u00ae suivants\n<\/div>\n\t\t\t\t\t<\/div>\n\n\t\t\t\t<div class=\"section-intro__button\">\n\t\t\t\t\t\t\t\t\t<\/div>\n\t\t\t<\/div>\n\t\t\t\t<div class=\"building-block\">\n\t\t\t<div class=\"slider slider--listing\" role=\"region\" aria-roledescription=\"carousel\" aria-label=\"Featured product carousel\" data-items-0=\"1\" data-items-500=\"2\" data-items-900=\"3\" data-items-1200=\"4\" data-autoplay=\"false\">\n\t\t\t\t<div class=\"slider__controls\">\n\t\t\t\t\t\t\t\t\t\t\t\t\t\t<\/div>\n\t\t\t\t<div class=\"slider__wrapper\">\n\t\t\t\t\t<ul class=\"slider__panels\" id=\"slider-123\" class=\"carousel-items\" aria-live=\"polite\">\n\t\t\t\t\t\t \t\t\t\t\t\t\t<li class=\"slider__panel\" aria-hidden=\"false\" tabindex=\"-1\" aria-label=\"Slide 1 of 1\">\n\t\t\t\t\t\t\t\t <div class=\"grid grid-cols-4 grid-gutter-md\">\n\t\t\t\t\t\t\t\t\t\t\t\t\t\t\t\t\t\t\t<div class=\"card card--product\">\n\t\t\t\t\t\t\t\t\t\t\t<div class=\"card__image card__image--has-rollover\">\n\t\t\t\t\t\t\t\t\t\t\t\t<img decoding=\"async\" src=\"https:\/\/stpcdnimage.imgix.net\/global-media\/wp-content\/uploads\/sites\/6\/product-images\/E303011700_01.png\"  alt=\"TRAITEMENT D\u2019HUILE + TRAITEMENT ANTI-FUITES EN FORMULE POUR KILOM\u00c9TRAGE \u00c9LEV\u00c9 Image 1\" class=\"\" width=\"250\" height=\"250\" \/>\n\t\t\t\t\t\t\t\t\t\t\t\t<div class=\"btn btn--solid rollover\">Voir le Producit<\/div>\n\t\t\t\t\t\t\t\t\t\t\t<\/div>\n\t\t\t\t\t\t\t\t\t\t\t<div class=\"card__pretitle\"><span class=\"card__category\">Additifs d\u2019huile et de moteur<\/span><\/div>\n\t\t\t\t\t\t\t\t\t\t\t\t<h3 class=\"h3\"><a href=\"https:\/\/stp.com\/ca-fr\/product\/traitement-dhuile-traitement-anti-fuites-en-formule-pour-kilometrage-eleve\/\" class=\"cover-link card__link\">TRAITEMENT D\u2019HUILE + TRAITEMENT ANTI-FUITES EN FORMULE POUR KILOM\u00c9TRAGE \u00c9LEV\u00c9<\/a><\/h3>\n\t\t\t\t\t\t\t\t\t\t<\/div>\n\t\t\t\t\t\t\t\t\t\t\t\t\t\t\t\t\t\t\t<div class=\"card card--product\">\n\t\t\t\t\t\t\t\t\t\t\t<div class=\"card__image card__image--has-rollover\">\n\t\t\t\t\t\t\t\t\t\t\t\t<img decoding=\"async\" src=\"https:\/\/stpcdnimage.imgix.net\/global-media\/wp-content\/uploads\/sites\/6\/product-images\/E302891300_01.png\"  alt=\"TRAITEMENT D\u2019HUILE SYNTH\u00c9TIQUE Image 1\" class=\"\" width=\"250\" height=\"250\" \/>\n\t\t\t\t\t\t\t\t\t\t\t\t<div class=\"btn btn--solid rollover\">Voir le Producit<\/div>\n\t\t\t\t\t\t\t\t\t\t\t<\/div>\n\t\t\t\t\t\t\t\t\t\t\t<div class=\"card__pretitle\"><span class=\"card__category\">Additifs d\u2019huile et de moteur<\/span><\/div>\n\t\t\t\t\t\t\t\t\t\t\t\t<h3 class=\"h3\"><a href=\"https:\/\/stp.com\/ca-fr\/product\/traitement-dhuile-synthetique\/\" class=\"cover-link card__link\">TRAITEMENT D\u2019HUILE SYNTH\u00c9TIQUE<\/a><\/h3>\n\t\t\t\t\t\t\t\t\t\t<\/div>\n\t\t\t\t\t\t\t\t\t\t\t\t\t\t\t\t\t<\/div>\n\t\t\t\t\t\t\t<\/li>\n\t\t\t\t\t\t\t\t\t\t\t<\/ul>\n\t\t\t\t<\/div>\n\t\t\t\t<div class=\"slider__nav\">\n\t\t\t\t\t\t\t\t\t\t<\/div>\n\t\t\t<\/div>\n\t\t<\/div>\n\t<\/div>\n<\/div>\n\t\t\t\t\t\t<\/div>\n\t\t\t\t<\/div>\n\t\t\t\t\t<\/div>\n\t\t\t\t<\/div>\n\t\t\t\t<\/div>\n\t\t","protected":false},"excerpt":{"rendered":"<p>Qu\u2019est-ce que le frottement excessif des pi\u00e8ces du moteur et quelles en sont les causes? Les pi\u00e8ces mobiles du moteur fonctionnent avec des seuils de tol\u00e9rance tr\u00e8s serr\u00e9s. Au fur et \u00e0 mesure que le kilom\u00e9trage augmente, une usure et une friction excessives peuvent se produire. Ce frottement entre les pi\u00e8ces de m\u00e9tal peut nuire [&hellip;]<\/p>\n","protected":false},"author":1,"featured_media":0,"parent":416,"menu_order":0,"comment_status":"closed","ping_status":"closed","template":"","meta":{"_acf_changed":false,"footnotes":""},"class_list":["post-5897","page","type-page","status-publish","hentry"],"acf":[],"yoast_head":"<!-- This site is optimized with the Yoast SEO plugin v27.4 - https:\/\/yoast.com\/product\/yoast-seo-wordpress\/ -->\n<title>Frottement excessif des pi\u00e8ces du moteur - STP CA FR<\/title>\n<meta name=\"robots\" content=\"index, follow, max-snippet:-1, max-image-preview:large, max-video-preview:-1\" \/>\n<link rel=\"canonical\" href=\"https:\/\/stp.com\/ca-fr\/solutionneur-de-problemes\/frottement-excessif-des-pieces-du-moteur\/\" \/>\n<meta property=\"og:locale\" content=\"en_US\" \/>\n<meta property=\"og:type\" content=\"article\" \/>\n<meta property=\"og:title\" content=\"Frottement excessif des pi\u00e8ces du moteur - STP CA FR\" \/>\n<meta property=\"og:description\" content=\"Qu\u2019est-ce que le frottement excessif des pi\u00e8ces du moteur et quelles en sont les causes? Les pi\u00e8ces mobiles du moteur fonctionnent avec des seuils de tol\u00e9rance tr\u00e8s serr\u00e9s. Au fur et \u00e0 mesure que le kilom\u00e9trage augmente, une usure et une friction excessives peuvent se produire. Ce frottement entre les pi\u00e8ces de m\u00e9tal peut nuire [&hellip;]\" \/>\n<meta property=\"og:url\" content=\"https:\/\/stp.com\/ca-fr\/solutionneur-de-problemes\/frottement-excessif-des-pieces-du-moteur\/\" \/>\n<meta property=\"og:site_name\" content=\"STP CA FR\" \/>\n<meta property=\"article:modified_time\" content=\"2025-06-20T12:10:17+00:00\" \/>\n<meta property=\"og:image\" content=\"https:\/\/stp.com\/ca-fr\/wp-content\/uploads\/sites\/10\/2025\/04\/Excessive-Engine-Friction-scaled-1.avif\" \/>\n<meta name=\"twitter:card\" content=\"summary_large_image\" \/>\n<meta name=\"twitter:label1\" content=\"Est. reading time\" \/>\n\t<meta name=\"twitter:data1\" content=\"1 minute\" \/>\n<script type=\"application\/ld+json\" class=\"yoast-schema-graph\">{\"@context\":\"https:\\\/\\\/schema.org\",\"@graph\":[{\"@type\":\"WebPage\",\"@id\":\"https:\\\/\\\/stp.com\\\/ca-fr\\\/solutionneur-de-problemes\\\/frottement-excessif-des-pieces-du-moteur\\\/\",\"url\":\"https:\\\/\\\/stp.com\\\/ca-fr\\\/solutionneur-de-problemes\\\/frottement-excessif-des-pieces-du-moteur\\\/\",\"name\":\"Frottement excessif des pi\u00e8ces du moteur - STP CA FR\",\"isPartOf\":{\"@id\":\"https:\\\/\\\/c38a2c2a6e.nxcli.io\\\/ca-fr\\\/#website\"},\"primaryImageOfPage\":{\"@id\":\"https:\\\/\\\/stp.com\\\/ca-fr\\\/solutionneur-de-problemes\\\/frottement-excessif-des-pieces-du-moteur\\\/#primaryimage\"},\"image\":{\"@id\":\"https:\\\/\\\/stp.com\\\/ca-fr\\\/solutionneur-de-problemes\\\/frottement-excessif-des-pieces-du-moteur\\\/#primaryimage\"},\"thumbnailUrl\":\"https:\\\/\\\/stp.com\\\/ca-fr\\\/wp-content\\\/uploads\\\/sites\\\/10\\\/2025\\\/04\\\/Excessive-Engine-Friction-scaled-1.avif\",\"datePublished\":\"2025-04-04T13:54:29+00:00\",\"dateModified\":\"2025-06-20T12:10:17+00:00\",\"breadcrumb\":{\"@id\":\"https:\\\/\\\/stp.com\\\/ca-fr\\\/solutionneur-de-problemes\\\/frottement-excessif-des-pieces-du-moteur\\\/#breadcrumb\"},\"inLanguage\":\"en-US\",\"potentialAction\":[{\"@type\":\"ReadAction\",\"target\":[\"https:\\\/\\\/stp.com\\\/ca-fr\\\/solutionneur-de-problemes\\\/frottement-excessif-des-pieces-du-moteur\\\/\"]}]},{\"@type\":\"ImageObject\",\"inLanguage\":\"en-US\",\"@id\":\"https:\\\/\\\/stp.com\\\/ca-fr\\\/solutionneur-de-problemes\\\/frottement-excessif-des-pieces-du-moteur\\\/#primaryimage\",\"url\":\"https:\\\/\\\/stpcdnimage.imgix.net\\\/wp-content\\\/uploads\\\/sites\\\/10\\\/2025\\\/04\\\/Excessive-Engine-Friction-scaled-1.avif\",\"contentUrl\":\"https:\\\/\\\/stpcdnimage.imgix.net\\\/wp-content\\\/uploads\\\/sites\\\/10\\\/2025\\\/04\\\/Excessive-Engine-Friction-scaled-1.avif\",\"width\":2560,\"height\":1450,\"caption\":\"FROTTEMENT EXCESSIF DES PI\u00c8CES DU MOTEUR\"},{\"@type\":\"BreadcrumbList\",\"@id\":\"https:\\\/\\\/stp.com\\\/ca-fr\\\/solutionneur-de-problemes\\\/frottement-excessif-des-pieces-du-moteur\\\/#breadcrumb\",\"itemListElement\":[{\"@type\":\"ListItem\",\"position\":1,\"name\":\"Home\",\"item\":\"https:\\\/\\\/stp.com\\\/ca-fr\\\/\"},{\"@type\":\"ListItem\",\"position\":2,\"name\":\"Solutionneur de probl\u00e8mes\",\"item\":\"https:\\\/\\\/stp.com\\\/ca-fr\\\/solutionneur-de-problemes\\\/\"},{\"@type\":\"ListItem\",\"position\":3,\"name\":\"Frottement excessif des pi\u00e8ces du moteur\"}]},{\"@type\":\"WebSite\",\"@id\":\"https:\\\/\\\/c38a2c2a6e.nxcli.io\\\/ca-fr\\\/#website\",\"url\":\"https:\\\/\\\/c38a2c2a6e.nxcli.io\\\/ca-fr\\\/\",\"name\":\"STP CA FR\",\"description\":\"Science. Technology. Performance\",\"potentialAction\":[{\"@type\":\"SearchAction\",\"target\":{\"@type\":\"EntryPoint\",\"urlTemplate\":\"https:\\\/\\\/c38a2c2a6e.nxcli.io\\\/ca-fr\\\/?s={search_term_string}\"},\"query-input\":{\"@type\":\"PropertyValueSpecification\",\"valueRequired\":true,\"valueName\":\"search_term_string\"}}],\"inLanguage\":\"en-US\"}]}<\/script>\n<!-- \/ Yoast SEO plugin. -->","yoast_head_json":{"title":"Frottement excessif des pi\u00e8ces du moteur - STP CA FR","robots":{"index":"index","follow":"follow","max-snippet":"max-snippet:-1","max-image-preview":"max-image-preview:large","max-video-preview":"max-video-preview:-1"},"canonical":"https:\/\/stp.com\/ca-fr\/solutionneur-de-problemes\/frottement-excessif-des-pieces-du-moteur\/","og_locale":"en_US","og_type":"article","og_title":"Frottement excessif des pi\u00e8ces du moteur - STP CA FR","og_description":"Qu\u2019est-ce que le frottement excessif des pi\u00e8ces du moteur et quelles en sont les causes? Les pi\u00e8ces mobiles du moteur fonctionnent avec des seuils de tol\u00e9rance tr\u00e8s serr\u00e9s. Au fur et \u00e0 mesure que le kilom\u00e9trage augmente, une usure et une friction excessives peuvent se produire. Ce frottement entre les pi\u00e8ces de m\u00e9tal peut nuire [&hellip;]","og_url":"https:\/\/stp.com\/ca-fr\/solutionneur-de-problemes\/frottement-excessif-des-pieces-du-moteur\/","og_site_name":"STP CA FR","article_modified_time":"2025-06-20T12:10:17+00:00","og_image":[{"url":"https:\/\/stp.com\/ca-fr\/wp-content\/uploads\/sites\/10\/2025\/04\/Excessive-Engine-Friction-scaled-1.avif","type":"","width":"","height":""}],"twitter_card":"summary_large_image","twitter_misc":{"Est. reading time":"1 minute"},"schema":{"@context":"https:\/\/schema.org","@graph":[{"@type":"WebPage","@id":"https:\/\/stp.com\/ca-fr\/solutionneur-de-problemes\/frottement-excessif-des-pieces-du-moteur\/","url":"https:\/\/stp.com\/ca-fr\/solutionneur-de-problemes\/frottement-excessif-des-pieces-du-moteur\/","name":"Frottement excessif des pi\u00e8ces du moteur - STP CA FR","isPartOf":{"@id":"https:\/\/c38a2c2a6e.nxcli.io\/ca-fr\/#website"},"primaryImageOfPage":{"@id":"https:\/\/stp.com\/ca-fr\/solutionneur-de-problemes\/frottement-excessif-des-pieces-du-moteur\/#primaryimage"},"image":{"@id":"https:\/\/stp.com\/ca-fr\/solutionneur-de-problemes\/frottement-excessif-des-pieces-du-moteur\/#primaryimage"},"thumbnailUrl":"https:\/\/stp.com\/ca-fr\/wp-content\/uploads\/sites\/10\/2025\/04\/Excessive-Engine-Friction-scaled-1.avif","datePublished":"2025-04-04T13:54:29+00:00","dateModified":"2025-06-20T12:10:17+00:00","breadcrumb":{"@id":"https:\/\/stp.com\/ca-fr\/solutionneur-de-problemes\/frottement-excessif-des-pieces-du-moteur\/#breadcrumb"},"inLanguage":"en-US","potentialAction":[{"@type":"ReadAction","target":["https:\/\/stp.com\/ca-fr\/solutionneur-de-problemes\/frottement-excessif-des-pieces-du-moteur\/"]}]},{"@type":"ImageObject","inLanguage":"en-US","@id":"https:\/\/stp.com\/ca-fr\/solutionneur-de-problemes\/frottement-excessif-des-pieces-du-moteur\/#primaryimage","url":"https:\/\/stpcdnimage.imgix.net\/wp-content\/uploads\/sites\/10\/2025\/04\/Excessive-Engine-Friction-scaled-1.avif","contentUrl":"https:\/\/stpcdnimage.imgix.net\/wp-content\/uploads\/sites\/10\/2025\/04\/Excessive-Engine-Friction-scaled-1.avif","width":2560,"height":1450,"caption":"FROTTEMENT EXCESSIF DES PI\u00c8CES DU MOTEUR"},{"@type":"BreadcrumbList","@id":"https:\/\/stp.com\/ca-fr\/solutionneur-de-problemes\/frottement-excessif-des-pieces-du-moteur\/#breadcrumb","itemListElement":[{"@type":"ListItem","position":1,"name":"Home","item":"https:\/\/stp.com\/ca-fr\/"},{"@type":"ListItem","position":2,"name":"Solutionneur de probl\u00e8mes","item":"https:\/\/stp.com\/ca-fr\/solutionneur-de-problemes\/"},{"@type":"ListItem","position":3,"name":"Frottement excessif des pi\u00e8ces du moteur"}]},{"@type":"WebSite","@id":"https:\/\/c38a2c2a6e.nxcli.io\/ca-fr\/#website","url":"https:\/\/c38a2c2a6e.nxcli.io\/ca-fr\/","name":"STP CA FR","description":"Science. Technology. Performance","potentialAction":[{"@type":"SearchAction","target":{"@type":"EntryPoint","urlTemplate":"https:\/\/c38a2c2a6e.nxcli.io\/ca-fr\/?s={search_term_string}"},"query-input":{"@type":"PropertyValueSpecification","valueRequired":true,"valueName":"search_term_string"}}],"inLanguage":"en-US"}]}},"_links":{"self":[{"href":"https:\/\/stp.com\/ca-fr\/wp-json\/wp\/v2\/pages\/5897","targetHints":{"allow":["GET"]}}],"collection":[{"href":"https:\/\/stp.com\/ca-fr\/wp-json\/wp\/v2\/pages"}],"about":[{"href":"https:\/\/stp.com\/ca-fr\/wp-json\/wp\/v2\/types\/page"}],"author":[{"embeddable":true,"href":"https:\/\/stp.com\/ca-fr\/wp-json\/wp\/v2\/users\/1"}],"replies":[{"embeddable":true,"href":"https:\/\/stp.com\/ca-fr\/wp-json\/wp\/v2\/comments?post=5897"}],"version-history":[{"count":19,"href":"https:\/\/stp.com\/ca-fr\/wp-json\/wp\/v2\/pages\/5897\/revisions"}],"predecessor-version":[{"id":8675,"href":"https:\/\/stp.com\/ca-fr\/wp-json\/wp\/v2\/pages\/5897\/revisions\/8675"}],"up":[{"embeddable":true,"href":"https:\/\/stp.com\/ca-fr\/wp-json\/wp\/v2\/pages\/416"}],"wp:attachment":[{"href":"https:\/\/stp.com\/ca-fr\/wp-json\/wp\/v2\/media?parent=5897"}],"curies":[{"name":"wp","href":"https:\/\/api.w.org\/{rel}","templated":true}]}}