{"id":5861,"date":"2025-04-04T19:17:41","date_gmt":"2025-04-04T13:47:41","guid":{"rendered":"https:\/\/c38a2c2a6e.nxcli.io\/ca-fr\/?page_id=5861"},"modified":"2025-06-20T17:47:39","modified_gmt":"2025-06-20T12:17:39","slug":"fuites-de-liquide","status":"publish","type":"page","link":"https:\/\/stp.com\/ca-fr\/solutionneur-de-problemes\/fuites-de-liquide\/","title":{"rendered":"Fuites de liquide"},"content":{"rendered":"\t\t<div data-elementor-type=\"wp-page\" data-elementor-id=\"5861\" class=\"elementor elementor-5861\" data-elementor-post-type=\"page\">\n\t\t\t\t<div class=\"elementor-element elementor-element-96475be e-flex e-con-boxed e-con e-parent\" data-id=\"96475be\" data-element_type=\"container\" data-e-type=\"container\" data-settings=\"{&quot;background_background&quot;:&quot;classic&quot;}\">\n\t\t\t\t\t<div class=\"e-con-inner\">\n\t\t\t\t<div class=\"elementor-element elementor-element-5c7c08a breadcrumb elementor-widget elementor-widget-breadcrumbs\" data-id=\"5c7c08a\" data-element_type=\"widget\" data-e-type=\"widget\" data-widget_type=\"breadcrumbs.default\">\n\t\t\t\t<div class=\"elementor-widget-container\">\n\t\t\t\t\t<p id=\"breadcrumbs\"><span><span><a href=\"https:\/\/stp.com\/ca-fr\/\">Home<\/a><\/span><\/span><\/p>\t\t\t\t<\/div>\n\t\t\t\t<\/div>\n\t\t<div class=\"elementor-element elementor-element-d048b43 e-con-full e-flex e-con e-child\" data-id=\"d048b43\" data-element_type=\"container\" data-e-type=\"container\">\n\t\t<div class=\"elementor-element elementor-element-161ec73 e-con-full product__head e-flex e-con e-child\" data-id=\"161ec73\" data-element_type=\"container\" data-e-type=\"container\">\n\t\t\t\t<\/div>\n\t\t\t\t<\/div>\n\t\t\t\t\t<\/div>\n\t\t\t\t<\/div>\n\t\t<div class=\"elementor-element elementor-element-abb01da top-red-border e-flex e-con-boxed e-con e-parent\" data-id=\"abb01da\" data-element_type=\"container\" data-e-type=\"container\" data-settings=\"{&quot;background_background&quot;:&quot;classic&quot;}\">\n\t\t\t\t\t<div class=\"e-con-inner\">\n\t\t<div class=\"elementor-element elementor-element-28a1db0 e-con-full e-flex e-con e-child\" data-id=\"28a1db0\" data-element_type=\"container\" data-e-type=\"container\">\n\t\t\t\t<div class=\"elementor-element elementor-element-d6223ea elementor-position-right elementor-vertical-align-middle image-text-section elementor-widget elementor-widget-image-box\" data-id=\"d6223ea\" data-element_type=\"widget\" data-e-type=\"widget\" data-widget_type=\"image-box.default\">\n\t\t\t\t<div class=\"elementor-widget-container\">\n\t\t\t\t\t<div class=\"elementor-image-box-wrapper\"><figure class=\"elementor-image-box-img\"><img fetchpriority=\"high\" decoding=\"async\" width=\"2560\" height=\"1450\" src=\"https:\/\/stpcdnimage.imgix.net\/wp-content\/uploads\/sites\/10\/2025\/04\/Fluid-Leaks-scaled-1.avif\" class=\"attachment-full size-full wp-image-5867\" alt=\"Fuites de liquide\" \/><\/figure><div class=\"elementor-image-box-content\"><p class=\"elementor-image-box-description\">Votre voiture prend de l\u2019\u00e2ge? Si c\u2019est le cas, il se peut que vous constatiez que du liquide rouge s\u2019\u00e9chappe de votre voiture ou que des taches de liquide apparaissent sur le sol l\u00e0 o\u00f9 vous la garez. Il se peut \u00e9galement que vous remarquiez une odeur d\u2019huile lorsque le moteur est chaud. Au fil du temps, les joints d\u2019\u00e9tanch\u00e9it\u00e9 du moteur s\u2019ass\u00e8chent, ce qui peut entra\u00eener une perte de liquide.\n\n\n<\/p><\/div><\/div>\t\t\t\t<\/div>\n\t\t\t\t<\/div>\n\t\t\t\t<\/div>\n\t\t\t\t\t<\/div>\n\t\t\t\t<\/div>\n\t\t<div class=\"elementor-element elementor-element-39b80c3 prod-related-container e-flex e-con-boxed e-con e-child\" data-id=\"39b80c3\" data-element_type=\"container\" data-e-type=\"container\" data-settings=\"{&quot;background_background&quot;:&quot;classic&quot;}\">\n\t\t\t\t\t<div class=\"e-con-inner\">\n\t\t\t\t<div class=\"elementor-element elementor-element-d1173a3 arm__product-related elementor-widget elementor-widget-shortcode\" data-id=\"d1173a3\" data-element_type=\"widget\" data-e-type=\"widget\" data-widget_type=\"shortcode.default\">\n\t\t\t\t<div class=\"elementor-widget-container\">\n\t\t\t\t\t\t\t<div class=\"elementor-shortcode\">\t<div class=\"product_related\">\n\t\t\t\t\t<div class=\"section-intro section-intro--left\" id=\"anchor-intro-block_\">\n\n\t\t\t\t\t<div class=\"section-intro__content\" id=\"anchor-intro-content_\">\n\t\t\t\t\t\t<div role=\"doc-subtitle\">Contribuez \u00e0 revitaliser les garnitures et les joints gr\u00e2ce aux produits STP\u00ae suivants\n<\/div>\n\t\t\t\t\t<\/div>\n\n\t\t\t\t<div class=\"section-intro__button\">\n\t\t\t\t\t\t\t\t\t<\/div>\n\t\t\t<\/div>\n\t\t\t\t<div class=\"building-block\">\n\t\t\t<div class=\"slider slider--listing\" role=\"region\" aria-roledescription=\"carousel\" aria-label=\"Featured product carousel\" data-items-0=\"1\" data-items-500=\"2\" data-items-900=\"3\" data-items-1200=\"4\" data-autoplay=\"false\">\n\t\t\t\t<div class=\"slider__controls\">\n\t\t\t\t\t\t\t\t\t\t\t\t\t\t<\/div>\n\t\t\t\t<div class=\"slider__wrapper\">\n\t\t\t\t\t<ul class=\"slider__panels\" id=\"slider-123\" class=\"carousel-items\" aria-live=\"polite\">\n\t\t\t\t\t\t \t\t\t\t\t\t\t<li class=\"slider__panel\" aria-hidden=\"false\" tabindex=\"-1\" aria-label=\"Slide 1 of 1\">\n\t\t\t\t\t\t\t\t <div class=\"grid grid-cols-4 grid-gutter-md\">\n\t\t\t\t\t\t\t\t\t\t\t\t\t\t\t\t\t\t\t<div class=\"card card--product\">\n\t\t\t\t\t\t\t\t\t\t\t<div class=\"card__image card__image--has-rollover\">\n\t\t\t\t\t\t\t\t\t\t\t\t<img decoding=\"async\" src=\"https:\/\/stpcdnimage.imgix.net\/global-media\/wp-content\/uploads\/sites\/6\/product-images\/E303011700_01.png\"  alt=\"TRAITEMENT D\u2019HUILE + TRAITEMENT ANTI-FUITES EN FORMULE POUR KILOM\u00c9TRAGE \u00c9LEV\u00c9 Image 1\" class=\"\" width=\"250\" height=\"250\" \/>\n\t\t\t\t\t\t\t\t\t\t\t\t<div class=\"btn btn--solid rollover\">Voir le Producit<\/div>\n\t\t\t\t\t\t\t\t\t\t\t<\/div>\n\t\t\t\t\t\t\t\t\t\t\t<div class=\"card__pretitle\"><span class=\"card__category\">Additifs d\u2019huile et de moteur<\/span><\/div>\n\t\t\t\t\t\t\t\t\t\t\t\t<h3 class=\"h3\"><a href=\"https:\/\/stp.com\/ca-fr\/product\/traitement-dhuile-traitement-anti-fuites-en-formule-pour-kilometrage-eleve\/\" class=\"cover-link card__link\">TRAITEMENT D\u2019HUILE + TRAITEMENT ANTI-FUITES EN FORMULE POUR KILOM\u00c9TRAGE \u00c9LEV\u00c9<\/a><\/h3>\n\t\t\t\t\t\t\t\t\t\t<\/div>\n\t\t\t\t\t\t\t\t\t\t\t\t\t\t\t\t\t<\/div>\n\t\t\t\t\t\t\t<\/li>\n\t\t\t\t\t\t\t\t\t\t\t<\/ul>\n\t\t\t\t<\/div>\n\t\t\t\t<div class=\"slider__nav\">\n\t\t\t\t\t\t\t\t\t\t<\/div>\n\t\t\t<\/div>\n\t\t<\/div>\n\t<\/div>\n<\/div>\n\t\t\t\t\t\t<\/div>\n\t\t\t\t<\/div>\n\t\t\t\t\t<\/div>\n\t\t\t\t<\/div>\n\t\t\t\t<\/div>\n\t\t","protected":false},"excerpt":{"rendered":"<p>Votre voiture prend de l\u2019\u00e2ge? Si c\u2019est le cas, il se peut que vous constatiez que du liquide rouge s\u2019\u00e9chappe de votre voiture ou que des taches de liquide apparaissent sur le sol l\u00e0 o\u00f9 vous la garez. Il se peut \u00e9galement que vous remarquiez une odeur d\u2019huile lorsque le moteur est chaud. Au fil [&hellip;]<\/p>\n","protected":false},"author":1,"featured_media":0,"parent":416,"menu_order":0,"comment_status":"closed","ping_status":"closed","template":"","meta":{"_acf_changed":false,"footnotes":""},"class_list":["post-5861","page","type-page","status-publish","hentry"],"acf":[],"yoast_head":"<!-- This site is optimized with the Yoast SEO plugin v27.4 - https:\/\/yoast.com\/product\/yoast-seo-wordpress\/ -->\n<title>Fuites de liquide - STP CA FR<\/title>\n<meta name=\"robots\" content=\"index, follow, max-snippet:-1, max-image-preview:large, max-video-preview:-1\" \/>\n<link rel=\"canonical\" href=\"https:\/\/stp.com\/ca-fr\/solutionneur-de-problemes\/fuites-de-liquide\/\" \/>\n<meta property=\"og:locale\" content=\"en_US\" \/>\n<meta property=\"og:type\" content=\"article\" \/>\n<meta property=\"og:title\" content=\"Fuites de liquide - STP CA FR\" \/>\n<meta property=\"og:description\" content=\"Votre voiture prend de l\u2019\u00e2ge? Si c\u2019est le cas, il se peut que vous constatiez que du liquide rouge s\u2019\u00e9chappe de votre voiture ou que des taches de liquide apparaissent sur le sol l\u00e0 o\u00f9 vous la garez. Il se peut \u00e9galement que vous remarquiez une odeur d\u2019huile lorsque le moteur est chaud. Au fil [&hellip;]\" \/>\n<meta property=\"og:url\" content=\"https:\/\/stp.com\/ca-fr\/solutionneur-de-problemes\/fuites-de-liquide\/\" \/>\n<meta property=\"og:site_name\" content=\"STP CA FR\" \/>\n<meta property=\"article:modified_time\" content=\"2025-06-20T12:17:39+00:00\" \/>\n<meta property=\"og:image\" content=\"https:\/\/stp.com\/ca-fr\/wp-content\/uploads\/sites\/10\/2025\/04\/Fluid-Leaks-scaled-1.avif\" \/>\n<meta name=\"twitter:card\" content=\"summary_large_image\" \/>\n<meta name=\"twitter:label1\" content=\"Est. reading time\" \/>\n\t<meta name=\"twitter:data1\" content=\"1 minute\" \/>\n<script type=\"application\/ld+json\" class=\"yoast-schema-graph\">{\"@context\":\"https:\\\/\\\/schema.org\",\"@graph\":[{\"@type\":\"WebPage\",\"@id\":\"https:\\\/\\\/stp.com\\\/ca-fr\\\/solutionneur-de-problemes\\\/fuites-de-liquide\\\/\",\"url\":\"https:\\\/\\\/stp.com\\\/ca-fr\\\/solutionneur-de-problemes\\\/fuites-de-liquide\\\/\",\"name\":\"Fuites de liquide - STP CA FR\",\"isPartOf\":{\"@id\":\"https:\\\/\\\/c38a2c2a6e.nxcli.io\\\/ca-fr\\\/#website\"},\"primaryImageOfPage\":{\"@id\":\"https:\\\/\\\/stp.com\\\/ca-fr\\\/solutionneur-de-problemes\\\/fuites-de-liquide\\\/#primaryimage\"},\"image\":{\"@id\":\"https:\\\/\\\/stp.com\\\/ca-fr\\\/solutionneur-de-problemes\\\/fuites-de-liquide\\\/#primaryimage\"},\"thumbnailUrl\":\"https:\\\/\\\/stp.com\\\/ca-fr\\\/wp-content\\\/uploads\\\/sites\\\/10\\\/2025\\\/04\\\/Fluid-Leaks-scaled-1.avif\",\"datePublished\":\"2025-04-04T13:47:41+00:00\",\"dateModified\":\"2025-06-20T12:17:39+00:00\",\"breadcrumb\":{\"@id\":\"https:\\\/\\\/stp.com\\\/ca-fr\\\/solutionneur-de-problemes\\\/fuites-de-liquide\\\/#breadcrumb\"},\"inLanguage\":\"en-US\",\"potentialAction\":[{\"@type\":\"ReadAction\",\"target\":[\"https:\\\/\\\/stp.com\\\/ca-fr\\\/solutionneur-de-problemes\\\/fuites-de-liquide\\\/\"]}]},{\"@type\":\"ImageObject\",\"inLanguage\":\"en-US\",\"@id\":\"https:\\\/\\\/stp.com\\\/ca-fr\\\/solutionneur-de-problemes\\\/fuites-de-liquide\\\/#primaryimage\",\"url\":\"https:\\\/\\\/stpcdnimage.imgix.net\\\/wp-content\\\/uploads\\\/sites\\\/10\\\/2025\\\/04\\\/Fluid-Leaks-scaled-1.avif\",\"contentUrl\":\"https:\\\/\\\/stpcdnimage.imgix.net\\\/wp-content\\\/uploads\\\/sites\\\/10\\\/2025\\\/04\\\/Fluid-Leaks-scaled-1.avif\",\"width\":2560,\"height\":1450,\"caption\":\"Fuites de liquide\"},{\"@type\":\"BreadcrumbList\",\"@id\":\"https:\\\/\\\/stp.com\\\/ca-fr\\\/solutionneur-de-problemes\\\/fuites-de-liquide\\\/#breadcrumb\",\"itemListElement\":[{\"@type\":\"ListItem\",\"position\":1,\"name\":\"Home\",\"item\":\"https:\\\/\\\/stp.com\\\/ca-fr\\\/\"},{\"@type\":\"ListItem\",\"position\":2,\"name\":\"Solutionneur de probl\u00e8mes\",\"item\":\"https:\\\/\\\/stp.com\\\/ca-fr\\\/solutionneur-de-problemes\\\/\"},{\"@type\":\"ListItem\",\"position\":3,\"name\":\"Fuites de liquide\"}]},{\"@type\":\"WebSite\",\"@id\":\"https:\\\/\\\/c38a2c2a6e.nxcli.io\\\/ca-fr\\\/#website\",\"url\":\"https:\\\/\\\/c38a2c2a6e.nxcli.io\\\/ca-fr\\\/\",\"name\":\"STP CA FR\",\"description\":\"Science. Technology. Performance\",\"potentialAction\":[{\"@type\":\"SearchAction\",\"target\":{\"@type\":\"EntryPoint\",\"urlTemplate\":\"https:\\\/\\\/c38a2c2a6e.nxcli.io\\\/ca-fr\\\/?s={search_term_string}\"},\"query-input\":{\"@type\":\"PropertyValueSpecification\",\"valueRequired\":true,\"valueName\":\"search_term_string\"}}],\"inLanguage\":\"en-US\"}]}<\/script>\n<!-- \/ Yoast SEO plugin. -->","yoast_head_json":{"title":"Fuites de liquide - STP CA FR","robots":{"index":"index","follow":"follow","max-snippet":"max-snippet:-1","max-image-preview":"max-image-preview:large","max-video-preview":"max-video-preview:-1"},"canonical":"https:\/\/stp.com\/ca-fr\/solutionneur-de-problemes\/fuites-de-liquide\/","og_locale":"en_US","og_type":"article","og_title":"Fuites de liquide - STP CA FR","og_description":"Votre voiture prend de l\u2019\u00e2ge? Si c\u2019est le cas, il se peut que vous constatiez que du liquide rouge s\u2019\u00e9chappe de votre voiture ou que des taches de liquide apparaissent sur le sol l\u00e0 o\u00f9 vous la garez. Il se peut \u00e9galement que vous remarquiez une odeur d\u2019huile lorsque le moteur est chaud. Au fil [&hellip;]","og_url":"https:\/\/stp.com\/ca-fr\/solutionneur-de-problemes\/fuites-de-liquide\/","og_site_name":"STP CA FR","article_modified_time":"2025-06-20T12:17:39+00:00","og_image":[{"url":"https:\/\/stp.com\/ca-fr\/wp-content\/uploads\/sites\/10\/2025\/04\/Fluid-Leaks-scaled-1.avif","type":"","width":"","height":""}],"twitter_card":"summary_large_image","twitter_misc":{"Est. reading time":"1 minute"},"schema":{"@context":"https:\/\/schema.org","@graph":[{"@type":"WebPage","@id":"https:\/\/stp.com\/ca-fr\/solutionneur-de-problemes\/fuites-de-liquide\/","url":"https:\/\/stp.com\/ca-fr\/solutionneur-de-problemes\/fuites-de-liquide\/","name":"Fuites de liquide - STP CA FR","isPartOf":{"@id":"https:\/\/c38a2c2a6e.nxcli.io\/ca-fr\/#website"},"primaryImageOfPage":{"@id":"https:\/\/stp.com\/ca-fr\/solutionneur-de-problemes\/fuites-de-liquide\/#primaryimage"},"image":{"@id":"https:\/\/stp.com\/ca-fr\/solutionneur-de-problemes\/fuites-de-liquide\/#primaryimage"},"thumbnailUrl":"https:\/\/stp.com\/ca-fr\/wp-content\/uploads\/sites\/10\/2025\/04\/Fluid-Leaks-scaled-1.avif","datePublished":"2025-04-04T13:47:41+00:00","dateModified":"2025-06-20T12:17:39+00:00","breadcrumb":{"@id":"https:\/\/stp.com\/ca-fr\/solutionneur-de-problemes\/fuites-de-liquide\/#breadcrumb"},"inLanguage":"en-US","potentialAction":[{"@type":"ReadAction","target":["https:\/\/stp.com\/ca-fr\/solutionneur-de-problemes\/fuites-de-liquide\/"]}]},{"@type":"ImageObject","inLanguage":"en-US","@id":"https:\/\/stp.com\/ca-fr\/solutionneur-de-problemes\/fuites-de-liquide\/#primaryimage","url":"https:\/\/stpcdnimage.imgix.net\/wp-content\/uploads\/sites\/10\/2025\/04\/Fluid-Leaks-scaled-1.avif","contentUrl":"https:\/\/stpcdnimage.imgix.net\/wp-content\/uploads\/sites\/10\/2025\/04\/Fluid-Leaks-scaled-1.avif","width":2560,"height":1450,"caption":"Fuites de liquide"},{"@type":"BreadcrumbList","@id":"https:\/\/stp.com\/ca-fr\/solutionneur-de-problemes\/fuites-de-liquide\/#breadcrumb","itemListElement":[{"@type":"ListItem","position":1,"name":"Home","item":"https:\/\/stp.com\/ca-fr\/"},{"@type":"ListItem","position":2,"name":"Solutionneur de probl\u00e8mes","item":"https:\/\/stp.com\/ca-fr\/solutionneur-de-problemes\/"},{"@type":"ListItem","position":3,"name":"Fuites de liquide"}]},{"@type":"WebSite","@id":"https:\/\/c38a2c2a6e.nxcli.io\/ca-fr\/#website","url":"https:\/\/c38a2c2a6e.nxcli.io\/ca-fr\/","name":"STP CA FR","description":"Science. Technology. Performance","potentialAction":[{"@type":"SearchAction","target":{"@type":"EntryPoint","urlTemplate":"https:\/\/c38a2c2a6e.nxcli.io\/ca-fr\/?s={search_term_string}"},"query-input":{"@type":"PropertyValueSpecification","valueRequired":true,"valueName":"search_term_string"}}],"inLanguage":"en-US"}]}},"_links":{"self":[{"href":"https:\/\/stp.com\/ca-fr\/wp-json\/wp\/v2\/pages\/5861","targetHints":{"allow":["GET"]}}],"collection":[{"href":"https:\/\/stp.com\/ca-fr\/wp-json\/wp\/v2\/pages"}],"about":[{"href":"https:\/\/stp.com\/ca-fr\/wp-json\/wp\/v2\/types\/page"}],"author":[{"embeddable":true,"href":"https:\/\/stp.com\/ca-fr\/wp-json\/wp\/v2\/users\/1"}],"replies":[{"embeddable":true,"href":"https:\/\/stp.com\/ca-fr\/wp-json\/wp\/v2\/comments?post=5861"}],"version-history":[{"count":22,"href":"https:\/\/stp.com\/ca-fr\/wp-json\/wp\/v2\/pages\/5861\/revisions"}],"predecessor-version":[{"id":8693,"href":"https:\/\/stp.com\/ca-fr\/wp-json\/wp\/v2\/pages\/5861\/revisions\/8693"}],"up":[{"embeddable":true,"href":"https:\/\/stp.com\/ca-fr\/wp-json\/wp\/v2\/pages\/416"}],"wp:attachment":[{"href":"https:\/\/stp.com\/ca-fr\/wp-json\/wp\/v2\/media?parent=5861"}],"curies":[{"name":"wp","href":"https:\/\/api.w.org\/{rel}","templated":true}]}}