{"id":5845,"date":"2025-04-04T19:12:11","date_gmt":"2025-04-04T13:42:11","guid":{"rendered":"https:\/\/c38a2c2a6e.nxcli.io\/ca-fr\/?page_id=5845"},"modified":"2025-06-20T17:46:01","modified_gmt":"2025-06-20T12:16:01","slug":"entretien-des-vehicules-a-kilometrage-eleve","status":"publish","type":"page","link":"https:\/\/stp.com\/ca-fr\/solutionneur-de-problemes\/entretien-des-vehicules-a-kilometrage-eleve\/","title":{"rendered":"Entretien des v\u00e9hicules \u00e0 kilom\u00e9trage \u00e9lev\u00e9"},"content":{"rendered":"\t\t<div data-elementor-type=\"wp-page\" data-elementor-id=\"5845\" class=\"elementor elementor-5845\" data-elementor-post-type=\"page\">\n\t\t\t\t<div class=\"elementor-element elementor-element-a190730 e-flex e-con-boxed e-con e-parent\" data-id=\"a190730\" data-element_type=\"container\" data-e-type=\"container\" data-settings=\"{&quot;background_background&quot;:&quot;classic&quot;}\">\n\t\t\t\t\t<div class=\"e-con-inner\">\n\t\t\t\t<div class=\"elementor-element elementor-element-346e2a9 breadcrumb elementor-widget elementor-widget-breadcrumbs\" data-id=\"346e2a9\" data-element_type=\"widget\" data-e-type=\"widget\" data-widget_type=\"breadcrumbs.default\">\n\t\t\t\t<div class=\"elementor-widget-container\">\n\t\t\t\t\t<p id=\"breadcrumbs\"><span><span><a href=\"https:\/\/stp.com\/ca-fr\/\">Home<\/a><\/span><\/span><\/p>\t\t\t\t<\/div>\n\t\t\t\t<\/div>\n\t\t<div class=\"elementor-element elementor-element-947a200 e-con-full e-flex e-con e-child\" data-id=\"947a200\" data-element_type=\"container\" data-e-type=\"container\">\n\t\t<div class=\"elementor-element elementor-element-2508f10 e-con-full product__head e-flex e-con e-child\" data-id=\"2508f10\" data-element_type=\"container\" data-e-type=\"container\">\n\t\t\t\t<\/div>\n\t\t\t\t<\/div>\n\t\t\t\t\t<\/div>\n\t\t\t\t<\/div>\n\t\t<div class=\"elementor-element elementor-element-891ac39 top-red-border e-flex e-con-boxed e-con e-parent\" data-id=\"891ac39\" data-element_type=\"container\" data-e-type=\"container\" data-settings=\"{&quot;background_background&quot;:&quot;classic&quot;}\">\n\t\t\t\t\t<div class=\"e-con-inner\">\n\t\t<div class=\"elementor-element elementor-element-e69f560 e-con-full e-flex e-con e-child\" data-id=\"e69f560\" data-element_type=\"container\" data-e-type=\"container\">\n\t\t\t\t<div class=\"elementor-element elementor-element-132f48f elementor-position-right elementor-vertical-align-middle image-text-section elementor-widget elementor-widget-image-box\" data-id=\"132f48f\" data-element_type=\"widget\" data-e-type=\"widget\" data-widget_type=\"image-box.default\">\n\t\t\t\t<div class=\"elementor-widget-container\">\n\t\t\t\t\t<div class=\"elementor-image-box-wrapper\"><figure class=\"elementor-image-box-img\"><img fetchpriority=\"high\" decoding=\"async\" width=\"2560\" height=\"1450\" src=\"https:\/\/stpcdnimage.imgix.net\/wp-content\/uploads\/sites\/10\/2025\/04\/HighMilageCrop-scaled-1.avif\" class=\"attachment-full size-full wp-image-5848\" alt=\"ENTRETIEN DES V\u00c9HICULES \u00c0 KILOM\u00c9TRAGE \u00c9LEV\u00c9\" \/><\/figure><div class=\"elementor-image-box-content\"><p class=\"elementor-image-box-description\">Votre voiture s\u2019approche des 120 000 km ou les d\u00e9passe? Si oui, vous avez probablement remarqu\u00e9 une baisse de rendement. Le temps, les kilom\u00e8tres et la friction interne du moteur ne sont pas sans cons\u00e9quences. M\u00eame les joints et les bagues d\u2019\u00e9tanch\u00e9it\u00e9 de votre moteur peuvent s\u2019ass\u00e9cher, ce qui peut provoquer des fuites. Un entretien ad\u00e9quat permet d\u2019\u00e9viter ces probl\u00e8mes et de prolonger la dur\u00e9e de vie de votre voiture.\n\n<\/p><\/div><\/div>\t\t\t\t<\/div>\n\t\t\t\t<\/div>\n\t\t\t\t<\/div>\n\t\t\t\t\t<\/div>\n\t\t\t\t<\/div>\n\t\t<div class=\"elementor-element elementor-element-6d2c96e prod-related-container e-flex e-con-boxed e-con e-child\" data-id=\"6d2c96e\" data-element_type=\"container\" data-e-type=\"container\" data-settings=\"{&quot;background_background&quot;:&quot;classic&quot;}\">\n\t\t\t\t\t<div class=\"e-con-inner\">\n\t\t\t\t<div class=\"elementor-element elementor-element-308944a arm__product-related elementor-widget elementor-widget-shortcode\" data-id=\"308944a\" data-element_type=\"widget\" data-e-type=\"widget\" data-widget_type=\"shortcode.default\">\n\t\t\t\t<div class=\"elementor-widget-container\">\n\t\t\t\t\t\t\t<div class=\"elementor-shortcode\">\t<div class=\"product_related\">\n\t\t\t\t\t<div class=\"section-intro section-intro--left\" id=\"anchor-intro-block_\">\n\n\t\t\t\t\t<div class=\"section-intro__content\" id=\"anchor-intro-content_\">\n\t\t\t\t\t\t<div role=\"doc-subtitle\">Entretenez votre v\u00e9hicule \u00e0 l'aide des produits STP\u00ae suivants\n<\/div>\n\t\t\t\t\t<\/div>\n\n\t\t\t\t<div class=\"section-intro__button\">\n\t\t\t\t\t\t\t\t\t<\/div>\n\t\t\t<\/div>\n\t\t\t\t<div class=\"building-block\">\n\t\t\t<div class=\"slider slider--listing\" role=\"region\" aria-roledescription=\"carousel\" aria-label=\"Featured product carousel\" data-items-0=\"1\" data-items-500=\"2\" data-items-900=\"3\" data-items-1200=\"4\" data-autoplay=\"false\">\n\t\t\t\t<div class=\"slider__controls\">\n\t\t\t\t\t\t\t\t\t\t\t\t\t\t<\/div>\n\t\t\t\t<div class=\"slider__wrapper\">\n\t\t\t\t\t<ul class=\"slider__panels\" id=\"slider-123\" class=\"carousel-items\" aria-live=\"polite\">\n\t\t\t\t\t\t \t\t\t\t\t\t\t<li class=\"slider__panel\" aria-hidden=\"false\" tabindex=\"-1\" aria-label=\"Slide 1 of 1\">\n\t\t\t\t\t\t\t\t <div class=\"grid grid-cols-4 grid-gutter-md\">\n\t\t\t\t\t\t\t\t\t\t\t\t\t\t\t\t\t\t\t<div class=\"card card--product\">\n\t\t\t\t\t\t\t\t\t\t\t<div class=\"card__image card__image--has-rollover\">\n\t\t\t\t\t\t\t\t\t\t\t\t<img decoding=\"async\" src=\"https:\/\/stpcdnimage.imgix.net\/global-media\/wp-content\/uploads\/sites\/6\/product-images\/E303011700_01.png\"  alt=\"TRAITEMENT D\u2019HUILE + TRAITEMENT ANTI-FUITES EN FORMULE POUR KILOM\u00c9TRAGE \u00c9LEV\u00c9 Image 1\" class=\"\" width=\"250\" height=\"250\" \/>\n\t\t\t\t\t\t\t\t\t\t\t\t<div class=\"btn btn--solid rollover\">Voir le Producit<\/div>\n\t\t\t\t\t\t\t\t\t\t\t<\/div>\n\t\t\t\t\t\t\t\t\t\t\t<div class=\"card__pretitle\"><span class=\"card__category\">Additifs d\u2019huile et de moteur<\/span><\/div>\n\t\t\t\t\t\t\t\t\t\t\t\t<h3 class=\"h3\"><a href=\"https:\/\/stp.com\/ca-fr\/product\/traitement-dhuile-traitement-anti-fuites-en-formule-pour-kilometrage-eleve\/\" class=\"cover-link card__link\">TRAITEMENT D\u2019HUILE + TRAITEMENT ANTI-FUITES EN FORMULE POUR KILOM\u00c9TRAGE \u00c9LEV\u00c9<\/a><\/h3>\n\t\t\t\t\t\t\t\t\t\t<\/div>\n\t\t\t\t\t\t\t\t\t\t\t\t\t\t\t\t\t\t\t<div class=\"card card--product\">\n\t\t\t\t\t\t\t\t\t\t\t<div class=\"card__image card__image--has-rollover\">\n\t\t\t\t\t\t\t\t\t\t\t\t<img decoding=\"async\" src=\"https:\/\/stpcdnimage.imgix.net\/global-media\/wp-content\/uploads\/sites\/6\/product-images\/E302911800_01.png\"  alt=\"TRAITEMENT POUR INJECTEURS ET CARBURATEUR Image 1\" class=\"\" width=\"250\" height=\"250\" \/>\n\t\t\t\t\t\t\t\t\t\t\t\t<div class=\"btn btn--solid rollover\">Voir le Producit<\/div>\n\t\t\t\t\t\t\t\t\t\t\t<\/div>\n\t\t\t\t\t\t\t\t\t\t\t<div class=\"card__pretitle\"><span class=\"card__category\">Additifs d\u2019essence<\/span><\/div>\n\t\t\t\t\t\t\t\t\t\t\t\t<h3 class=\"h3\"><a href=\"https:\/\/stp.com\/ca-fr\/product\/traitement-pour-injecteurs-et-carburateur\/\" class=\"cover-link card__link\">TRAITEMENT POUR INJECTEURS ET CARBURATEUR<\/a><\/h3>\n\t\t\t\t\t\t\t\t\t\t<\/div>\n\t\t\t\t\t\t\t\t\t\t\t\t\t\t\t\t\t<\/div>\n\t\t\t\t\t\t\t<\/li>\n\t\t\t\t\t\t\t\t\t\t\t<\/ul>\n\t\t\t\t<\/div>\n\t\t\t\t<div class=\"slider__nav\">\n\t\t\t\t\t\t\t\t\t\t<\/div>\n\t\t\t<\/div>\n\t\t<\/div>\n\t<\/div>\n<\/div>\n\t\t\t\t\t\t<\/div>\n\t\t\t\t<\/div>\n\t\t\t\t\t<\/div>\n\t\t\t\t<\/div>\n\t\t\t\t<\/div>\n\t\t","protected":false},"excerpt":{"rendered":"<p>Votre voiture s\u2019approche des 120 000 km ou les d\u00e9passe? Si oui, vous avez probablement remarqu\u00e9 une baisse de rendement. Le temps, les kilom\u00e8tres et la friction interne du moteur ne sont pas sans cons\u00e9quences. M\u00eame les joints et les bagues d\u2019\u00e9tanch\u00e9it\u00e9 de votre moteur peuvent s\u2019ass\u00e9cher, ce qui peut provoquer des fuites. Un entretien [&hellip;]<\/p>\n","protected":false},"author":1,"featured_media":0,"parent":416,"menu_order":0,"comment_status":"closed","ping_status":"closed","template":"","meta":{"_acf_changed":false,"footnotes":""},"class_list":["post-5845","page","type-page","status-publish","hentry"],"acf":[],"yoast_head":"<!-- This site is optimized with the Yoast SEO plugin v27.4 - https:\/\/yoast.com\/product\/yoast-seo-wordpress\/ -->\n<title>Entretien des v\u00e9hicules \u00e0 kilom\u00e9trage \u00e9lev\u00e9 - STP CA FR<\/title>\n<meta name=\"robots\" content=\"index, follow, max-snippet:-1, max-image-preview:large, max-video-preview:-1\" \/>\n<link rel=\"canonical\" href=\"https:\/\/stp.com\/ca-fr\/solutionneur-de-problemes\/entretien-des-vehicules-a-kilometrage-eleve\/\" \/>\n<meta property=\"og:locale\" content=\"en_US\" \/>\n<meta property=\"og:type\" content=\"article\" \/>\n<meta property=\"og:title\" content=\"Entretien des v\u00e9hicules \u00e0 kilom\u00e9trage \u00e9lev\u00e9 - STP CA FR\" \/>\n<meta property=\"og:description\" content=\"Votre voiture s\u2019approche des 120 000 km ou les d\u00e9passe? Si oui, vous avez probablement remarqu\u00e9 une baisse de rendement. Le temps, les kilom\u00e8tres et la friction interne du moteur ne sont pas sans cons\u00e9quences. M\u00eame les joints et les bagues d\u2019\u00e9tanch\u00e9it\u00e9 de votre moteur peuvent s\u2019ass\u00e9cher, ce qui peut provoquer des fuites. Un entretien [&hellip;]\" \/>\n<meta property=\"og:url\" content=\"https:\/\/stp.com\/ca-fr\/solutionneur-de-problemes\/entretien-des-vehicules-a-kilometrage-eleve\/\" \/>\n<meta property=\"og:site_name\" content=\"STP CA FR\" \/>\n<meta property=\"article:modified_time\" content=\"2025-06-20T12:16:01+00:00\" \/>\n<meta property=\"og:image\" content=\"https:\/\/stp.com\/ca-fr\/wp-content\/uploads\/sites\/10\/2025\/04\/HighMilageCrop-scaled-1.avif\" \/>\n<meta name=\"twitter:card\" content=\"summary_large_image\" \/>\n<meta name=\"twitter:label1\" content=\"Est. reading time\" \/>\n\t<meta name=\"twitter:data1\" content=\"1 minute\" \/>\n<script type=\"application\/ld+json\" class=\"yoast-schema-graph\">{\"@context\":\"https:\\\/\\\/schema.org\",\"@graph\":[{\"@type\":\"WebPage\",\"@id\":\"https:\\\/\\\/stp.com\\\/ca-fr\\\/solutionneur-de-problemes\\\/entretien-des-vehicules-a-kilometrage-eleve\\\/\",\"url\":\"https:\\\/\\\/stp.com\\\/ca-fr\\\/solutionneur-de-problemes\\\/entretien-des-vehicules-a-kilometrage-eleve\\\/\",\"name\":\"Entretien des v\u00e9hicules \u00e0 kilom\u00e9trage \u00e9lev\u00e9 - STP CA FR\",\"isPartOf\":{\"@id\":\"https:\\\/\\\/c38a2c2a6e.nxcli.io\\\/ca-fr\\\/#website\"},\"primaryImageOfPage\":{\"@id\":\"https:\\\/\\\/stp.com\\\/ca-fr\\\/solutionneur-de-problemes\\\/entretien-des-vehicules-a-kilometrage-eleve\\\/#primaryimage\"},\"image\":{\"@id\":\"https:\\\/\\\/stp.com\\\/ca-fr\\\/solutionneur-de-problemes\\\/entretien-des-vehicules-a-kilometrage-eleve\\\/#primaryimage\"},\"thumbnailUrl\":\"https:\\\/\\\/stp.com\\\/ca-fr\\\/wp-content\\\/uploads\\\/sites\\\/10\\\/2025\\\/04\\\/HighMilageCrop-scaled-1.avif\",\"datePublished\":\"2025-04-04T13:42:11+00:00\",\"dateModified\":\"2025-06-20T12:16:01+00:00\",\"breadcrumb\":{\"@id\":\"https:\\\/\\\/stp.com\\\/ca-fr\\\/solutionneur-de-problemes\\\/entretien-des-vehicules-a-kilometrage-eleve\\\/#breadcrumb\"},\"inLanguage\":\"en-US\",\"potentialAction\":[{\"@type\":\"ReadAction\",\"target\":[\"https:\\\/\\\/stp.com\\\/ca-fr\\\/solutionneur-de-problemes\\\/entretien-des-vehicules-a-kilometrage-eleve\\\/\"]}]},{\"@type\":\"ImageObject\",\"inLanguage\":\"en-US\",\"@id\":\"https:\\\/\\\/stp.com\\\/ca-fr\\\/solutionneur-de-problemes\\\/entretien-des-vehicules-a-kilometrage-eleve\\\/#primaryimage\",\"url\":\"https:\\\/\\\/stpcdnimage.imgix.net\\\/wp-content\\\/uploads\\\/sites\\\/10\\\/2025\\\/04\\\/HighMilageCrop-scaled-1.avif\",\"contentUrl\":\"https:\\\/\\\/stpcdnimage.imgix.net\\\/wp-content\\\/uploads\\\/sites\\\/10\\\/2025\\\/04\\\/HighMilageCrop-scaled-1.avif\",\"width\":2560,\"height\":1450,\"caption\":\"ENTRETIEN DES V\u00c9HICULES \u00c0 KILOM\u00c9TRAGE \u00c9LEV\u00c9\"},{\"@type\":\"BreadcrumbList\",\"@id\":\"https:\\\/\\\/stp.com\\\/ca-fr\\\/solutionneur-de-problemes\\\/entretien-des-vehicules-a-kilometrage-eleve\\\/#breadcrumb\",\"itemListElement\":[{\"@type\":\"ListItem\",\"position\":1,\"name\":\"Home\",\"item\":\"https:\\\/\\\/stp.com\\\/ca-fr\\\/\"},{\"@type\":\"ListItem\",\"position\":2,\"name\":\"Solutionneur de probl\u00e8mes\",\"item\":\"https:\\\/\\\/stp.com\\\/ca-fr\\\/solutionneur-de-problemes\\\/\"},{\"@type\":\"ListItem\",\"position\":3,\"name\":\"Entretien des v\u00e9hicules \u00e0 kilom\u00e9trage \u00e9lev\u00e9\"}]},{\"@type\":\"WebSite\",\"@id\":\"https:\\\/\\\/c38a2c2a6e.nxcli.io\\\/ca-fr\\\/#website\",\"url\":\"https:\\\/\\\/c38a2c2a6e.nxcli.io\\\/ca-fr\\\/\",\"name\":\"STP CA FR\",\"description\":\"Science. Technology. Performance\",\"potentialAction\":[{\"@type\":\"SearchAction\",\"target\":{\"@type\":\"EntryPoint\",\"urlTemplate\":\"https:\\\/\\\/c38a2c2a6e.nxcli.io\\\/ca-fr\\\/?s={search_term_string}\"},\"query-input\":{\"@type\":\"PropertyValueSpecification\",\"valueRequired\":true,\"valueName\":\"search_term_string\"}}],\"inLanguage\":\"en-US\"}]}<\/script>\n<!-- \/ Yoast SEO plugin. -->","yoast_head_json":{"title":"Entretien des v\u00e9hicules \u00e0 kilom\u00e9trage \u00e9lev\u00e9 - STP CA FR","robots":{"index":"index","follow":"follow","max-snippet":"max-snippet:-1","max-image-preview":"max-image-preview:large","max-video-preview":"max-video-preview:-1"},"canonical":"https:\/\/stp.com\/ca-fr\/solutionneur-de-problemes\/entretien-des-vehicules-a-kilometrage-eleve\/","og_locale":"en_US","og_type":"article","og_title":"Entretien des v\u00e9hicules \u00e0 kilom\u00e9trage \u00e9lev\u00e9 - STP CA FR","og_description":"Votre voiture s\u2019approche des 120 000 km ou les d\u00e9passe? Si oui, vous avez probablement remarqu\u00e9 une baisse de rendement. Le temps, les kilom\u00e8tres et la friction interne du moteur ne sont pas sans cons\u00e9quences. M\u00eame les joints et les bagues d\u2019\u00e9tanch\u00e9it\u00e9 de votre moteur peuvent s\u2019ass\u00e9cher, ce qui peut provoquer des fuites. Un entretien [&hellip;]","og_url":"https:\/\/stp.com\/ca-fr\/solutionneur-de-problemes\/entretien-des-vehicules-a-kilometrage-eleve\/","og_site_name":"STP CA FR","article_modified_time":"2025-06-20T12:16:01+00:00","og_image":[{"url":"https:\/\/stp.com\/ca-fr\/wp-content\/uploads\/sites\/10\/2025\/04\/HighMilageCrop-scaled-1.avif","type":"","width":"","height":""}],"twitter_card":"summary_large_image","twitter_misc":{"Est. reading time":"1 minute"},"schema":{"@context":"https:\/\/schema.org","@graph":[{"@type":"WebPage","@id":"https:\/\/stp.com\/ca-fr\/solutionneur-de-problemes\/entretien-des-vehicules-a-kilometrage-eleve\/","url":"https:\/\/stp.com\/ca-fr\/solutionneur-de-problemes\/entretien-des-vehicules-a-kilometrage-eleve\/","name":"Entretien des v\u00e9hicules \u00e0 kilom\u00e9trage \u00e9lev\u00e9 - STP CA FR","isPartOf":{"@id":"https:\/\/c38a2c2a6e.nxcli.io\/ca-fr\/#website"},"primaryImageOfPage":{"@id":"https:\/\/stp.com\/ca-fr\/solutionneur-de-problemes\/entretien-des-vehicules-a-kilometrage-eleve\/#primaryimage"},"image":{"@id":"https:\/\/stp.com\/ca-fr\/solutionneur-de-problemes\/entretien-des-vehicules-a-kilometrage-eleve\/#primaryimage"},"thumbnailUrl":"https:\/\/stp.com\/ca-fr\/wp-content\/uploads\/sites\/10\/2025\/04\/HighMilageCrop-scaled-1.avif","datePublished":"2025-04-04T13:42:11+00:00","dateModified":"2025-06-20T12:16:01+00:00","breadcrumb":{"@id":"https:\/\/stp.com\/ca-fr\/solutionneur-de-problemes\/entretien-des-vehicules-a-kilometrage-eleve\/#breadcrumb"},"inLanguage":"en-US","potentialAction":[{"@type":"ReadAction","target":["https:\/\/stp.com\/ca-fr\/solutionneur-de-problemes\/entretien-des-vehicules-a-kilometrage-eleve\/"]}]},{"@type":"ImageObject","inLanguage":"en-US","@id":"https:\/\/stp.com\/ca-fr\/solutionneur-de-problemes\/entretien-des-vehicules-a-kilometrage-eleve\/#primaryimage","url":"https:\/\/stpcdnimage.imgix.net\/wp-content\/uploads\/sites\/10\/2025\/04\/HighMilageCrop-scaled-1.avif","contentUrl":"https:\/\/stpcdnimage.imgix.net\/wp-content\/uploads\/sites\/10\/2025\/04\/HighMilageCrop-scaled-1.avif","width":2560,"height":1450,"caption":"ENTRETIEN DES V\u00c9HICULES \u00c0 KILOM\u00c9TRAGE \u00c9LEV\u00c9"},{"@type":"BreadcrumbList","@id":"https:\/\/stp.com\/ca-fr\/solutionneur-de-problemes\/entretien-des-vehicules-a-kilometrage-eleve\/#breadcrumb","itemListElement":[{"@type":"ListItem","position":1,"name":"Home","item":"https:\/\/stp.com\/ca-fr\/"},{"@type":"ListItem","position":2,"name":"Solutionneur de probl\u00e8mes","item":"https:\/\/stp.com\/ca-fr\/solutionneur-de-problemes\/"},{"@type":"ListItem","position":3,"name":"Entretien des v\u00e9hicules \u00e0 kilom\u00e9trage \u00e9lev\u00e9"}]},{"@type":"WebSite","@id":"https:\/\/c38a2c2a6e.nxcli.io\/ca-fr\/#website","url":"https:\/\/c38a2c2a6e.nxcli.io\/ca-fr\/","name":"STP CA FR","description":"Science. Technology. Performance","potentialAction":[{"@type":"SearchAction","target":{"@type":"EntryPoint","urlTemplate":"https:\/\/c38a2c2a6e.nxcli.io\/ca-fr\/?s={search_term_string}"},"query-input":{"@type":"PropertyValueSpecification","valueRequired":true,"valueName":"search_term_string"}}],"inLanguage":"en-US"}]}},"_links":{"self":[{"href":"https:\/\/stp.com\/ca-fr\/wp-json\/wp\/v2\/pages\/5845","targetHints":{"allow":["GET"]}}],"collection":[{"href":"https:\/\/stp.com\/ca-fr\/wp-json\/wp\/v2\/pages"}],"about":[{"href":"https:\/\/stp.com\/ca-fr\/wp-json\/wp\/v2\/types\/page"}],"author":[{"embeddable":true,"href":"https:\/\/stp.com\/ca-fr\/wp-json\/wp\/v2\/users\/1"}],"replies":[{"embeddable":true,"href":"https:\/\/stp.com\/ca-fr\/wp-json\/wp\/v2\/comments?post=5845"}],"version-history":[{"count":19,"href":"https:\/\/stp.com\/ca-fr\/wp-json\/wp\/v2\/pages\/5845\/revisions"}],"predecessor-version":[{"id":8687,"href":"https:\/\/stp.com\/ca-fr\/wp-json\/wp\/v2\/pages\/5845\/revisions\/8687"}],"up":[{"embeddable":true,"href":"https:\/\/stp.com\/ca-fr\/wp-json\/wp\/v2\/pages\/416"}],"wp:attachment":[{"href":"https:\/\/stp.com\/ca-fr\/wp-json\/wp\/v2\/media?parent=5845"}],"curies":[{"name":"wp","href":"https:\/\/api.w.org\/{rel}","templated":true}]}}