{"id":5006,"date":"2025-04-03T17:56:27","date_gmt":"2025-04-03T12:26:27","guid":{"rendered":"https:\/\/c38a2c2a6e.nxcli.io\/ca-fr\/?page_id=5006"},"modified":"2025-05-07T12:25:25","modified_gmt":"2025-05-07T06:55:25","slug":"liquides-de-freins-ou-de-servo-direction-faq","status":"publish","type":"page","link":"https:\/\/stp.com\/ca-fr\/conseils-dentretien\/faqs\/liquides-de-freins-ou-de-servo-direction-faq\/","title":{"rendered":"Liquides de freins ou de servo-direction"},"content":{"rendered":"\t\t<div data-elementor-type=\"wp-page\" data-elementor-id=\"5006\" class=\"elementor elementor-5006\" data-elementor-post-type=\"page\">\n\t\t\t\t<div class=\"elementor-element elementor-element-59ad9d4 e-flex e-con-boxed e-con e-parent\" data-id=\"59ad9d4\" data-element_type=\"container\" data-e-type=\"container\" data-settings=\"{&quot;background_background&quot;:&quot;classic&quot;}\">\n\t\t\t\t\t<div class=\"e-con-inner\">\n\t\t\t\t<div class=\"elementor-element elementor-element-1e212b7 breadcrumb elementor-widget elementor-widget-breadcrumbs\" data-id=\"1e212b7\" data-element_type=\"widget\" data-e-type=\"widget\" data-widget_type=\"breadcrumbs.default\">\n\t\t\t\t<div class=\"elementor-widget-container\">\n\t\t\t\t\t<p id=\"breadcrumbs\"><span><span><a href=\"https:\/\/stp.com\/ca-fr\/\">Home<\/a><\/span><\/span><\/p>\t\t\t\t<\/div>\n\t\t\t\t<\/div>\n\t\t<div class=\"elementor-element elementor-element-4c70f01 e-con-full e-flex e-con e-child\" data-id=\"4c70f01\" data-element_type=\"container\" data-e-type=\"container\">\n\t\t<div class=\"elementor-element elementor-element-2b17daf e-con-full product__head e-flex e-con e-child\" data-id=\"2b17daf\" data-element_type=\"container\" data-e-type=\"container\">\n\t\t\t\t<\/div>\n\t\t\t\t<\/div>\n\t\t\t\t\t<\/div>\n\t\t\t\t<\/div>\n\t\t<div class=\"elementor-element elementor-element-452e231 top-red-border e-flex e-con-boxed e-con e-parent\" data-id=\"452e231\" data-element_type=\"container\" data-e-type=\"container\" data-settings=\"{&quot;background_background&quot;:&quot;classic&quot;}\">\n\t\t\t\t\t<div class=\"e-con-inner\">\n\t\t\t\t<div class=\"elementor-element elementor-element-14dad99 faqs-accordian elementor-widget elementor-widget-n-accordion\" data-id=\"14dad99\" data-element_type=\"widget\" data-e-type=\"widget\" data-settings=\"{&quot;default_state&quot;:&quot;all_collapsed&quot;,&quot;n_accordion_animation_duration&quot;:{&quot;unit&quot;:&quot;ms&quot;,&quot;size&quot;:300,&quot;sizes&quot;:[]},&quot;max_items_expended&quot;:&quot;one&quot;}\" data-widget_type=\"nested-accordion.default\">\n\t\t\t\t<div class=\"elementor-widget-container\">\n\t\t\t\t\t\t\t<div class=\"e-n-accordion\" aria-label=\"Accordion. Open links with Enter or Space, close with Escape, and navigate with Arrow Keys\">\n\t\t\t\t\t\t<details id=\"e-n-accordion-item-2180\" class=\"e-n-accordion-item\" >\n\t\t\t\t<summary class=\"e-n-accordion-item-title\" data-accordion-index=\"1\" tabindex=\"0\" aria-expanded=\"false\" aria-controls=\"e-n-accordion-item-2180\" >\n\t\t\t\t\t<span class='e-n-accordion-item-title-header'><h3 class=\"e-n-accordion-item-title-text\"> Qu'est-ce que le liquide de freins? <\/h3><\/span>\n\t\t\t\t\t\t\t<span class='e-n-accordion-item-title-icon'>\n\t\t\t<span class='e-opened' ><svg aria-hidden=\"true\" class=\"e-font-icon-svg e-fas-arrow-up\" viewBox=\"0 0 448 512\" xmlns=\"http:\/\/www.w3.org\/2000\/svg\"><path d=\"M34.9 289.5l-22.2-22.2c-9.4-9.4-9.4-24.6 0-33.9L207 39c9.4-9.4 24.6-9.4 33.9 0l194.3 194.3c9.4 9.4 9.4 24.6 0 33.9L413 289.4c-9.5 9.5-25 9.3-34.3-.4L264 168.6V456c0 13.3-10.7 24-24 24h-32c-13.3 0-24-10.7-24-24V168.6L69.2 289.1c-9.3 9.8-24.8 10-34.3.4z\"><\/path><\/svg><\/span>\n\t\t\t<span class='e-closed'><svg aria-hidden=\"true\" class=\"e-font-icon-svg e-fas-arrow-down\" viewBox=\"0 0 448 512\" xmlns=\"http:\/\/www.w3.org\/2000\/svg\"><path d=\"M413.1 222.5l22.2 22.2c9.4 9.4 9.4 24.6 0 33.9L241 473c-9.4 9.4-24.6 9.4-33.9 0L12.7 278.6c-9.4-9.4-9.4-24.6 0-33.9l22.2-22.2c9.5-9.5 25-9.3 34.3.4L184 343.4V56c0-13.3 10.7-24 24-24h32c13.3 0 24 10.7 24 24v287.4l114.8-120.5c9.3-9.8 24.8-10 34.3-.4z\"><\/path><\/svg><\/span>\n\t\t<\/span>\n\n\t\t\t\t\t\t<\/summary>\n\t\t\t\t<div role=\"region\" aria-labelledby=\"e-n-accordion-item-2180\" class=\"elementor-element elementor-element-817b9a1 e-con-full e-flex e-con e-child\" data-id=\"817b9a1\" data-element_type=\"container\" data-e-type=\"container\">\n\t\t\t\t<div class=\"elementor-element elementor-element-6f4975f elementor-widget elementor-widget-text-editor\" data-id=\"6f4975f\" data-element_type=\"widget\" data-e-type=\"widget\" data-widget_type=\"text-editor.default\">\n\t\t\t\t<div class=\"elementor-widget-container\">\n\t\t\t\t\t\t\t\t\t<p>Le liquide de freins est principalement un \u00e9ther de glycol comportant un ensemble d\u2019inhibiteurs de corrosion. L\u2019\u00e9ther de glycol doit \u00eatre stable (c.-\u00e0-d. ne pas bouillir) lorsqu\u2019il est soumis \u00e0 la chaleur des disques de freins. Comme le volume d\u2019inhibiteur de corrosion se r\u00e9duit au fil du temps, il est important de surveiller le niveau de liquide de freins p\u00e9riodiquement. La plupart des fabricants automobiles recommandent de remplacer ce liquide tous les deux ans, mais il est pr\u00e9f\u00e9rable de vous reporter au manuel du propri\u00e9taire pour confirmer cet intervalle.<\/p>\t\t\t\t\t\t\t\t<\/div>\n\t\t\t\t<\/div>\n\t\t\t\t<\/div>\n\t\t\t\t\t<\/details>\n\t\t\t\t\t\t<details id=\"e-n-accordion-item-2181\" class=\"e-n-accordion-item\" >\n\t\t\t\t<summary class=\"e-n-accordion-item-title\" data-accordion-index=\"2\" tabindex=\"-1\" aria-expanded=\"false\" aria-controls=\"e-n-accordion-item-2181\" >\n\t\t\t\t\t<span class='e-n-accordion-item-title-header'><h3 class=\"e-n-accordion-item-title-text\"> Pourquoi utiliser un liquide de freins? <\/h3><\/span>\n\t\t\t\t\t\t\t<span class='e-n-accordion-item-title-icon'>\n\t\t\t<span class='e-opened' ><svg aria-hidden=\"true\" class=\"e-font-icon-svg e-fas-arrow-up\" viewBox=\"0 0 448 512\" xmlns=\"http:\/\/www.w3.org\/2000\/svg\"><path d=\"M34.9 289.5l-22.2-22.2c-9.4-9.4-9.4-24.6 0-33.9L207 39c9.4-9.4 24.6-9.4 33.9 0l194.3 194.3c9.4 9.4 9.4 24.6 0 33.9L413 289.4c-9.5 9.5-25 9.3-34.3-.4L264 168.6V456c0 13.3-10.7 24-24 24h-32c-13.3 0-24-10.7-24-24V168.6L69.2 289.1c-9.3 9.8-24.8 10-34.3.4z\"><\/path><\/svg><\/span>\n\t\t\t<span class='e-closed'><svg aria-hidden=\"true\" class=\"e-font-icon-svg e-fas-arrow-down\" viewBox=\"0 0 448 512\" xmlns=\"http:\/\/www.w3.org\/2000\/svg\"><path d=\"M413.1 222.5l22.2 22.2c9.4 9.4 9.4 24.6 0 33.9L241 473c-9.4 9.4-24.6 9.4-33.9 0L12.7 278.6c-9.4-9.4-9.4-24.6 0-33.9l22.2-22.2c9.5-9.5 25-9.3 34.3.4L184 343.4V56c0-13.3 10.7-24 24-24h32c13.3 0 24 10.7 24 24v287.4l114.8-120.5c9.3-9.8 24.8-10 34.3-.4z\"><\/path><\/svg><\/span>\n\t\t<\/span>\n\n\t\t\t\t\t\t<\/summary>\n\t\t\t\t<div role=\"region\" aria-labelledby=\"e-n-accordion-item-2181\" class=\"elementor-element elementor-element-2fd3df8 e-con-full e-flex e-con e-child\" data-id=\"2fd3df8\" data-element_type=\"container\" data-e-type=\"container\">\n\t\t\t\t<div class=\"elementor-element elementor-element-45d4860 elementor-widget elementor-widget-text-editor\" data-id=\"45d4860\" data-element_type=\"widget\" data-e-type=\"widget\" data-widget_type=\"text-editor.default\">\n\t\t\t\t<div class=\"elementor-widget-container\">\n\t\t\t\t\t\t\t\t\t<p>C\u2019est gr\u00e2ce \u00e0 ce liquide fonctionnel que le syst\u00e8me de freinage transmet la pression sur les freins des quatre roues. Ce liquide doit avoir un point d\u2019\u00e9bullition tr\u00e8s \u00e9lev\u00e9 afin de ne pas bouillir ni se transformer en vapeur lorsqu\u2019il est expos\u00e9 aux temp\u00e9ratures de fonctionnement \u00e9lev\u00e9es du syst\u00e8me de freinage. \u00c0 mesure que les plaquettes de freins s\u2019usent, le niveau de liquide dans le r\u00e9servoir baisse. Il est donc important de v\u00e9rifier le niveau de liquide \u00e0 chaque vidange d\u2019huile et d\u2019en rajouter au besoin.<\/p>\t\t\t\t\t\t\t\t<\/div>\n\t\t\t\t<\/div>\n\t\t\t\t<\/div>\n\t\t\t\t\t<\/details>\n\t\t\t\t\t\t<details id=\"e-n-accordion-item-2182\" class=\"e-n-accordion-item\" >\n\t\t\t\t<summary class=\"e-n-accordion-item-title\" data-accordion-index=\"3\" tabindex=\"-1\" aria-expanded=\"false\" aria-controls=\"e-n-accordion-item-2182\" >\n\t\t\t\t\t<span class='e-n-accordion-item-title-header'><h3 class=\"e-n-accordion-item-title-text\"> Qu'est-ce que le liquide de servo-direction et traitement anti-fuites? <\/h3><\/span>\n\t\t\t\t\t\t\t<span class='e-n-accordion-item-title-icon'>\n\t\t\t<span class='e-opened' ><svg aria-hidden=\"true\" class=\"e-font-icon-svg e-fas-arrow-up\" viewBox=\"0 0 448 512\" xmlns=\"http:\/\/www.w3.org\/2000\/svg\"><path d=\"M34.9 289.5l-22.2-22.2c-9.4-9.4-9.4-24.6 0-33.9L207 39c9.4-9.4 24.6-9.4 33.9 0l194.3 194.3c9.4 9.4 9.4 24.6 0 33.9L413 289.4c-9.5 9.5-25 9.3-34.3-.4L264 168.6V456c0 13.3-10.7 24-24 24h-32c-13.3 0-24-10.7-24-24V168.6L69.2 289.1c-9.3 9.8-24.8 10-34.3.4z\"><\/path><\/svg><\/span>\n\t\t\t<span class='e-closed'><svg aria-hidden=\"true\" class=\"e-font-icon-svg e-fas-arrow-down\" viewBox=\"0 0 448 512\" xmlns=\"http:\/\/www.w3.org\/2000\/svg\"><path d=\"M413.1 222.5l22.2 22.2c9.4 9.4 9.4 24.6 0 33.9L241 473c-9.4 9.4-24.6 9.4-33.9 0L12.7 278.6c-9.4-9.4-9.4-24.6 0-33.9l22.2-22.2c9.5-9.5 25-9.3 34.3.4L184 343.4V56c0-13.3 10.7-24 24-24h32c13.3 0 24 10.7 24 24v287.4l114.8-120.5c9.3-9.8 24.8-10 34.3-.4z\"><\/path><\/svg><\/span>\n\t\t<\/span>\n\n\t\t\t\t\t\t<\/summary>\n\t\t\t\t<div role=\"region\" aria-labelledby=\"e-n-accordion-item-2182\" class=\"elementor-element elementor-element-9e40d1e e-con-full e-flex e-con e-child\" data-id=\"9e40d1e\" data-element_type=\"container\" data-e-type=\"container\">\n\t\t\t\t<div class=\"elementor-element elementor-element-958f529 elementor-widget elementor-widget-text-editor\" data-id=\"958f529\" data-element_type=\"widget\" data-e-type=\"widget\" data-widget_type=\"text-editor.default\">\n\t\t\t\t<div class=\"elementor-widget-container\">\n\t\t\t\t\t\t\t\t\t<p>Le liquide de servo-direction STP\u00ae est un liquide hydraulique qui transmet la pression de la pompe de servo-direction \u00e0 la cr\u00e9maill\u00e8re de direction moderne ou au bo\u00eetier de direction (\u00e0 vis et secteur). Des fuites mineures peuvent provoquer une baisse du niveau de liquide. Il est donc important de v\u00e9rifier le niveau de liquide \u00e0 chaque vidange d\u2019huile et d\u2019en rajouter au besoin. Si le syst\u00e8me de servo-direction perd du liquide en raison de l\u2019usure ou du r\u00e9tr\u00e9cissement des joints, vous pouvez avoir recours au liquide de servo-direction et traitement anti-fuites STP\u00ae.<\/p>\t\t\t\t\t\t\t\t<\/div>\n\t\t\t\t<\/div>\n\t\t\t\t<\/div>\n\t\t\t\t\t<\/details>\n\t\t\t\t\t<\/div>\n\t\t\t\t\t\t<\/div>\n\t\t\t\t<\/div>\n\t\t\t\t\t<\/div>\n\t\t\t\t<\/div>\n\t\t\t\t<\/div>\n\t\t","protected":false},"excerpt":{"rendered":"<p>Qu&#8217;est-ce que le liquide de freins? &nbsp; Le liquide de freins est principalement un \u00e9ther de glycol comportant un ensemble d\u2019inhibiteurs de corrosion. L\u2019\u00e9ther de glycol doit \u00eatre stable (c.-\u00e0-d. ne pas bouillir) lorsqu\u2019il est soumis \u00e0 la chaleur des disques de freins. Comme le volume d\u2019inhibiteur de corrosion se r\u00e9duit au fil du temps, [&hellip;]<\/p>\n","protected":false},"author":1,"featured_media":0,"parent":4911,"menu_order":0,"comment_status":"closed","ping_status":"closed","template":"","meta":{"_acf_changed":false,"footnotes":""},"class_list":["post-5006","page","type-page","status-publish","hentry"],"acf":[],"yoast_head":"<!-- This site is optimized with the Yoast SEO plugin v27.4 - https:\/\/yoast.com\/product\/yoast-seo-wordpress\/ -->\n<title>Liquides de freins ou de servo-direction - STP CA FR<\/title>\n<meta name=\"robots\" content=\"index, follow, max-snippet:-1, max-image-preview:large, max-video-preview:-1\" \/>\n<link rel=\"canonical\" href=\"https:\/\/stp.com\/ca-fr\/conseils-dentretien\/faqs\/liquides-de-freins-ou-de-servo-direction-faq\/\" \/>\n<meta property=\"og:locale\" content=\"en_US\" \/>\n<meta property=\"og:type\" content=\"article\" \/>\n<meta property=\"og:title\" content=\"Liquides de freins ou de servo-direction - STP CA FR\" \/>\n<meta property=\"og:description\" content=\"Qu&#8217;est-ce que le liquide de freins? &nbsp; Le liquide de freins est principalement un \u00e9ther de glycol comportant un ensemble d\u2019inhibiteurs de corrosion. L\u2019\u00e9ther de glycol doit \u00eatre stable (c.-\u00e0-d. ne pas bouillir) lorsqu\u2019il est soumis \u00e0 la chaleur des disques de freins. Comme le volume d\u2019inhibiteur de corrosion se r\u00e9duit au fil du temps, [&hellip;]\" \/>\n<meta property=\"og:url\" content=\"https:\/\/stp.com\/ca-fr\/conseils-dentretien\/faqs\/liquides-de-freins-ou-de-servo-direction-faq\/\" \/>\n<meta property=\"og:site_name\" content=\"STP CA FR\" \/>\n<meta property=\"article:modified_time\" content=\"2025-05-07T06:55:25+00:00\" \/>\n<meta name=\"twitter:card\" content=\"summary_large_image\" \/>\n<meta name=\"twitter:label1\" content=\"Est. reading time\" \/>\n\t<meta name=\"twitter:data1\" content=\"3 minutes\" \/>\n<script type=\"application\/ld+json\" class=\"yoast-schema-graph\">{\"@context\":\"https:\\\/\\\/schema.org\",\"@graph\":[{\"@type\":\"WebPage\",\"@id\":\"https:\\\/\\\/stp.com\\\/ca-fr\\\/conseils-dentretien\\\/faqs\\\/liquides-de-freins-ou-de-servo-direction-faq\\\/\",\"url\":\"https:\\\/\\\/stp.com\\\/ca-fr\\\/conseils-dentretien\\\/faqs\\\/liquides-de-freins-ou-de-servo-direction-faq\\\/\",\"name\":\"Liquides de freins ou de servo-direction - STP CA FR\",\"isPartOf\":{\"@id\":\"https:\\\/\\\/c38a2c2a6e.nxcli.io\\\/ca-fr\\\/#website\"},\"datePublished\":\"2025-04-03T12:26:27+00:00\",\"dateModified\":\"2025-05-07T06:55:25+00:00\",\"breadcrumb\":{\"@id\":\"https:\\\/\\\/stp.com\\\/ca-fr\\\/conseils-dentretien\\\/faqs\\\/liquides-de-freins-ou-de-servo-direction-faq\\\/#breadcrumb\"},\"inLanguage\":\"en-US\",\"potentialAction\":[{\"@type\":\"ReadAction\",\"target\":[\"https:\\\/\\\/stp.com\\\/ca-fr\\\/conseils-dentretien\\\/faqs\\\/liquides-de-freins-ou-de-servo-direction-faq\\\/\"]}]},{\"@type\":\"BreadcrumbList\",\"@id\":\"https:\\\/\\\/stp.com\\\/ca-fr\\\/conseils-dentretien\\\/faqs\\\/liquides-de-freins-ou-de-servo-direction-faq\\\/#breadcrumb\",\"itemListElement\":[{\"@type\":\"ListItem\",\"position\":1,\"name\":\"Home\",\"item\":\"https:\\\/\\\/stp.com\\\/ca-fr\\\/\"},{\"@type\":\"ListItem\",\"position\":2,\"name\":\"Conseils d\u2019Entretien\",\"item\":\"https:\\\/\\\/stp.com\\\/ca-fr\\\/conseils-dentretien\\\/\"},{\"@type\":\"ListItem\",\"position\":3,\"name\":\"FAQ\",\"item\":\"https:\\\/\\\/stp.com\\\/ca-fr\\\/conseils-dentretien\\\/faqs\\\/\"},{\"@type\":\"ListItem\",\"position\":4,\"name\":\"Liquides de freins ou de servo-direction\"}]},{\"@type\":\"WebSite\",\"@id\":\"https:\\\/\\\/c38a2c2a6e.nxcli.io\\\/ca-fr\\\/#website\",\"url\":\"https:\\\/\\\/c38a2c2a6e.nxcli.io\\\/ca-fr\\\/\",\"name\":\"STP CA FR\",\"description\":\"Science. Technology. Performance\",\"potentialAction\":[{\"@type\":\"SearchAction\",\"target\":{\"@type\":\"EntryPoint\",\"urlTemplate\":\"https:\\\/\\\/c38a2c2a6e.nxcli.io\\\/ca-fr\\\/?s={search_term_string}\"},\"query-input\":{\"@type\":\"PropertyValueSpecification\",\"valueRequired\":true,\"valueName\":\"search_term_string\"}}],\"inLanguage\":\"en-US\"}]}<\/script>\n<!-- \/ Yoast SEO plugin. -->","yoast_head_json":{"title":"Liquides de freins ou de servo-direction - STP CA FR","robots":{"index":"index","follow":"follow","max-snippet":"max-snippet:-1","max-image-preview":"max-image-preview:large","max-video-preview":"max-video-preview:-1"},"canonical":"https:\/\/stp.com\/ca-fr\/conseils-dentretien\/faqs\/liquides-de-freins-ou-de-servo-direction-faq\/","og_locale":"en_US","og_type":"article","og_title":"Liquides de freins ou de servo-direction - STP CA FR","og_description":"Qu&#8217;est-ce que le liquide de freins? &nbsp; Le liquide de freins est principalement un \u00e9ther de glycol comportant un ensemble d\u2019inhibiteurs de corrosion. L\u2019\u00e9ther de glycol doit \u00eatre stable (c.-\u00e0-d. ne pas bouillir) lorsqu\u2019il est soumis \u00e0 la chaleur des disques de freins. Comme le volume d\u2019inhibiteur de corrosion se r\u00e9duit au fil du temps, [&hellip;]","og_url":"https:\/\/stp.com\/ca-fr\/conseils-dentretien\/faqs\/liquides-de-freins-ou-de-servo-direction-faq\/","og_site_name":"STP CA FR","article_modified_time":"2025-05-07T06:55:25+00:00","twitter_card":"summary_large_image","twitter_misc":{"Est. reading time":"3 minutes"},"schema":{"@context":"https:\/\/schema.org","@graph":[{"@type":"WebPage","@id":"https:\/\/stp.com\/ca-fr\/conseils-dentretien\/faqs\/liquides-de-freins-ou-de-servo-direction-faq\/","url":"https:\/\/stp.com\/ca-fr\/conseils-dentretien\/faqs\/liquides-de-freins-ou-de-servo-direction-faq\/","name":"Liquides de freins ou de servo-direction - STP CA FR","isPartOf":{"@id":"https:\/\/c38a2c2a6e.nxcli.io\/ca-fr\/#website"},"datePublished":"2025-04-03T12:26:27+00:00","dateModified":"2025-05-07T06:55:25+00:00","breadcrumb":{"@id":"https:\/\/stp.com\/ca-fr\/conseils-dentretien\/faqs\/liquides-de-freins-ou-de-servo-direction-faq\/#breadcrumb"},"inLanguage":"en-US","potentialAction":[{"@type":"ReadAction","target":["https:\/\/stp.com\/ca-fr\/conseils-dentretien\/faqs\/liquides-de-freins-ou-de-servo-direction-faq\/"]}]},{"@type":"BreadcrumbList","@id":"https:\/\/stp.com\/ca-fr\/conseils-dentretien\/faqs\/liquides-de-freins-ou-de-servo-direction-faq\/#breadcrumb","itemListElement":[{"@type":"ListItem","position":1,"name":"Home","item":"https:\/\/stp.com\/ca-fr\/"},{"@type":"ListItem","position":2,"name":"Conseils d\u2019Entretien","item":"https:\/\/stp.com\/ca-fr\/conseils-dentretien\/"},{"@type":"ListItem","position":3,"name":"FAQ","item":"https:\/\/stp.com\/ca-fr\/conseils-dentretien\/faqs\/"},{"@type":"ListItem","position":4,"name":"Liquides de freins ou de servo-direction"}]},{"@type":"WebSite","@id":"https:\/\/c38a2c2a6e.nxcli.io\/ca-fr\/#website","url":"https:\/\/c38a2c2a6e.nxcli.io\/ca-fr\/","name":"STP CA FR","description":"Science. Technology. Performance","potentialAction":[{"@type":"SearchAction","target":{"@type":"EntryPoint","urlTemplate":"https:\/\/c38a2c2a6e.nxcli.io\/ca-fr\/?s={search_term_string}"},"query-input":{"@type":"PropertyValueSpecification","valueRequired":true,"valueName":"search_term_string"}}],"inLanguage":"en-US"}]}},"_links":{"self":[{"href":"https:\/\/stp.com\/ca-fr\/wp-json\/wp\/v2\/pages\/5006","targetHints":{"allow":["GET"]}}],"collection":[{"href":"https:\/\/stp.com\/ca-fr\/wp-json\/wp\/v2\/pages"}],"about":[{"href":"https:\/\/stp.com\/ca-fr\/wp-json\/wp\/v2\/types\/page"}],"author":[{"embeddable":true,"href":"https:\/\/stp.com\/ca-fr\/wp-json\/wp\/v2\/users\/1"}],"replies":[{"embeddable":true,"href":"https:\/\/stp.com\/ca-fr\/wp-json\/wp\/v2\/comments?post=5006"}],"version-history":[{"count":96,"href":"https:\/\/stp.com\/ca-fr\/wp-json\/wp\/v2\/pages\/5006\/revisions"}],"predecessor-version":[{"id":8455,"href":"https:\/\/stp.com\/ca-fr\/wp-json\/wp\/v2\/pages\/5006\/revisions\/8455"}],"up":[{"embeddable":true,"href":"https:\/\/stp.com\/ca-fr\/wp-json\/wp\/v2\/pages\/4911"}],"wp:attachment":[{"href":"https:\/\/stp.com\/ca-fr\/wp-json\/wp\/v2\/media?parent=5006"}],"curies":[{"name":"wp","href":"https:\/\/api.w.org\/{rel}","templated":true}]}}