{"id":3340,"date":"2022-03-27T16:02:45","date_gmt":"2022-03-27T15:02:45","guid":{"rendered":"https:\/\/mx-es.master-7rqtwti-7z4xhzo4ugydc.us-4.platformsh.site\/?post_type=product&#038;p=3340"},"modified":"2025-06-23T15:15:18","modified_gmt":"2025-06-23T09:45:18","slug":"liquido-de-direccion-hidraulica-con-anti-fugas-alto-kilometraje","status":"publish","type":"product","link":"https:\/\/stp.com\/ar\/product\/liquido-de-direccion-hidraulica-con-anti-fugas-alto-kilometraje\/","title":{"rendered":"L\u00edquido de Direcci\u00f3n Hidr\u00e1ulica con Anti Fugas, alto Kilometraje"},"template":"","meta":{"_acf_changed":false},"product-category":[155,154],"product-feature":[],"retailer":[],"surface-material":[],"class_list":["post-3340","product","type-product","status-publish","hentry","product-category-direccion-asistida","product-category-liquidos-funcionales"],"acf":[],"yoast_head":"<!-- This site is optimized with the Yoast SEO plugin v27.4 - https:\/\/yoast.com\/product\/yoast-seo-wordpress\/ -->\n<title>L\u00edquido de Direcci\u00f3n Hidr\u00e1ulica con Anti Fugas, alto Kilometraje - STP Argentina<\/title>\n<meta name=\"description\" content=\"STP\u00ae High Mileage Power Steering Fluid + Stop Leak es nuestro mejor aditivo para el l\u00edquido de direcci\u00f3n asistida, dise\u00f1ado para combatir el desgaste por uso en veh\u00edculos con m\u00e1s de 75.000 millas\/120.000 km.\" \/>\n<meta name=\"robots\" content=\"index, follow, max-snippet:-1, max-image-preview:large, max-video-preview:-1\" \/>\n<link rel=\"canonical\" href=\"https:\/\/stp.com\/ar\/product\/liquido-de-direccion-hidraulica-con-anti-fugas-alto-kilometraje\/\" \/>\n<meta property=\"og:locale\" content=\"en_US\" \/>\n<meta property=\"og:type\" content=\"article\" \/>\n<meta property=\"og:title\" content=\"L\u00edquido de Direcci\u00f3n Hidr\u00e1ulica con Anti Fugas, alto Kilometraje - STP Argentina\" \/>\n<meta property=\"og:description\" content=\"STP\u00ae High Mileage Power Steering Fluid + Stop Leak es nuestro mejor aditivo para el l\u00edquido de direcci\u00f3n asistida, dise\u00f1ado para combatir el desgaste por uso en veh\u00edculos con m\u00e1s de 75.000 millas\/120.000 km.\" \/>\n<meta property=\"og:url\" content=\"https:\/\/stp.com\/ar\/product\/liquido-de-direccion-hidraulica-con-anti-fugas-alto-kilometraje\/\" \/>\n<meta property=\"og:site_name\" content=\"STP Argentina\" \/>\n<meta property=\"article:modified_time\" content=\"2025-06-23T09:45:18+00:00\" \/>\n<meta name=\"twitter:card\" content=\"summary_large_image\" \/>\n<script type=\"application\/ld+json\" class=\"yoast-schema-graph\">{\"@context\":\"https:\\\/\\\/schema.org\",\"@graph\":[{\"@type\":\"WebPage\",\"@id\":\"https:\\\/\\\/stp.com\\\/ar\\\/product\\\/liquido-de-direccion-hidraulica-con-anti-fugas-alto-kilometraje\\\/\",\"url\":\"https:\\\/\\\/stp.com\\\/ar\\\/product\\\/liquido-de-direccion-hidraulica-con-anti-fugas-alto-kilometraje\\\/\",\"name\":\"L\u00edquido de Direcci\u00f3n Hidr\u00e1ulica con Anti Fugas, alto Kilometraje - STP Argentina\",\"isPartOf\":{\"@id\":\"https:\\\/\\\/c38a2c2a6e.nxcli.io\\\/ar\\\/#website\"},\"datePublished\":\"2022-03-27T15:02:45+00:00\",\"dateModified\":\"2025-06-23T09:45:18+00:00\",\"description\":\"STP\u00ae High Mileage Power Steering Fluid + Stop Leak es nuestro mejor aditivo para el l\u00edquido de direcci\u00f3n asistida, dise\u00f1ado para combatir el desgaste por uso en veh\u00edculos con m\u00e1s de 75.000 millas\\\/120.000 km.\",\"breadcrumb\":{\"@id\":\"https:\\\/\\\/stp.com\\\/ar\\\/product\\\/liquido-de-direccion-hidraulica-con-anti-fugas-alto-kilometraje\\\/#breadcrumb\"},\"inLanguage\":\"en-US\",\"potentialAction\":[{\"@type\":\"ReadAction\",\"target\":[\"https:\\\/\\\/stp.com\\\/ar\\\/product\\\/liquido-de-direccion-hidraulica-con-anti-fugas-alto-kilometraje\\\/\"]}]},{\"@type\":\"BreadcrumbList\",\"@id\":\"https:\\\/\\\/stp.com\\\/ar\\\/product\\\/liquido-de-direccion-hidraulica-con-anti-fugas-alto-kilometraje\\\/#breadcrumb\",\"itemListElement\":[{\"@type\":\"ListItem\",\"position\":1,\"name\":\"Home\",\"item\":\"https:\\\/\\\/stp.com\\\/ar\\\/\"},{\"@type\":\"ListItem\",\"position\":2,\"name\":\"Productos\",\"item\":\"https:\\\/\\\/stp.com\\\/ar\\\/productos\\\/productos\\\/\"},{\"@type\":\"ListItem\",\"position\":3,\"name\":\"L\u00edquidos Funcionales\",\"item\":\"https:\\\/\\\/stp.com\\\/ar\\\/productos\\\/productos\\\/liquidos-funcionales\\\/\"},{\"@type\":\"ListItem\",\"position\":4,\"name\":\"Direcci\u00f3n asistida\",\"item\":\"https:\\\/\\\/stp.com\\\/ar\\\/productos\\\/productos\\\/liquidos-funcionales\\\/direccion-asistida\\\/\"},{\"@type\":\"ListItem\",\"position\":5,\"name\":\"L\u00edquido de Direcci\u00f3n Hidr\u00e1ulica con Anti Fugas, alto Kilometraje\"}]},{\"@type\":\"WebSite\",\"@id\":\"https:\\\/\\\/c38a2c2a6e.nxcli.io\\\/ar\\\/#website\",\"url\":\"https:\\\/\\\/c38a2c2a6e.nxcli.io\\\/ar\\\/\",\"name\":\"STP Argentina\",\"description\":\"Science. Technology. Performance\",\"potentialAction\":[{\"@type\":\"SearchAction\",\"target\":{\"@type\":\"EntryPoint\",\"urlTemplate\":\"https:\\\/\\\/c38a2c2a6e.nxcli.io\\\/ar\\\/?s={search_term_string}\"},\"query-input\":{\"@type\":\"PropertyValueSpecification\",\"valueRequired\":true,\"valueName\":\"search_term_string\"}}],\"inLanguage\":\"en-US\"}]}<\/script>\n<!-- \/ Yoast SEO plugin. -->","yoast_head_json":{"title":"L\u00edquido de Direcci\u00f3n Hidr\u00e1ulica con Anti Fugas, alto Kilometraje - STP Argentina","description":"STP\u00ae High Mileage Power Steering Fluid + Stop Leak es nuestro mejor aditivo para el l\u00edquido de direcci\u00f3n asistida, dise\u00f1ado para combatir el desgaste por uso en veh\u00edculos con m\u00e1s de 75.000 millas\/120.000 km.","robots":{"index":"index","follow":"follow","max-snippet":"max-snippet:-1","max-image-preview":"max-image-preview:large","max-video-preview":"max-video-preview:-1"},"canonical":"https:\/\/stp.com\/ar\/product\/liquido-de-direccion-hidraulica-con-anti-fugas-alto-kilometraje\/","og_locale":"en_US","og_type":"article","og_title":"L\u00edquido de Direcci\u00f3n Hidr\u00e1ulica con Anti Fugas, alto Kilometraje - STP Argentina","og_description":"STP\u00ae High Mileage Power Steering Fluid + Stop Leak es nuestro mejor aditivo para el l\u00edquido de direcci\u00f3n asistida, dise\u00f1ado para combatir el desgaste por uso en veh\u00edculos con m\u00e1s de 75.000 millas\/120.000 km.","og_url":"https:\/\/stp.com\/ar\/product\/liquido-de-direccion-hidraulica-con-anti-fugas-alto-kilometraje\/","og_site_name":"STP Argentina","article_modified_time":"2025-06-23T09:45:18+00:00","twitter_card":"summary_large_image","schema":{"@context":"https:\/\/schema.org","@graph":[{"@type":"WebPage","@id":"https:\/\/stp.com\/ar\/product\/liquido-de-direccion-hidraulica-con-anti-fugas-alto-kilometraje\/","url":"https:\/\/stp.com\/ar\/product\/liquido-de-direccion-hidraulica-con-anti-fugas-alto-kilometraje\/","name":"L\u00edquido de Direcci\u00f3n Hidr\u00e1ulica con Anti Fugas, alto Kilometraje - STP Argentina","isPartOf":{"@id":"https:\/\/c38a2c2a6e.nxcli.io\/ar\/#website"},"datePublished":"2022-03-27T15:02:45+00:00","dateModified":"2025-06-23T09:45:18+00:00","description":"STP\u00ae High Mileage Power Steering Fluid + Stop Leak es nuestro mejor aditivo para el l\u00edquido de direcci\u00f3n asistida, dise\u00f1ado para combatir el desgaste por uso en veh\u00edculos con m\u00e1s de 75.000 millas\/120.000 km.","breadcrumb":{"@id":"https:\/\/stp.com\/ar\/product\/liquido-de-direccion-hidraulica-con-anti-fugas-alto-kilometraje\/#breadcrumb"},"inLanguage":"en-US","potentialAction":[{"@type":"ReadAction","target":["https:\/\/stp.com\/ar\/product\/liquido-de-direccion-hidraulica-con-anti-fugas-alto-kilometraje\/"]}]},{"@type":"BreadcrumbList","@id":"https:\/\/stp.com\/ar\/product\/liquido-de-direccion-hidraulica-con-anti-fugas-alto-kilometraje\/#breadcrumb","itemListElement":[{"@type":"ListItem","position":1,"name":"Home","item":"https:\/\/stp.com\/ar\/"},{"@type":"ListItem","position":2,"name":"Productos","item":"https:\/\/stp.com\/ar\/productos\/productos\/"},{"@type":"ListItem","position":3,"name":"L\u00edquidos Funcionales","item":"https:\/\/stp.com\/ar\/productos\/productos\/liquidos-funcionales\/"},{"@type":"ListItem","position":4,"name":"Direcci\u00f3n asistida","item":"https:\/\/stp.com\/ar\/productos\/productos\/liquidos-funcionales\/direccion-asistida\/"},{"@type":"ListItem","position":5,"name":"L\u00edquido de Direcci\u00f3n Hidr\u00e1ulica con Anti Fugas, alto Kilometraje"}]},{"@type":"WebSite","@id":"https:\/\/c38a2c2a6e.nxcli.io\/ar\/#website","url":"https:\/\/c38a2c2a6e.nxcli.io\/ar\/","name":"STP Argentina","description":"Science. Technology. Performance","potentialAction":[{"@type":"SearchAction","target":{"@type":"EntryPoint","urlTemplate":"https:\/\/c38a2c2a6e.nxcli.io\/ar\/?s={search_term_string}"},"query-input":{"@type":"PropertyValueSpecification","valueRequired":true,"valueName":"search_term_string"}}],"inLanguage":"en-US"}]}},"_links":{"self":[{"href":"https:\/\/stp.com\/ar\/wp-json\/wp\/v2\/product\/3340","targetHints":{"allow":["GET"]}}],"collection":[{"href":"https:\/\/stp.com\/ar\/wp-json\/wp\/v2\/product"}],"about":[{"href":"https:\/\/stp.com\/ar\/wp-json\/wp\/v2\/types\/product"}],"version-history":[{"count":4,"href":"https:\/\/stp.com\/ar\/wp-json\/wp\/v2\/product\/3340\/revisions"}],"predecessor-version":[{"id":8188,"href":"https:\/\/stp.com\/ar\/wp-json\/wp\/v2\/product\/3340\/revisions\/8188"}],"wp:attachment":[{"href":"https:\/\/stp.com\/ar\/wp-json\/wp\/v2\/media?parent=3340"}],"wp:term":[{"taxonomy":"product-category","embeddable":true,"href":"https:\/\/stp.com\/ar\/wp-json\/wp\/v2\/product-category?post=3340"},{"taxonomy":"product-feature","embeddable":true,"href":"https:\/\/stp.com\/ar\/wp-json\/wp\/v2\/product-feature?post=3340"},{"taxonomy":"retailer","embeddable":true,"href":"https:\/\/stp.com\/ar\/wp-json\/wp\/v2\/retailer?post=3340"},{"taxonomy":"surface-material","embeddable":true,"href":"https:\/\/stp.com\/ar\/wp-json\/wp\/v2\/surface-material?post=3340"}],"curies":[{"name":"wp","href":"https:\/\/api.w.org\/{rel}","templated":true}]}}