{"id":2057,"date":"2022-04-26T10:48:45","date_gmt":"2022-04-26T09:48:45","guid":{"rendered":"https:\/\/mx-es.master-7rqtwti-7z4xhzo4ugydc.us-4.platformsh.site\/?post_type=product&#038;p=2057"},"modified":"2025-06-04T12:43:32","modified_gmt":"2025-06-04T07:13:32","slug":"tratamiento-para-aceite","status":"publish","type":"product","link":"https:\/\/stp.com\/ar\/product\/tratamiento-para-aceite\/","title":{"rendered":"Tratamiento para Aceite"},"template":"","meta":{"_acf_changed":false},"product-category":[159,157],"product-feature":[],"retailer":[],"surface-material":[],"class_list":["post-2057","product","type-product","status-publish","hentry","product-category-aditivos-para-el-aceite-y-el-motor","product-category-motor-y-sistemas-de-combustible"],"acf":[],"yoast_head":"<!-- This site is optimized with the Yoast SEO plugin v27.4 - https:\/\/yoast.com\/product\/yoast-seo-wordpress\/ -->\n<title>Tratamiento para Aceite | Tratamientos para el motor | STP\u00ae<\/title>\n<meta name=\"description\" content=\"El Tratamiento para Aceite de STP\u00ae protege su auto del desgaste del motor al formar un colch\u00f3n m\u00e1s grueso entre las partes m\u00f3viles mediante una f\u00f3rmula de alta viscosidad.\" \/>\n<meta name=\"robots\" content=\"index, follow, max-snippet:-1, max-image-preview:large, max-video-preview:-1\" \/>\n<link rel=\"canonical\" href=\"https:\/\/stp.com\/ar\/product\/tratamiento-para-aceite\/\" \/>\n<meta property=\"og:locale\" content=\"en_US\" \/>\n<meta property=\"og:type\" content=\"article\" \/>\n<meta property=\"og:title\" content=\"Tratamiento para Aceite | Tratamientos para el motor | STP\u00ae\" \/>\n<meta property=\"og:description\" content=\"El Tratamiento para Aceite de STP\u00ae protege su auto del desgaste del motor al formar un colch\u00f3n m\u00e1s grueso entre las partes m\u00f3viles mediante una f\u00f3rmula de alta viscosidad.\" \/>\n<meta property=\"og:url\" content=\"https:\/\/stp.com\/ar\/product\/tratamiento-para-aceite\/\" \/>\n<meta property=\"og:site_name\" content=\"STP Argentina\" \/>\n<meta property=\"article:modified_time\" content=\"2025-06-04T07:13:32+00:00\" \/>\n<meta name=\"twitter:card\" content=\"summary_large_image\" \/>\n<script type=\"application\/ld+json\" class=\"yoast-schema-graph\">{\"@context\":\"https:\\\/\\\/schema.org\",\"@graph\":[{\"@type\":\"WebPage\",\"@id\":\"https:\\\/\\\/stp.com\\\/ar\\\/product\\\/tratamiento-para-aceite\\\/\",\"url\":\"https:\\\/\\\/stp.com\\\/ar\\\/product\\\/tratamiento-para-aceite\\\/\",\"name\":\"Tratamiento para Aceite | Tratamientos para el motor | STP\u00ae\",\"isPartOf\":{\"@id\":\"https:\\\/\\\/c38a2c2a6e.nxcli.io\\\/ar\\\/#website\"},\"datePublished\":\"2022-04-26T09:48:45+00:00\",\"dateModified\":\"2025-06-04T07:13:32+00:00\",\"description\":\"El Tratamiento para Aceite de STP\u00ae protege su auto del desgaste del motor al formar un colch\u00f3n m\u00e1s grueso entre las partes m\u00f3viles mediante una f\u00f3rmula de alta viscosidad.\",\"breadcrumb\":{\"@id\":\"https:\\\/\\\/stp.com\\\/ar\\\/product\\\/tratamiento-para-aceite\\\/#breadcrumb\"},\"inLanguage\":\"en-US\",\"potentialAction\":[{\"@type\":\"ReadAction\",\"target\":[\"https:\\\/\\\/stp.com\\\/ar\\\/product\\\/tratamiento-para-aceite\\\/\"]}]},{\"@type\":\"BreadcrumbList\",\"@id\":\"https:\\\/\\\/stp.com\\\/ar\\\/product\\\/tratamiento-para-aceite\\\/#breadcrumb\",\"itemListElement\":[{\"@type\":\"ListItem\",\"position\":1,\"name\":\"Home\",\"item\":\"https:\\\/\\\/stp.com\\\/ar\\\/\"},{\"@type\":\"ListItem\",\"position\":2,\"name\":\"Productos\",\"item\":\"https:\\\/\\\/stp.com\\\/ar\\\/productos\\\/productos\\\/\"},{\"@type\":\"ListItem\",\"position\":3,\"name\":\"Motor y sistemas de combustible\",\"item\":\"https:\\\/\\\/stp.com\\\/ar\\\/productos\\\/productos\\\/motor-y-sistemas-de-combustible\\\/\"},{\"@type\":\"ListItem\",\"position\":4,\"name\":\"Aditivos para el aceite y el motor\",\"item\":\"https:\\\/\\\/stp.com\\\/ar\\\/productos\\\/productos\\\/motor-y-sistemas-de-combustible\\\/aditivos-para-el-aceite-y-el-motor\\\/\"},{\"@type\":\"ListItem\",\"position\":5,\"name\":\"Tratamiento para Aceite\"}]},{\"@type\":\"WebSite\",\"@id\":\"https:\\\/\\\/c38a2c2a6e.nxcli.io\\\/ar\\\/#website\",\"url\":\"https:\\\/\\\/c38a2c2a6e.nxcli.io\\\/ar\\\/\",\"name\":\"STP Argentina\",\"description\":\"Science. Technology. Performance\",\"potentialAction\":[{\"@type\":\"SearchAction\",\"target\":{\"@type\":\"EntryPoint\",\"urlTemplate\":\"https:\\\/\\\/c38a2c2a6e.nxcli.io\\\/ar\\\/?s={search_term_string}\"},\"query-input\":{\"@type\":\"PropertyValueSpecification\",\"valueRequired\":true,\"valueName\":\"search_term_string\"}}],\"inLanguage\":\"en-US\"}]}<\/script>\n<!-- \/ Yoast SEO plugin. -->","yoast_head_json":{"title":"Tratamiento para Aceite | Tratamientos para el motor | STP\u00ae","description":"El Tratamiento para Aceite de STP\u00ae protege su auto del desgaste del motor al formar un colch\u00f3n m\u00e1s grueso entre las partes m\u00f3viles mediante una f\u00f3rmula de alta viscosidad.","robots":{"index":"index","follow":"follow","max-snippet":"max-snippet:-1","max-image-preview":"max-image-preview:large","max-video-preview":"max-video-preview:-1"},"canonical":"https:\/\/stp.com\/ar\/product\/tratamiento-para-aceite\/","og_locale":"en_US","og_type":"article","og_title":"Tratamiento para Aceite | Tratamientos para el motor | STP\u00ae","og_description":"El Tratamiento para Aceite de STP\u00ae protege su auto del desgaste del motor al formar un colch\u00f3n m\u00e1s grueso entre las partes m\u00f3viles mediante una f\u00f3rmula de alta viscosidad.","og_url":"https:\/\/stp.com\/ar\/product\/tratamiento-para-aceite\/","og_site_name":"STP Argentina","article_modified_time":"2025-06-04T07:13:32+00:00","twitter_card":"summary_large_image","schema":{"@context":"https:\/\/schema.org","@graph":[{"@type":"WebPage","@id":"https:\/\/stp.com\/ar\/product\/tratamiento-para-aceite\/","url":"https:\/\/stp.com\/ar\/product\/tratamiento-para-aceite\/","name":"Tratamiento para Aceite | Tratamientos para el motor | STP\u00ae","isPartOf":{"@id":"https:\/\/c38a2c2a6e.nxcli.io\/ar\/#website"},"datePublished":"2022-04-26T09:48:45+00:00","dateModified":"2025-06-04T07:13:32+00:00","description":"El Tratamiento para Aceite de STP\u00ae protege su auto del desgaste del motor al formar un colch\u00f3n m\u00e1s grueso entre las partes m\u00f3viles mediante una f\u00f3rmula de alta viscosidad.","breadcrumb":{"@id":"https:\/\/stp.com\/ar\/product\/tratamiento-para-aceite\/#breadcrumb"},"inLanguage":"en-US","potentialAction":[{"@type":"ReadAction","target":["https:\/\/stp.com\/ar\/product\/tratamiento-para-aceite\/"]}]},{"@type":"BreadcrumbList","@id":"https:\/\/stp.com\/ar\/product\/tratamiento-para-aceite\/#breadcrumb","itemListElement":[{"@type":"ListItem","position":1,"name":"Home","item":"https:\/\/stp.com\/ar\/"},{"@type":"ListItem","position":2,"name":"Productos","item":"https:\/\/stp.com\/ar\/productos\/productos\/"},{"@type":"ListItem","position":3,"name":"Motor y sistemas de combustible","item":"https:\/\/stp.com\/ar\/productos\/productos\/motor-y-sistemas-de-combustible\/"},{"@type":"ListItem","position":4,"name":"Aditivos para el aceite y el motor","item":"https:\/\/stp.com\/ar\/productos\/productos\/motor-y-sistemas-de-combustible\/aditivos-para-el-aceite-y-el-motor\/"},{"@type":"ListItem","position":5,"name":"Tratamiento para Aceite"}]},{"@type":"WebSite","@id":"https:\/\/c38a2c2a6e.nxcli.io\/ar\/#website","url":"https:\/\/c38a2c2a6e.nxcli.io\/ar\/","name":"STP Argentina","description":"Science. Technology. Performance","potentialAction":[{"@type":"SearchAction","target":{"@type":"EntryPoint","urlTemplate":"https:\/\/c38a2c2a6e.nxcli.io\/ar\/?s={search_term_string}"},"query-input":{"@type":"PropertyValueSpecification","valueRequired":true,"valueName":"search_term_string"}}],"inLanguage":"en-US"}]}},"_links":{"self":[{"href":"https:\/\/stp.com\/ar\/wp-json\/wp\/v2\/product\/2057","targetHints":{"allow":["GET"]}}],"collection":[{"href":"https:\/\/stp.com\/ar\/wp-json\/wp\/v2\/product"}],"about":[{"href":"https:\/\/stp.com\/ar\/wp-json\/wp\/v2\/types\/product"}],"version-history":[{"count":1,"href":"https:\/\/stp.com\/ar\/wp-json\/wp\/v2\/product\/2057\/revisions"}],"predecessor-version":[{"id":7645,"href":"https:\/\/stp.com\/ar\/wp-json\/wp\/v2\/product\/2057\/revisions\/7645"}],"wp:attachment":[{"href":"https:\/\/stp.com\/ar\/wp-json\/wp\/v2\/media?parent=2057"}],"wp:term":[{"taxonomy":"product-category","embeddable":true,"href":"https:\/\/stp.com\/ar\/wp-json\/wp\/v2\/product-category?post=2057"},{"taxonomy":"product-feature","embeddable":true,"href":"https:\/\/stp.com\/ar\/wp-json\/wp\/v2\/product-feature?post=2057"},{"taxonomy":"retailer","embeddable":true,"href":"https:\/\/stp.com\/ar\/wp-json\/wp\/v2\/retailer?post=2057"},{"taxonomy":"surface-material","embeddable":true,"href":"https:\/\/stp.com\/ar\/wp-json\/wp\/v2\/surface-material?post=2057"}],"curies":[{"name":"wp","href":"https:\/\/api.w.org\/{rel}","templated":true}]}}