{"id":7434,"date":"2025-04-16T10:12:17","date_gmt":"2025-04-16T04:42:17","guid":{"rendered":"https:\/\/c38a2c2a6e.nxcli.io\/ar\/?page_id=7434"},"modified":"2025-06-04T12:08:13","modified_gmt":"2025-06-04T06:38:13","slug":"productos","status":"publish","type":"page","link":"https:\/\/stp.com\/ar\/productos\/","title":{"rendered":"Productos"},"content":{"rendered":"\t\t<div data-elementor-type=\"wp-page\" data-elementor-id=\"7434\" class=\"elementor elementor-7434\" data-elementor-post-type=\"page\">\n\t\t\t\t<div class=\"elementor-element elementor-element-2beaf8b e-flex e-con-boxed e-con e-parent\" data-id=\"2beaf8b\" data-element_type=\"container\" data-e-type=\"container\" data-settings=\"{&quot;background_background&quot;:&quot;classic&quot;}\">\n\t\t\t\t\t<div class=\"e-con-inner\">\n\t\t\t\t<div class=\"elementor-element elementor-element-1431fa3 breadcrumb elementor-widget elementor-widget-breadcrumbs\" data-id=\"1431fa3\" data-element_type=\"widget\" data-e-type=\"widget\" data-widget_type=\"breadcrumbs.default\">\n\t\t\t\t<div class=\"elementor-widget-container\">\n\t\t\t\t\t<p id=\"breadcrumbs\"><span><span><a href=\"https:\/\/stp.com\/ar\/\">Home<\/a><\/span><\/span><\/p>\t\t\t\t<\/div>\n\t\t\t\t<\/div>\n\t\t<div class=\"elementor-element elementor-element-d7c5add e-con-full e-flex e-con e-child\" data-id=\"d7c5add\" data-element_type=\"container\" data-e-type=\"container\">\n\t\t<div class=\"elementor-element elementor-element-2ea679d e-con-full product__head e-flex e-con e-child\" data-id=\"2ea679d\" data-element_type=\"container\" data-e-type=\"container\">\n\t\t\t\t<div class=\"elementor-element elementor-element-6e1f529 elementor-widget elementor-widget-heading\" data-id=\"6e1f529\" data-element_type=\"widget\" data-e-type=\"widget\" data-widget_type=\"heading.default\">\n\t\t\t\t<div class=\"elementor-widget-container\">\n\t\t\t\t\t<h1 class=\"elementor-heading-title elementor-size-default\">Productos<\/h1>\t\t\t\t<\/div>\n\t\t\t\t<\/div>\n\t\t\t\t<div class=\"elementor-element elementor-element-64ee759 product__subtitle elementor-widget elementor-widget-heading\" data-id=\"64ee759\" data-element_type=\"widget\" data-e-type=\"widget\" data-widget_type=\"heading.default\">\n\t\t\t\t<div class=\"elementor-widget-container\">\n\t\t\t\t\t<div class=\"elementor-heading-title elementor-size-default\">Desde hace m\u00e1s de 60 a\u00f1os y por m\u00e1s millas de las que se pueden contar, STP\u00ae es uno de los nombres que m\u00e1s confianza inspira en el cuidado automotor. Como parte del mantenimiento b\u00e1sico regular, el uso de los productos STP\u00ae puede ayudar a un mejor funcionamiento de su motor durante m\u00e1s tiempo.\n<\/div>\t\t\t\t<\/div>\n\t\t\t\t<\/div>\n\t\t\t\t<\/div>\n\t\t\t\t<\/div>\n\t\t\t\t\t<\/div>\n\t\t\t\t<\/div>\n\t\t<div class=\"elementor-element elementor-element-0aca8f7 top-red-border e-flex e-con-boxed e-con e-parent\" data-id=\"0aca8f7\" data-element_type=\"container\" data-e-type=\"container\" data-settings=\"{&quot;background_background&quot;:&quot;classic&quot;}\">\n\t\t\t\t\t<div class=\"e-con-inner\">\n\t\t\t\t<div class=\"elementor-element elementor-element-d980aa0 elementor-widget__width-inherit elementor-widget elementor-widget-shortcode\" data-id=\"d980aa0\" data-element_type=\"widget\" data-e-type=\"widget\" data-widget_type=\"shortcode.default\">\n\t\t\t\t<div class=\"elementor-widget-container\">\n\t\t\t\t\t\t\t<div class=\"elementor-shortcode\">\t<!--- Category filters -->\n\t<input type=\"hidden\" value=\"https:\/\/stp.com\/ar\/productos\/\" id=\"cat-base-url\" \/>\n\t<div class=\"product-filter form--dark hidden grid-lg grid-lg-cols-4 grid-gutter-sm\">\n\t\t<div class=\"product-filter__field\">\n\t\t\t<label class=\"product-filter__label\">Categor\u00eda de producto<\/label> \n\t\t\t<select class=\"product-filter__select inactive\" \n\t\t\tname=\"product-category-parent\" \n\t\t\tid=\"product-category-parent\" \n\t\t\taria-label=\"Categor\u00eda de producto\">\n\n\t\t\t\t<option value=\"\">Seleccione<\/option>\n\t\t\t\t\t\t\t\t\t\t<option value=\"liquidos-funcionales\" data-id=\"154\"  >L\u00edquidos Funcionales<\/option>\n\t\t\t\t\t\t\t\t\t\t\t<option value=\"motor-y-sistemas-de-combustible\" data-id=\"157\"  >Motor y sistemas de combustible<\/option>\n\t\t\t\t\t\t\t\t\t\t\t<option value=\"pro-series-y-otros\" data-id=\"160\"  >Pro Series y otros<\/option>\n\t\t\t\t\t\t\t\t<\/select>\n\t\t<\/div>\n\t\t\t\t\n\t\t<div class=\"product-filter__field\" style=\"grid-column: 4;\">\n\t\t\t<label class=\"product-filter__label\">Clasificar por<\/label> \n\t\t\t<select class=\"product-filter__select inactive\" \n\t\t\tname=\"product-category-sort\" \n\t\t\tid=\"product-category-sort\" \n\t\t\taria-label=\"Clasificar por\">\n\n\t\t\t\t<option value=\"\" selected=\"\" disabled=\"\">Seleccione<\/option>\n\t\t\t\t<option value=\"AZ\">A to Z<\/option>\n\t\t\t\t<option value=\"ZA\">Z to A<\/option>\n\t\t\t<\/select>\n\t\t<\/div>\t\t\t\n\t<\/div>\n\t<!--- Products listings -->\n\t\t\t\t<div class=\"cards grid grid-lg-cols-4 grid-cols-2 grid-gutter-sm\" id=\"products-listings\">\n\t\t\t\t\t\t\t<div class=\"card card--product\" id=\"product-2069\"  data-title=\"Limpia Inyectores de Combustible Super Concentrado\">\n\t\t\t\t\t\t\t\t\t\t<div class=\"card__image card__image--has-rollover\">\n\n\t\t\t\t\t\t<img fetchpriority=\"high\" decoding=\"async\" src=\"https:\/\/stpcdnimage.imgix.net\/global-media\/wp-content\/uploads\/sites\/6\/product-images\/E302911200_01.png\" alt=\"Limpia Inyectores de Combustible Super Concentrado\" class=\"\" width=\"850\" height=\"850\" \/>\n\t\t\t\t\t\t<div class=\"btn btn--solid rollover\">Ver producto<\/div>\n\t\t\t\t\t<\/div>\n\t\t\t\t\t<div class=\"card__pretitle\"><span class=\"card__category\">Productos<\/span><\/div>\n\t\t\t\t\t<h3 class=\"h3\">\n\t\t\t\t\t\t<a href=\"https:\/\/stp.com\/ar\/product\/limpia-inyectores-de-combustible-super-concentrado\/\" class=\"cover-link card__link\">Limpia Inyectores de Combustible Super Concentrado<\/a>\n\t\t\t\t\t<\/h3>\n\t\t\t\t\t\t\t\t\t<\/div>\n\t\t\t\t\t\t\t<div class=\"card card--product\" id=\"product-2072\"  data-title=\"Tratamiento Gasolina\">\n\t\t\t\t\t\t\t\t\t\t<div class=\"card__image card__image--has-rollover\">\n\n\t\t\t\t\t\t<img decoding=\"async\" src=\"https:\/\/stpcdnimage.imgix.net\/global-media\/wp-content\/uploads\/sites\/6\/product-images\/E302896800_01.png\" alt=\"Tratamiento Gasolina\" class=\"\" width=\"850\" height=\"850\" \/>\n\t\t\t\t\t\t<div class=\"btn btn--solid rollover\">Ver producto<\/div>\n\t\t\t\t\t<\/div>\n\t\t\t\t\t<div class=\"card__pretitle\"><span class=\"card__category\">Productos<\/span><\/div>\n\t\t\t\t\t<h3 class=\"h3\">\n\t\t\t\t\t\t<a href=\"https:\/\/stp.com\/ar\/product\/tratamiento-gasolina\/\" class=\"cover-link card__link\">Tratamiento Gasolina<\/a>\n\t\t\t\t\t<\/h3>\n\t\t\t\t\t\t\t\t\t<\/div>\n\t\t\t\t\t\t\t<div class=\"card card--product\" id=\"product-2057\"  data-title=\"Tratamiento para Aceite\">\n\t\t\t\t\t\t\t\t\t\t<div class=\"card__image card__image--has-rollover\">\n\n\t\t\t\t\t\t<img decoding=\"async\" src=\"https:\/\/stpcdnimage.imgix.net\/global-media\/wp-content\/uploads\/sites\/6\/product-images\/7021_01.png\" alt=\"Tratamiento para Aceite\" class=\"\" width=\"850\" height=\"850\" \/>\n\t\t\t\t\t\t<div class=\"btn btn--solid rollover\">Ver producto<\/div>\n\t\t\t\t\t<\/div>\n\t\t\t\t\t<div class=\"card__pretitle\"><span class=\"card__category\">Productos<\/span><\/div>\n\t\t\t\t\t<h3 class=\"h3\">\n\t\t\t\t\t\t<a href=\"https:\/\/stp.com\/ar\/product\/tratamiento-para-aceite\/\" class=\"cover-link card__link\">Tratamiento para Aceite<\/a>\n\t\t\t\t\t<\/h3>\n\t\t\t\t\t\t\t\t\t<\/div>\n\t\t\t\t\t\t\t<div class=\"card card--product\" id=\"product-2067\"  data-title=\"Limpiador Completo parael Sistema de Combustible\">\n\t\t\t\t\t\t\t\t\t\t<div class=\"card__image card__image--has-rollover\">\n\n\t\t\t\t\t\t<img loading=\"lazy\" decoding=\"async\" src=\"https:\/\/stpcdnimage.imgix.net\/global-media\/wp-content\/uploads\/sites\/6\/product-images\/E302910700_01.png\" alt=\"Limpiador Completo parael Sistema de Combustible\" class=\"\" width=\"850\" height=\"850\" \/>\n\t\t\t\t\t\t<div class=\"btn btn--solid rollover\">Ver producto<\/div>\n\t\t\t\t\t<\/div>\n\t\t\t\t\t<div class=\"card__pretitle\"><span class=\"card__category\">Productos<\/span><\/div>\n\t\t\t\t\t<h3 class=\"h3\">\n\t\t\t\t\t\t<a href=\"https:\/\/stp.com\/ar\/product\/limpiador-completo-parael-sistema-de-combustible\/\" class=\"cover-link card__link\">Limpiador Completo parael Sistema de Combustible<\/a>\n\t\t\t\t\t<\/h3>\n\t\t\t\t\t\t\t\t\t<\/div>\n\t\t\t\t\t\t\t<div class=\"card card--product\" id=\"product-2059\"  data-title=\"Elevador de Octanaje\">\n\t\t\t\t\t\t\t\t\t\t<div class=\"card__image card__image--has-rollover\">\n\n\t\t\t\t\t\t<img loading=\"lazy\" decoding=\"async\" src=\"https:\/\/stpcdnimage.imgix.net\/global-media\/wp-content\/uploads\/sites\/6\/product-images\/E303739200_01.png\" alt=\"Elevador de Octanaje\" class=\"\" width=\"850\" height=\"850\" \/>\n\t\t\t\t\t\t<div class=\"btn btn--solid rollover\">Ver producto<\/div>\n\t\t\t\t\t<\/div>\n\t\t\t\t\t<div class=\"card__pretitle\"><span class=\"card__category\">Productos<\/span><\/div>\n\t\t\t\t\t<h3 class=\"h3\">\n\t\t\t\t\t\t<a href=\"https:\/\/stp.com\/ar\/product\/elevador-de-octanaje\/\" class=\"cover-link card__link\">Elevador de Octanaje<\/a>\n\t\t\t\t\t<\/h3>\n\t\t\t\t\t\t\t\t\t<\/div>\n\t\t\t\t\t\t\t<div class=\"card card--product\" id=\"product-2055\"  data-title=\"Tratamiento Cer\u00e1mico para Aceite\">\n\t\t\t\t\t\t\t\t\t\t<div class=\"card__image card__image--has-rollover\">\n\n\t\t\t\t\t\t<img loading=\"lazy\" decoding=\"async\" src=\"https:\/\/stpcdnimage.imgix.net\/global-media\/wp-content\/uploads\/sites\/6\/product-images\/E302846000_01.png\" alt=\"Tratamiento Cer\u00e1mico para Aceite\" class=\"\" width=\"850\" height=\"850\" \/>\n\t\t\t\t\t\t<div class=\"btn btn--solid rollover\">Ver producto<\/div>\n\t\t\t\t\t<\/div>\n\t\t\t\t\t<div class=\"card__pretitle\"><span class=\"card__category\">Productos<\/span><\/div>\n\t\t\t\t\t<h3 class=\"h3\">\n\t\t\t\t\t\t<a href=\"https:\/\/stp.com\/ar\/product\/tratamiento-ceramico-para-aceite\/\" class=\"cover-link card__link\">Tratamiento Cer\u00e1mico para Aceite<\/a>\n\t\t\t\t\t<\/h3>\n\t\t\t\t\t\t\t\t\t<\/div>\n\t\t\t\t\t\t\t<div class=\"card card--product\" id=\"product-2117\"  data-title=\"Tratamiento para Aceite Sint\u00e9tico\u00a0\">\n\t\t\t\t\t\t\t\t\t\t<div class=\"card__image card__image--has-rollover\">\n\n\t\t\t\t\t\t<img loading=\"lazy\" decoding=\"async\" src=\"https:\/\/stpcdnimage.imgix.net\/global-media\/wp-content\/uploads\/sites\/6\/product-images\/E302891300_01.png\" alt=\"Tratamiento para Aceite Sint\u00e9tico\u00a0\" class=\"\" width=\"850\" height=\"850\" \/>\n\t\t\t\t\t\t<div class=\"btn btn--solid rollover\">Ver producto<\/div>\n\t\t\t\t\t<\/div>\n\t\t\t\t\t<div class=\"card__pretitle\"><span class=\"card__category\">Productos<\/span><\/div>\n\t\t\t\t\t<h3 class=\"h3\">\n\t\t\t\t\t\t<a href=\"https:\/\/stp.com\/ar\/product\/tratamiento-para-aceite-sintetico\/\" class=\"cover-link card__link\">Tratamiento para Aceite Sint\u00e9tico\u00a0<\/a>\n\t\t\t\t\t<\/h3>\n\t\t\t\t\t\t\t\t\t<\/div>\n\t\t\t\t\t\t\t<div class=\"card card--product\" id=\"product-3340\"  data-title=\"L\u00edquido de Direcci\u00f3n Hidr\u00e1ulica con Anti Fugas, alto Kilometraje\">\n\t\t\t\t\t\t\t\t\t\t<div class=\"card__image card__image--has-rollover\">\n\n\t\t\t\t\t\t<img loading=\"lazy\" decoding=\"async\" src=\"https:\/\/stpcdnimage.imgix.net\/global-media\/wp-content\/uploads\/sites\/6\/product-images\/E302905300_01.png\" alt=\"L\u00edquido de Direcci\u00f3n Hidr\u00e1ulica con Anti Fugas, alto Kilometraje\" class=\"\" width=\"850\" height=\"850\" \/>\n\t\t\t\t\t\t<div class=\"btn btn--solid rollover\">Ver producto<\/div>\n\t\t\t\t\t<\/div>\n\t\t\t\t\t<div class=\"card__pretitle\"><span class=\"card__category\">Productos<\/span><\/div>\n\t\t\t\t\t<h3 class=\"h3\">\n\t\t\t\t\t\t<a href=\"https:\/\/stp.com\/ar\/product\/liquido-de-direccion-hidraulica-con-anti-fugas-alto-kilometraje\/\" class=\"cover-link card__link\">L\u00edquido de Direcci\u00f3n Hidr\u00e1ulica con Anti Fugas, alto Kilometraje<\/a>\n\t\t\t\t\t<\/h3>\n\t\t\t\t\t\t\t\t\t<\/div>\n\t\t\t\t\t\t\t<div class=\"card card--product\" id=\"product-3316\"  data-title=\"Pro-Series 3-in-1 Penetrant And Lubricant + Anti-Rust Protection\">\n\t\t\t\t\t\t\t\t\t\t<div class=\"card__image card__image--has-rollover\">\n\n\t\t\t\t\t\t<img loading=\"lazy\" decoding=\"async\" src=\"https:\/\/stpcdnimage.imgix.net\/global-media\/wp-content\/uploads\/sites\/6\/product-images\/E302929800_01.png\" alt=\"Pro-Series 3-in-1 Penetrant And Lubricant + Anti-Rust Protection\" class=\"\" width=\"850\" height=\"850\" \/>\n\t\t\t\t\t\t<div class=\"btn btn--solid rollover\">Ver producto<\/div>\n\t\t\t\t\t<\/div>\n\t\t\t\t\t<div class=\"card__pretitle\"><span class=\"card__category\">Productos<\/span><\/div>\n\t\t\t\t\t<h3 class=\"h3\">\n\t\t\t\t\t\t<a href=\"https:\/\/stp.com\/ar\/product\/pro-series-3-in-1-penetrant-and-lubricant-anti-rust-protection\/\" class=\"cover-link card__link\">Pro-Series 3-in-1 Penetrant And Lubricant + Anti-Rust Protection<\/a>\n\t\t\t\t\t<\/h3>\n\t\t\t\t\t\t\t\t\t<\/div>\n\t\t\t\t\t\t\t<div class=\"card card--product\" id=\"product-3303\"  data-title=\"Tapador de Fugas de Motor\">\n\t\t\t\t\t\t\t\t\t\t<div class=\"card__image card__image--has-rollover\">\n\n\t\t\t\t\t\t<img loading=\"lazy\" decoding=\"async\" src=\"https:\/\/stpcdnimage.imgix.net\/global-media\/wp-content\/uploads\/sites\/6\/product-images\/E302896500_01.png\" alt=\"Tapador de Fugas de Motor\" class=\"\" width=\"850\" height=\"850\" \/>\n\t\t\t\t\t\t<div class=\"btn btn--solid rollover\">Ver producto<\/div>\n\t\t\t\t\t<\/div>\n\t\t\t\t\t<div class=\"card__pretitle\"><span class=\"card__category\">Productos<\/span><\/div>\n\t\t\t\t\t<h3 class=\"h3\">\n\t\t\t\t\t\t<a href=\"https:\/\/stp.com\/ar\/product\/tapador-de-fugas-de-motor\/\" class=\"cover-link card__link\">Tapador de Fugas de Motor<\/a>\n\t\t\t\t\t<\/h3>\n\t\t\t\t\t\t\t\t\t<\/div>\n\t\t\t\t\t\t\t<div class=\"card card--product\" id=\"product-2118\"  data-title=\"L\u00edquido de Direcci\u00f3n Hidr\u00e1ulica\">\n\t\t\t\t\t\t\t\t\t\t<div class=\"card__image card__image--has-rollover\">\n\n\t\t\t\t\t\t<img loading=\"lazy\" decoding=\"async\" src=\"https:\/\/stpcdnimage.imgix.net\/global-media\/wp-content\/uploads\/sites\/6\/product-images\/17078B_01.png\" alt=\"L\u00edquido de Direcci\u00f3n Hidr\u00e1ulica\" class=\"\" width=\"850\" height=\"850\" \/>\n\t\t\t\t\t\t<div class=\"btn btn--solid rollover\">Ver producto<\/div>\n\t\t\t\t\t<\/div>\n\t\t\t\t\t<div class=\"card__pretitle\"><span class=\"card__category\">Productos<\/span><\/div>\n\t\t\t\t\t<h3 class=\"h3\">\n\t\t\t\t\t\t<a href=\"https:\/\/stp.com\/ar\/product\/liquido-de-direccion-hidraulica\/\" class=\"cover-link card__link\">L\u00edquido de Direcci\u00f3n Hidr\u00e1ulica<\/a>\n\t\t\t\t\t<\/h3>\n\t\t\t\t\t\t\t\t\t<\/div>\n\t\t\t\t\t\t\t<div class=\"card card--product\" id=\"product-2112\"  data-title=\"L\u00edquido de Frenos\">\n\t\t\t\t\t\t\t\t\t\t<div class=\"card__image card__image--has-rollover\">\n\n\t\t\t\t\t\t<img loading=\"lazy\" decoding=\"async\" src=\"https:\/\/stpcdnimage.imgix.net\/global-media\/wp-content\/uploads\/sites\/6\/product-images\/19505_01.png\" alt=\"L\u00edquido de Frenos\" class=\"\" width=\"850\" height=\"850\" \/>\n\t\t\t\t\t\t<div class=\"btn btn--solid rollover\">Ver producto<\/div>\n\t\t\t\t\t<\/div>\n\t\t\t\t\t<div class=\"card__pretitle\"><span class=\"card__category\">Productos<\/span><\/div>\n\t\t\t\t\t<h3 class=\"h3\">\n\t\t\t\t\t\t<a href=\"https:\/\/stp.com\/ar\/product\/liquido-de-frenos\/\" class=\"cover-link card__link\">L\u00edquido de Frenos<\/a>\n\t\t\t\t\t<\/h3>\n\t\t\t\t\t\t\t\t\t<\/div>\n\t\t\t\t\t\t\t<div class=\"card card--product\" id=\"product-2098\"  data-title=\"Tratamiento Anti-Humo\">\n\t\t\t\t\t\t\t\t\t\t<div class=\"card__image card__image--has-rollover\">\n\n\t\t\t\t\t\t<img loading=\"lazy\" decoding=\"async\" src=\"https:\/\/stpcdnimage.imgix.net\/global-media\/wp-content\/uploads\/sites\/6\/product-images\/17054_01.png\" alt=\"Tratamiento Anti-Humo\" class=\"\" width=\"850\" height=\"850\" \/>\n\t\t\t\t\t\t<div class=\"btn btn--solid rollover\">Ver producto<\/div>\n\t\t\t\t\t<\/div>\n\t\t\t\t\t<div class=\"card__pretitle\"><span class=\"card__category\">Productos<\/span><\/div>\n\t\t\t\t\t<h3 class=\"h3\">\n\t\t\t\t\t\t<a href=\"https:\/\/stp.com\/ar\/product\/tratamiento-anti-humo\/\" class=\"cover-link card__link\">Tratamiento Anti-Humo<\/a>\n\t\t\t\t\t<\/h3>\n\t\t\t\t\t\t\t\t\t<\/div>\n\t\t\t\t\t\t\t<div class=\"card card--product\" id=\"product-2933\"  data-title=\"Tratamiento Para Carburadores e Inyectores de Combustible\">\n\t\t\t\t\t\t\t\t\t\t<div class=\"card__image card__image--has-rollover\">\n\n\t\t\t\t\t\t<img loading=\"lazy\" decoding=\"async\" src=\"https:\/\/stpcdnimage.imgix.net\/global-media\/wp-content\/uploads\/sites\/6\/product-images\/product-placeholder.jpg\" alt=\"Tratamiento Para Carburadores e Inyectores de Combustible\" class=\"\" width=\"850\" height=\"850\" \/>\n\t\t\t\t\t\t<div class=\"btn btn--solid rollover\">Ver producto<\/div>\n\t\t\t\t\t<\/div>\n\t\t\t\t\t<div class=\"card__pretitle\"><span class=\"card__category\">Productos<\/span><\/div>\n\t\t\t\t\t<h3 class=\"h3\">\n\t\t\t\t\t\t<a href=\"https:\/\/stp.com\/ar\/product\/tratamiento-para-carburadores-e-inyectores-de-combustible\/\" class=\"cover-link card__link\">Tratamiento Para Carburadores e Inyectores de Combustible<\/a>\n\t\t\t\t\t<\/h3>\n\t\t\t\t\t\t\t\t\t<\/div>\n\t\t\t\t\t\t\t<div class=\"card card--product\" id=\"product-2931\"  data-title=\"Alto Kilometraje Limpiador de Inyectores\">\n\t\t\t\t\t\t\t\t\t\t<div class=\"card__image card__image--has-rollover\">\n\n\t\t\t\t\t\t<img loading=\"lazy\" decoding=\"async\" src=\"https:\/\/stpcdnimage.imgix.net\/global-media\/wp-content\/uploads\/sites\/6\/product-images\/E302899900_01.png\" alt=\"Alto Kilometraje Limpiador de Inyectores\" class=\"\" width=\"850\" height=\"850\" \/>\n\t\t\t\t\t\t<div class=\"btn btn--solid rollover\">Ver producto<\/div>\n\t\t\t\t\t<\/div>\n\t\t\t\t\t<div class=\"card__pretitle\"><span class=\"card__category\">Productos<\/span><\/div>\n\t\t\t\t\t<h3 class=\"h3\">\n\t\t\t\t\t\t<a href=\"https:\/\/stp.com\/ar\/product\/alto-kilometraje-limpiador-de-inyectores\/\" class=\"cover-link card__link\">Alto Kilometraje Limpiador de Inyectores<\/a>\n\t\t\t\t\t<\/h3>\n\t\t\t\t\t\t\t\t\t<\/div>\n\t\t\t\t\t\t<\/div>\n\t\t\t<\/div>\n\t\t\t\t\t\t<\/div>\n\t\t\t\t<\/div>\n\t\t\t\t\t<\/div>\n\t\t\t\t<\/div>\n\t\t\t\t<\/div>\n\t\t","protected":false},"excerpt":{"rendered":"<p>Desde hace m\u00e1s de 60 a\u00f1os y por m\u00e1s millas de las que se pueden contar, STP\u00ae es uno de los nombres que m\u00e1s confianza inspira en el cuidado automotor. Como parte del mantenimiento b\u00e1sico regular, el uso de los productos STP\u00ae puede ayudar a un mejor funcionamiento de su motor durante m\u00e1s tiempo.<\/p>\n","protected":false},"author":1,"featured_media":0,"parent":0,"menu_order":0,"comment_status":"closed","ping_status":"closed","template":"","meta":{"_acf_changed":false,"footnotes":""},"class_list":["post-7434","page","type-page","status-publish","hentry"],"acf":[],"yoast_head":"<!-- This site is optimized with the Yoast SEO plugin v27.4 - https:\/\/yoast.com\/product\/yoast-seo-wordpress\/ -->\n<title>Productos - STP Argentina<\/title>\n<meta name=\"robots\" content=\"index, follow, max-snippet:-1, max-image-preview:large, max-video-preview:-1\" \/>\n<link rel=\"canonical\" href=\"https:\/\/stp.com\/ar\/productos\/\" \/>\n<meta property=\"og:locale\" content=\"en_US\" \/>\n<meta property=\"og:type\" content=\"article\" \/>\n<meta property=\"og:title\" content=\"Productos - STP Argentina\" \/>\n<meta property=\"og:description\" content=\"Desde hace m\u00e1s de 60 a\u00f1os y por m\u00e1s millas de las que se pueden contar, STP\u00ae es uno de los nombres que m\u00e1s confianza inspira en el cuidado automotor. Como parte del mantenimiento b\u00e1sico regular, el uso de los productos STP\u00ae puede ayudar a un mejor funcionamiento de su motor durante m\u00e1s tiempo.\" \/>\n<meta property=\"og:url\" content=\"https:\/\/stp.com\/ar\/productos\/\" \/>\n<meta property=\"og:site_name\" content=\"STP Argentina\" \/>\n<meta property=\"article:modified_time\" content=\"2025-06-04T06:38:13+00:00\" \/>\n<meta name=\"twitter:card\" content=\"summary_large_image\" \/>\n<meta name=\"twitter:label1\" content=\"Est. reading time\" \/>\n\t<meta name=\"twitter:data1\" content=\"1 minute\" \/>\n<script type=\"application\/ld+json\" class=\"yoast-schema-graph\">{\"@context\":\"https:\\\/\\\/schema.org\",\"@graph\":[{\"@type\":\"WebPage\",\"@id\":\"https:\\\/\\\/stp.com\\\/ar\\\/productos\\\/\",\"url\":\"https:\\\/\\\/stp.com\\\/ar\\\/productos\\\/\",\"name\":\"Productos - STP Argentina\",\"isPartOf\":{\"@id\":\"https:\\\/\\\/c38a2c2a6e.nxcli.io\\\/ar\\\/#website\"},\"datePublished\":\"2025-04-16T04:42:17+00:00\",\"dateModified\":\"2025-06-04T06:38:13+00:00\",\"breadcrumb\":{\"@id\":\"https:\\\/\\\/stp.com\\\/ar\\\/productos\\\/#breadcrumb\"},\"inLanguage\":\"en-US\",\"potentialAction\":[{\"@type\":\"ReadAction\",\"target\":[\"https:\\\/\\\/stp.com\\\/ar\\\/productos\\\/\"]}]},{\"@type\":\"BreadcrumbList\",\"@id\":\"https:\\\/\\\/stp.com\\\/ar\\\/productos\\\/#breadcrumb\",\"itemListElement\":[{\"@type\":\"ListItem\",\"position\":1,\"name\":\"Home\",\"item\":\"https:\\\/\\\/stp.com\\\/ar\\\/\"},{\"@type\":\"ListItem\",\"position\":2,\"name\":\"Productos\"}]},{\"@type\":\"WebSite\",\"@id\":\"https:\\\/\\\/c38a2c2a6e.nxcli.io\\\/ar\\\/#website\",\"url\":\"https:\\\/\\\/c38a2c2a6e.nxcli.io\\\/ar\\\/\",\"name\":\"STP Argentina\",\"description\":\"Science. Technology. Performance\",\"potentialAction\":[{\"@type\":\"SearchAction\",\"target\":{\"@type\":\"EntryPoint\",\"urlTemplate\":\"https:\\\/\\\/c38a2c2a6e.nxcli.io\\\/ar\\\/?s={search_term_string}\"},\"query-input\":{\"@type\":\"PropertyValueSpecification\",\"valueRequired\":true,\"valueName\":\"search_term_string\"}}],\"inLanguage\":\"en-US\"}]}<\/script>\n<!-- \/ Yoast SEO plugin. -->","yoast_head_json":{"title":"Productos - STP Argentina","robots":{"index":"index","follow":"follow","max-snippet":"max-snippet:-1","max-image-preview":"max-image-preview:large","max-video-preview":"max-video-preview:-1"},"canonical":"https:\/\/stp.com\/ar\/productos\/","og_locale":"en_US","og_type":"article","og_title":"Productos - STP Argentina","og_description":"Desde hace m\u00e1s de 60 a\u00f1os y por m\u00e1s millas de las que se pueden contar, STP\u00ae es uno de los nombres que m\u00e1s confianza inspira en el cuidado automotor. Como parte del mantenimiento b\u00e1sico regular, el uso de los productos STP\u00ae puede ayudar a un mejor funcionamiento de su motor durante m\u00e1s tiempo.","og_url":"https:\/\/stp.com\/ar\/productos\/","og_site_name":"STP Argentina","article_modified_time":"2025-06-04T06:38:13+00:00","twitter_card":"summary_large_image","twitter_misc":{"Est. reading time":"1 minute"},"schema":{"@context":"https:\/\/schema.org","@graph":[{"@type":"WebPage","@id":"https:\/\/stp.com\/ar\/productos\/","url":"https:\/\/stp.com\/ar\/productos\/","name":"Productos - STP Argentina","isPartOf":{"@id":"https:\/\/c38a2c2a6e.nxcli.io\/ar\/#website"},"datePublished":"2025-04-16T04:42:17+00:00","dateModified":"2025-06-04T06:38:13+00:00","breadcrumb":{"@id":"https:\/\/stp.com\/ar\/productos\/#breadcrumb"},"inLanguage":"en-US","potentialAction":[{"@type":"ReadAction","target":["https:\/\/stp.com\/ar\/productos\/"]}]},{"@type":"BreadcrumbList","@id":"https:\/\/stp.com\/ar\/productos\/#breadcrumb","itemListElement":[{"@type":"ListItem","position":1,"name":"Home","item":"https:\/\/stp.com\/ar\/"},{"@type":"ListItem","position":2,"name":"Productos"}]},{"@type":"WebSite","@id":"https:\/\/c38a2c2a6e.nxcli.io\/ar\/#website","url":"https:\/\/c38a2c2a6e.nxcli.io\/ar\/","name":"STP Argentina","description":"Science. Technology. Performance","potentialAction":[{"@type":"SearchAction","target":{"@type":"EntryPoint","urlTemplate":"https:\/\/c38a2c2a6e.nxcli.io\/ar\/?s={search_term_string}"},"query-input":{"@type":"PropertyValueSpecification","valueRequired":true,"valueName":"search_term_string"}}],"inLanguage":"en-US"}]}},"_links":{"self":[{"href":"https:\/\/stp.com\/ar\/wp-json\/wp\/v2\/pages\/7434","targetHints":{"allow":["GET"]}}],"collection":[{"href":"https:\/\/stp.com\/ar\/wp-json\/wp\/v2\/pages"}],"about":[{"href":"https:\/\/stp.com\/ar\/wp-json\/wp\/v2\/types\/page"}],"author":[{"embeddable":true,"href":"https:\/\/stp.com\/ar\/wp-json\/wp\/v2\/users\/1"}],"replies":[{"embeddable":true,"href":"https:\/\/stp.com\/ar\/wp-json\/wp\/v2\/comments?post=7434"}],"version-history":[{"count":23,"href":"https:\/\/stp.com\/ar\/wp-json\/wp\/v2\/pages\/7434\/revisions"}],"predecessor-version":[{"id":7639,"href":"https:\/\/stp.com\/ar\/wp-json\/wp\/v2\/pages\/7434\/revisions\/7639"}],"wp:attachment":[{"href":"https:\/\/stp.com\/ar\/wp-json\/wp\/v2\/media?parent=7434"}],"curies":[{"name":"wp","href":"https:\/\/api.w.org\/{rel}","templated":true}]}}