{"id":5914,"date":"2025-04-04T19:29:30","date_gmt":"2025-04-04T13:59:30","guid":{"rendered":"https:\/\/c38a2c2a6e.nxcli.io\/ar\/?page_id=5914"},"modified":"2025-06-05T17:41:40","modified_gmt":"2025-06-05T12:11:40","slug":"exceso-de-combustion-de-aceite","status":"publish","type":"page","link":"https:\/\/stp.com\/ar\/solucionador\/exceso-de-combustion-de-aceite\/","title":{"rendered":"Exceso de combusti\u00f3n de aceite"},"content":{"rendered":"\t\t<div data-elementor-type=\"wp-page\" data-elementor-id=\"5914\" class=\"elementor elementor-5914\" data-elementor-post-type=\"page\">\n\t\t\t\t<div class=\"elementor-element elementor-element-27cfbbc e-flex e-con-boxed e-con e-parent\" data-id=\"27cfbbc\" data-element_type=\"container\" data-e-type=\"container\" data-settings=\"{&quot;background_background&quot;:&quot;classic&quot;}\">\n\t\t\t\t\t<div class=\"e-con-inner\">\n\t\t\t\t<div class=\"elementor-element elementor-element-779997a breadcrumb elementor-widget elementor-widget-breadcrumbs\" data-id=\"779997a\" data-element_type=\"widget\" data-e-type=\"widget\" data-widget_type=\"breadcrumbs.default\">\n\t\t\t\t<div class=\"elementor-widget-container\">\n\t\t\t\t\t<p id=\"breadcrumbs\"><span><span><a href=\"https:\/\/stp.com\/ar\/\">Home<\/a><\/span><\/span><\/p>\t\t\t\t<\/div>\n\t\t\t\t<\/div>\n\t\t<div class=\"elementor-element elementor-element-a47f1de e-con-full e-flex e-con e-child\" data-id=\"a47f1de\" data-element_type=\"container\" data-e-type=\"container\">\n\t\t<div class=\"elementor-element elementor-element-b6cc8ac e-con-full product__head e-flex e-con e-child\" data-id=\"b6cc8ac\" data-element_type=\"container\" data-e-type=\"container\">\n\t\t\t\t<\/div>\n\t\t\t\t<\/div>\n\t\t\t\t\t<\/div>\n\t\t\t\t<\/div>\n\t\t<div class=\"elementor-element elementor-element-03420e7 top-red-border e-flex e-con-boxed e-con e-parent\" data-id=\"03420e7\" data-element_type=\"container\" data-e-type=\"container\" data-settings=\"{&quot;background_background&quot;:&quot;classic&quot;}\">\n\t\t\t\t\t<div class=\"e-con-inner\">\n\t\t<div class=\"elementor-element elementor-element-e3596f9 e-con-full e-flex e-con e-child\" data-id=\"e3596f9\" data-element_type=\"container\" data-e-type=\"container\">\n\t\t\t\t<div class=\"elementor-element elementor-element-384c45b elementor-position-right elementor-vertical-align-middle image-text-section elementor-widget elementor-widget-image-box\" data-id=\"384c45b\" data-element_type=\"widget\" data-e-type=\"widget\" data-widget_type=\"image-box.default\">\n\t\t\t\t<div class=\"elementor-widget-container\">\n\t\t\t\t\t<div class=\"elementor-image-box-wrapper\"><figure class=\"elementor-image-box-img\"><img fetchpriority=\"high\" decoding=\"async\" width=\"2560\" height=\"1450\" src=\"https:\/\/stpcdnimage.imgix.net\/wp-content\/uploads\/sites\/26\/2025\/04\/Excessive-Oil-Burning-scaled-1.avif\" class=\"attachment-full size-full wp-image-5920\" alt=\"\" \/><\/figure><div class=\"elementor-image-box-content\"><p class=\"elementor-image-box-description\">\u00bfDe su auto sale una nube de humo gris\u00e1ceo azulado cuando lo pone en marcha en la ma\u00f1ana o cuando acelera o desacelera? Su auto podr\u00eda estar quemando demasiado aceite, en especial si su motor tiene m\u00e1s de 75.000 millas (o 120.000 kil\u00f3metros) conducidas. Si le preocupa que su auto queme aceite, considere uno de los siguientes productos.<\/p><\/div><\/div>\t\t\t\t<\/div>\n\t\t\t\t<\/div>\n\t\t\t\t<\/div>\n\t\t\t\t\t<\/div>\n\t\t\t\t<\/div>\n\t\t<div class=\"elementor-element elementor-element-0820d2b prod-related-container e-flex e-con-boxed e-con e-child\" data-id=\"0820d2b\" data-element_type=\"container\" data-e-type=\"container\" data-settings=\"{&quot;background_background&quot;:&quot;classic&quot;}\">\n\t\t\t\t\t<div class=\"e-con-inner\">\n\t\t\t\t<div class=\"elementor-element elementor-element-617f720 arm__product-related elementor-widget elementor-widget-shortcode\" data-id=\"617f720\" data-element_type=\"widget\" data-e-type=\"widget\" data-widget_type=\"shortcode.default\">\n\t\t\t\t<div class=\"elementor-widget-container\">\n\t\t\t\t\t\t\t<div class=\"elementor-shortcode\">\t<div class=\"product_related\">\n\t\t\t\t\t<div class=\"section-intro section-intro--left\" id=\"anchor-intro-block_\">\n\n\t\t\t\t\t<div class=\"section-intro__content\" id=\"anchor-intro-content_\">\n\t\t\t\t\t\t<div role=\"doc-subtitle\">Ayude a reducir la combusti\u00f3n de aceite en su auto con<\/div>\n\t\t\t\t\t<\/div>\n\n\t\t\t\t<div class=\"section-intro__button\">\n\t\t\t\t\t\t\t\t\t<\/div>\n\t\t\t<\/div>\n\t\t\t\t<div class=\"building-block\">\n\t\t\t<div class=\"slider slider--listing\" role=\"region\" aria-roledescription=\"carousel\" aria-label=\"Featured product carousel\" data-items-0=\"1\" data-items-500=\"2\" data-items-900=\"3\" data-items-1200=\"4\" data-autoplay=\"false\">\n\t\t\t\t<div class=\"slider__controls\">\n\t\t\t\t\t\t\t\t\t\t\t\t\t\t<\/div>\n\t\t\t\t<div class=\"slider__wrapper\">\n\t\t\t\t\t<ul class=\"slider__panels\" id=\"slider-123\" class=\"carousel-items\" aria-live=\"polite\">\n\t\t\t\t\t\t \t\t\t\t\t\t\t<li class=\"slider__panel\" aria-hidden=\"false\" tabindex=\"-1\" aria-label=\"Slide 1 of 1\">\n\t\t\t\t\t\t\t\t <div class=\"grid grid-cols-4 grid-gutter-md\">\n\t\t\t\t\t\t\t\t\t\t\t\t\t\t\t\t\t\t\t<div class=\"card card--product\">\n\t\t\t\t\t\t\t\t\t\t\t<div class=\"card__image card__image--has-rollover\">\n\t\t\t\t\t\t\t\t\t\t\t\t<img decoding=\"async\" src=\"https:\/\/stpcdnimage.imgix.net\/global-media\/wp-content\/uploads\/sites\/6\/product-images\/7021_01.png\"  alt=\"Tratamiento para Aceite Image 1\" class=\"\" width=\"250\" height=\"250\" \/>\n\t\t\t\t\t\t\t\t\t\t\t\t<div class=\"btn btn--solid rollover\">Ver producto<\/div>\n\t\t\t\t\t\t\t\t\t\t\t<\/div>\n\t\t\t\t\t\t\t\t\t\t\t<div class=\"card__pretitle\"><span class=\"card__category\">Aditivos para el aceite y el motor<\/span><\/div>\n\t\t\t\t\t\t\t\t\t\t\t\t<h3 class=\"h3\"><a href=\"https:\/\/stp.com\/ar\/product\/tratamiento-para-aceite\/\" class=\"cover-link card__link\">Tratamiento para Aceite<\/a><\/h3>\n\t\t\t\t\t\t\t\t\t\t<\/div>\n\t\t\t\t\t\t\t\t\t\t\t\t\t\t\t\t\t\t\t<div class=\"card card--product\">\n\t\t\t\t\t\t\t\t\t\t\t<div class=\"card__image card__image--has-rollover\">\n\t\t\t\t\t\t\t\t\t\t\t\t<img decoding=\"async\" src=\"https:\/\/stpcdnimage.imgix.net\/global-media\/wp-content\/uploads\/sites\/6\/product-images\/17054_01.png\"  alt=\"Tratamiento Anti-Humo Image 1\" class=\"\" width=\"250\" height=\"250\" \/>\n\t\t\t\t\t\t\t\t\t\t\t\t<div class=\"btn btn--solid rollover\">Ver producto<\/div>\n\t\t\t\t\t\t\t\t\t\t\t<\/div>\n\t\t\t\t\t\t\t\t\t\t\t<div class=\"card__pretitle\"><span class=\"card__category\">Aditivos para el aceite y el motor<\/span><\/div>\n\t\t\t\t\t\t\t\t\t\t\t\t<h3 class=\"h3\"><a href=\"https:\/\/stp.com\/ar\/product\/tratamiento-anti-humo\/\" class=\"cover-link card__link\">Tratamiento Anti-Humo<\/a><\/h3>\n\t\t\t\t\t\t\t\t\t\t<\/div>\n\t\t\t\t\t\t\t\t\t\t\t\t\t\t\t\t\t<\/div>\n\t\t\t\t\t\t\t<\/li>\n\t\t\t\t\t\t\t\t\t\t\t<\/ul>\n\t\t\t\t<\/div>\n\t\t\t\t<div class=\"slider__nav\">\n\t\t\t\t\t\t\t\t\t\t<\/div>\n\t\t\t<\/div>\n\t\t<\/div>\n\t<\/div>\n<\/div>\n\t\t\t\t\t\t<\/div>\n\t\t\t\t<\/div>\n\t\t\t\t\t<\/div>\n\t\t\t\t<\/div>\n\t\t\t\t<\/div>\n\t\t","protected":false},"excerpt":{"rendered":"<p>\u00bfDe su auto sale una nube de humo gris\u00e1ceo azulado cuando lo pone en marcha en la ma\u00f1ana o cuando acelera o desacelera? Su auto podr\u00eda estar quemando demasiado aceite, en especial si su motor tiene m\u00e1s de 75.000 millas (o 120.000 kil\u00f3metros) conducidas. Si le preocupa que su auto queme aceite, considere uno de [&hellip;]<\/p>\n","protected":false},"author":1,"featured_media":0,"parent":416,"menu_order":0,"comment_status":"closed","ping_status":"closed","template":"","meta":{"_acf_changed":false,"footnotes":""},"class_list":["post-5914","page","type-page","status-publish","hentry"],"acf":[],"yoast_head":"<!-- This site is optimized with the Yoast SEO plugin v27.4 - https:\/\/yoast.com\/product\/yoast-seo-wordpress\/ -->\n<title>Exceso de combusti\u00f3n de aceite - STP Argentina<\/title>\n<meta name=\"robots\" content=\"index, follow, max-snippet:-1, max-image-preview:large, max-video-preview:-1\" \/>\n<link rel=\"canonical\" href=\"https:\/\/stp.com\/ar\/solucionador\/exceso-de-combustion-de-aceite\/\" \/>\n<meta property=\"og:locale\" content=\"en_US\" \/>\n<meta property=\"og:type\" content=\"article\" \/>\n<meta property=\"og:title\" content=\"Exceso de combusti\u00f3n de aceite - STP Argentina\" \/>\n<meta property=\"og:description\" content=\"\u00bfDe su auto sale una nube de humo gris\u00e1ceo azulado cuando lo pone en marcha en la ma\u00f1ana o cuando acelera o desacelera? Su auto podr\u00eda estar quemando demasiado aceite, en especial si su motor tiene m\u00e1s de 75.000 millas (o 120.000 kil\u00f3metros) conducidas. Si le preocupa que su auto queme aceite, considere uno de [&hellip;]\" \/>\n<meta property=\"og:url\" content=\"https:\/\/stp.com\/ar\/solucionador\/exceso-de-combustion-de-aceite\/\" \/>\n<meta property=\"og:site_name\" content=\"STP Argentina\" \/>\n<meta property=\"article:modified_time\" content=\"2025-06-05T12:11:40+00:00\" \/>\n<meta property=\"og:image\" content=\"https:\/\/stp.com\/ar\/wp-content\/uploads\/sites\/26\/2025\/04\/Excessive-Oil-Burning-scaled-1.avif\" \/>\n<meta name=\"twitter:card\" content=\"summary_large_image\" \/>\n<meta name=\"twitter:label1\" content=\"Est. reading time\" \/>\n\t<meta name=\"twitter:data1\" content=\"1 minute\" \/>\n<script type=\"application\/ld+json\" class=\"yoast-schema-graph\">{\"@context\":\"https:\\\/\\\/schema.org\",\"@graph\":[{\"@type\":\"WebPage\",\"@id\":\"https:\\\/\\\/stp.com\\\/ar\\\/solucionador\\\/exceso-de-combustion-de-aceite\\\/\",\"url\":\"https:\\\/\\\/stp.com\\\/ar\\\/solucionador\\\/exceso-de-combustion-de-aceite\\\/\",\"name\":\"Exceso de combusti\u00f3n de aceite - STP Argentina\",\"isPartOf\":{\"@id\":\"https:\\\/\\\/c38a2c2a6e.nxcli.io\\\/ar\\\/#website\"},\"primaryImageOfPage\":{\"@id\":\"https:\\\/\\\/stp.com\\\/ar\\\/solucionador\\\/exceso-de-combustion-de-aceite\\\/#primaryimage\"},\"image\":{\"@id\":\"https:\\\/\\\/stp.com\\\/ar\\\/solucionador\\\/exceso-de-combustion-de-aceite\\\/#primaryimage\"},\"thumbnailUrl\":\"https:\\\/\\\/stp.com\\\/ar\\\/wp-content\\\/uploads\\\/sites\\\/26\\\/2025\\\/04\\\/Excessive-Oil-Burning-scaled-1.avif\",\"datePublished\":\"2025-04-04T13:59:30+00:00\",\"dateModified\":\"2025-06-05T12:11:40+00:00\",\"breadcrumb\":{\"@id\":\"https:\\\/\\\/stp.com\\\/ar\\\/solucionador\\\/exceso-de-combustion-de-aceite\\\/#breadcrumb\"},\"inLanguage\":\"en-US\",\"potentialAction\":[{\"@type\":\"ReadAction\",\"target\":[\"https:\\\/\\\/stp.com\\\/ar\\\/solucionador\\\/exceso-de-combustion-de-aceite\\\/\"]}]},{\"@type\":\"ImageObject\",\"inLanguage\":\"en-US\",\"@id\":\"https:\\\/\\\/stp.com\\\/ar\\\/solucionador\\\/exceso-de-combustion-de-aceite\\\/#primaryimage\",\"url\":\"https:\\\/\\\/stpcdnimage.imgix.net\\\/wp-content\\\/uploads\\\/sites\\\/26\\\/2025\\\/04\\\/Excessive-Oil-Burning-scaled-1.avif\",\"contentUrl\":\"https:\\\/\\\/stpcdnimage.imgix.net\\\/wp-content\\\/uploads\\\/sites\\\/26\\\/2025\\\/04\\\/Excessive-Oil-Burning-scaled-1.avif\",\"width\":2560,\"height\":1450},{\"@type\":\"BreadcrumbList\",\"@id\":\"https:\\\/\\\/stp.com\\\/ar\\\/solucionador\\\/exceso-de-combustion-de-aceite\\\/#breadcrumb\",\"itemListElement\":[{\"@type\":\"ListItem\",\"position\":1,\"name\":\"Home\",\"item\":\"https:\\\/\\\/stp.com\\\/ar\\\/\"},{\"@type\":\"ListItem\",\"position\":2,\"name\":\"Solucionador\",\"item\":\"https:\\\/\\\/stp.com\\\/ar\\\/solucionador\\\/\"},{\"@type\":\"ListItem\",\"position\":3,\"name\":\"Exceso de combusti\u00f3n de aceite\"}]},{\"@type\":\"WebSite\",\"@id\":\"https:\\\/\\\/c38a2c2a6e.nxcli.io\\\/ar\\\/#website\",\"url\":\"https:\\\/\\\/c38a2c2a6e.nxcli.io\\\/ar\\\/\",\"name\":\"STP Argentina\",\"description\":\"Science. Technology. Performance\",\"potentialAction\":[{\"@type\":\"SearchAction\",\"target\":{\"@type\":\"EntryPoint\",\"urlTemplate\":\"https:\\\/\\\/c38a2c2a6e.nxcli.io\\\/ar\\\/?s={search_term_string}\"},\"query-input\":{\"@type\":\"PropertyValueSpecification\",\"valueRequired\":true,\"valueName\":\"search_term_string\"}}],\"inLanguage\":\"en-US\"}]}<\/script>\n<!-- \/ Yoast SEO plugin. -->","yoast_head_json":{"title":"Exceso de combusti\u00f3n de aceite - STP Argentina","robots":{"index":"index","follow":"follow","max-snippet":"max-snippet:-1","max-image-preview":"max-image-preview:large","max-video-preview":"max-video-preview:-1"},"canonical":"https:\/\/stp.com\/ar\/solucionador\/exceso-de-combustion-de-aceite\/","og_locale":"en_US","og_type":"article","og_title":"Exceso de combusti\u00f3n de aceite - STP Argentina","og_description":"\u00bfDe su auto sale una nube de humo gris\u00e1ceo azulado cuando lo pone en marcha en la ma\u00f1ana o cuando acelera o desacelera? Su auto podr\u00eda estar quemando demasiado aceite, en especial si su motor tiene m\u00e1s de 75.000 millas (o 120.000 kil\u00f3metros) conducidas. Si le preocupa que su auto queme aceite, considere uno de [&hellip;]","og_url":"https:\/\/stp.com\/ar\/solucionador\/exceso-de-combustion-de-aceite\/","og_site_name":"STP Argentina","article_modified_time":"2025-06-05T12:11:40+00:00","og_image":[{"url":"https:\/\/stp.com\/ar\/wp-content\/uploads\/sites\/26\/2025\/04\/Excessive-Oil-Burning-scaled-1.avif","type":"","width":"","height":""}],"twitter_card":"summary_large_image","twitter_misc":{"Est. reading time":"1 minute"},"schema":{"@context":"https:\/\/schema.org","@graph":[{"@type":"WebPage","@id":"https:\/\/stp.com\/ar\/solucionador\/exceso-de-combustion-de-aceite\/","url":"https:\/\/stp.com\/ar\/solucionador\/exceso-de-combustion-de-aceite\/","name":"Exceso de combusti\u00f3n de aceite - STP Argentina","isPartOf":{"@id":"https:\/\/c38a2c2a6e.nxcli.io\/ar\/#website"},"primaryImageOfPage":{"@id":"https:\/\/stp.com\/ar\/solucionador\/exceso-de-combustion-de-aceite\/#primaryimage"},"image":{"@id":"https:\/\/stp.com\/ar\/solucionador\/exceso-de-combustion-de-aceite\/#primaryimage"},"thumbnailUrl":"https:\/\/stp.com\/ar\/wp-content\/uploads\/sites\/26\/2025\/04\/Excessive-Oil-Burning-scaled-1.avif","datePublished":"2025-04-04T13:59:30+00:00","dateModified":"2025-06-05T12:11:40+00:00","breadcrumb":{"@id":"https:\/\/stp.com\/ar\/solucionador\/exceso-de-combustion-de-aceite\/#breadcrumb"},"inLanguage":"en-US","potentialAction":[{"@type":"ReadAction","target":["https:\/\/stp.com\/ar\/solucionador\/exceso-de-combustion-de-aceite\/"]}]},{"@type":"ImageObject","inLanguage":"en-US","@id":"https:\/\/stp.com\/ar\/solucionador\/exceso-de-combustion-de-aceite\/#primaryimage","url":"https:\/\/stpcdnimage.imgix.net\/wp-content\/uploads\/sites\/26\/2025\/04\/Excessive-Oil-Burning-scaled-1.avif","contentUrl":"https:\/\/stpcdnimage.imgix.net\/wp-content\/uploads\/sites\/26\/2025\/04\/Excessive-Oil-Burning-scaled-1.avif","width":2560,"height":1450},{"@type":"BreadcrumbList","@id":"https:\/\/stp.com\/ar\/solucionador\/exceso-de-combustion-de-aceite\/#breadcrumb","itemListElement":[{"@type":"ListItem","position":1,"name":"Home","item":"https:\/\/stp.com\/ar\/"},{"@type":"ListItem","position":2,"name":"Solucionador","item":"https:\/\/stp.com\/ar\/solucionador\/"},{"@type":"ListItem","position":3,"name":"Exceso de combusti\u00f3n de aceite"}]},{"@type":"WebSite","@id":"https:\/\/c38a2c2a6e.nxcli.io\/ar\/#website","url":"https:\/\/c38a2c2a6e.nxcli.io\/ar\/","name":"STP Argentina","description":"Science. Technology. Performance","potentialAction":[{"@type":"SearchAction","target":{"@type":"EntryPoint","urlTemplate":"https:\/\/c38a2c2a6e.nxcli.io\/ar\/?s={search_term_string}"},"query-input":{"@type":"PropertyValueSpecification","valueRequired":true,"valueName":"search_term_string"}}],"inLanguage":"en-US"}]}},"_links":{"self":[{"href":"https:\/\/stp.com\/ar\/wp-json\/wp\/v2\/pages\/5914","targetHints":{"allow":["GET"]}}],"collection":[{"href":"https:\/\/stp.com\/ar\/wp-json\/wp\/v2\/pages"}],"about":[{"href":"https:\/\/stp.com\/ar\/wp-json\/wp\/v2\/types\/page"}],"author":[{"embeddable":true,"href":"https:\/\/stp.com\/ar\/wp-json\/wp\/v2\/users\/1"}],"replies":[{"embeddable":true,"href":"https:\/\/stp.com\/ar\/wp-json\/wp\/v2\/comments?post=5914"}],"version-history":[{"count":13,"href":"https:\/\/stp.com\/ar\/wp-json\/wp\/v2\/pages\/5914\/revisions"}],"predecessor-version":[{"id":7891,"href":"https:\/\/stp.com\/ar\/wp-json\/wp\/v2\/pages\/5914\/revisions\/7891"}],"up":[{"embeddable":true,"href":"https:\/\/stp.com\/ar\/wp-json\/wp\/v2\/pages\/416"}],"wp:attachment":[{"href":"https:\/\/stp.com\/ar\/wp-json\/wp\/v2\/media?parent=5914"}],"curies":[{"name":"wp","href":"https:\/\/api.w.org\/{rel}","templated":true}]}}