{"id":5831,"date":"2025-04-04T19:03:14","date_gmt":"2025-04-04T13:33:14","guid":{"rendered":"https:\/\/c38a2c2a6e.nxcli.io\/ar\/?page_id=5831"},"modified":"2025-06-05T17:32:40","modified_gmt":"2025-06-05T12:02:40","slug":"perdida-de-rendimiento-y-potencia","status":"publish","type":"page","link":"https:\/\/stp.com\/ar\/solucionador\/perdida-de-rendimiento-y-potencia\/","title":{"rendered":"P\u00e9rdida de rendimiento y potencia"},"content":{"rendered":"\t\t<div data-elementor-type=\"wp-page\" data-elementor-id=\"5831\" class=\"elementor elementor-5831\" data-elementor-post-type=\"page\">\n\t\t\t\t<div class=\"elementor-element elementor-element-48974f2 e-flex e-con-boxed e-con e-parent\" data-id=\"48974f2\" data-element_type=\"container\" data-e-type=\"container\" data-settings=\"{&quot;background_background&quot;:&quot;classic&quot;}\">\n\t\t\t\t\t<div class=\"e-con-inner\">\n\t\t\t\t<div class=\"elementor-element elementor-element-6128d91 breadcrumb elementor-widget elementor-widget-breadcrumbs\" data-id=\"6128d91\" data-element_type=\"widget\" data-e-type=\"widget\" data-widget_type=\"breadcrumbs.default\">\n\t\t\t\t<div class=\"elementor-widget-container\">\n\t\t\t\t\t<p id=\"breadcrumbs\"><span><span><a href=\"https:\/\/stp.com\/ar\/\">Home<\/a><\/span><\/span><\/p>\t\t\t\t<\/div>\n\t\t\t\t<\/div>\n\t\t<div class=\"elementor-element elementor-element-8815c94 e-con-full e-flex e-con e-child\" data-id=\"8815c94\" data-element_type=\"container\" data-e-type=\"container\">\n\t\t<div class=\"elementor-element elementor-element-c24dee5 e-con-full product__head e-flex e-con e-child\" data-id=\"c24dee5\" data-element_type=\"container\" data-e-type=\"container\">\n\t\t\t\t<\/div>\n\t\t\t\t<\/div>\n\t\t\t\t\t<\/div>\n\t\t\t\t<\/div>\n\t\t<div class=\"elementor-element elementor-element-4f3591f top-red-border e-flex e-con-boxed e-con e-parent\" data-id=\"4f3591f\" data-element_type=\"container\" data-e-type=\"container\" data-settings=\"{&quot;background_background&quot;:&quot;classic&quot;}\">\n\t\t\t\t\t<div class=\"e-con-inner\">\n\t\t<div class=\"elementor-element elementor-element-86313b9 e-con-full e-flex e-con e-child\" data-id=\"86313b9\" data-element_type=\"container\" data-e-type=\"container\">\n\t\t\t\t<div class=\"elementor-element elementor-element-ca7a620 elementor-position-right elementor-vertical-align-middle image-text-section elementor-widget elementor-widget-image-box\" data-id=\"ca7a620\" data-element_type=\"widget\" data-e-type=\"widget\" data-widget_type=\"image-box.default\">\n\t\t\t\t<div class=\"elementor-widget-container\">\n\t\t\t\t\t<div class=\"elementor-image-box-wrapper\"><figure class=\"elementor-image-box-img\"><img fetchpriority=\"high\" decoding=\"async\" width=\"2560\" height=\"1450\" src=\"https:\/\/stpcdnimage.imgix.net\/wp-content\/uploads\/sites\/26\/2025\/04\/Lost-Performance-scaled-1.avif\" class=\"attachment-full size-full wp-image-5841\" alt=\"\" \/><\/figure><div class=\"elementor-image-box-content\"><p class=\"elementor-image-box-description\">\u00bfLas \u00e9pocas en que encend\u00eda el auto y sal\u00eda son un recuerdo lejano? \u00bfEl motor tiene problemas para arrancar, tiene titubeos o se ahoga? \u00bfEstuvo manejando y ahora el motor no arranca? Uno de los problemas m\u00e1s comunes son los dep\u00f3sitos que se acumulan en el sistema de combustible y restringen el flujo de combustible. La mayor\u00eda de las gasolinas actuales contienen alrededor de 10 % de etanol y los combustibles con mezcla de etanol, pueden crear dep\u00f3sitos que tapan el sistema de combustible.<\/p><\/div><\/div>\t\t\t\t<\/div>\n\t\t\t\t<\/div>\n\t\t\t\t<\/div>\n\t\t\t\t\t<\/div>\n\t\t\t\t<\/div>\n\t\t<div class=\"elementor-element elementor-element-15789b6 prod-related-container e-flex e-con-boxed e-con e-child\" data-id=\"15789b6\" data-element_type=\"container\" data-e-type=\"container\" data-settings=\"{&quot;background_background&quot;:&quot;classic&quot;}\">\n\t\t\t\t\t<div class=\"e-con-inner\">\n\t\t\t\t<div class=\"elementor-element elementor-element-c9d9376 arm__product-related elementor-widget elementor-widget-shortcode\" data-id=\"c9d9376\" data-element_type=\"widget\" data-e-type=\"widget\" data-widget_type=\"shortcode.default\">\n\t\t\t\t<div class=\"elementor-widget-container\">\n\t\t\t\t\t\t\t<div class=\"elementor-shortcode\">\t<div class=\"product_related\">\n\t\t\t\t\t<div class=\"section-intro section-intro--left\" id=\"anchor-intro-block_\">\n\n\t\t\t\t\t<div class=\"section-intro__content\" id=\"anchor-intro-content_\">\n\t\t\t\t\t\t<div role=\"doc-subtitle\">Mantenga su veh\u00edculo con<\/div>\n\t\t\t\t\t<\/div>\n\n\t\t\t\t<div class=\"section-intro__button\">\n\t\t\t\t\t\t\t\t\t<\/div>\n\t\t\t<\/div>\n\t\t\t\t<div class=\"building-block\">\n\t\t\t<div class=\"slider slider--listing\" role=\"region\" aria-roledescription=\"carousel\" aria-label=\"Featured product carousel\" data-items-0=\"1\" data-items-500=\"2\" data-items-900=\"3\" data-items-1200=\"4\" data-autoplay=\"false\">\n\t\t\t\t<div class=\"slider__controls\">\n\t\t\t\t\t\t\t\t\t\t\t\t\t\t<\/div>\n\t\t\t\t<div class=\"slider__wrapper\">\n\t\t\t\t\t<ul class=\"slider__panels\" id=\"slider-123\" class=\"carousel-items\" aria-live=\"polite\">\n\t\t\t\t\t\t \t\t\t\t\t\t\t<li class=\"slider__panel\" aria-hidden=\"false\" tabindex=\"-1\" aria-label=\"Slide 1 of 1\">\n\t\t\t\t\t\t\t\t <div class=\"grid grid-cols-4 grid-gutter-md\">\n\t\t\t\t\t\t\t\t\t\t\t\t\t\t\t\t\t\t\t<div class=\"card card--product\">\n\t\t\t\t\t\t\t\t\t\t\t<div class=\"card__image card__image--has-rollover\">\n\t\t\t\t\t\t\t\t\t\t\t\t<img decoding=\"async\" src=\"https:\/\/stpcdnimage.imgix.net\/global-media\/wp-content\/uploads\/sites\/6\/product-images\/E302910700_01.png\"  alt=\"Limpiador Completo parael Sistema de Combustible Image 1\" class=\"\" width=\"250\" height=\"250\" \/>\n\t\t\t\t\t\t\t\t\t\t\t\t<div class=\"btn btn--solid rollover\">Ver producto<\/div>\n\t\t\t\t\t\t\t\t\t\t\t<\/div>\n\t\t\t\t\t\t\t\t\t\t\t<div class=\"card__pretitle\"><span class=\"card__category\">Aditivos para combustibles<\/span><\/div>\n\t\t\t\t\t\t\t\t\t\t\t\t<h3 class=\"h3\"><a href=\"https:\/\/stp.com\/ar\/product\/limpiador-completo-parael-sistema-de-combustible\/\" class=\"cover-link card__link\">Limpiador Completo parael Sistema de Combustible<\/a><\/h3>\n\t\t\t\t\t\t\t\t\t\t<\/div>\n\t\t\t\t\t\t\t\t\t\t\t\t\t\t\t\t\t\t\t<div class=\"card card--product\">\n\t\t\t\t\t\t\t\t\t\t\t<div class=\"card__image card__image--has-rollover\">\n\t\t\t\t\t\t\t\t\t\t\t\t<img decoding=\"async\" src=\"https:\/\/stpcdnimage.imgix.net\/global-media\/wp-content\/uploads\/sites\/6\/product-images\/E303739200_01.png\"  alt=\"Elevador de Octanaje Image 1\" class=\"\" width=\"250\" height=\"250\" \/>\n\t\t\t\t\t\t\t\t\t\t\t\t<div class=\"btn btn--solid rollover\">Ver producto<\/div>\n\t\t\t\t\t\t\t\t\t\t\t<\/div>\n\t\t\t\t\t\t\t\t\t\t\t<div class=\"card__pretitle\"><span class=\"card__category\">Aditivos para combustibles<\/span><\/div>\n\t\t\t\t\t\t\t\t\t\t\t\t<h3 class=\"h3\"><a href=\"https:\/\/stp.com\/ar\/product\/elevador-de-octanaje\/\" class=\"cover-link card__link\">Elevador de Octanaje<\/a><\/h3>\n\t\t\t\t\t\t\t\t\t\t<\/div>\n\t\t\t\t\t\t\t\t\t\t\t\t\t\t\t\t\t\t\t<div class=\"card card--product\">\n\t\t\t\t\t\t\t\t\t\t\t<div class=\"card__image card__image--has-rollover\">\n\t\t\t\t\t\t\t\t\t\t\t\t<img loading=\"lazy\" decoding=\"async\" src=\"https:\/\/stpcdnimage.imgix.net\/global-media\/wp-content\/uploads\/sites\/6\/product-images\/E302896800_01.png\"  alt=\"Tratamiento Gasolina Image 1\" class=\"\" width=\"250\" height=\"250\" \/>\n\t\t\t\t\t\t\t\t\t\t\t\t<div class=\"btn btn--solid rollover\">Ver producto<\/div>\n\t\t\t\t\t\t\t\t\t\t\t<\/div>\n\t\t\t\t\t\t\t\t\t\t\t<div class=\"card__pretitle\"><span class=\"card__category\">Aditivos para combustibles<\/span><\/div>\n\t\t\t\t\t\t\t\t\t\t\t\t<h3 class=\"h3\"><a href=\"https:\/\/stp.com\/ar\/product\/tratamiento-gasolina\/\" class=\"cover-link card__link\">Tratamiento Gasolina<\/a><\/h3>\n\t\t\t\t\t\t\t\t\t\t<\/div>\n\t\t\t\t\t\t\t\t\t\t\t\t\t\t\t\t\t<\/div>\n\t\t\t\t\t\t\t<\/li>\n\t\t\t\t\t\t\t\t\t\t\t<\/ul>\n\t\t\t\t<\/div>\n\t\t\t\t<div class=\"slider__nav\">\n\t\t\t\t\t\t\t\t\t\t<\/div>\n\t\t\t<\/div>\n\t\t<\/div>\n\t<\/div>\n<\/div>\n\t\t\t\t\t\t<\/div>\n\t\t\t\t<\/div>\n\t\t\t\t\t<\/div>\n\t\t\t\t<\/div>\n\t\t\t\t<\/div>\n\t\t","protected":false},"excerpt":{"rendered":"<p>\u00bfLas \u00e9pocas en que encend\u00eda el auto y sal\u00eda son un recuerdo lejano? \u00bfEl motor tiene problemas para arrancar, tiene titubeos o se ahoga? \u00bfEstuvo manejando y ahora el motor no arranca? Uno de los problemas m\u00e1s comunes son los dep\u00f3sitos que se acumulan en el sistema de combustible y restringen el flujo de combustible. [&hellip;]<\/p>\n","protected":false},"author":1,"featured_media":0,"parent":416,"menu_order":0,"comment_status":"closed","ping_status":"closed","template":"","meta":{"_acf_changed":false,"footnotes":""},"class_list":["post-5831","page","type-page","status-publish","hentry"],"acf":[],"yoast_head":"<!-- This site is optimized with the Yoast SEO plugin v27.4 - https:\/\/yoast.com\/product\/yoast-seo-wordpress\/ -->\n<title>P\u00e9rdida de rendimiento y potencia - STP Argentina<\/title>\n<meta name=\"robots\" content=\"index, follow, max-snippet:-1, max-image-preview:large, max-video-preview:-1\" \/>\n<link rel=\"canonical\" href=\"https:\/\/stp.com\/ar\/solucionador\/perdida-de-rendimiento-y-potencia\/\" \/>\n<meta property=\"og:locale\" content=\"en_US\" \/>\n<meta property=\"og:type\" content=\"article\" \/>\n<meta property=\"og:title\" content=\"P\u00e9rdida de rendimiento y potencia - STP Argentina\" \/>\n<meta property=\"og:description\" content=\"\u00bfLas \u00e9pocas en que encend\u00eda el auto y sal\u00eda son un recuerdo lejano? \u00bfEl motor tiene problemas para arrancar, tiene titubeos o se ahoga? \u00bfEstuvo manejando y ahora el motor no arranca? Uno de los problemas m\u00e1s comunes son los dep\u00f3sitos que se acumulan en el sistema de combustible y restringen el flujo de combustible. [&hellip;]\" \/>\n<meta property=\"og:url\" content=\"https:\/\/stp.com\/ar\/solucionador\/perdida-de-rendimiento-y-potencia\/\" \/>\n<meta property=\"og:site_name\" content=\"STP Argentina\" \/>\n<meta property=\"article:modified_time\" content=\"2025-06-05T12:02:40+00:00\" \/>\n<meta property=\"og:image\" content=\"https:\/\/stp.com\/ar\/wp-content\/uploads\/sites\/26\/2025\/04\/Lost-Performance-scaled-1.avif\" \/>\n<meta name=\"twitter:card\" content=\"summary_large_image\" \/>\n<meta name=\"twitter:label1\" content=\"Est. reading time\" \/>\n\t<meta name=\"twitter:data1\" content=\"1 minute\" \/>\n<script type=\"application\/ld+json\" class=\"yoast-schema-graph\">{\"@context\":\"https:\\\/\\\/schema.org\",\"@graph\":[{\"@type\":\"WebPage\",\"@id\":\"https:\\\/\\\/stp.com\\\/ar\\\/solucionador\\\/perdida-de-rendimiento-y-potencia\\\/\",\"url\":\"https:\\\/\\\/stp.com\\\/ar\\\/solucionador\\\/perdida-de-rendimiento-y-potencia\\\/\",\"name\":\"P\u00e9rdida de rendimiento y potencia - STP Argentina\",\"isPartOf\":{\"@id\":\"https:\\\/\\\/c38a2c2a6e.nxcli.io\\\/ar\\\/#website\"},\"primaryImageOfPage\":{\"@id\":\"https:\\\/\\\/stp.com\\\/ar\\\/solucionador\\\/perdida-de-rendimiento-y-potencia\\\/#primaryimage\"},\"image\":{\"@id\":\"https:\\\/\\\/stp.com\\\/ar\\\/solucionador\\\/perdida-de-rendimiento-y-potencia\\\/#primaryimage\"},\"thumbnailUrl\":\"https:\\\/\\\/stp.com\\\/ar\\\/wp-content\\\/uploads\\\/sites\\\/26\\\/2025\\\/04\\\/Lost-Performance-scaled-1.avif\",\"datePublished\":\"2025-04-04T13:33:14+00:00\",\"dateModified\":\"2025-06-05T12:02:40+00:00\",\"breadcrumb\":{\"@id\":\"https:\\\/\\\/stp.com\\\/ar\\\/solucionador\\\/perdida-de-rendimiento-y-potencia\\\/#breadcrumb\"},\"inLanguage\":\"en-US\",\"potentialAction\":[{\"@type\":\"ReadAction\",\"target\":[\"https:\\\/\\\/stp.com\\\/ar\\\/solucionador\\\/perdida-de-rendimiento-y-potencia\\\/\"]}]},{\"@type\":\"ImageObject\",\"inLanguage\":\"en-US\",\"@id\":\"https:\\\/\\\/stp.com\\\/ar\\\/solucionador\\\/perdida-de-rendimiento-y-potencia\\\/#primaryimage\",\"url\":\"https:\\\/\\\/stpcdnimage.imgix.net\\\/wp-content\\\/uploads\\\/sites\\\/26\\\/2025\\\/04\\\/Lost-Performance-scaled-1.avif\",\"contentUrl\":\"https:\\\/\\\/stpcdnimage.imgix.net\\\/wp-content\\\/uploads\\\/sites\\\/26\\\/2025\\\/04\\\/Lost-Performance-scaled-1.avif\",\"width\":2560,\"height\":1450},{\"@type\":\"BreadcrumbList\",\"@id\":\"https:\\\/\\\/stp.com\\\/ar\\\/solucionador\\\/perdida-de-rendimiento-y-potencia\\\/#breadcrumb\",\"itemListElement\":[{\"@type\":\"ListItem\",\"position\":1,\"name\":\"Home\",\"item\":\"https:\\\/\\\/stp.com\\\/ar\\\/\"},{\"@type\":\"ListItem\",\"position\":2,\"name\":\"Solucionador\",\"item\":\"https:\\\/\\\/stp.com\\\/ar\\\/solucionador\\\/\"},{\"@type\":\"ListItem\",\"position\":3,\"name\":\"P\u00e9rdida de rendimiento y potencia\"}]},{\"@type\":\"WebSite\",\"@id\":\"https:\\\/\\\/c38a2c2a6e.nxcli.io\\\/ar\\\/#website\",\"url\":\"https:\\\/\\\/c38a2c2a6e.nxcli.io\\\/ar\\\/\",\"name\":\"STP Argentina\",\"description\":\"Science. Technology. Performance\",\"potentialAction\":[{\"@type\":\"SearchAction\",\"target\":{\"@type\":\"EntryPoint\",\"urlTemplate\":\"https:\\\/\\\/c38a2c2a6e.nxcli.io\\\/ar\\\/?s={search_term_string}\"},\"query-input\":{\"@type\":\"PropertyValueSpecification\",\"valueRequired\":true,\"valueName\":\"search_term_string\"}}],\"inLanguage\":\"en-US\"}]}<\/script>\n<!-- \/ Yoast SEO plugin. -->","yoast_head_json":{"title":"P\u00e9rdida de rendimiento y potencia - STP Argentina","robots":{"index":"index","follow":"follow","max-snippet":"max-snippet:-1","max-image-preview":"max-image-preview:large","max-video-preview":"max-video-preview:-1"},"canonical":"https:\/\/stp.com\/ar\/solucionador\/perdida-de-rendimiento-y-potencia\/","og_locale":"en_US","og_type":"article","og_title":"P\u00e9rdida de rendimiento y potencia - STP Argentina","og_description":"\u00bfLas \u00e9pocas en que encend\u00eda el auto y sal\u00eda son un recuerdo lejano? \u00bfEl motor tiene problemas para arrancar, tiene titubeos o se ahoga? \u00bfEstuvo manejando y ahora el motor no arranca? Uno de los problemas m\u00e1s comunes son los dep\u00f3sitos que se acumulan en el sistema de combustible y restringen el flujo de combustible. [&hellip;]","og_url":"https:\/\/stp.com\/ar\/solucionador\/perdida-de-rendimiento-y-potencia\/","og_site_name":"STP Argentina","article_modified_time":"2025-06-05T12:02:40+00:00","og_image":[{"url":"https:\/\/stp.com\/ar\/wp-content\/uploads\/sites\/26\/2025\/04\/Lost-Performance-scaled-1.avif","type":"","width":"","height":""}],"twitter_card":"summary_large_image","twitter_misc":{"Est. reading time":"1 minute"},"schema":{"@context":"https:\/\/schema.org","@graph":[{"@type":"WebPage","@id":"https:\/\/stp.com\/ar\/solucionador\/perdida-de-rendimiento-y-potencia\/","url":"https:\/\/stp.com\/ar\/solucionador\/perdida-de-rendimiento-y-potencia\/","name":"P\u00e9rdida de rendimiento y potencia - STP Argentina","isPartOf":{"@id":"https:\/\/c38a2c2a6e.nxcli.io\/ar\/#website"},"primaryImageOfPage":{"@id":"https:\/\/stp.com\/ar\/solucionador\/perdida-de-rendimiento-y-potencia\/#primaryimage"},"image":{"@id":"https:\/\/stp.com\/ar\/solucionador\/perdida-de-rendimiento-y-potencia\/#primaryimage"},"thumbnailUrl":"https:\/\/stp.com\/ar\/wp-content\/uploads\/sites\/26\/2025\/04\/Lost-Performance-scaled-1.avif","datePublished":"2025-04-04T13:33:14+00:00","dateModified":"2025-06-05T12:02:40+00:00","breadcrumb":{"@id":"https:\/\/stp.com\/ar\/solucionador\/perdida-de-rendimiento-y-potencia\/#breadcrumb"},"inLanguage":"en-US","potentialAction":[{"@type":"ReadAction","target":["https:\/\/stp.com\/ar\/solucionador\/perdida-de-rendimiento-y-potencia\/"]}]},{"@type":"ImageObject","inLanguage":"en-US","@id":"https:\/\/stp.com\/ar\/solucionador\/perdida-de-rendimiento-y-potencia\/#primaryimage","url":"https:\/\/stpcdnimage.imgix.net\/wp-content\/uploads\/sites\/26\/2025\/04\/Lost-Performance-scaled-1.avif","contentUrl":"https:\/\/stpcdnimage.imgix.net\/wp-content\/uploads\/sites\/26\/2025\/04\/Lost-Performance-scaled-1.avif","width":2560,"height":1450},{"@type":"BreadcrumbList","@id":"https:\/\/stp.com\/ar\/solucionador\/perdida-de-rendimiento-y-potencia\/#breadcrumb","itemListElement":[{"@type":"ListItem","position":1,"name":"Home","item":"https:\/\/stp.com\/ar\/"},{"@type":"ListItem","position":2,"name":"Solucionador","item":"https:\/\/stp.com\/ar\/solucionador\/"},{"@type":"ListItem","position":3,"name":"P\u00e9rdida de rendimiento y potencia"}]},{"@type":"WebSite","@id":"https:\/\/c38a2c2a6e.nxcli.io\/ar\/#website","url":"https:\/\/c38a2c2a6e.nxcli.io\/ar\/","name":"STP Argentina","description":"Science. Technology. Performance","potentialAction":[{"@type":"SearchAction","target":{"@type":"EntryPoint","urlTemplate":"https:\/\/c38a2c2a6e.nxcli.io\/ar\/?s={search_term_string}"},"query-input":{"@type":"PropertyValueSpecification","valueRequired":true,"valueName":"search_term_string"}}],"inLanguage":"en-US"}]}},"_links":{"self":[{"href":"https:\/\/stp.com\/ar\/wp-json\/wp\/v2\/pages\/5831","targetHints":{"allow":["GET"]}}],"collection":[{"href":"https:\/\/stp.com\/ar\/wp-json\/wp\/v2\/pages"}],"about":[{"href":"https:\/\/stp.com\/ar\/wp-json\/wp\/v2\/types\/page"}],"author":[{"embeddable":true,"href":"https:\/\/stp.com\/ar\/wp-json\/wp\/v2\/users\/1"}],"replies":[{"embeddable":true,"href":"https:\/\/stp.com\/ar\/wp-json\/wp\/v2\/comments?post=5831"}],"version-history":[{"count":12,"href":"https:\/\/stp.com\/ar\/wp-json\/wp\/v2\/pages\/5831\/revisions"}],"predecessor-version":[{"id":7878,"href":"https:\/\/stp.com\/ar\/wp-json\/wp\/v2\/pages\/5831\/revisions\/7878"}],"up":[{"embeddable":true,"href":"https:\/\/stp.com\/ar\/wp-json\/wp\/v2\/pages\/416"}],"wp:attachment":[{"href":"https:\/\/stp.com\/ar\/wp-json\/wp\/v2\/media?parent=5831"}],"curies":[{"name":"wp","href":"https:\/\/api.w.org\/{rel}","templated":true}]}}