{"id":5723,"date":"2025-04-04T18:16:17","date_gmt":"2025-04-04T12:46:17","guid":{"rendered":"https:\/\/c38a2c2a6e.nxcli.io\/ar\/?page_id=5723"},"modified":"2025-06-05T17:29:41","modified_gmt":"2025-06-05T11:59:41","slug":"detonaciones-y-tintineos","status":"publish","type":"page","link":"https:\/\/stp.com\/ar\/solucionador\/detonaciones-y-tintineos\/","title":{"rendered":"Detonaciones y tintineos"},"content":{"rendered":"\t\t<div data-elementor-type=\"wp-page\" data-elementor-id=\"5723\" class=\"elementor elementor-5723\" data-elementor-post-type=\"page\">\n\t\t\t\t<div class=\"elementor-element elementor-element-28253c3 e-flex e-con-boxed e-con e-parent\" data-id=\"28253c3\" data-element_type=\"container\" data-e-type=\"container\" data-settings=\"{&quot;background_background&quot;:&quot;classic&quot;}\">\n\t\t\t\t\t<div class=\"e-con-inner\">\n\t\t\t\t<div class=\"elementor-element elementor-element-5be1243 breadcrumb elementor-widget elementor-widget-breadcrumbs\" data-id=\"5be1243\" data-element_type=\"widget\" data-e-type=\"widget\" data-widget_type=\"breadcrumbs.default\">\n\t\t\t\t<div class=\"elementor-widget-container\">\n\t\t\t\t\t<p id=\"breadcrumbs\"><span><span><a href=\"https:\/\/stp.com\/ar\/\">Home<\/a><\/span><\/span><\/p>\t\t\t\t<\/div>\n\t\t\t\t<\/div>\n\t\t<div class=\"elementor-element elementor-element-5603004 e-con-full e-flex e-con e-child\" data-id=\"5603004\" data-element_type=\"container\" data-e-type=\"container\">\n\t\t<div class=\"elementor-element elementor-element-8d4e670 e-con-full product__head e-flex e-con e-child\" data-id=\"8d4e670\" data-element_type=\"container\" data-e-type=\"container\">\n\t\t\t\t<\/div>\n\t\t\t\t<\/div>\n\t\t\t\t\t<\/div>\n\t\t\t\t<\/div>\n\t\t<div class=\"elementor-element elementor-element-9625b2d top-red-border e-flex e-con-boxed e-con e-parent\" data-id=\"9625b2d\" data-element_type=\"container\" data-e-type=\"container\" data-settings=\"{&quot;background_background&quot;:&quot;classic&quot;}\">\n\t\t\t\t\t<div class=\"e-con-inner\">\n\t\t<div class=\"elementor-element elementor-element-47c4e22 e-con-full e-flex e-con e-child\" data-id=\"47c4e22\" data-element_type=\"container\" data-e-type=\"container\">\n\t\t\t\t<div class=\"elementor-element elementor-element-222d99d elementor-position-right elementor-vertical-align-middle image-text-section elementor-widget elementor-widget-image-box\" data-id=\"222d99d\" data-element_type=\"widget\" data-e-type=\"widget\" data-widget_type=\"image-box.default\">\n\t\t\t\t<div class=\"elementor-widget-container\">\n\t\t\t\t\t<div class=\"elementor-image-box-wrapper\"><figure class=\"elementor-image-box-img\"><img fetchpriority=\"high\" decoding=\"async\" width=\"2560\" height=\"1450\" src=\"https:\/\/stpcdnimage.imgix.net\/wp-content\/uploads\/sites\/26\/2025\/04\/Knock-Ping-scaled-1.avif\" class=\"attachment-full size-full wp-image-5738\" alt=\"\" \/><\/figure><div class=\"elementor-image-box-content\"><p class=\"elementor-image-box-description\">Cuando acelera para pasar a otro auto o sube una cuesta \u00bfSe oye un ruido como si hubiera canicas rodando debajo del capo? \u00bfO nota detonaciones y tintineos del motor mientras conduce normalmente? Las detonaciones y tintineos por autoignici\u00f3n podr\u00edan deberse a dep\u00f3sitos en la c\u00e1mara de combusti\u00f3n.<\/p><\/div><\/div>\t\t\t\t<\/div>\n\t\t\t\t<\/div>\n\t\t\t\t<\/div>\n\t\t\t\t\t<\/div>\n\t\t\t\t<\/div>\n\t\t<div class=\"elementor-element elementor-element-5957ba8 prod-related-container e-flex e-con-boxed e-con e-child\" data-id=\"5957ba8\" data-element_type=\"container\" data-e-type=\"container\" data-settings=\"{&quot;background_background&quot;:&quot;classic&quot;}\">\n\t\t\t\t\t<div class=\"e-con-inner\">\n\t\t\t\t<div class=\"elementor-element elementor-element-b010249 arm__product-related elementor-widget elementor-widget-shortcode\" data-id=\"b010249\" data-element_type=\"widget\" data-e-type=\"widget\" data-widget_type=\"shortcode.default\">\n\t\t\t\t<div class=\"elementor-widget-container\">\n\t\t\t\t\t\t\t<div class=\"elementor-shortcode\">\t<div class=\"product_related\">\n\t\t\t\t\t<div class=\"section-intro section-intro--left\" id=\"anchor-intro-block_\">\n\n\t\t\t\t\t<div class=\"section-intro__content\" id=\"anchor-intro-content_\">\n\t\t\t\t\t\t<div role=\"doc-subtitle\">Combata las detonaciones y tintineos del motor mientras maneja con<\/div>\n\t\t\t\t\t<\/div>\n\n\t\t\t\t<div class=\"section-intro__button\">\n\t\t\t\t\t\t\t\t\t<\/div>\n\t\t\t<\/div>\n\t\t\t\t<div class=\"building-block\">\n\t\t\t<div class=\"slider slider--listing\" role=\"region\" aria-roledescription=\"carousel\" aria-label=\"Featured product carousel\" data-items-0=\"1\" data-items-500=\"2\" data-items-900=\"3\" data-items-1200=\"4\" data-autoplay=\"false\">\n\t\t\t\t<div class=\"slider__controls\">\n\t\t\t\t\t\t\t\t\t\t\t\t\t\t<\/div>\n\t\t\t\t<div class=\"slider__wrapper\">\n\t\t\t\t\t<ul class=\"slider__panels\" id=\"slider-123\" class=\"carousel-items\" aria-live=\"polite\">\n\t\t\t\t\t\t \t\t\t\t\t\t\t<li class=\"slider__panel\" aria-hidden=\"false\" tabindex=\"-1\" aria-label=\"Slide 1 of 1\">\n\t\t\t\t\t\t\t\t <div class=\"grid grid-cols-4 grid-gutter-md\">\n\t\t\t\t\t\t\t\t\t\t\t\t\t\t\t\t\t\t\t<div class=\"card card--product\">\n\t\t\t\t\t\t\t\t\t\t\t<div class=\"card__image card__image--has-rollover\">\n\t\t\t\t\t\t\t\t\t\t\t\t<img decoding=\"async\" src=\"https:\/\/stpcdnimage.imgix.net\/global-media\/wp-content\/uploads\/sites\/6\/product-images\/E303739200_01.png\"  alt=\"Elevador de Octanaje Image 1\" class=\"\" width=\"250\" height=\"250\" \/>\n\t\t\t\t\t\t\t\t\t\t\t\t<div class=\"btn btn--solid rollover\">Ver producto<\/div>\n\t\t\t\t\t\t\t\t\t\t\t<\/div>\n\t\t\t\t\t\t\t\t\t\t\t<div class=\"card__pretitle\"><span class=\"card__category\">Aditivos para combustibles<\/span><\/div>\n\t\t\t\t\t\t\t\t\t\t\t\t<h3 class=\"h3\"><a href=\"https:\/\/stp.com\/ar\/product\/elevador-de-octanaje\/\" class=\"cover-link card__link\">Elevador de Octanaje<\/a><\/h3>\n\t\t\t\t\t\t\t\t\t\t<\/div>\n\t\t\t\t\t\t\t\t\t\t\t\t\t\t\t\t\t<\/div>\n\t\t\t\t\t\t\t<\/li>\n\t\t\t\t\t\t\t\t\t\t\t<\/ul>\n\t\t\t\t<\/div>\n\t\t\t\t<div class=\"slider__nav\">\n\t\t\t\t\t\t\t\t\t\t<\/div>\n\t\t\t<\/div>\n\t\t<\/div>\n\t<\/div>\n<\/div>\n\t\t\t\t\t\t<\/div>\n\t\t\t\t<\/div>\n\t\t\t\t\t<\/div>\n\t\t\t\t<\/div>\n\t\t\t\t<\/div>\n\t\t","protected":false},"excerpt":{"rendered":"<p>Cuando acelera para pasar a otro auto o sube una cuesta \u00bfSe oye un ruido como si hubiera canicas rodando debajo del capo? \u00bfO nota detonaciones y tintineos del motor mientras conduce normalmente? Las detonaciones y tintineos por autoignici\u00f3n podr\u00edan deberse a dep\u00f3sitos en la c\u00e1mara de combusti\u00f3n.<\/p>\n","protected":false},"author":1,"featured_media":5725,"parent":416,"menu_order":0,"comment_status":"closed","ping_status":"closed","template":"","meta":{"_acf_changed":false,"footnotes":""},"class_list":["post-5723","page","type-page","status-publish","has-post-thumbnail","hentry"],"acf":[],"yoast_head":"<!-- This site is optimized with the Yoast SEO plugin v27.4 - https:\/\/yoast.com\/product\/yoast-seo-wordpress\/ -->\n<title>Detonaciones y tintineos - STP Argentina<\/title>\n<meta name=\"robots\" content=\"index, follow, max-snippet:-1, max-image-preview:large, max-video-preview:-1\" \/>\n<link rel=\"canonical\" href=\"https:\/\/stp.com\/ar\/solucionador\/detonaciones-y-tintineos\/\" \/>\n<meta property=\"og:locale\" content=\"en_US\" \/>\n<meta property=\"og:type\" content=\"article\" \/>\n<meta property=\"og:title\" content=\"Detonaciones y tintineos - STP Argentina\" \/>\n<meta property=\"og:description\" content=\"Cuando acelera para pasar a otro auto o sube una cuesta \u00bfSe oye un ruido como si hubiera canicas rodando debajo del capo? \u00bfO nota detonaciones y tintineos del motor mientras conduce normalmente? Las detonaciones y tintineos por autoignici\u00f3n podr\u00edan deberse a dep\u00f3sitos en la c\u00e1mara de combusti\u00f3n.\" \/>\n<meta property=\"og:url\" content=\"https:\/\/stp.com\/ar\/solucionador\/detonaciones-y-tintineos\/\" \/>\n<meta property=\"og:site_name\" content=\"STP Argentina\" \/>\n<meta property=\"article:modified_time\" content=\"2025-06-05T11:59:41+00:00\" \/>\n<meta property=\"og:image\" content=\"https:\/\/stpcdnimage.imgix.net\/ar\/wp-content\/uploads\/sites\/26\/2025\/04\/879996_LEV_SET4_Octane-Booster-5.25oz-scaled-1.jpg?auto=format%2Ccompress\" \/>\n\t<meta property=\"og:image:width\" content=\"2560\" \/>\n\t<meta property=\"og:image:height\" content=\"1716\" \/>\n\t<meta property=\"og:image:type\" content=\"image\/jpeg\" \/>\n<meta name=\"twitter:card\" content=\"summary_large_image\" \/>\n<meta name=\"twitter:label1\" content=\"Est. reading time\" \/>\n\t<meta name=\"twitter:data1\" content=\"1 minute\" \/>\n<script type=\"application\/ld+json\" class=\"yoast-schema-graph\">{\"@context\":\"https:\\\/\\\/schema.org\",\"@graph\":[{\"@type\":\"WebPage\",\"@id\":\"https:\\\/\\\/stp.com\\\/ar\\\/solucionador\\\/detonaciones-y-tintineos\\\/\",\"url\":\"https:\\\/\\\/stp.com\\\/ar\\\/solucionador\\\/detonaciones-y-tintineos\\\/\",\"name\":\"Detonaciones y tintineos - STP Argentina\",\"isPartOf\":{\"@id\":\"https:\\\/\\\/c38a2c2a6e.nxcli.io\\\/ar\\\/#website\"},\"primaryImageOfPage\":{\"@id\":\"https:\\\/\\\/stp.com\\\/ar\\\/solucionador\\\/detonaciones-y-tintineos\\\/#primaryimage\"},\"image\":{\"@id\":\"https:\\\/\\\/stp.com\\\/ar\\\/solucionador\\\/detonaciones-y-tintineos\\\/#primaryimage\"},\"thumbnailUrl\":\"https:\\\/\\\/stpcdnimage.imgix.net\\\/ar\\\/wp-content\\\/uploads\\\/sites\\\/26\\\/2025\\\/04\\\/879996_LEV_SET4_Octane-Booster-5.25oz-scaled-1.jpg?auto=format%2Ccompress\",\"datePublished\":\"2025-04-04T12:46:17+00:00\",\"dateModified\":\"2025-06-05T11:59:41+00:00\",\"breadcrumb\":{\"@id\":\"https:\\\/\\\/stp.com\\\/ar\\\/solucionador\\\/detonaciones-y-tintineos\\\/#breadcrumb\"},\"inLanguage\":\"en-US\",\"potentialAction\":[{\"@type\":\"ReadAction\",\"target\":[\"https:\\\/\\\/stp.com\\\/ar\\\/solucionador\\\/detonaciones-y-tintineos\\\/\"]}]},{\"@type\":\"ImageObject\",\"inLanguage\":\"en-US\",\"@id\":\"https:\\\/\\\/stp.com\\\/ar\\\/solucionador\\\/detonaciones-y-tintineos\\\/#primaryimage\",\"url\":\"https:\\\/\\\/stpcdnimage.imgix.net\\\/ar\\\/wp-content\\\/uploads\\\/sites\\\/26\\\/2025\\\/04\\\/879996_LEV_SET4_Octane-Booster-5.25oz-scaled-1.jpg?auto=format%2Ccompress\",\"contentUrl\":\"https:\\\/\\\/stpcdnimage.imgix.net\\\/ar\\\/wp-content\\\/uploads\\\/sites\\\/26\\\/2025\\\/04\\\/879996_LEV_SET4_Octane-Booster-5.25oz-scaled-1.jpg?auto=format%2Ccompress\",\"width\":2560,\"height\":1716},{\"@type\":\"BreadcrumbList\",\"@id\":\"https:\\\/\\\/stp.com\\\/ar\\\/solucionador\\\/detonaciones-y-tintineos\\\/#breadcrumb\",\"itemListElement\":[{\"@type\":\"ListItem\",\"position\":1,\"name\":\"Home\",\"item\":\"https:\\\/\\\/stp.com\\\/ar\\\/\"},{\"@type\":\"ListItem\",\"position\":2,\"name\":\"Solucionador\",\"item\":\"https:\\\/\\\/stp.com\\\/ar\\\/solucionador\\\/\"},{\"@type\":\"ListItem\",\"position\":3,\"name\":\"Detonaciones y tintineos\"}]},{\"@type\":\"WebSite\",\"@id\":\"https:\\\/\\\/c38a2c2a6e.nxcli.io\\\/ar\\\/#website\",\"url\":\"https:\\\/\\\/c38a2c2a6e.nxcli.io\\\/ar\\\/\",\"name\":\"STP Argentina\",\"description\":\"Science. Technology. Performance\",\"potentialAction\":[{\"@type\":\"SearchAction\",\"target\":{\"@type\":\"EntryPoint\",\"urlTemplate\":\"https:\\\/\\\/c38a2c2a6e.nxcli.io\\\/ar\\\/?s={search_term_string}\"},\"query-input\":{\"@type\":\"PropertyValueSpecification\",\"valueRequired\":true,\"valueName\":\"search_term_string\"}}],\"inLanguage\":\"en-US\"}]}<\/script>\n<!-- \/ Yoast SEO plugin. -->","yoast_head_json":{"title":"Detonaciones y tintineos - STP Argentina","robots":{"index":"index","follow":"follow","max-snippet":"max-snippet:-1","max-image-preview":"max-image-preview:large","max-video-preview":"max-video-preview:-1"},"canonical":"https:\/\/stp.com\/ar\/solucionador\/detonaciones-y-tintineos\/","og_locale":"en_US","og_type":"article","og_title":"Detonaciones y tintineos - STP Argentina","og_description":"Cuando acelera para pasar a otro auto o sube una cuesta \u00bfSe oye un ruido como si hubiera canicas rodando debajo del capo? \u00bfO nota detonaciones y tintineos del motor mientras conduce normalmente? Las detonaciones y tintineos por autoignici\u00f3n podr\u00edan deberse a dep\u00f3sitos en la c\u00e1mara de combusti\u00f3n.","og_url":"https:\/\/stp.com\/ar\/solucionador\/detonaciones-y-tintineos\/","og_site_name":"STP Argentina","article_modified_time":"2025-06-05T11:59:41+00:00","og_image":[{"width":2560,"height":1716,"url":"https:\/\/stpcdnimage.imgix.net\/ar\/wp-content\/uploads\/sites\/26\/2025\/04\/879996_LEV_SET4_Octane-Booster-5.25oz-scaled-1.jpg?auto=format%2Ccompress","type":"image\/jpeg"}],"twitter_card":"summary_large_image","twitter_misc":{"Est. reading time":"1 minute"},"schema":{"@context":"https:\/\/schema.org","@graph":[{"@type":"WebPage","@id":"https:\/\/stp.com\/ar\/solucionador\/detonaciones-y-tintineos\/","url":"https:\/\/stp.com\/ar\/solucionador\/detonaciones-y-tintineos\/","name":"Detonaciones y tintineos - STP Argentina","isPartOf":{"@id":"https:\/\/c38a2c2a6e.nxcli.io\/ar\/#website"},"primaryImageOfPage":{"@id":"https:\/\/stp.com\/ar\/solucionador\/detonaciones-y-tintineos\/#primaryimage"},"image":{"@id":"https:\/\/stp.com\/ar\/solucionador\/detonaciones-y-tintineos\/#primaryimage"},"thumbnailUrl":"https:\/\/stpcdnimage.imgix.net\/ar\/wp-content\/uploads\/sites\/26\/2025\/04\/879996_LEV_SET4_Octane-Booster-5.25oz-scaled-1.jpg?auto=format%2Ccompress","datePublished":"2025-04-04T12:46:17+00:00","dateModified":"2025-06-05T11:59:41+00:00","breadcrumb":{"@id":"https:\/\/stp.com\/ar\/solucionador\/detonaciones-y-tintineos\/#breadcrumb"},"inLanguage":"en-US","potentialAction":[{"@type":"ReadAction","target":["https:\/\/stp.com\/ar\/solucionador\/detonaciones-y-tintineos\/"]}]},{"@type":"ImageObject","inLanguage":"en-US","@id":"https:\/\/stp.com\/ar\/solucionador\/detonaciones-y-tintineos\/#primaryimage","url":"https:\/\/stpcdnimage.imgix.net\/ar\/wp-content\/uploads\/sites\/26\/2025\/04\/879996_LEV_SET4_Octane-Booster-5.25oz-scaled-1.jpg?auto=format%2Ccompress","contentUrl":"https:\/\/stpcdnimage.imgix.net\/ar\/wp-content\/uploads\/sites\/26\/2025\/04\/879996_LEV_SET4_Octane-Booster-5.25oz-scaled-1.jpg?auto=format%2Ccompress","width":2560,"height":1716},{"@type":"BreadcrumbList","@id":"https:\/\/stp.com\/ar\/solucionador\/detonaciones-y-tintineos\/#breadcrumb","itemListElement":[{"@type":"ListItem","position":1,"name":"Home","item":"https:\/\/stp.com\/ar\/"},{"@type":"ListItem","position":2,"name":"Solucionador","item":"https:\/\/stp.com\/ar\/solucionador\/"},{"@type":"ListItem","position":3,"name":"Detonaciones y tintineos"}]},{"@type":"WebSite","@id":"https:\/\/c38a2c2a6e.nxcli.io\/ar\/#website","url":"https:\/\/c38a2c2a6e.nxcli.io\/ar\/","name":"STP Argentina","description":"Science. Technology. Performance","potentialAction":[{"@type":"SearchAction","target":{"@type":"EntryPoint","urlTemplate":"https:\/\/c38a2c2a6e.nxcli.io\/ar\/?s={search_term_string}"},"query-input":{"@type":"PropertyValueSpecification","valueRequired":true,"valueName":"search_term_string"}}],"inLanguage":"en-US"}]}},"_links":{"self":[{"href":"https:\/\/stp.com\/ar\/wp-json\/wp\/v2\/pages\/5723","targetHints":{"allow":["GET"]}}],"collection":[{"href":"https:\/\/stp.com\/ar\/wp-json\/wp\/v2\/pages"}],"about":[{"href":"https:\/\/stp.com\/ar\/wp-json\/wp\/v2\/types\/page"}],"author":[{"embeddable":true,"href":"https:\/\/stp.com\/ar\/wp-json\/wp\/v2\/users\/1"}],"replies":[{"embeddable":true,"href":"https:\/\/stp.com\/ar\/wp-json\/wp\/v2\/comments?post=5723"}],"version-history":[{"count":36,"href":"https:\/\/stp.com\/ar\/wp-json\/wp\/v2\/pages\/5723\/revisions"}],"predecessor-version":[{"id":7870,"href":"https:\/\/stp.com\/ar\/wp-json\/wp\/v2\/pages\/5723\/revisions\/7870"}],"up":[{"embeddable":true,"href":"https:\/\/stp.com\/ar\/wp-json\/wp\/v2\/pages\/416"}],"wp:featuredmedia":[{"embeddable":true,"href":"https:\/\/stp.com\/ar\/wp-json\/wp\/v2\/media\/5725"}],"wp:attachment":[{"href":"https:\/\/stp.com\/ar\/wp-json\/wp\/v2\/media?parent=5723"}],"curies":[{"name":"wp","href":"https:\/\/api.w.org\/{rel}","templated":true}]}}