{"id":4271,"date":"2025-04-01T17:50:03","date_gmt":"2025-04-01T12:20:03","guid":{"rendered":"https:\/\/c38a2c2a6e.nxcli.io\/ar\/?page_id=4271"},"modified":"2025-07-25T09:35:11","modified_gmt":"2025-07-25T04:05:11","slug":"automovilismo","status":"publish","type":"page","link":"https:\/\/stp.com\/ar\/acerca-de-nosotros\/automovilismo\/","title":{"rendered":"Automovilismo"},"content":{"rendered":"\t\t<div data-elementor-type=\"wp-page\" data-elementor-id=\"4271\" class=\"elementor elementor-4271\" data-elementor-post-type=\"page\">\n\t\t\t\t<div class=\"elementor-element elementor-element-4e3e391 e-flex e-con-boxed e-con e-parent\" data-id=\"4e3e391\" data-element_type=\"container\" data-e-type=\"container\" data-settings=\"{&quot;background_background&quot;:&quot;classic&quot;}\">\n\t\t\t\t\t<div class=\"e-con-inner\">\n\t\t\t\t<div class=\"elementor-element elementor-element-3b4c347 breadcrumb elementor-widget elementor-widget-breadcrumbs\" data-id=\"3b4c347\" data-element_type=\"widget\" data-e-type=\"widget\" data-widget_type=\"breadcrumbs.default\">\n\t\t\t\t<div class=\"elementor-widget-container\">\n\t\t\t\t\t<p id=\"breadcrumbs\"><span><span><a href=\"https:\/\/stp.com\/ar\/\">Home<\/a><\/span><\/span><\/p>\t\t\t\t<\/div>\n\t\t\t\t<\/div>\n\t\t<div class=\"elementor-element elementor-element-b1db058 e-con-full e-flex e-con e-child\" data-id=\"b1db058\" data-element_type=\"container\" data-e-type=\"container\">\n\t\t<div class=\"elementor-element elementor-element-6f5c93c e-con-full product__head e-flex e-con e-child\" data-id=\"6f5c93c\" data-element_type=\"container\" data-e-type=\"container\">\n\t\t\t\t<div class=\"elementor-element elementor-element-c668cb7 elementor-widget elementor-widget-text-editor\" data-id=\"c668cb7\" data-element_type=\"widget\" data-e-type=\"widget\" data-widget_type=\"text-editor.default\">\n\t\t\t\t<div class=\"elementor-widget-container\">\n\t\t\t\t\t\t\t\t\t<div class=\"col\"><p>Cuando Richard Petty lleg\u00f3 al podio en el circuito Riverside International Raceway en la apertura de la temporada de la Copa de 1972, el logotipo de STP\u00ae se ve\u00eda bien en su auto. Hasta el d\u00eda de hoy, nos enorgullece seguir all\u00ed. Descubra m\u00e1s sobre c\u00f3mo crecieron juntos STP\u00ae, el automovilismo y Richard Petty.<\/p><\/div>\t\t\t\t\t\t\t\t<\/div>\n\t\t\t\t<\/div>\n\t\t\t\t<\/div>\n\t\t\t\t<\/div>\n\t\t\t\t\t<\/div>\n\t\t\t\t<\/div>\n\t\t<div class=\"elementor-element elementor-element-335f1e8 e-con-full e-flex e-con e-parent\" data-id=\"335f1e8\" data-element_type=\"container\" data-e-type=\"container\" data-settings=\"{&quot;background_background&quot;:&quot;classic&quot;}\">\n\t\t<div class=\"elementor-element elementor-element-b98fdc2 e-flex e-con-boxed e-con e-child\" data-id=\"b98fdc2\" data-element_type=\"container\" data-e-type=\"container\">\n\t\t\t\t\t<div class=\"e-con-inner\">\n\t\t<div class=\"elementor-element elementor-element-edbfaf5 e-con-full product-box e-flex e-con e-child\" data-id=\"edbfaf5\" data-element_type=\"container\" data-e-type=\"container\">\n\t\t<div class=\"elementor-element elementor-element-de4266f e-con-full product-box e-flex e-con e-child\" data-id=\"de4266f\" data-element_type=\"container\" data-e-type=\"container\" data-settings=\"{&quot;background_background&quot;:&quot;classic&quot;}\">\n\t\t\t\t<div class=\"elementor-element elementor-element-56ed9f2 product-box2 elementor-widget-tablet__width-inherit elementor-widget elementor-widget-heading\" data-id=\"56ed9f2\" data-element_type=\"widget\" data-e-type=\"widget\" data-widget_type=\"heading.default\">\n\t\t\t\t<div class=\"elementor-widget-container\">\n\t\t\t\t\t<h3 class=\"elementor-heading-title elementor-size-default\"><a href=\"https:\/\/stp.com\/ar\/acerca-de-nosotros\/automovilismo\/richard-petty\/\">Richard Petty<\/a><\/h3>\t\t\t\t<\/div>\n\t\t\t\t<\/div>\n\t\t\t\t<div class=\"elementor-element elementor-element-de431de elementor-widget elementor-widget-image\" data-id=\"de431de\" data-element_type=\"widget\" data-e-type=\"widget\" data-widget_type=\"image.default\">\n\t\t\t\t<div class=\"elementor-widget-container\">\n\t\t\t\t\t\t\t\t\t\t\t\t\t\t\t\t<a href=\"https:\/\/stp.com\/ar\/acerca-de-nosotros\/automovilismo\/richard-petty\/\">\n\t\t\t\t\t\t\t<img fetchpriority=\"high\" decoding=\"async\" width=\"1500\" height=\"1001\" src=\"https:\/\/stpcdnimage.imgix.net\/ar\/wp-content\/uploads\/sites\/26\/2025\/04\/Richard-Petty-e1749801007277.jpeg?auto=format%2Ccompress\" class=\"elementor-animation-shrink attachment-full size-full wp-image-4300\" alt=\"Richard-Petty\" \/>\t\t\t\t\t\t\t\t<\/a>\n\t\t\t\t\t\t\t\t\t\t\t\t\t\t\t<\/div>\n\t\t\t\t<\/div>\n\t\t\t\t<\/div>\n\t\t\t\t<\/div>\n\t\t<div class=\"elementor-element elementor-element-c27dddc e-con-full product-box e-flex e-con e-child\" data-id=\"c27dddc\" data-element_type=\"container\" data-e-type=\"container\">\n\t\t<div class=\"elementor-element elementor-element-26cdc32 e-con-full product-box e-flex e-con e-child\" data-id=\"26cdc32\" data-element_type=\"container\" data-e-type=\"container\" data-settings=\"{&quot;background_background&quot;:&quot;classic&quot;}\">\n\t\t\t\t<div class=\"elementor-element elementor-element-ad86478 product-box2 elementor-widget-tablet__width-inherit elementor-widget elementor-widget-heading\" data-id=\"ad86478\" data-element_type=\"widget\" data-e-type=\"widget\" data-widget_type=\"heading.default\">\n\t\t\t\t<div class=\"elementor-widget-container\">\n\t\t\t\t\t<h3 class=\"elementor-heading-title elementor-size-default\"><a href=\"https:\/\/stp.com\/ar\/acerca-de-nosotros\/automovilismo\/petty-gms-motorsports\/\">Petty GMS Motorsports<\/a><\/h3>\t\t\t\t<\/div>\n\t\t\t\t<\/div>\n\t\t\t\t<div class=\"elementor-element elementor-element-92e1569 elementor-widget elementor-widget-image\" data-id=\"92e1569\" data-element_type=\"widget\" data-e-type=\"widget\" data-widget_type=\"image.default\">\n\t\t\t\t<div class=\"elementor-widget-container\">\n\t\t\t\t\t\t\t\t\t\t\t\t\t\t\t\t<a href=\"https:\/\/stp.com\/ar\/acerca-de-nosotros\/automovilismo\/petty-gms-motorsports\/\">\n\t\t\t\t\t\t\t<img decoding=\"async\" width=\"1500\" height=\"1000\" src=\"https:\/\/stpcdnimage.imgix.net\/ar\/wp-content\/uploads\/sites\/26\/2025\/06\/Richard-Petty-Motorsports.jpg?auto=format%2Ccompress\" class=\"elementor-animation-shrink attachment-full size-full wp-image-7794\" alt=\"Petty GMS Motorsports\" srcset=\"https:\/\/stpcdnimage.imgix.net\/ar\/wp-content\/uploads\/sites\/26\/2025\/06\/Richard-Petty-Motorsports.jpg?auto=format%2Ccompress&amp;w=1500 1500w, https:\/\/stpcdnimage.imgix.net\/ar\/wp-content\/uploads\/sites\/26\/2025\/06\/Richard-Petty-Motorsports.jpg?auto=format%2Ccompress&amp;w=300 300w, https:\/\/stpcdnimage.imgix.net\/ar\/wp-content\/uploads\/sites\/26\/2025\/06\/Richard-Petty-Motorsports.jpg?auto=format%2Ccompress&amp;w=1024 1024w, https:\/\/stpcdnimage.imgix.net\/ar\/wp-content\/uploads\/sites\/26\/2025\/06\/Richard-Petty-Motorsports.jpg?auto=format%2Ccompress&amp;w=768 768w\" sizes=\"(max-width: 1500px) 100vw, 1500px\" \/>\t\t\t\t\t\t\t\t<\/a>\n\t\t\t\t\t\t\t\t\t\t\t\t\t\t\t<\/div>\n\t\t\t\t<\/div>\n\t\t\t\t<\/div>\n\t\t\t\t<\/div>\n\t\t\t\t\t<\/div>\n\t\t\t\t<\/div>\n\t\t<div class=\"elementor-element elementor-element-a994760 e-con-full e-flex e-con e-child\" data-id=\"a994760\" data-element_type=\"container\" data-e-type=\"container\">\n\t\t<div class=\"elementor-element elementor-element-a509bd6 e-flex e-con-boxed e-con e-child\" data-id=\"a509bd6\" data-element_type=\"container\" data-e-type=\"container\">\n\t\t\t\t\t<div class=\"e-con-inner\">\n\t\t\t\t<div class=\"elementor-element elementor-element-3873880 elementor-widget elementor-widget-image\" data-id=\"3873880\" data-element_type=\"widget\" data-e-type=\"widget\" data-widget_type=\"image.default\">\n\t\t\t\t<div class=\"elementor-widget-container\">\n\t\t\t\t\t\t\t\t\t\t\t\t\t\t\t<img decoding=\"async\" width=\"762\" height=\"427\" src=\"https:\/\/stpcdnimage.imgix.net\/wp-content\/uploads\/sites\/26\/2025\/04\/Racing-history.avif\" class=\"attachment-full size-full wp-image-4338\" alt=\"\" \/>\t\t\t\t\t\t\t\t\t\t\t\t\t\t\t<\/div>\n\t\t\t\t<\/div>\n\t\t\t\t\t<\/div>\n\t\t\t\t<\/div>\n\t\t<div class=\"elementor-element elementor-element-1e02efd animated-slow e-con-full e-flex e-con e-child\" data-id=\"1e02efd\" data-element_type=\"container\" data-e-type=\"container\" data-settings=\"{&quot;animation&quot;:&quot;none&quot;,&quot;animation_delay&quot;:300}\">\n\t\t<div class=\"elementor-element elementor-element-00ff799 e-con-full product-box1 e-flex e-con e-child\" data-id=\"00ff799\" data-element_type=\"container\" data-e-type=\"container\" data-settings=\"{&quot;background_background&quot;:&quot;gradient&quot;}\">\n\t\t\t\t<div class=\"elementor-element elementor-element-e92bffd elementor-align-left elementor-widget-tablet__width-inherit elementor-widget elementor-widget-button\" data-id=\"e92bffd\" data-element_type=\"widget\" data-e-type=\"widget\" data-widget_type=\"button.default\">\n\t\t\t\t<div class=\"elementor-widget-container\">\n\t\t\t\t\t\t\t\t\t<div class=\"elementor-button-wrapper\">\n\t\t\t\t\t<a class=\"elementor-button elementor-button-link elementor-size-sm\" href=\"https:\/\/stp.com\/ar\/acerca-de-nosotros\/la-historia-de-stp\/\">\n\t\t\t\t\t\t<span class=\"elementor-button-content-wrapper\">\n\t\t\t\t\t\t\t\t\t<span class=\"elementor-button-text\">La historia de STP\u00ae<\/span>\n\t\t\t\t\t<\/span>\n\t\t\t\t\t<\/a>\n\t\t\t\t<\/div>\n\t\t\t\t\t\t\t\t<\/div>\n\t\t\t\t<\/div>\n\t\t\t\t<div class=\"elementor-element elementor-element-59a2c9f elementor-widget__width-inherit elementor-widget elementor-widget-text-editor\" data-id=\"59a2c9f\" data-element_type=\"widget\" data-e-type=\"widget\" data-widget_type=\"text-editor.default\">\n\t\t\t\t<div class=\"elementor-widget-container\">\n\t\t\t\t\t\t\t\t\t<div class=\"col\"><p>Vea m\u00e1s informaci\u00f3n sobre la historia de STP<sup>\u00ae<\/sup>, fundado en 1954.<\/p><\/div>\t\t\t\t\t\t\t\t<\/div>\n\t\t\t\t<\/div>\n\t\t\t\t<\/div>\n\t\t\t\t<\/div>\n\t\t\t\t<\/div>\n\t\t\t\t<\/div>\n\t\t\t\t<\/div>\n\t\t","protected":false},"excerpt":{"rendered":"<p>Cuando Richard Petty lleg\u00f3 al podio en el circuito Riverside International Raceway en la apertura de la temporada de la Copa de 1972, el logotipo de STP\u00ae se ve\u00eda bien en su auto. Hasta el d\u00eda de hoy, nos enorgullece seguir all\u00ed. Descubra m\u00e1s sobre c\u00f3mo crecieron juntos STP\u00ae, el automovilismo y Richard Petty. Richard [&hellip;]<\/p>\n","protected":false},"author":1,"featured_media":0,"parent":4227,"menu_order":0,"comment_status":"closed","ping_status":"closed","template":"","meta":{"_acf_changed":false,"footnotes":""},"class_list":["post-4271","page","type-page","status-publish","hentry"],"acf":[],"yoast_head":"<!-- This site is optimized with the Yoast SEO plugin v27.4 - https:\/\/yoast.com\/product\/yoast-seo-wordpress\/ -->\n<title>Automovilismo - STP Argentina<\/title>\n<meta name=\"robots\" content=\"index, follow, max-snippet:-1, max-image-preview:large, max-video-preview:-1\" \/>\n<link rel=\"canonical\" href=\"https:\/\/stp.com\/ar\/acerca-de-nosotros\/automovilismo\/\" \/>\n<meta property=\"og:locale\" content=\"en_US\" \/>\n<meta property=\"og:type\" content=\"article\" \/>\n<meta property=\"og:title\" content=\"Automovilismo - STP Argentina\" \/>\n<meta property=\"og:description\" content=\"Cuando Richard Petty lleg\u00f3 al podio en el circuito Riverside International Raceway en la apertura de la temporada de la Copa de 1972, el logotipo de STP\u00ae se ve\u00eda bien en su auto. Hasta el d\u00eda de hoy, nos enorgullece seguir all\u00ed. Descubra m\u00e1s sobre c\u00f3mo crecieron juntos STP\u00ae, el automovilismo y Richard Petty. Richard [&hellip;]\" \/>\n<meta property=\"og:url\" content=\"https:\/\/stp.com\/ar\/acerca-de-nosotros\/automovilismo\/\" \/>\n<meta property=\"og:site_name\" content=\"STP Argentina\" \/>\n<meta property=\"article:modified_time\" content=\"2025-07-25T04:05:11+00:00\" \/>\n<meta property=\"og:image\" content=\"https:\/\/stpcdnimage.imgix.net\/ar\/wp-content\/uploads\/sites\/26\/2025\/04\/Richard-Petty-e1749801007277.jpeg?auto=format%2Ccompress\" \/>\n\t<meta property=\"og:image:width\" content=\"1500\" \/>\n\t<meta property=\"og:image:height\" content=\"1001\" \/>\n\t<meta property=\"og:image:type\" content=\"image\/jpeg\" \/>\n<meta name=\"twitter:card\" content=\"summary_large_image\" \/>\n<meta name=\"twitter:label1\" content=\"Est. reading time\" \/>\n\t<meta name=\"twitter:data1\" content=\"1 minute\" \/>\n<script type=\"application\/ld+json\" class=\"yoast-schema-graph\">{\"@context\":\"https:\\\/\\\/schema.org\",\"@graph\":[{\"@type\":\"WebPage\",\"@id\":\"https:\\\/\\\/stp.com\\\/ar\\\/acerca-de-nosotros\\\/automovilismo\\\/\",\"url\":\"https:\\\/\\\/stp.com\\\/ar\\\/acerca-de-nosotros\\\/automovilismo\\\/\",\"name\":\"Automovilismo - STP Argentina\",\"isPartOf\":{\"@id\":\"https:\\\/\\\/c38a2c2a6e.nxcli.io\\\/ar\\\/#website\"},\"primaryImageOfPage\":{\"@id\":\"https:\\\/\\\/stp.com\\\/ar\\\/acerca-de-nosotros\\\/automovilismo\\\/#primaryimage\"},\"image\":{\"@id\":\"https:\\\/\\\/stp.com\\\/ar\\\/acerca-de-nosotros\\\/automovilismo\\\/#primaryimage\"},\"thumbnailUrl\":\"https:\\\/\\\/stpcdnimage.imgix.net\\\/ar\\\/wp-content\\\/uploads\\\/sites\\\/26\\\/2025\\\/04\\\/Richard-Petty-e1749801007277.jpeg?auto=format%2Ccompress\",\"datePublished\":\"2025-04-01T12:20:03+00:00\",\"dateModified\":\"2025-07-25T04:05:11+00:00\",\"breadcrumb\":{\"@id\":\"https:\\\/\\\/stp.com\\\/ar\\\/acerca-de-nosotros\\\/automovilismo\\\/#breadcrumb\"},\"inLanguage\":\"en-US\",\"potentialAction\":[{\"@type\":\"ReadAction\",\"target\":[\"https:\\\/\\\/stp.com\\\/ar\\\/acerca-de-nosotros\\\/automovilismo\\\/\"]}]},{\"@type\":\"ImageObject\",\"inLanguage\":\"en-US\",\"@id\":\"https:\\\/\\\/stp.com\\\/ar\\\/acerca-de-nosotros\\\/automovilismo\\\/#primaryimage\",\"url\":\"https:\\\/\\\/stpcdnimage.imgix.net\\\/ar\\\/wp-content\\\/uploads\\\/sites\\\/26\\\/2025\\\/04\\\/Richard-Petty-e1749801007277.jpeg?auto=format%2Ccompress\",\"contentUrl\":\"https:\\\/\\\/stpcdnimage.imgix.net\\\/ar\\\/wp-content\\\/uploads\\\/sites\\\/26\\\/2025\\\/04\\\/Richard-Petty-e1749801007277.jpeg?auto=format%2Ccompress\"},{\"@type\":\"BreadcrumbList\",\"@id\":\"https:\\\/\\\/stp.com\\\/ar\\\/acerca-de-nosotros\\\/automovilismo\\\/#breadcrumb\",\"itemListElement\":[{\"@type\":\"ListItem\",\"position\":1,\"name\":\"Home\",\"item\":\"https:\\\/\\\/stp.com\\\/ar\\\/\"},{\"@type\":\"ListItem\",\"position\":2,\"name\":\"Acerca de nosotros\",\"item\":\"https:\\\/\\\/stp.com\\\/ar\\\/acerca-de-nosotros\\\/\"},{\"@type\":\"ListItem\",\"position\":3,\"name\":\"Automovilismo\"}]},{\"@type\":\"WebSite\",\"@id\":\"https:\\\/\\\/c38a2c2a6e.nxcli.io\\\/ar\\\/#website\",\"url\":\"https:\\\/\\\/c38a2c2a6e.nxcli.io\\\/ar\\\/\",\"name\":\"STP Argentina\",\"description\":\"Science. Technology. Performance\",\"potentialAction\":[{\"@type\":\"SearchAction\",\"target\":{\"@type\":\"EntryPoint\",\"urlTemplate\":\"https:\\\/\\\/c38a2c2a6e.nxcli.io\\\/ar\\\/?s={search_term_string}\"},\"query-input\":{\"@type\":\"PropertyValueSpecification\",\"valueRequired\":true,\"valueName\":\"search_term_string\"}}],\"inLanguage\":\"en-US\"}]}<\/script>\n<!-- \/ Yoast SEO plugin. -->","yoast_head_json":{"title":"Automovilismo - STP Argentina","robots":{"index":"index","follow":"follow","max-snippet":"max-snippet:-1","max-image-preview":"max-image-preview:large","max-video-preview":"max-video-preview:-1"},"canonical":"https:\/\/stp.com\/ar\/acerca-de-nosotros\/automovilismo\/","og_locale":"en_US","og_type":"article","og_title":"Automovilismo - STP Argentina","og_description":"Cuando Richard Petty lleg\u00f3 al podio en el circuito Riverside International Raceway en la apertura de la temporada de la Copa de 1972, el logotipo de STP\u00ae se ve\u00eda bien en su auto. Hasta el d\u00eda de hoy, nos enorgullece seguir all\u00ed. Descubra m\u00e1s sobre c\u00f3mo crecieron juntos STP\u00ae, el automovilismo y Richard Petty. Richard [&hellip;]","og_url":"https:\/\/stp.com\/ar\/acerca-de-nosotros\/automovilismo\/","og_site_name":"STP Argentina","article_modified_time":"2025-07-25T04:05:11+00:00","og_image":[{"width":1500,"height":1001,"url":"https:\/\/stpcdnimage.imgix.net\/ar\/wp-content\/uploads\/sites\/26\/2025\/04\/Richard-Petty-e1749801007277.jpeg?auto=format%2Ccompress","type":"image\/jpeg"}],"twitter_card":"summary_large_image","twitter_misc":{"Est. reading time":"1 minute"},"schema":{"@context":"https:\/\/schema.org","@graph":[{"@type":"WebPage","@id":"https:\/\/stp.com\/ar\/acerca-de-nosotros\/automovilismo\/","url":"https:\/\/stp.com\/ar\/acerca-de-nosotros\/automovilismo\/","name":"Automovilismo - STP Argentina","isPartOf":{"@id":"https:\/\/c38a2c2a6e.nxcli.io\/ar\/#website"},"primaryImageOfPage":{"@id":"https:\/\/stp.com\/ar\/acerca-de-nosotros\/automovilismo\/#primaryimage"},"image":{"@id":"https:\/\/stp.com\/ar\/acerca-de-nosotros\/automovilismo\/#primaryimage"},"thumbnailUrl":"https:\/\/stpcdnimage.imgix.net\/ar\/wp-content\/uploads\/sites\/26\/2025\/04\/Richard-Petty-e1749801007277.jpeg?auto=format%2Ccompress","datePublished":"2025-04-01T12:20:03+00:00","dateModified":"2025-07-25T04:05:11+00:00","breadcrumb":{"@id":"https:\/\/stp.com\/ar\/acerca-de-nosotros\/automovilismo\/#breadcrumb"},"inLanguage":"en-US","potentialAction":[{"@type":"ReadAction","target":["https:\/\/stp.com\/ar\/acerca-de-nosotros\/automovilismo\/"]}]},{"@type":"ImageObject","inLanguage":"en-US","@id":"https:\/\/stp.com\/ar\/acerca-de-nosotros\/automovilismo\/#primaryimage","url":"https:\/\/stpcdnimage.imgix.net\/ar\/wp-content\/uploads\/sites\/26\/2025\/04\/Richard-Petty-e1749801007277.jpeg?auto=format%2Ccompress","contentUrl":"https:\/\/stpcdnimage.imgix.net\/ar\/wp-content\/uploads\/sites\/26\/2025\/04\/Richard-Petty-e1749801007277.jpeg?auto=format%2Ccompress"},{"@type":"BreadcrumbList","@id":"https:\/\/stp.com\/ar\/acerca-de-nosotros\/automovilismo\/#breadcrumb","itemListElement":[{"@type":"ListItem","position":1,"name":"Home","item":"https:\/\/stp.com\/ar\/"},{"@type":"ListItem","position":2,"name":"Acerca de nosotros","item":"https:\/\/stp.com\/ar\/acerca-de-nosotros\/"},{"@type":"ListItem","position":3,"name":"Automovilismo"}]},{"@type":"WebSite","@id":"https:\/\/c38a2c2a6e.nxcli.io\/ar\/#website","url":"https:\/\/c38a2c2a6e.nxcli.io\/ar\/","name":"STP Argentina","description":"Science. Technology. Performance","potentialAction":[{"@type":"SearchAction","target":{"@type":"EntryPoint","urlTemplate":"https:\/\/c38a2c2a6e.nxcli.io\/ar\/?s={search_term_string}"},"query-input":{"@type":"PropertyValueSpecification","valueRequired":true,"valueName":"search_term_string"}}],"inLanguage":"en-US"}]}},"_links":{"self":[{"href":"https:\/\/stp.com\/ar\/wp-json\/wp\/v2\/pages\/4271","targetHints":{"allow":["GET"]}}],"collection":[{"href":"https:\/\/stp.com\/ar\/wp-json\/wp\/v2\/pages"}],"about":[{"href":"https:\/\/stp.com\/ar\/wp-json\/wp\/v2\/types\/page"}],"author":[{"embeddable":true,"href":"https:\/\/stp.com\/ar\/wp-json\/wp\/v2\/users\/1"}],"replies":[{"embeddable":true,"href":"https:\/\/stp.com\/ar\/wp-json\/wp\/v2\/comments?post=4271"}],"version-history":[{"count":182,"href":"https:\/\/stp.com\/ar\/wp-json\/wp\/v2\/pages\/4271\/revisions"}],"predecessor-version":[{"id":8310,"href":"https:\/\/stp.com\/ar\/wp-json\/wp\/v2\/pages\/4271\/revisions\/8310"}],"up":[{"embeddable":true,"href":"https:\/\/stp.com\/ar\/wp-json\/wp\/v2\/pages\/4227"}],"wp:attachment":[{"href":"https:\/\/stp.com\/ar\/wp-json\/wp\/v2\/media?parent=4271"}],"curies":[{"name":"wp","href":"https:\/\/api.w.org\/{rel}","templated":true}]}}